{"id":8672,"date":"2025-11-26T08:54:30","date_gmt":"2025-11-26T08:54:30","guid":{"rendered":"https:\/\/akkok.com.tr\/en\/?page_id=8672"},"modified":"2025-12-22T10:51:11","modified_gmt":"2025-12-22T10:51:11","slug":"akset","status":"publish","type":"page","link":"https:\/\/akkok.com.tr\/en\/sektorler\/akset\/","title":{"rendered":"Akset"},"content":{"rendered":"\t\t<div data-elementor-type=\"wp-page\" data-elementor-id=\"8672\" class=\"elementor elementor-8672\" data-elementor-post-type=\"page\">\n\t\t\t\t<div class=\"elementor-element elementor-element-580d24d e-con-full e-flex e-con e-parent\" data-id=\"580d24d\" data-element_type=\"container\">\n\t\t<div class=\"elementor-element elementor-element-9524b78 e-con-full animated-fast e-flex elementor-invisible e-con e-child\" data-id=\"9524b78\" data-element_type=\"container\" data-settings=\"{&quot;background_background&quot;:&quot;classic&quot;,&quot;animation&quot;:&quot;fadeInUp&quot;,&quot;animation_delay&quot;:550}\">\n\t\t<div class=\"elementor-element elementor-element-660b135 e-con-full e-flex e-con e-child\" data-id=\"660b135\" data-element_type=\"container\">\n\t\t\t\t<div class=\"elementor-element elementor-element-33a04b8 elementor-widget elementor-widget-heading\" data-id=\"33a04b8\" data-element_type=\"widget\" data-widget_type=\"heading.default\">\n\t\t\t\t\t<h2 class=\"elementor-heading-title elementor-size-default\"><a href=\"https:\/\/akkok.com.tr\/en\/sektorler\/\">Companies<\/a><\/h2>\t\t\t\t<\/div>\n\t\t\t\t<div class=\"elementor-element elementor-element-18fd489 elementor-widget elementor-widget-heading\" data-id=\"18fd489\" data-element_type=\"widget\" data-widget_type=\"heading.default\">\n\t\t\t\t\t<h2 class=\"elementor-heading-title elementor-size-default\">| <\/h2>\t\t\t\t<\/div>\n\t\t\t\t<div class=\"elementor-element elementor-element-bf76ff2 elementor-widget elementor-widget-heading\" data-id=\"bf76ff2\" data-element_type=\"widget\" data-widget_type=\"heading.default\">\n\t\t\t\t\t<h2 class=\"elementor-heading-title elementor-size-default\"><a href=\"https:\/\/akkok.com.tr\/en\/sektor\/#enerji\">Energy<\/a><\/h2>\t\t\t\t<\/div>\n\t\t\t\t<\/div>\n\t\t<div class=\"elementor-element elementor-element-e419be8 e-con-full e-flex e-con e-child\" data-id=\"e419be8\" data-element_type=\"container\">\n\t\t\t\t<div class=\"elementor-element elementor-element-39cfa0c elementor-widget elementor-widget-heading\" data-id=\"39cfa0c\" data-element_type=\"widget\" data-widget_type=\"heading.default\">\n\t\t\t\t\t<h2 class=\"elementor-heading-title elementor-size-default\">AKSET<\/h2>\t\t\t\t<\/div>\n\t\t\t\t<\/div>\n\t\t\t\t<\/div>\n\t\t<div class=\"elementor-element elementor-element-7a7efb4 e-con-full e-flex e-con e-child\" data-id=\"7a7efb4\" data-element_type=\"container\">\n\t\t<div class=\"elementor-element elementor-element-d161312 e-con-full animated-fast e-flex elementor-invisible e-con e-child\" data-id=\"d161312\" data-element_type=\"container\" data-settings=\"{&quot;background_background&quot;:&quot;classic&quot;,&quot;animation&quot;:&quot;fadeIn&quot;,&quot;animation_delay&quot;:700}\">\n\t\t<div class=\"elementor-element elementor-element-3dc48d2 e-flex e-con-boxed e-con e-child\" data-id=\"3dc48d2\" data-element_type=\"container\">\n\t\t\t\t\t<div class=\"e-con-inner\">\n\t\t\t\t<div class=\"elementor-element elementor-element-91d54f0 elementor-widget elementor-widget-image-carousel\" data-id=\"91d54f0\" data-element_type=\"widget\" data-settings=\"{&quot;slides_to_show&quot;:&quot;1&quot;,&quot;navigation&quot;:&quot;none&quot;,&quot;lazyload&quot;:&quot;yes&quot;,&quot;pause_on_hover&quot;:&quot;no&quot;,&quot;pause_on_interaction&quot;:&quot;no&quot;,&quot;autoplay_speed&quot;:2400,&quot;effect&quot;:&quot;fade&quot;,&quot;speed&quot;:700,&quot;autoplay&quot;:&quot;yes&quot;,&quot;infinite&quot;:&quot;yes&quot;}\" data-widget_type=\"image-carousel.default\">\n\t\t\t\t\t\t\t<div class=\"elementor-image-carousel-wrapper swiper\" role=\"region\" aria-roledescription=\"carousel\" aria-label=\"Image Carousel\" dir=\"ltr\">\n\t\t\t<div class=\"elementor-image-carousel swiper-wrapper\" aria-live=\"off\">\n\t\t\t\t\t\t\t\t<div class=\"swiper-slide\" role=\"group\" aria-roledescription=\"slide\" aria-label=\"1 of 3\"><figure class=\"swiper-slide-inner\"><img class=\"swiper-slide-image swiper-lazy\" data-src=\"https:\/\/akkok.com.tr\/en\/wp-content\/uploads\/2025\/11\/Akset_Profil-2.jpg\" alt=\"Akset_Profil-2\" \/><div class=\"swiper-lazy-preloader\"><\/div><\/figure><\/div><div class=\"swiper-slide\" role=\"group\" aria-roledescription=\"slide\" aria-label=\"2 of 3\"><figure class=\"swiper-slide-inner\"><img class=\"swiper-slide-image swiper-lazy\" data-src=\"https:\/\/akkok.com.tr\/en\/wp-content\/uploads\/2025\/11\/Akset_Profil-1.jpg\" alt=\"Akset_Profil-1\" \/><div class=\"swiper-lazy-preloader\"><\/div><\/figure><\/div><div class=\"swiper-slide\" role=\"group\" aria-roledescription=\"slide\" aria-label=\"3 of 3\"><figure class=\"swiper-slide-inner\"><img class=\"swiper-slide-image swiper-lazy\" data-src=\"https:\/\/akkok.com.tr\/en\/wp-content\/uploads\/2025\/11\/Akset_Profil-3.jpg\" alt=\"Akset_Profil-3\" \/><div class=\"swiper-lazy-preloader\"><\/div><\/figure><\/div>\t\t\t<\/div>\n\t\t\t\t\t\t\t\n\t\t\t\t\t\t\t\t\t<\/div>\n\t\t\t\t\t\t<\/div>\n\t\t\t\t<div class=\"elementor-element elementor-element-a7857be elementor-widget elementor-widget-text-editor\" data-id=\"a7857be\" data-element_type=\"widget\" data-widget_type=\"text-editor.default\">\n\t\t\t\t\t\t\t\t\t<p class=\"p1\">Akset Enerji \u00dcretim A.\u015e. was established in 2025 to channel Aksa Acrylic\u2019s energy expertise into a more focused, strategic, and sustainable structure. Built on Aksa Acrylic\u2019s technical know-how and engineering capabilities, Akset is positioned to provide energy management and generation services to both internal group companies and external industrial clients.<\/p>\n<p class=\"p1\">Operating with a flexible, competitive, and sustainable business model, the company aims to leverage its technical capacity and infrastructure to develop value-adding solutions.<\/p>\n<p class=\"p1\">A wholly owned subsidiary of Aksa Acrylic, Akset conducts its operations under the Akk\u00f6k Holding corporate umbrella.<\/p>\t\t\t\t\t\t\t\t<\/div>\n\t\t\t\t\t<\/div>\n\t\t\t\t<\/div>\n\t\t\t\t<\/div>\n\t\t<div class=\"elementor-element elementor-element-89407a8 e-con-full e-flex elementor-invisible e-con e-child\" data-id=\"89407a8\" data-element_type=\"container\" data-settings=\"{&quot;animation&quot;:&quot;fadeIn&quot;,&quot;animation_delay&quot;:900}\">\n\t\t<div class=\"elementor-element elementor-element-f772a9b e-flex e-con-boxed e-con e-child\" data-id=\"f772a9b\" data-element_type=\"container\" data-settings=\"{&quot;background_background&quot;:&quot;classic&quot;}\">\n\t\t\t\t\t<div class=\"e-con-inner\">\n\t\t<div class=\"elementor-element elementor-element-a909b1a e-con-full e-flex e-con e-child\" data-id=\"a909b1a\" data-element_type=\"container\">\n\t\t\t\t<div class=\"elementor-element elementor-element-88f261a elementor-widget elementor-widget-image\" data-id=\"88f261a\" data-element_type=\"widget\" data-widget_type=\"image.default\">\n\t\t\t\t\t\t\t\t\t\t\t\t\t\t\t<img fetchpriority=\"high\" decoding=\"async\" width=\"3334\" height=\"1009\" src=\"https:\/\/akkok.com.tr\/en\/wp-content\/uploads\/2025\/11\/akset-logo.png\" class=\"attachment-full size-full wp-image-8680\" alt=\"\" srcset=\"https:\/\/akkok.com.tr\/en\/wp-content\/uploads\/2025\/11\/akset-logo.png 3334w, https:\/\/akkok.com.tr\/en\/wp-content\/uploads\/2025\/11\/akset-logo-300x91.png 300w, https:\/\/akkok.com.tr\/en\/wp-content\/uploads\/2025\/11\/akset-logo-1024x310.png 1024w, https:\/\/akkok.com.tr\/en\/wp-content\/uploads\/2025\/11\/akset-logo-768x232.png 768w, https:\/\/akkok.com.tr\/en\/wp-content\/uploads\/2025\/11\/akset-logo-1536x465.png 1536w, https:\/\/akkok.com.tr\/en\/wp-content\/uploads\/2025\/11\/akset-logo-2048x620.png 2048w\" sizes=\"(max-width: 3334px) 100vw, 3334px\" \/>\t\t\t\t\t\t\t\t\t\t\t\t\t\t\t<\/div>\n\t\t\t\t<\/div>\n\t\t<div class=\"elementor-element elementor-element-4dd6f0d e-flex e-con-boxed e-con e-child\" data-id=\"4dd6f0d\" data-element_type=\"container\">\n\t\t\t\t\t<div class=\"e-con-inner\">\n\t\t\t\t<div class=\"elementor-element elementor-element-eb8a765 elementor-widget elementor-widget-heading\" data-id=\"eb8a765\" data-element_type=\"widget\" data-widget_type=\"heading.default\">\n\t\t\t\t\t<h2 class=\"elementor-heading-title elementor-size-default\">COMPANY PROFILE<\/h2>\t\t\t\t<\/div>\n\t\t<div class=\"elementor-element elementor-element-ec54ca9 e-con-full e-flex e-con e-child\" data-id=\"ec54ca9\" data-element_type=\"container\">\n\t\t\t\t<div class=\"elementor-element elementor-element-d6ae3ba elementor-widget elementor-widget-heading\" data-id=\"d6ae3ba\" data-element_type=\"widget\" data-widget_type=\"heading.default\">\n\t\t\t\t\t<h2 class=\"elementor-heading-title elementor-size-default\"><b>Company Name:<\/b> Akset Enerji \u00dcretim A.\u015e.<\/h2>\t\t\t\t<\/div>\n\t\t\t\t<\/div>\n\t\t<div class=\"elementor-element elementor-element-a76eaf3 e-con-full e-flex e-con e-child\" data-id=\"a76eaf3\" data-element_type=\"container\">\n\t\t\t\t<div class=\"elementor-element elementor-element-5fa0ea5 elementor-widget elementor-widget-heading\" data-id=\"5fa0ea5\" data-element_type=\"widget\" data-widget_type=\"heading.default\">\n\t\t\t\t\t<h2 class=\"elementor-heading-title elementor-size-default\"><b>Sector:<\/b> Energy<\/h2>\t\t\t\t<\/div>\n\t\t\t\t<\/div>\n\t\t<div class=\"elementor-element elementor-element-91db64d e-con-full e-flex e-con e-child\" data-id=\"91db64d\" data-element_type=\"container\">\n\t\t\t\t<div class=\"elementor-element elementor-element-4130bb1 elementor-widget elementor-widget-heading\" data-id=\"4130bb1\" data-element_type=\"widget\" data-widget_type=\"heading.default\">\n\t\t\t\t\t<h2 class=\"elementor-heading-title elementor-size-default\"><b>Established in:<\/b> 2025<\/h2>\t\t\t\t<\/div>\n\t\t\t\t<\/div>\n\t\t<div class=\"elementor-element elementor-element-a878b89 e-con-full e-flex e-con e-child\" data-id=\"a878b89\" data-element_type=\"container\">\n\t\t\t\t<div class=\"elementor-element elementor-element-52ef625 elementor-widget elementor-widget-heading\" data-id=\"52ef625\" data-element_type=\"widget\" data-widget_type=\"heading.default\">\n\t\t\t\t\t<h2 class=\"elementor-heading-title elementor-size-default\"><a href=\"mailto:%20akset@aksetenerji.com\"><b>Email:<\/b> <u>akset@aksetenerji.com<\/u><\/a><\/h2>\t\t\t\t<\/div>\n\t\t\t\t<\/div>\n\t\t<div class=\"elementor-element elementor-element-99ad46c e-con-full e-flex e-con e-child\" data-id=\"99ad46c\" data-element_type=\"container\">\n\t\t\t\t<div class=\"elementor-element elementor-element-cf08360 elementor-widget elementor-widget-heading\" data-id=\"cf08360\" data-element_type=\"widget\" data-widget_type=\"heading.default\">\n\t\t\t\t\t<h2 class=\"elementor-heading-title elementor-size-default\"><b>Phone:<\/b> +90 (226) 814 15 04<\/h2>\t\t\t\t<\/div>\n\t\t\t\t<\/div>\n\t\t\t\t\t<\/div>\n\t\t\t\t<\/div>\n\t\t<div class=\"elementor-element elementor-element-302da0c e-flex e-con-boxed e-con e-child\" data-id=\"302da0c\" data-element_type=\"container\">\n\t\t\t\t\t<div class=\"e-con-inner\">\n\t\t\t\t<div class=\"elementor-element elementor-element-08ab87e pp-buttons-stack-tablet pp-buttons-valign-middle pp-buttons-halign-left elementor-widget elementor-widget-pp-buttons\" data-id=\"08ab87e\" data-element_type=\"widget\" data-widget_type=\"pp-buttons.default\">\n\t\t\t\t\t\t\t<div class=\"pp-buttons-group\">\n\t\t\t\t\t\t\t\t\t\t\t<a href=\"https:\/\/aksetenerji.com\/\" target=\"_blank\" class=\"pp-button elementor-button elementor-size-sm elementor-repeater-item-7f557d1 \">\n\t\t\t\t\t<div class=\"pp-button-content-wrapper\">\n\t\t\t\t\t\t<span class=\"pp-button-content-inner pp-icon-after\">\n\t\t\t\t\t\t\t\t\t\t\t\t\t\t\t\t\t<span class=\"pp-button-icon pp-icon\">\n\t\t\t\t\t\t\t\t\t\t\t<i aria-hidden=\"true\" class=\"akkokicons- akkok-icons-north-east-fill1-wght400-grad0-opsz48\"><\/i>\t\t\t\t\t\t\t\t\t\t<\/span>\n\t\t\t\t\t\t\t\t\t\t\n\t\t\t\t\t\t\t\t<span class=\"pp-button-title\">\n\t\t\t\t\t\t\t\t\tWebsite\t\t\t\t\t\t\t\t<\/span>\n\t\t\t\t\t\t\t\t\t\t\t\t\t<\/span>\n\t\t\t\t\t<\/div>\n\t\t\t\t<\/a>\n\t\t\t\t\t\t\t\t\t\t<\/div>\t\t\t\t<\/div>\n\t\t\t\t\t<\/div>\n\t\t\t\t<\/div>\n\t\t\t\t\t<\/div>\n\t\t\t\t<\/div>\n\t\t\t\t<\/div>\n\t\t\t\t<\/div>\n\t\t<div class=\"elementor-element elementor-element-9f07ab1 e-con-full elementor-hidden-desktop elementor-hidden-tablet elementor-hidden-mobile e-flex e-con e-child\" data-id=\"9f07ab1\" data-element_type=\"container\">\n\t\t\t\t<\/div>\n\t\t\t\t<\/div>\n\t\t\t\t<\/div>\n\t\t","protected":false},"excerpt":{"rendered":"<p>Companies | Energy AKSET Akset Enerji \u00dcretim A.\u015e. was established in 2025 to channel Aksa Acrylic\u2019s energy expertise into a more focused, strategic, and sustainable structure. Built on Aksa Acrylic\u2019s technical know-how and engineering capabilities, Akset is positioned to provide energy management and generation services to both internal group companies and external industrial clients. Operating [&hellip;]<\/p>\n","protected":false},"author":1,"featured_media":0,"parent":707,"menu_order":0,"comment_status":"closed","ping_status":"closed","template":"elementor_header_footer","meta":{"_acf_changed":false,"footnotes":""},"class_list":["post-8672","page","type-page","status-publish","hentry"],"acf":[],"yoast_head":"<!-- This site is optimized with the Yoast SEO plugin v26.6 - https:\/\/yoast.com\/wordpress\/plugins\/seo\/ -->\n<title>Akset - Akk\u00f6k Holding<\/title>\n<meta name=\"robots\" content=\"index, follow, max-snippet:-1, max-image-preview:large, max-video-preview:-1\" \/>\n<link rel=\"canonical\" href=\"https:\/\/akkok.com.tr\/en\/sektorler\/akset\/\" \/>\n<meta property=\"og:locale\" content=\"en_US\" \/>\n<meta property=\"og:type\" content=\"article\" \/>\n<meta property=\"og:title\" content=\"Akset - Akk\u00f6k Holding\" \/>\n<meta property=\"og:description\" content=\"Companies | Energy AKSET Akset Enerji \u00dcretim A.\u015e. was established in 2025 to channel Aksa Acrylic\u2019s energy expertise into a more focused, strategic, and sustainable structure. Built on Aksa Acrylic\u2019s technical know-how and engineering capabilities, Akset is positioned to provide energy management and generation services to both internal group companies and external industrial clients. Operating [&hellip;]\" \/>\n<meta property=\"og:url\" content=\"https:\/\/akkok.com.tr\/en\/sektorler\/akset\/\" \/>\n<meta property=\"og:site_name\" content=\"Akk\u00f6k Holding\" \/>\n<meta property=\"article:modified_time\" content=\"2025-12-22T10:51:11+00:00\" \/>\n<meta property=\"og:image\" content=\"https:\/\/akkok.com.tr\/en\/wp-content\/uploads\/2025\/11\/Akset_Profil-2.jpg\" \/>\n<meta name=\"twitter:card\" content=\"summary_large_image\" \/>\n<meta name=\"twitter:site\" content=\"@AkkokHolding\" \/>\n<meta name=\"twitter:label1\" content=\"Est. reading time\" \/>\n\t<meta name=\"twitter:data1\" content=\"2 minutes\" \/>\n<script type=\"application\/ld+json\" class=\"yoast-schema-graph\">{\"@context\":\"https:\/\/schema.org\",\"@graph\":[{\"@type\":\"WebPage\",\"@id\":\"https:\/\/akkok.com.tr\/en\/sektorler\/akset\/\",\"url\":\"https:\/\/akkok.com.tr\/en\/sektorler\/akset\/\",\"name\":\"Akset - Akk\u00f6k Holding\",\"isPartOf\":{\"@id\":\"https:\/\/akkok.com.tr\/en\/#website\"},\"primaryImageOfPage\":{\"@id\":\"https:\/\/akkok.com.tr\/en\/sektorler\/akset\/#primaryimage\"},\"image\":{\"@id\":\"https:\/\/akkok.com.tr\/en\/sektorler\/akset\/#primaryimage\"},\"thumbnailUrl\":\"https:\/\/akkok.com.tr\/en\/wp-content\/uploads\/2025\/11\/Akset_Profil-2.jpg\",\"datePublished\":\"2025-11-26T08:54:30+00:00\",\"dateModified\":\"2025-12-22T10:51:11+00:00\",\"breadcrumb\":{\"@id\":\"https:\/\/akkok.com.tr\/en\/sektorler\/akset\/#breadcrumb\"},\"inLanguage\":\"en-US\",\"potentialAction\":[{\"@type\":\"ReadAction\",\"target\":[\"https:\/\/akkok.com.tr\/en\/sektorler\/akset\/\"]}]},{\"@type\":\"ImageObject\",\"inLanguage\":\"en-US\",\"@id\":\"https:\/\/akkok.com.tr\/en\/sektorler\/akset\/#primaryimage\",\"url\":\"https:\/\/akkok.com.tr\/en\/wp-content\/uploads\/2025\/11\/Akset_Profil-2.jpg\",\"contentUrl\":\"https:\/\/akkok.com.tr\/en\/wp-content\/uploads\/2025\/11\/Akset_Profil-2.jpg\",\"width\":1200,\"height\":700},{\"@type\":\"BreadcrumbList\",\"@id\":\"https:\/\/akkok.com.tr\/en\/sektorler\/akset\/#breadcrumb\",\"itemListElement\":[{\"@type\":\"ListItem\",\"position\":1,\"name\":\"Companies\",\"item\":\"https:\/\/akkok.com.tr\/en\/sektorler\/\"},{\"@type\":\"ListItem\",\"position\":2,\"name\":\"Akset\"}]},{\"@type\":\"WebSite\",\"@id\":\"https:\/\/akkok.com.tr\/en\/#website\",\"url\":\"https:\/\/akkok.com.tr\/en\/\",\"name\":\"Akk\u00f6k Holding\",\"description\":\"\",\"publisher\":{\"@id\":\"https:\/\/akkok.com.tr\/en\/#organization\"},\"potentialAction\":[{\"@type\":\"SearchAction\",\"target\":{\"@type\":\"EntryPoint\",\"urlTemplate\":\"https:\/\/akkok.com.tr\/en\/?s={search_term_string}\"},\"query-input\":{\"@type\":\"PropertyValueSpecification\",\"valueRequired\":true,\"valueName\":\"search_term_string\"}}],\"inLanguage\":\"en-US\"},{\"@type\":\"Organization\",\"@id\":\"https:\/\/akkok.com.tr\/en\/#organization\",\"name\":\"Akk\u00f6k Holding\",\"url\":\"https:\/\/akkok.com.tr\/en\/\",\"logo\":{\"@type\":\"ImageObject\",\"inLanguage\":\"en-US\",\"@id\":\"https:\/\/akkok.com.tr\/en\/#\/schema\/logo\/image\/\",\"url\":\"https:\/\/akkok.com.tr\/en\/wp-content\/uploads\/2023\/10\/AkkokHolding.png\",\"contentUrl\":\"https:\/\/akkok.com.tr\/en\/wp-content\/uploads\/2023\/10\/AkkokHolding.png\",\"width\":176,\"height\":300,\"caption\":\"Akk\u00f6k Holding\"},\"image\":{\"@id\":\"https:\/\/akkok.com.tr\/en\/#\/schema\/logo\/image\/\"},\"sameAs\":[\"https:\/\/x.com\/AkkokHolding\",\"https:\/\/tr.linkedin.com\/company\/akkk-holding\",\"https:\/\/www.youtube.com\/@akkokholding4011\/featured\",\"https:\/\/www.instagram.com\/akkokholding\"]}]}<\/script>\n<!-- \/ Yoast SEO plugin. -->","yoast_head_json":{"title":"Akset - Akk\u00f6k Holding","robots":{"index":"index","follow":"follow","max-snippet":"max-snippet:-1","max-image-preview":"max-image-preview:large","max-video-preview":"max-video-preview:-1"},"canonical":"https:\/\/akkok.com.tr\/en\/sektorler\/akset\/","og_locale":"en_US","og_type":"article","og_title":"Akset - Akk\u00f6k Holding","og_description":"Companies | Energy AKSET Akset Enerji \u00dcretim A.\u015e. was established in 2025 to channel Aksa Acrylic\u2019s energy expertise into a more focused, strategic, and sustainable structure. Built on Aksa Acrylic\u2019s technical know-how and engineering capabilities, Akset is positioned to provide energy management and generation services to both internal group companies and external industrial clients. Operating [&hellip;]","og_url":"https:\/\/akkok.com.tr\/en\/sektorler\/akset\/","og_site_name":"Akk\u00f6k Holding","article_modified_time":"2025-12-22T10:51:11+00:00","og_image":[{"url":"https:\/\/akkok.com.tr\/en\/wp-content\/uploads\/2025\/11\/Akset_Profil-2.jpg","type":"","width":"","height":""}],"twitter_card":"summary_large_image","twitter_site":"@AkkokHolding","twitter_misc":{"Est. reading time":"2 minutes"},"schema":{"@context":"https:\/\/schema.org","@graph":[{"@type":"WebPage","@id":"https:\/\/akkok.com.tr\/en\/sektorler\/akset\/","url":"https:\/\/akkok.com.tr\/en\/sektorler\/akset\/","name":"Akset - Akk\u00f6k Holding","isPartOf":{"@id":"https:\/\/akkok.com.tr\/en\/#website"},"primaryImageOfPage":{"@id":"https:\/\/akkok.com.tr\/en\/sektorler\/akset\/#primaryimage"},"image":{"@id":"https:\/\/akkok.com.tr\/en\/sektorler\/akset\/#primaryimage"},"thumbnailUrl":"https:\/\/akkok.com.tr\/en\/wp-content\/uploads\/2025\/11\/Akset_Profil-2.jpg","datePublished":"2025-11-26T08:54:30+00:00","dateModified":"2025-12-22T10:51:11+00:00","breadcrumb":{"@id":"https:\/\/akkok.com.tr\/en\/sektorler\/akset\/#breadcrumb"},"inLanguage":"en-US","potentialAction":[{"@type":"ReadAction","target":["https:\/\/akkok.com.tr\/en\/sektorler\/akset\/"]}]},{"@type":"ImageObject","inLanguage":"en-US","@id":"https:\/\/akkok.com.tr\/en\/sektorler\/akset\/#primaryimage","url":"https:\/\/akkok.com.tr\/en\/wp-content\/uploads\/2025\/11\/Akset_Profil-2.jpg","contentUrl":"https:\/\/akkok.com.tr\/en\/wp-content\/uploads\/2025\/11\/Akset_Profil-2.jpg","width":1200,"height":700},{"@type":"BreadcrumbList","@id":"https:\/\/akkok.com.tr\/en\/sektorler\/akset\/#breadcrumb","itemListElement":[{"@type":"ListItem","position":1,"name":"Companies","item":"https:\/\/akkok.com.tr\/en\/sektorler\/"},{"@type":"ListItem","position":2,"name":"Akset"}]},{"@type":"WebSite","@id":"https:\/\/akkok.com.tr\/en\/#website","url":"https:\/\/akkok.com.tr\/en\/","name":"Akk\u00f6k Holding","description":"","publisher":{"@id":"https:\/\/akkok.com.tr\/en\/#organization"},"potentialAction":[{"@type":"SearchAction","target":{"@type":"EntryPoint","urlTemplate":"https:\/\/akkok.com.tr\/en\/?s={search_term_string}"},"query-input":{"@type":"PropertyValueSpecification","valueRequired":true,"valueName":"search_term_string"}}],"inLanguage":"en-US"},{"@type":"Organization","@id":"https:\/\/akkok.com.tr\/en\/#organization","name":"Akk\u00f6k Holding","url":"https:\/\/akkok.com.tr\/en\/","logo":{"@type":"ImageObject","inLanguage":"en-US","@id":"https:\/\/akkok.com.tr\/en\/#\/schema\/logo\/image\/","url":"https:\/\/akkok.com.tr\/en\/wp-content\/uploads\/2023\/10\/AkkokHolding.png","contentUrl":"https:\/\/akkok.com.tr\/en\/wp-content\/uploads\/2023\/10\/AkkokHolding.png","width":176,"height":300,"caption":"Akk\u00f6k Holding"},"image":{"@id":"https:\/\/akkok.com.tr\/en\/#\/schema\/logo\/image\/"},"sameAs":["https:\/\/x.com\/AkkokHolding","https:\/\/tr.linkedin.com\/company\/akkk-holding","https:\/\/www.youtube.com\/@akkokholding4011\/featured","https:\/\/www.instagram.com\/akkokholding"]}]}},"_links":{"self":[{"href":"https:\/\/akkok.com.tr\/en\/wp-json\/wp\/v2\/pages\/8672","targetHints":{"allow":["GET"]}}],"collection":[{"href":"https:\/\/akkok.com.tr\/en\/wp-json\/wp\/v2\/pages"}],"about":[{"href":"https:\/\/akkok.com.tr\/en\/wp-json\/wp\/v2\/types\/page"}],"author":[{"embeddable":true,"href":"https:\/\/akkok.com.tr\/en\/wp-json\/wp\/v2\/users\/1"}],"replies":[{"embeddable":true,"href":"https:\/\/akkok.com.tr\/en\/wp-json\/wp\/v2\/comments?post=8672"}],"version-history":[{"count":17,"href":"https:\/\/akkok.com.tr\/en\/wp-json\/wp\/v2\/pages\/8672\/revisions"}],"predecessor-version":[{"id":8724,"href":"https:\/\/akkok.com.tr\/en\/wp-json\/wp\/v2\/pages\/8672\/revisions\/8724"}],"up":[{"embeddable":true,"href":"https:\/\/akkok.com.tr\/en\/wp-json\/wp\/v2\/pages\/707"}],"wp:attachment":[{"href":"https:\/\/akkok.com.tr\/en\/wp-json\/wp\/v2\/media?parent=8672"}],"curies":[{"name":"wp","href":"https:\/\/api.w.org\/{rel}","templated":true}]}}