{"id":7873,"date":"2024-03-19T22:38:29","date_gmt":"2024-03-19T22:38:29","guid":{"rendered":"https:\/\/akkok.com.tr\/en\/?page_id=7873"},"modified":"2025-11-27T13:34:24","modified_gmt":"2025-11-27T13:34:24","slug":"akkok-cookie-policy","status":"publish","type":"page","link":"https:\/\/akkok.com.tr\/en\/akkok-cookie-policy\/","title":{"rendered":"Akk\u00f6k Cookie Policy"},"content":{"rendered":"\t\t<div data-elementor-type=\"wp-page\" data-elementor-id=\"7873\" class=\"elementor elementor-7873\" data-elementor-post-type=\"page\">\n\t\t\t\t<div class=\"elementor-element elementor-element-1bac112 e-con-full e-flex e-con e-parent\" data-id=\"1bac112\" data-element_type=\"container\">\n\t\t<div class=\"elementor-element elementor-element-5e3e111 e-con-full animated-fast e-flex elementor-invisible e-con e-child\" data-id=\"5e3e111\" data-element_type=\"container\" data-settings=\"{&quot;background_background&quot;:&quot;classic&quot;,&quot;animation&quot;:&quot;fadeInUp&quot;,&quot;animation_delay&quot;:50}\">\n\t\t\t\t<div class=\"elementor-element elementor-element-c4c67b0 elementor-invisible elementor-widget elementor-widget-heading\" data-id=\"c4c67b0\" data-element_type=\"widget\" data-settings=\"{&quot;_animation&quot;:&quot;fadeInUp&quot;,&quot;_animation_delay&quot;:150}\" data-widget_type=\"heading.default\">\n\t\t\t\t\t<h2 class=\"elementor-heading-title elementor-size-default\">PROTECTION OF PERSONAL DATA<\/h2>\t\t\t\t<\/div>\n\t\t\t\t<\/div>\n\t\t<div class=\"elementor-element elementor-element-d72c6a9 e-con-full e-flex e-con e-child\" data-id=\"d72c6a9\" data-element_type=\"container\">\n\t\t<div class=\"elementor-element elementor-element-bb35175 e-con-full e-flex e-con e-child\" data-id=\"bb35175\" data-element_type=\"container\" data-settings=\"{&quot;sticky&quot;:&quot;top&quot;,&quot;sticky_offset_mobile&quot;:58,&quot;sticky_on&quot;:[&quot;desktop&quot;,&quot;mobile&quot;],&quot;sticky_offset&quot;:0,&quot;sticky_effects_offset&quot;:0}\">\n\t\t<div class=\"elementor-element elementor-element-87ab11d e-con-full e-flex e-con e-child\" data-id=\"87ab11d\" data-element_type=\"container\" data-settings=\"{&quot;background_background&quot;:&quot;classic&quot;}\">\n\t\t<div class=\"elementor-element elementor-element-c9c4d5e e-con-full animated-fast e-flex elementor-invisible e-con e-child\" data-id=\"c9c4d5e\" data-element_type=\"container\" data-settings=\"{&quot;background_background&quot;:&quot;classic&quot;,&quot;animation&quot;:&quot;fadeInUp&quot;,&quot;animation_delay&quot;:200}\">\n\t\t\t\t<div class=\"elementor-element elementor-element-cf00835 animated-fast pp-buttons-valign-middle pp-buttons-halign-left pp-buttons-stack-none elementor-invisible elementor-widget elementor-widget-pp-buttons\" data-id=\"cf00835\" data-element_type=\"widget\" data-settings=\"{&quot;_animation&quot;:&quot;fadeInUp&quot;,&quot;_animation_delay&quot;:250}\" data-widget_type=\"pp-buttons.default\">\n\t\t\t\t\t\t\t<div class=\"pp-buttons-group\">\n\t\t\t\t\t\t\t\t\t\t\t<a href=\"#\" target=\"_blank\" class=\"pp-button elementor-button elementor-size-sm elementor-repeater-item-52e9929 \">\n\t\t\t\t\t<div class=\"pp-button-content-wrapper\">\n\t\t\t\t\t\t<span class=\"pp-button-content-inner pp-icon-after\">\n\t\t\t\t\t\t\t\n\t\t\t\t\t\t\t\t<span class=\"pp-button-title\">\n\t\t\t\t\t\t\t\t\tCookie Policy\t\t\t\t\t\t\t\t<\/span>\n\t\t\t\t\t\t\t\t\t\t\t\t\t<\/span>\n\t\t\t\t\t<\/div>\n\t\t\t\t<\/a>\n\t\t\t\t\t\t\t\t\t\t<\/div>\t\t\t\t<\/div>\n\t\t\t\t<div class=\"elementor-element elementor-element-553ddd0 animated-fast pp-buttons-valign-middle pp-buttons-halign-left pp-buttons-stack-none elementor-invisible elementor-widget elementor-widget-pp-buttons\" data-id=\"553ddd0\" data-element_type=\"widget\" data-settings=\"{&quot;_animation&quot;:&quot;fadeInUp&quot;,&quot;_animation_delay&quot;:300}\" data-widget_type=\"pp-buttons.default\">\n\t\t\t\t\t\t\t<div class=\"pp-buttons-group\">\n\t\t\t\t\t\t\t\t\t\t\t<a href=\"https:\/\/akkok.com.tr\/en\/wp-content\/uploads\/2023\/11\/Akko\u0308k_Holding_KVKK_Politikasi.pdf\" target=\"_blank\" class=\"pp-button elementor-button elementor-size-sm elementor-repeater-item-52e9929 \">\n\t\t\t\t\t<div class=\"pp-button-content-wrapper\">\n\t\t\t\t\t\t<span class=\"pp-button-content-inner pp-icon-after\">\n\t\t\t\t\t\t\t\t\t\t\t\t\t\t\t\t\t<span class=\"pp-button-icon pp-icon\">\n\t\t\t\t\t\t\t\t\t\t\t<i aria-hidden=\"true\" class=\"akkokicons- akkok-icons-arrow-up-right\"><\/i>\t\t\t\t\t\t\t\t\t\t<\/span>\n\t\t\t\t\t\t\t\t\t\t\n\t\t\t\t\t\t\t\t<span class=\"pp-button-title\">\n\t\t\t\t\t\t\t\t\tGDPR Policy\t\t\t\t\t\t\t\t<\/span>\n\t\t\t\t\t\t\t\t\t\t\t\t\t<\/span>\n\t\t\t\t\t<\/div>\n\t\t\t\t<\/a>\n\t\t\t\t\t\t\t\t\t\t<\/div>\t\t\t\t<\/div>\n\t\t\t\t<div class=\"elementor-element elementor-element-14b56ab pp-buttons-valign-middle pp-buttons-halign-left pp-buttons-stack-none elementor-invisible elementor-widget elementor-widget-pp-buttons\" data-id=\"14b56ab\" data-element_type=\"widget\" data-settings=\"{&quot;_animation&quot;:&quot;fadeInUp&quot;,&quot;_animation_delay&quot;:420}\" data-widget_type=\"pp-buttons.default\">\n\t\t\t\t\t\t\t<div class=\"pp-buttons-group\">\n\t\t\t\t\t\t\t\t\t\t\t<a href=\"https:\/\/akkok.com.tr\/en\/wp-content\/uploads\/2023\/11\/Akko\u0308k-Holding-Veri-Sahibi-Bas\u0327vuru-Formu.pdf\" target=\"_blank\" class=\"pp-button elementor-button elementor-size-sm elementor-repeater-item-52e9929 \">\n\t\t\t\t\t<div class=\"pp-button-content-wrapper\">\n\t\t\t\t\t\t<span class=\"pp-button-content-inner pp-icon-after\">\n\t\t\t\t\t\t\t\t\t\t\t\t\t\t\t\t\t<span class=\"pp-button-icon pp-icon\">\n\t\t\t\t\t\t\t\t\t\t\t<i aria-hidden=\"true\" class=\"akkokicons- akkok-icons-arrow-up-right\"><\/i>\t\t\t\t\t\t\t\t\t\t<\/span>\n\t\t\t\t\t\t\t\t\t\t\n\t\t\t\t\t\t\t\t<span class=\"pp-button-title\">\n\t\t\t\t\t\t\t\t\tData Owner Application Form\t\t\t\t\t\t\t\t<\/span>\n\t\t\t\t\t\t\t\t\t\t\t\t\t<\/span>\n\t\t\t\t\t<\/div>\n\t\t\t\t<\/a>\n\t\t\t\t\t\t\t\t\t\t<\/div>\t\t\t\t<\/div>\n\t\t\t\t<\/div>\n\t\t\t\t<\/div>\n\t\t\t\t<\/div>\n\t\t<div class=\"elementor-element elementor-element-bcead5f e-con-full e-flex elementor-invisible e-con e-child\" data-id=\"bcead5f\" data-element_type=\"container\" data-settings=\"{&quot;background_background&quot;:&quot;classic&quot;,&quot;animation&quot;:&quot;fadeIn&quot;,&quot;animation_delay&quot;:500}\">\n\t\t<div class=\"elementor-element elementor-element-fe4f90a e-flex e-con-boxed e-con e-child\" data-id=\"fe4f90a\" data-element_type=\"container\">\n\t\t\t\t\t<div class=\"e-con-inner\">\n\t\t\t\t<div class=\"elementor-element elementor-element-9f1c21b elementor-widget elementor-widget-heading\" data-id=\"9f1c21b\" data-element_type=\"widget\" data-widget_type=\"heading.default\">\n\t\t\t\t\t<h2 class=\"elementor-heading-title elementor-size-default\">COOKIE POLICY<\/h2>\t\t\t\t<\/div>\n\t\t\t\t<div class=\"elementor-element elementor-element-ae2add9 elementor-widget elementor-widget-text-editor\" data-id=\"ae2add9\" data-element_type=\"widget\" data-widget_type=\"text-editor.default\">\n\t\t\t\t\t\t\t\t\t<p>As\u00a0<strong>Akk\u00f6k Holding A.\u015e.<\/strong>\u00a0we aim to provide you, our valued visitors, with a better service on our website\u00a0<strong>www.akkok.com.tr<\/strong>. This policy is intended to inform you about the types of cookies we use, the purposes for which we use them, and how you can manage these cookies regarding the processing of personal data obtained automatically through the placement of cookies on your device.<\/p><p>Within the scope of the relevant legislation, your personal data may be processed through cookies used on our website. This process is carried out securely and transparently via the\u00a0<strong>Cerezgo Cookie Management System<\/strong>. Our visitors can update their cookie preferences at any time or withdraw their previous consent. You can easily manage your preferences regarding different cookie categories via the &#8220;Change Cookie Preferences&#8221; link located at the bottom of the page.<\/p><p>Thanks to the Cerezgo infrastructure, you can securely determine your cookie preferences without needing to manually change your browser settings, and you may evaluate the option to limit use to only strictly necessary cookies. However, please note that disabling certain cookies may restrict specific functions of our website.<\/p><ol><li>ABOUT COOKIES<\/li><\/ol><p>A cookie is a type of text file placed on a user&#8217;s device by website operators and transferred as part of an HTTP(S) (HyperText Transfer Protocol) request. According to another definition, cookies are small-sized rich text formats that allow certain information regarding users to be stored on their terminal devices when a webpage is visited.<\/p><ol start=\"2\"><li>TYPES AND CLASSIFICATION OF COOKIES<\/li><\/ol><p>2.1. Classification by Duration<\/p><ul><li><strong>2.1.1. Session Cookies:<\/strong>\u00a0Used to ensure session continuity, these cookies are temporary and expire when the browser is closed or the session is terminated.<\/li><li><strong>2.1.2. Persistent Cookies:<\/strong>\u00a0Persistent cookies are defined for a specific period and remain on the device until that period expires or they are deleted by the user\/browser.<\/li><\/ul><p>2.2 Classification by Source<\/p><ul><li><strong>2.2.1. First-party Cookies:<\/strong>\u00a0Cookies placed directly by the website visited.<\/li><li><strong>2.2.2. Third-party Cookies:<\/strong>\u00a0Cookies placed on the device not by the website visited, but by third parties providing services such as advertising or analytics.<\/li><\/ul><p>2.3 Classification by Purpose<\/p><ul><li><strong>2.3.1. Strictly Necessary Cookies:<\/strong>\u00a0Cookies required for the operation and security (e.g., WAF) of the website. Without these cookies, the site may not function securely or correctly.<\/li><li><strong>2.3.2. Performance and Analytics Cookies:<\/strong>\u00a0Cookies used to analyze user behavior, measure site traffic, and make improvements (e.g., Google Analytics).<\/li><\/ul><ol start=\"3\"><li>COOKIES USED ON OUR WEBSITE<\/li><\/ol><p>Details regarding the cookies collected through our website are as follows:<\/p><table width=\"642\"><thead><tr><td width=\"121\"><p><strong>Cookie Name<\/strong><\/p><\/td><td width=\"92\"><p><strong>Cookie Type<\/strong><\/p><\/td><td width=\"238\"><p><strong>Description<\/strong><\/p><\/td><td width=\"59\"><p><strong>Duration<\/strong><\/p><\/td><td width=\"132\"><p><strong>Legal Basis<\/strong><\/p><\/td><\/tr><\/thead><tbody><tr><td><p><strong>HWWAFSESID<\/strong><\/p><\/td><td><p>Strictly Necessary \/<br \/>First Party<\/p><\/td><td><p>Used as a firewall (WAF) session ID to ensure website security. It is used to prevent attacks and provide a secure session.<\/p><\/td><td><p>Session<\/p><\/td><td><p><strong>KVKK Art. 5\/2-f<\/strong><br \/>Legitimate interests of the data controller (Site security)<\/p><\/td><\/tr><tr><td><p><strong>HWWAFSESTIME<\/strong><\/p><\/td><td><p>Strictly Necessary \/<br \/>First Party<\/p><\/td><td><p>Used by the firewall (WAF) to control session timing and perform security checks.<\/p><\/td><td><p>Session<\/p><\/td><td><p><strong>KVKK Art. 5\/2-f<\/strong><br \/>Legitimate interests of the data controller (Site security)<\/p><\/td><\/tr><tr><td><p><strong>_ga<\/strong><\/p><\/td><td><p>Performance \/<br \/>First Party<\/p><\/td><td><p>Used by Google Analytics to distinguish users and generate site usage statistics.<\/p><\/td><td><p>2 Years<\/p><\/td><td><p><strong>KVKK Art. 5\/1<\/strong><br \/>Explicit Consent<\/p><\/td><\/tr><tr><td><p><strong>_ga_VFE0W22BGGGS2<\/strong><\/p><\/td><td><p>Performance \/<br \/>First Party<\/p><\/td><td><p>Used by Google Analytics 4 (GA4) to maintain session state and collect statistical data.<\/p><\/td><td><p>2 Years<\/p><\/td><td><p><strong>KVKK Art. 5\/1<\/strong><br \/>Explicit Consent<\/p><\/td><\/tr><\/tbody><\/table><ol start=\"4\"><li>COOKIE MANAGEMENT<\/li><\/ol><p>You may choose not to use cookies subject to your consent at any time. To do this, you can contact us via the communication addresses specified below or determine your preference via the cookie management panel (Cerezgo) that opens when you enter the website.<\/p><p>Alternatively, you can control cookies through internet browser settings:<\/p><ul><li><a href=\"https:\/\/support.google.com\/chrome\/answer\/95647?hl=tr\"><strong>Cookie Settings for Google Chrome<\/strong><\/a><\/li><li><a href=\"https:\/\/support.mozilla.org\/en-US\/kb\/clear-cookies-and-site-data-firefox\"><strong>Cookie Settings for Firefox<\/strong><\/a><\/li><li><a href=\"https:\/\/support.apple.com\/en-gb\/guide\/safari\/sfri11471\/mac\"><strong>Cookie Settings for Safari<\/strong><\/a><\/li><\/ul><ol start=\"5\"><li>EFFECTIVENESS AND UPDATES<\/li><\/ol><p>This Cookie Policy entered into force on the date of its publication. Our Cookie Policy may be updated to comply with changing conditions and legislation. The current policy is published on\u00a0<strong>www.akkok.com.tr<\/strong>.<\/p><ol start=\"6\"><li>YOUR RIGHTS AS A DATA SUBJECT<\/li><\/ol><p>Regarding your personal data, the rights you have as a data subject are set forth in Article 11 of the Personal Data Protection Law (KVKK) and are as follows:<\/p><ul><li>To learn whether your personal data is being processed,<\/li><li>To request information if your personal data has been processed,<\/li><li>To learn the purpose of processing your personal data and whether they are used in accordance with their purpose,<\/li><li>To know the third parties to whom personal data is transferred domestically or abroad,<\/li><li>To request correction of personal data if it is incomplete or incorrectly processed,<\/li><li>To request the deletion or destruction of personal data,<\/li><li>To object to the occurrence of a result against the person himself\/herself by analyzing the processed data exclusively through automated systems,<\/li><li>To demand compensation for damages in case of damage due to the unlawful processing of personal data.<\/li><\/ul><p>As a data subject, you can submit your requests to us via the following methods:<\/p><table width=\"594\"><thead><tr><td width=\"176\"><p><strong>Application Method<\/strong><\/p><\/td><td width=\"418\"><p><strong>Address \/ Details<\/strong><\/p><\/td><\/tr><\/thead><tbody><tr><td><p><strong>Written Application (Personal or Notary)<\/strong><\/p><\/td><td><p><strong>Miralay \u015eefik Bey Sokak No:15 Akhan G\u00fcm\u00fc\u015fsuyu, 34437 \u0130stanbul, T\u00fcrkiye<\/strong><\/p><\/td><\/tr><tr><td><p><strong>Via E-Mail<\/strong><\/p><\/td><td><p><a href=\"mailto:akkok@akkok.com.tr\"><strong>akkok@akkok.com.tr<\/strong><\/a><br \/><em>(Using your registered e-mail address in the system or with a secure electronic signature\/mobile signature)<\/em><\/p><\/td><\/tr><tr><td><p><strong>Phone<\/strong><\/p><\/td><td><p><a href=\"tel:02123930101\"><strong>0212 393 0101<\/strong><\/a><\/p><\/td><\/tr><\/tbody><\/table>\t\t\t\t\t\t\t\t<\/div>\n\t\t\t\t\t<\/div>\n\t\t\t\t<\/div>\n\t\t\t\t<\/div>\n\t\t\t\t<\/div>\n\t\t\t\t<\/div>\n\t\t\t\t<\/div>\n\t\t","protected":false},"excerpt":{"rendered":"<p>PROTECTION OF PERSONAL DATA Cookie Policy GDPR Policy Data Owner Application Form COOKIE POLICY As\u00a0Akk\u00f6k Holding A.\u015e.\u00a0we aim to provide you, our valued visitors, with a better service on our website\u00a0www.akkok.com.tr. This policy is intended to inform you about the types of cookies we use, the purposes for which we use them, and how you [&hellip;]<\/p>\n","protected":false},"author":1,"featured_media":0,"parent":0,"menu_order":0,"comment_status":"closed","ping_status":"closed","template":"elementor_header_footer","meta":{"_acf_changed":false,"footnotes":""},"class_list":["post-7873","page","type-page","status-publish","hentry"],"acf":[],"yoast_head":"<!-- This site is optimized with the Yoast SEO plugin v26.6 - https:\/\/yoast.com\/wordpress\/plugins\/seo\/ -->\n<title>Akk\u00f6k Cookie Policy - Akk\u00f6k Holding<\/title>\n<meta name=\"robots\" content=\"index, follow, max-snippet:-1, max-image-preview:large, max-video-preview:-1\" \/>\n<link rel=\"canonical\" href=\"https:\/\/akkok.com.tr\/en\/akkok-cookie-policy\/\" \/>\n<meta property=\"og:locale\" content=\"en_US\" \/>\n<meta property=\"og:type\" content=\"article\" \/>\n<meta property=\"og:title\" content=\"Akk\u00f6k Cookie Policy - Akk\u00f6k Holding\" \/>\n<meta property=\"og:description\" content=\"PROTECTION OF PERSONAL DATA Cookie Policy GDPR Policy Data Owner Application Form COOKIE POLICY As\u00a0Akk\u00f6k Holding A.\u015e.\u00a0we aim to provide you, our valued visitors, with a better service on our website\u00a0www.akkok.com.tr. This policy is intended to inform you about the types of cookies we use, the purposes for which we use them, and how you [&hellip;]\" \/>\n<meta property=\"og:url\" content=\"https:\/\/akkok.com.tr\/en\/akkok-cookie-policy\/\" \/>\n<meta property=\"og:site_name\" content=\"Akk\u00f6k Holding\" \/>\n<meta property=\"article:modified_time\" content=\"2025-11-27T13:34:24+00:00\" \/>\n<meta name=\"twitter:card\" content=\"summary_large_image\" \/>\n<meta name=\"twitter:site\" content=\"@AkkokHolding\" \/>\n<meta name=\"twitter:label1\" content=\"Est. reading time\" \/>\n\t<meta name=\"twitter:data1\" content=\"4 minutes\" \/>\n<script type=\"application\/ld+json\" class=\"yoast-schema-graph\">{\"@context\":\"https:\/\/schema.org\",\"@graph\":[{\"@type\":\"WebPage\",\"@id\":\"https:\/\/akkok.com.tr\/en\/akkok-cookie-policy\/\",\"url\":\"https:\/\/akkok.com.tr\/en\/akkok-cookie-policy\/\",\"name\":\"Akk\u00f6k Cookie Policy - Akk\u00f6k Holding\",\"isPartOf\":{\"@id\":\"https:\/\/akkok.com.tr\/en\/#website\"},\"datePublished\":\"2024-03-19T22:38:29+00:00\",\"dateModified\":\"2025-11-27T13:34:24+00:00\",\"inLanguage\":\"en-US\",\"potentialAction\":[{\"@type\":\"ReadAction\",\"target\":[\"https:\/\/akkok.com.tr\/en\/akkok-cookie-policy\/\"]}]},{\"@type\":\"WebSite\",\"@id\":\"https:\/\/akkok.com.tr\/en\/#website\",\"url\":\"https:\/\/akkok.com.tr\/en\/\",\"name\":\"Akk\u00f6k Holding\",\"description\":\"\",\"publisher\":{\"@id\":\"https:\/\/akkok.com.tr\/en\/#organization\"},\"potentialAction\":[{\"@type\":\"SearchAction\",\"target\":{\"@type\":\"EntryPoint\",\"urlTemplate\":\"https:\/\/akkok.com.tr\/en\/?s={search_term_string}\"},\"query-input\":{\"@type\":\"PropertyValueSpecification\",\"valueRequired\":true,\"valueName\":\"search_term_string\"}}],\"inLanguage\":\"en-US\"},{\"@type\":\"Organization\",\"@id\":\"https:\/\/akkok.com.tr\/en\/#organization\",\"name\":\"Akk\u00f6k Holding\",\"url\":\"https:\/\/akkok.com.tr\/en\/\",\"logo\":{\"@type\":\"ImageObject\",\"inLanguage\":\"en-US\",\"@id\":\"https:\/\/akkok.com.tr\/en\/#\/schema\/logo\/image\/\",\"url\":\"https:\/\/akkok.com.tr\/en\/wp-content\/uploads\/2023\/10\/AkkokHolding.png\",\"contentUrl\":\"https:\/\/akkok.com.tr\/en\/wp-content\/uploads\/2023\/10\/AkkokHolding.png\",\"width\":176,\"height\":300,\"caption\":\"Akk\u00f6k Holding\"},\"image\":{\"@id\":\"https:\/\/akkok.com.tr\/en\/#\/schema\/logo\/image\/\"},\"sameAs\":[\"https:\/\/x.com\/AkkokHolding\",\"https:\/\/tr.linkedin.com\/company\/akkk-holding\",\"https:\/\/www.youtube.com\/@akkokholding4011\/featured\",\"https:\/\/www.instagram.com\/akkokholding\"]}]}<\/script>\n<!-- \/ Yoast SEO plugin. -->","yoast_head_json":{"title":"Akk\u00f6k Cookie Policy - Akk\u00f6k Holding","robots":{"index":"index","follow":"follow","max-snippet":"max-snippet:-1","max-image-preview":"max-image-preview:large","max-video-preview":"max-video-preview:-1"},"canonical":"https:\/\/akkok.com.tr\/en\/akkok-cookie-policy\/","og_locale":"en_US","og_type":"article","og_title":"Akk\u00f6k Cookie Policy - Akk\u00f6k Holding","og_description":"PROTECTION OF PERSONAL DATA Cookie Policy GDPR Policy Data Owner Application Form COOKIE POLICY As\u00a0Akk\u00f6k Holding A.\u015e.\u00a0we aim to provide you, our valued visitors, with a better service on our website\u00a0www.akkok.com.tr. This policy is intended to inform you about the types of cookies we use, the purposes for which we use them, and how you [&hellip;]","og_url":"https:\/\/akkok.com.tr\/en\/akkok-cookie-policy\/","og_site_name":"Akk\u00f6k Holding","article_modified_time":"2025-11-27T13:34:24+00:00","twitter_card":"summary_large_image","twitter_site":"@AkkokHolding","twitter_misc":{"Est. reading time":"4 minutes"},"schema":{"@context":"https:\/\/schema.org","@graph":[{"@type":"WebPage","@id":"https:\/\/akkok.com.tr\/en\/akkok-cookie-policy\/","url":"https:\/\/akkok.com.tr\/en\/akkok-cookie-policy\/","name":"Akk\u00f6k Cookie Policy - Akk\u00f6k Holding","isPartOf":{"@id":"https:\/\/akkok.com.tr\/en\/#website"},"datePublished":"2024-03-19T22:38:29+00:00","dateModified":"2025-11-27T13:34:24+00:00","inLanguage":"en-US","potentialAction":[{"@type":"ReadAction","target":["https:\/\/akkok.com.tr\/en\/akkok-cookie-policy\/"]}]},{"@type":"WebSite","@id":"https:\/\/akkok.com.tr\/en\/#website","url":"https:\/\/akkok.com.tr\/en\/","name":"Akk\u00f6k Holding","description":"","publisher":{"@id":"https:\/\/akkok.com.tr\/en\/#organization"},"potentialAction":[{"@type":"SearchAction","target":{"@type":"EntryPoint","urlTemplate":"https:\/\/akkok.com.tr\/en\/?s={search_term_string}"},"query-input":{"@type":"PropertyValueSpecification","valueRequired":true,"valueName":"search_term_string"}}],"inLanguage":"en-US"},{"@type":"Organization","@id":"https:\/\/akkok.com.tr\/en\/#organization","name":"Akk\u00f6k Holding","url":"https:\/\/akkok.com.tr\/en\/","logo":{"@type":"ImageObject","inLanguage":"en-US","@id":"https:\/\/akkok.com.tr\/en\/#\/schema\/logo\/image\/","url":"https:\/\/akkok.com.tr\/en\/wp-content\/uploads\/2023\/10\/AkkokHolding.png","contentUrl":"https:\/\/akkok.com.tr\/en\/wp-content\/uploads\/2023\/10\/AkkokHolding.png","width":176,"height":300,"caption":"Akk\u00f6k Holding"},"image":{"@id":"https:\/\/akkok.com.tr\/en\/#\/schema\/logo\/image\/"},"sameAs":["https:\/\/x.com\/AkkokHolding","https:\/\/tr.linkedin.com\/company\/akkk-holding","https:\/\/www.youtube.com\/@akkokholding4011\/featured","https:\/\/www.instagram.com\/akkokholding"]}]}},"_links":{"self":[{"href":"https:\/\/akkok.com.tr\/en\/wp-json\/wp\/v2\/pages\/7873","targetHints":{"allow":["GET"]}}],"collection":[{"href":"https:\/\/akkok.com.tr\/en\/wp-json\/wp\/v2\/pages"}],"about":[{"href":"https:\/\/akkok.com.tr\/en\/wp-json\/wp\/v2\/types\/page"}],"author":[{"embeddable":true,"href":"https:\/\/akkok.com.tr\/en\/wp-json\/wp\/v2\/users\/1"}],"replies":[{"embeddable":true,"href":"https:\/\/akkok.com.tr\/en\/wp-json\/wp\/v2\/comments?post=7873"}],"version-history":[{"count":23,"href":"https:\/\/akkok.com.tr\/en\/wp-json\/wp\/v2\/pages\/7873\/revisions"}],"predecessor-version":[{"id":8700,"href":"https:\/\/akkok.com.tr\/en\/wp-json\/wp\/v2\/pages\/7873\/revisions\/8700"}],"wp:attachment":[{"href":"https:\/\/akkok.com.tr\/en\/wp-json\/wp\/v2\/media?parent=7873"}],"curies":[{"name":"wp","href":"https:\/\/api.w.org\/{rel}","templated":true}]}}