{"id":4867,"date":"2023-11-27T22:33:41","date_gmt":"2023-11-27T22:33:41","guid":{"rendered":"https:\/\/new.akkok.com.tr\/en\/?page_id=4867"},"modified":"2024-04-18T17:32:34","modified_gmt":"2024-04-18T17:32:34","slug":"akkok-next","status":"publish","type":"page","link":"https:\/\/akkok.com.tr\/en\/sektorler\/akkok-next\/","title":{"rendered":"Akk\u00f6k Next"},"content":{"rendered":"\t\t<div data-elementor-type=\"wp-page\" data-elementor-id=\"4867\" class=\"elementor elementor-4867\" data-elementor-post-type=\"page\">\n\t\t\t\t<div class=\"elementor-element elementor-element-a0ed821 e-con-full e-flex e-con e-parent\" data-id=\"a0ed821\" data-element_type=\"container\">\n\t\t<div class=\"elementor-element elementor-element-b0eb1ba e-con-full animated-fast e-flex elementor-invisible e-con e-child\" data-id=\"b0eb1ba\" data-element_type=\"container\" data-settings=\"{&quot;background_background&quot;:&quot;classic&quot;,&quot;animation&quot;:&quot;fadeInUp&quot;,&quot;animation_delay&quot;:550}\">\n\t\t<div class=\"elementor-element elementor-element-0b7d2a3 e-con-full e-flex e-con e-child\" data-id=\"0b7d2a3\" data-element_type=\"container\">\n\t\t\t\t<div class=\"elementor-element elementor-element-fed8ec8 elementor-widget elementor-widget-heading\" data-id=\"fed8ec8\" data-element_type=\"widget\" data-widget_type=\"heading.default\">\n\t\t\t\t\t<h2 class=\"elementor-heading-title elementor-size-default\"><a href=\"https:\/\/akkok.com.tr\/en\/sektorler\/\">Companies<\/a><\/h2>\t\t\t\t<\/div>\n\t\t\t\t<div class=\"elementor-element elementor-element-8e194ef elementor-widget elementor-widget-heading\" data-id=\"8e194ef\" data-element_type=\"widget\" data-widget_type=\"heading.default\">\n\t\t\t\t\t<h2 class=\"elementor-heading-title elementor-size-default\">| <\/h2>\t\t\t\t<\/div>\n\t\t\t\t<div class=\"elementor-element elementor-element-6e504e3 elementor-widget elementor-widget-heading\" data-id=\"6e504e3\" data-element_type=\"widget\" data-widget_type=\"heading.default\">\n\t\t\t\t\t<h2 class=\"elementor-heading-title elementor-size-default\"><a href=\"https:\/\/akkok.com.tr\/en\/sektor\/#diger\">Other Sectors<\/a><\/h2>\t\t\t\t<\/div>\n\t\t\t\t<\/div>\n\t\t<div class=\"elementor-element elementor-element-851f22c e-con-full e-flex e-con e-child\" data-id=\"851f22c\" data-element_type=\"container\">\n\t\t\t\t<div class=\"elementor-element elementor-element-49e3274 elementor-widget elementor-widget-heading\" data-id=\"49e3274\" data-element_type=\"widget\" data-widget_type=\"heading.default\">\n\t\t\t\t\t<h2 class=\"elementor-heading-title elementor-size-default\">AKK\u00d6K NEXT<\/h2>\t\t\t\t<\/div>\n\t\t\t\t<\/div>\n\t\t\t\t<\/div>\n\t\t<div class=\"elementor-element elementor-element-3b2853e e-con-full e-flex e-con e-child\" data-id=\"3b2853e\" data-element_type=\"container\">\n\t\t<div class=\"elementor-element elementor-element-836679e e-con-full animated-fast e-flex elementor-invisible e-con e-child\" data-id=\"836679e\" data-element_type=\"container\" data-settings=\"{&quot;background_background&quot;:&quot;classic&quot;,&quot;animation&quot;:&quot;fadeIn&quot;,&quot;animation_delay&quot;:700}\">\n\t\t<div class=\"elementor-element elementor-element-56887fd e-flex e-con-boxed e-con e-child\" data-id=\"56887fd\" data-element_type=\"container\">\n\t\t\t\t\t<div class=\"e-con-inner\">\n\t\t\t\t<div class=\"elementor-element elementor-element-25a644d elementor-widget elementor-widget-image-carousel\" data-id=\"25a644d\" data-element_type=\"widget\" data-settings=\"{&quot;slides_to_show&quot;:&quot;1&quot;,&quot;navigation&quot;:&quot;none&quot;,&quot;effect&quot;:&quot;fade&quot;,&quot;speed&quot;:700,&quot;autoplay&quot;:&quot;no&quot;,&quot;infinite&quot;:&quot;no&quot;}\" data-widget_type=\"image-carousel.default\">\n\t\t\t\t\t\t\t<div class=\"elementor-image-carousel-wrapper swiper\" role=\"region\" aria-roledescription=\"carousel\" aria-label=\"Image Carousel\" dir=\"ltr\">\n\t\t\t<div class=\"elementor-image-carousel swiper-wrapper\" aria-live=\"polite\">\n\t\t\t\t\t\t\t\t<div class=\"swiper-slide\" role=\"group\" aria-roledescription=\"slide\" aria-label=\"1 of 1\"><a data-elementor-open-lightbox=\"yes\" data-elementor-lightbox-slideshow=\"25a644d\" data-elementor-lightbox-title=\"AkkokNextDetay3\" data-e-action-hash=\"#elementor-action%3Aaction%3Dlightbox%26settings%3DeyJpZCI6NDkwNCwidXJsIjoiaHR0cHM6XC9cL2Fra29rLmNvbS50clwvZW5cL3dwLWNvbnRlbnRcL3VwbG9hZHNcLzIwMjNcLzExXC9Ba2tva05leHREZXRheTMuanBnIiwic2xpZGVzaG93IjoiMjVhNjQ0ZCJ9\" href=\"https:\/\/akkok.com.tr\/en\/wp-content\/uploads\/2023\/11\/AkkokNextDetay3.jpg\"><figure class=\"swiper-slide-inner\"><img decoding=\"async\" class=\"swiper-slide-image\" src=\"https:\/\/akkok.com.tr\/en\/wp-content\/uploads\/2023\/11\/AkkokNextDetay3.jpg\" alt=\"AkkokNextDetay3\" \/><\/figure><\/a><\/div>\t\t\t<\/div>\n\t\t\t\t\t<\/div>\n\t\t\t\t\t\t<\/div>\n\t\t\t\t<div class=\"elementor-element elementor-element-62440c0 elementor-widget elementor-widget-text-editor\" data-id=\"62440c0\" data-element_type=\"widget\" data-widget_type=\"text-editor.default\">\n\t\t\t\t\t\t\t\t\t<p><span style=\"color: var( --e-global-color-35af9ed ); font-family: var( --e-global-typography-1d726fc-font-family ), Sans-serif; font-size: var( --e-global-typography-1d726fc-font-size ); font-weight: var( --e-global-typography-1d726fc-font-weight ); letter-spacing: var( --e-global-typography-1d726fc-letter-spacing ); word-spacing: var( --e-global-typography-1d726fc-word-spacing ); background-color: var( --e-global-color-b8eeff6 );\">Akk\u00f6k Holding closely monitors the entrepreneurship ecosystem and continuously reviews potential opportunities to stay informed about innovations, developments, and trends in the sectors where its portfolio companies operate.<\/span><br><\/p>\n<p>In this context, Akk\u00f6k Next, which is also the anchor investor of 212 NexT, the first deep technology fund focusing on material technologies, will focus on advanced materials and innovative deep technology ventures that lead the transformation in global value chains together with 212 NexT.<\/p>\n<p>Advanced materials not only revolutionize various sectors, from chemicals to composites, textiles to construction but also offer cleaner and more efficient solutions that minimize waste and energy consumption.<\/p>\t\t\t\t\t\t\t\t<\/div>\n\t\t\t\t\t<\/div>\n\t\t\t\t<\/div>\n\t\t\t\t<\/div>\n\t\t<div class=\"elementor-element elementor-element-68c1907 e-con-full e-flex elementor-invisible e-con e-child\" data-id=\"68c1907\" data-element_type=\"container\" data-settings=\"{&quot;animation&quot;:&quot;fadeIn&quot;,&quot;animation_delay&quot;:900}\">\n\t\t<div class=\"elementor-element elementor-element-fb6b97e e-flex e-con-boxed e-con e-child\" data-id=\"fb6b97e\" data-element_type=\"container\" data-settings=\"{&quot;background_background&quot;:&quot;classic&quot;}\">\n\t\t\t\t\t<div class=\"e-con-inner\">\n\t\t<div class=\"elementor-element elementor-element-5368318 e-con-full e-flex e-con e-child\" data-id=\"5368318\" data-element_type=\"container\">\n\t\t\t\t<div class=\"elementor-element elementor-element-fd2998a elementor-widget elementor-widget-image\" data-id=\"fd2998a\" data-element_type=\"widget\" data-widget_type=\"image.default\">\n\t\t\t\t\t\t\t\t\t\t\t\t\t\t\t<img decoding=\"async\" width=\"280\" height=\"127\" src=\"https:\/\/akkok.com.tr\/en\/wp-content\/uploads\/2023\/11\/AkkokNextLogo.png\" class=\"attachment-full size-full wp-image-4879\" alt=\"\" \/>\t\t\t\t\t\t\t\t\t\t\t\t\t\t\t<\/div>\n\t\t\t\t<\/div>\n\t\t<div class=\"elementor-element elementor-element-26c7951 e-flex e-con-boxed e-con e-child\" data-id=\"26c7951\" data-element_type=\"container\">\n\t\t\t\t\t<div class=\"e-con-inner\">\n\t\t\t\t<div class=\"elementor-element elementor-element-ef09826 elementor-widget elementor-widget-heading\" data-id=\"ef09826\" data-element_type=\"widget\" data-widget_type=\"heading.default\">\n\t\t\t\t\t<h2 class=\"elementor-heading-title elementor-size-default\">COMPANY PROFILE<\/h2>\t\t\t\t<\/div>\n\t\t<div class=\"elementor-element elementor-element-3ee523e e-con-full e-flex e-con e-child\" data-id=\"3ee523e\" data-element_type=\"container\">\n\t\t\t\t<div class=\"elementor-element elementor-element-ab8580f elementor-widget elementor-widget-heading\" data-id=\"ab8580f\" data-element_type=\"widget\" data-widget_type=\"heading.default\">\n\t\t\t\t\t<h2 class=\"elementor-heading-title elementor-size-default\"><b>Company Name:<\/b> Akk\u00f6k Next <\/h2>\t\t\t\t<\/div>\n\t\t\t\t<\/div>\n\t\t<div class=\"elementor-element elementor-element-b86b605 e-con-full e-flex e-con e-child\" data-id=\"b86b605\" data-element_type=\"container\">\n\t\t\t\t<div class=\"elementor-element elementor-element-70ae58c elementor-widget elementor-widget-heading\" data-id=\"70ae58c\" data-element_type=\"widget\" data-widget_type=\"heading.default\">\n\t\t\t\t\t<h2 class=\"elementor-heading-title elementor-size-default\"><b>Sector:<\/b> Venture Capital Management<\/h2>\t\t\t\t<\/div>\n\t\t\t\t<\/div>\n\t\t<div class=\"elementor-element elementor-element-4240571 e-con-full e-flex e-con e-child\" data-id=\"4240571\" data-element_type=\"container\">\n\t\t\t\t<div class=\"elementor-element elementor-element-b8a84b1 elementor-widget elementor-widget-heading\" data-id=\"b8a84b1\" data-element_type=\"widget\" data-widget_type=\"heading.default\">\n\t\t\t\t\t<h2 class=\"elementor-heading-title elementor-size-default\"><b>Established in:<\/b> 2023<\/h2>\t\t\t\t<\/div>\n\t\t\t\t<\/div>\n\t\t<div class=\"elementor-element elementor-element-0bb9e29 e-con-full e-flex e-con e-child\" data-id=\"0bb9e29\" data-element_type=\"container\">\n\t\t\t\t<div class=\"elementor-element elementor-element-a7645aa elementor-widget elementor-widget-heading\" data-id=\"a7645aa\" data-element_type=\"widget\" data-widget_type=\"heading.default\">\n\t\t\t\t\t<h2 class=\"elementor-heading-title elementor-size-default\"><a href=\"mailto:%20akkok@akkok.com.tr\"><b>Email:<\/b> <u>akkok@akkok.com.tr<\/u><\/a><\/h2>\t\t\t\t<\/div>\n\t\t\t\t<\/div>\n\t\t<div class=\"elementor-element elementor-element-e4a0109 e-con-full e-flex e-con e-child\" data-id=\"e4a0109\" data-element_type=\"container\">\n\t\t\t\t<div class=\"elementor-element elementor-element-8a29eb9 elementor-widget elementor-widget-heading\" data-id=\"8a29eb9\" data-element_type=\"widget\" data-widget_type=\"heading.default\">\n\t\t\t\t\t<h2 class=\"elementor-heading-title elementor-size-default\"><b>Phone:<\/b> +90 212 393 01 01<\/h2>\t\t\t\t<\/div>\n\t\t\t\t<\/div>\n\t\t<div class=\"elementor-element elementor-element-021b16d e-con-full e-flex e-con e-child\" data-id=\"021b16d\" data-element_type=\"container\">\n\t\t\t\t<div class=\"elementor-element elementor-element-4aa2158 elementor-widget elementor-widget-heading\" data-id=\"4aa2158\" data-element_type=\"widget\" data-widget_type=\"heading.default\">\n\t\t\t\t\t<h2 class=\"elementor-heading-title elementor-size-default\"><a href=\"mailto:%20aodiyet@akkok.com.tr\"><b>Press Contact:<\/b> <u>aodiyet@akkok.com.tr<\/u><\/a><\/h2>\t\t\t\t<\/div>\n\t\t\t\t<\/div>\n\t\t\t\t\t<\/div>\n\t\t\t\t<\/div>\n\t\t\t\t\t<\/div>\n\t\t\t\t<\/div>\n\t\t<div class=\"elementor-element elementor-element-46cda5e elementor-hidden-desktop elementor-hidden-tablet elementor-hidden-mobile e-flex e-con-boxed e-con e-child\" data-id=\"46cda5e\" data-element_type=\"container\" data-settings=\"{&quot;background_background&quot;:&quot;classic&quot;}\">\n\t\t\t\t\t<div class=\"e-con-inner\">\n\t\t\t\t\t<\/div>\n\t\t\t\t<\/div>\n\t\t\t\t<\/div>\n\t\t\t\t<\/div>\n\t\t<div class=\"elementor-element elementor-element-a828296 e-con-full elementor-hidden-desktop elementor-hidden-tablet elementor-hidden-mobile e-flex e-con e-child\" data-id=\"a828296\" data-element_type=\"container\">\n\t\t\t\t<\/div>\n\t\t\t\t<\/div>\n\t\t\t\t<\/div>\n\t\t","protected":false},"excerpt":{"rendered":"<p>Companies | Other Sectors AKK\u00d6K NEXT Akk\u00f6k Holding closely monitors the entrepreneurship ecosystem and continuously reviews potential opportunities to stay informed about innovations, developments, and trends in the sectors where its portfolio companies operate. In this context, Akk\u00f6k Next, which is also the anchor investor of 212 NexT, the first deep technology fund focusing on [&hellip;]<\/p>\n","protected":false},"author":1,"featured_media":0,"parent":707,"menu_order":0,"comment_status":"closed","ping_status":"closed","template":"elementor_header_footer","meta":{"_acf_changed":false,"footnotes":""},"class_list":["post-4867","page","type-page","status-publish","hentry"],"acf":[],"yoast_head":"<!-- This site is optimized with the Yoast SEO plugin v26.6 - https:\/\/yoast.com\/wordpress\/plugins\/seo\/ -->\n<title>Akk\u00f6k Next - Akk\u00f6k Holding<\/title>\n<meta name=\"robots\" content=\"index, follow, max-snippet:-1, max-image-preview:large, max-video-preview:-1\" \/>\n<link rel=\"canonical\" href=\"https:\/\/akkok.com.tr\/en\/sektorler\/akkok-next\/\" \/>\n<meta property=\"og:locale\" content=\"en_US\" \/>\n<meta property=\"og:type\" content=\"article\" \/>\n<meta property=\"og:title\" content=\"Akk\u00f6k Next - Akk\u00f6k Holding\" \/>\n<meta property=\"og:description\" content=\"Companies | Other Sectors AKK\u00d6K NEXT Akk\u00f6k Holding closely monitors the entrepreneurship ecosystem and continuously reviews potential opportunities to stay informed about innovations, developments, and trends in the sectors where its portfolio companies operate. In this context, Akk\u00f6k Next, which is also the anchor investor of 212 NexT, the first deep technology fund focusing on [&hellip;]\" \/>\n<meta property=\"og:url\" content=\"https:\/\/akkok.com.tr\/en\/sektorler\/akkok-next\/\" \/>\n<meta property=\"og:site_name\" content=\"Akk\u00f6k Holding\" \/>\n<meta property=\"article:modified_time\" content=\"2024-04-18T17:32:34+00:00\" \/>\n<meta property=\"og:image\" content=\"https:\/\/akkok.com.tr\/en\/wp-content\/uploads\/2023\/11\/AkkokNextDetay3.jpg\" \/>\n<meta name=\"twitter:card\" content=\"summary_large_image\" \/>\n<meta name=\"twitter:site\" content=\"@AkkokHolding\" \/>\n<meta name=\"twitter:label1\" content=\"Est. reading time\" \/>\n\t<meta name=\"twitter:data1\" content=\"1 minute\" \/>\n<script type=\"application\/ld+json\" class=\"yoast-schema-graph\">{\"@context\":\"https:\/\/schema.org\",\"@graph\":[{\"@type\":\"WebPage\",\"@id\":\"https:\/\/akkok.com.tr\/en\/sektorler\/akkok-next\/\",\"url\":\"https:\/\/akkok.com.tr\/en\/sektorler\/akkok-next\/\",\"name\":\"Akk\u00f6k Next - Akk\u00f6k Holding\",\"isPartOf\":{\"@id\":\"https:\/\/akkok.com.tr\/en\/#website\"},\"primaryImageOfPage\":{\"@id\":\"https:\/\/akkok.com.tr\/en\/sektorler\/akkok-next\/#primaryimage\"},\"image\":{\"@id\":\"https:\/\/akkok.com.tr\/en\/sektorler\/akkok-next\/#primaryimage\"},\"thumbnailUrl\":\"https:\/\/akkok.com.tr\/en\/wp-content\/uploads\/2023\/11\/AkkokNextDetay3.jpg\",\"datePublished\":\"2023-11-27T22:33:41+00:00\",\"dateModified\":\"2024-04-18T17:32:34+00:00\",\"breadcrumb\":{\"@id\":\"https:\/\/akkok.com.tr\/en\/sektorler\/akkok-next\/#breadcrumb\"},\"inLanguage\":\"en-US\",\"potentialAction\":[{\"@type\":\"ReadAction\",\"target\":[\"https:\/\/akkok.com.tr\/en\/sektorler\/akkok-next\/\"]}]},{\"@type\":\"ImageObject\",\"inLanguage\":\"en-US\",\"@id\":\"https:\/\/akkok.com.tr\/en\/sektorler\/akkok-next\/#primaryimage\",\"url\":\"https:\/\/akkok.com.tr\/en\/wp-content\/uploads\/2023\/11\/AkkokNextDetay3.jpg\",\"contentUrl\":\"https:\/\/akkok.com.tr\/en\/wp-content\/uploads\/2023\/11\/AkkokNextDetay3.jpg\",\"width\":1200,\"height\":700},{\"@type\":\"BreadcrumbList\",\"@id\":\"https:\/\/akkok.com.tr\/en\/sektorler\/akkok-next\/#breadcrumb\",\"itemListElement\":[{\"@type\":\"ListItem\",\"position\":1,\"name\":\"Companies\",\"item\":\"https:\/\/akkok.com.tr\/en\/sektorler\/\"},{\"@type\":\"ListItem\",\"position\":2,\"name\":\"Akk\u00f6k Next\"}]},{\"@type\":\"WebSite\",\"@id\":\"https:\/\/akkok.com.tr\/en\/#website\",\"url\":\"https:\/\/akkok.com.tr\/en\/\",\"name\":\"Akk\u00f6k Holding\",\"description\":\"\",\"publisher\":{\"@id\":\"https:\/\/akkok.com.tr\/en\/#organization\"},\"potentialAction\":[{\"@type\":\"SearchAction\",\"target\":{\"@type\":\"EntryPoint\",\"urlTemplate\":\"https:\/\/akkok.com.tr\/en\/?s={search_term_string}\"},\"query-input\":{\"@type\":\"PropertyValueSpecification\",\"valueRequired\":true,\"valueName\":\"search_term_string\"}}],\"inLanguage\":\"en-US\"},{\"@type\":\"Organization\",\"@id\":\"https:\/\/akkok.com.tr\/en\/#organization\",\"name\":\"Akk\u00f6k Holding\",\"url\":\"https:\/\/akkok.com.tr\/en\/\",\"logo\":{\"@type\":\"ImageObject\",\"inLanguage\":\"en-US\",\"@id\":\"https:\/\/akkok.com.tr\/en\/#\/schema\/logo\/image\/\",\"url\":\"https:\/\/akkok.com.tr\/en\/wp-content\/uploads\/2023\/10\/AkkokHolding.png\",\"contentUrl\":\"https:\/\/akkok.com.tr\/en\/wp-content\/uploads\/2023\/10\/AkkokHolding.png\",\"width\":176,\"height\":300,\"caption\":\"Akk\u00f6k Holding\"},\"image\":{\"@id\":\"https:\/\/akkok.com.tr\/en\/#\/schema\/logo\/image\/\"},\"sameAs\":[\"https:\/\/x.com\/AkkokHolding\",\"https:\/\/tr.linkedin.com\/company\/akkk-holding\",\"https:\/\/www.youtube.com\/@akkokholding4011\/featured\",\"https:\/\/www.instagram.com\/akkokholding\"]}]}<\/script>\n<!-- \/ Yoast SEO plugin. -->","yoast_head_json":{"title":"Akk\u00f6k Next - Akk\u00f6k Holding","robots":{"index":"index","follow":"follow","max-snippet":"max-snippet:-1","max-image-preview":"max-image-preview:large","max-video-preview":"max-video-preview:-1"},"canonical":"https:\/\/akkok.com.tr\/en\/sektorler\/akkok-next\/","og_locale":"en_US","og_type":"article","og_title":"Akk\u00f6k Next - Akk\u00f6k Holding","og_description":"Companies | Other Sectors AKK\u00d6K NEXT Akk\u00f6k Holding closely monitors the entrepreneurship ecosystem and continuously reviews potential opportunities to stay informed about innovations, developments, and trends in the sectors where its portfolio companies operate. In this context, Akk\u00f6k Next, which is also the anchor investor of 212 NexT, the first deep technology fund focusing on [&hellip;]","og_url":"https:\/\/akkok.com.tr\/en\/sektorler\/akkok-next\/","og_site_name":"Akk\u00f6k Holding","article_modified_time":"2024-04-18T17:32:34+00:00","og_image":[{"url":"https:\/\/akkok.com.tr\/en\/wp-content\/uploads\/2023\/11\/AkkokNextDetay3.jpg","type":"","width":"","height":""}],"twitter_card":"summary_large_image","twitter_site":"@AkkokHolding","twitter_misc":{"Est. reading time":"1 minute"},"schema":{"@context":"https:\/\/schema.org","@graph":[{"@type":"WebPage","@id":"https:\/\/akkok.com.tr\/en\/sektorler\/akkok-next\/","url":"https:\/\/akkok.com.tr\/en\/sektorler\/akkok-next\/","name":"Akk\u00f6k Next - Akk\u00f6k Holding","isPartOf":{"@id":"https:\/\/akkok.com.tr\/en\/#website"},"primaryImageOfPage":{"@id":"https:\/\/akkok.com.tr\/en\/sektorler\/akkok-next\/#primaryimage"},"image":{"@id":"https:\/\/akkok.com.tr\/en\/sektorler\/akkok-next\/#primaryimage"},"thumbnailUrl":"https:\/\/akkok.com.tr\/en\/wp-content\/uploads\/2023\/11\/AkkokNextDetay3.jpg","datePublished":"2023-11-27T22:33:41+00:00","dateModified":"2024-04-18T17:32:34+00:00","breadcrumb":{"@id":"https:\/\/akkok.com.tr\/en\/sektorler\/akkok-next\/#breadcrumb"},"inLanguage":"en-US","potentialAction":[{"@type":"ReadAction","target":["https:\/\/akkok.com.tr\/en\/sektorler\/akkok-next\/"]}]},{"@type":"ImageObject","inLanguage":"en-US","@id":"https:\/\/akkok.com.tr\/en\/sektorler\/akkok-next\/#primaryimage","url":"https:\/\/akkok.com.tr\/en\/wp-content\/uploads\/2023\/11\/AkkokNextDetay3.jpg","contentUrl":"https:\/\/akkok.com.tr\/en\/wp-content\/uploads\/2023\/11\/AkkokNextDetay3.jpg","width":1200,"height":700},{"@type":"BreadcrumbList","@id":"https:\/\/akkok.com.tr\/en\/sektorler\/akkok-next\/#breadcrumb","itemListElement":[{"@type":"ListItem","position":1,"name":"Companies","item":"https:\/\/akkok.com.tr\/en\/sektorler\/"},{"@type":"ListItem","position":2,"name":"Akk\u00f6k Next"}]},{"@type":"WebSite","@id":"https:\/\/akkok.com.tr\/en\/#website","url":"https:\/\/akkok.com.tr\/en\/","name":"Akk\u00f6k Holding","description":"","publisher":{"@id":"https:\/\/akkok.com.tr\/en\/#organization"},"potentialAction":[{"@type":"SearchAction","target":{"@type":"EntryPoint","urlTemplate":"https:\/\/akkok.com.tr\/en\/?s={search_term_string}"},"query-input":{"@type":"PropertyValueSpecification","valueRequired":true,"valueName":"search_term_string"}}],"inLanguage":"en-US"},{"@type":"Organization","@id":"https:\/\/akkok.com.tr\/en\/#organization","name":"Akk\u00f6k Holding","url":"https:\/\/akkok.com.tr\/en\/","logo":{"@type":"ImageObject","inLanguage":"en-US","@id":"https:\/\/akkok.com.tr\/en\/#\/schema\/logo\/image\/","url":"https:\/\/akkok.com.tr\/en\/wp-content\/uploads\/2023\/10\/AkkokHolding.png","contentUrl":"https:\/\/akkok.com.tr\/en\/wp-content\/uploads\/2023\/10\/AkkokHolding.png","width":176,"height":300,"caption":"Akk\u00f6k Holding"},"image":{"@id":"https:\/\/akkok.com.tr\/en\/#\/schema\/logo\/image\/"},"sameAs":["https:\/\/x.com\/AkkokHolding","https:\/\/tr.linkedin.com\/company\/akkk-holding","https:\/\/www.youtube.com\/@akkokholding4011\/featured","https:\/\/www.instagram.com\/akkokholding"]}]}},"_links":{"self":[{"href":"https:\/\/akkok.com.tr\/en\/wp-json\/wp\/v2\/pages\/4867","targetHints":{"allow":["GET"]}}],"collection":[{"href":"https:\/\/akkok.com.tr\/en\/wp-json\/wp\/v2\/pages"}],"about":[{"href":"https:\/\/akkok.com.tr\/en\/wp-json\/wp\/v2\/types\/page"}],"author":[{"embeddable":true,"href":"https:\/\/akkok.com.tr\/en\/wp-json\/wp\/v2\/users\/1"}],"replies":[{"embeddable":true,"href":"https:\/\/akkok.com.tr\/en\/wp-json\/wp\/v2\/comments?post=4867"}],"version-history":[{"count":65,"href":"https:\/\/akkok.com.tr\/en\/wp-json\/wp\/v2\/pages\/4867\/revisions"}],"predecessor-version":[{"id":7914,"href":"https:\/\/akkok.com.tr\/en\/wp-json\/wp\/v2\/pages\/4867\/revisions\/7914"}],"up":[{"embeddable":true,"href":"https:\/\/akkok.com.tr\/en\/wp-json\/wp\/v2\/pages\/707"}],"wp:attachment":[{"href":"https:\/\/akkok.com.tr\/en\/wp-json\/wp\/v2\/media?parent=4867"}],"curies":[{"name":"wp","href":"https:\/\/api.w.org\/{rel}","templated":true}]}}