{"id":4678,"date":"2023-11-26T00:35:50","date_gmt":"2023-11-26T00:35:50","guid":{"rendered":"https:\/\/new.akkok.com.tr\/en\/?page_id=4678"},"modified":"2024-03-19T23:15:15","modified_gmt":"2024-03-19T23:15:15","slug":"kvkk","status":"publish","type":"page","link":"https:\/\/akkok.com.tr\/en\/kvkk\/","title":{"rendered":"GDPR"},"content":{"rendered":"\t\t<div data-elementor-type=\"wp-page\" data-elementor-id=\"4678\" class=\"elementor elementor-4678\" data-elementor-post-type=\"page\">\n\t\t\t\t<div class=\"elementor-element elementor-element-210b11f e-con-full e-flex e-con e-parent\" data-id=\"210b11f\" data-element_type=\"container\">\n\t\t<div class=\"elementor-element elementor-element-f56e1a9 e-con-full animated-fast e-flex elementor-invisible e-con e-child\" data-id=\"f56e1a9\" data-element_type=\"container\" data-settings=\"{&quot;background_background&quot;:&quot;classic&quot;,&quot;animation&quot;:&quot;fadeInUp&quot;,&quot;animation_delay&quot;:50}\">\n\t\t\t\t<div class=\"elementor-element elementor-element-71ee5d4 elementor-invisible elementor-widget elementor-widget-heading\" data-id=\"71ee5d4\" data-element_type=\"widget\" data-settings=\"{&quot;_animation&quot;:&quot;fadeInUp&quot;,&quot;_animation_delay&quot;:150}\" data-widget_type=\"heading.default\">\n\t\t\t\t\t<h2 class=\"elementor-heading-title elementor-size-default\">PROTECTION OF PERSONAL DATA<\/h2>\t\t\t\t<\/div>\n\t\t\t\t<\/div>\n\t\t<div class=\"elementor-element elementor-element-1eecbd3 e-con-full e-flex e-con e-child\" data-id=\"1eecbd3\" data-element_type=\"container\">\n\t\t<div class=\"elementor-element elementor-element-2c77ba8 e-con-full e-flex e-con e-child\" data-id=\"2c77ba8\" data-element_type=\"container\" data-settings=\"{&quot;sticky&quot;:&quot;top&quot;,&quot;sticky_offset_mobile&quot;:58,&quot;sticky_on&quot;:[&quot;desktop&quot;,&quot;mobile&quot;],&quot;sticky_offset&quot;:0,&quot;sticky_effects_offset&quot;:0}\">\n\t\t<div class=\"elementor-element elementor-element-97bc014 e-con-full e-flex e-con e-child\" data-id=\"97bc014\" data-element_type=\"container\" data-settings=\"{&quot;background_background&quot;:&quot;classic&quot;}\">\n\t\t<div class=\"elementor-element elementor-element-5ea217c e-con-full animated-fast e-flex elementor-invisible e-con e-child\" data-id=\"5ea217c\" data-element_type=\"container\" data-settings=\"{&quot;background_background&quot;:&quot;classic&quot;,&quot;animation&quot;:&quot;fadeInUp&quot;,&quot;animation_delay&quot;:200}\">\n\t\t\t\t<div class=\"elementor-element elementor-element-847dd89 animated-fast pp-buttons-valign-middle pp-buttons-halign-left pp-buttons-stack-none elementor-invisible elementor-widget elementor-widget-pp-buttons\" data-id=\"847dd89\" data-element_type=\"widget\" data-settings=\"{&quot;_animation&quot;:&quot;fadeInUp&quot;,&quot;_animation_delay&quot;:250}\" data-widget_type=\"pp-buttons.default\">\n\t\t\t\t\t\t\t<div class=\"pp-buttons-group\">\n\t\t\t\t\t\t\t\t\t\t\t<a href=\"#\" class=\"pp-button elementor-button elementor-size-sm elementor-repeater-item-52e9929 \">\n\t\t\t\t\t<div class=\"pp-button-content-wrapper\">\n\t\t\t\t\t\t<span class=\"pp-button-content-inner pp-icon-before\">\n\t\t\t\t\t\t\t\n\t\t\t\t\t\t\t\t<span class=\"pp-button-title\">\n\t\t\t\t\t\t\t\t\tData Policy\t\t\t\t\t\t\t\t<\/span>\n\t\t\t\t\t\t\t\t\t\t\t\t\t<\/span>\n\t\t\t\t\t<\/div>\n\t\t\t\t<\/a>\n\t\t\t\t\t\t\t\t\t\t<\/div>\t\t\t\t<\/div>\n\t\t\t\t<div class=\"elementor-element elementor-element-251745f animated-fast pp-buttons-valign-middle pp-buttons-halign-left pp-buttons-stack-none elementor-invisible elementor-widget elementor-widget-pp-buttons\" data-id=\"251745f\" data-element_type=\"widget\" data-settings=\"{&quot;_animation&quot;:&quot;fadeInUp&quot;,&quot;_animation_delay&quot;:300}\" data-widget_type=\"pp-buttons.default\">\n\t\t\t\t\t\t\t<div class=\"pp-buttons-group\">\n\t\t\t\t\t\t\t\t\t\t\t<a href=\"https:\/\/akkok.com.tr\/en\/wp-content\/uploads\/2023\/11\/Akko\u0308k_Holding_KVKK_Politikasi.pdf\" target=\"_blank\" class=\"pp-button elementor-button elementor-size-sm elementor-repeater-item-52e9929 \">\n\t\t\t\t\t<div class=\"pp-button-content-wrapper\">\n\t\t\t\t\t\t<span class=\"pp-button-content-inner pp-icon-after\">\n\t\t\t\t\t\t\t\t\t\t\t\t\t\t\t\t\t<span class=\"pp-button-icon pp-icon\">\n\t\t\t\t\t\t\t\t\t\t\t<i aria-hidden=\"true\" class=\"akkokicons- akkok-icons-arrow-up-right\"><\/i>\t\t\t\t\t\t\t\t\t\t<\/span>\n\t\t\t\t\t\t\t\t\t\t\n\t\t\t\t\t\t\t\t<span class=\"pp-button-title\">\n\t\t\t\t\t\t\t\t\tGDPR Policy\t\t\t\t\t\t\t\t<\/span>\n\t\t\t\t\t\t\t\t\t\t\t\t\t<\/span>\n\t\t\t\t\t<\/div>\n\t\t\t\t<\/a>\n\t\t\t\t\t\t\t\t\t\t<\/div>\t\t\t\t<\/div>\n\t\t\t\t<div class=\"elementor-element elementor-element-8d5dde5 animated-fast pp-buttons-valign-middle pp-buttons-halign-left pp-buttons-stack-none elementor-invisible elementor-widget elementor-widget-pp-buttons\" data-id=\"8d5dde5\" data-element_type=\"widget\" data-settings=\"{&quot;_animation&quot;:&quot;fadeInUp&quot;,&quot;_animation_delay&quot;:350}\" data-widget_type=\"pp-buttons.default\">\n\t\t\t\t\t\t\t<div class=\"pp-buttons-group\">\n\t\t\t\t\t\t\t\t\t\t\t<a href=\"https:\/\/akkok.com.tr\/en\/wp-content\/uploads\/2023\/11\/Akko\u0308k-Holding-Veri-Sahibi-Bas\u0327vuru-Formu.pdf\" target=\"_blank\" class=\"pp-button elementor-button elementor-size-sm elementor-repeater-item-52e9929 \">\n\t\t\t\t\t<div class=\"pp-button-content-wrapper\">\n\t\t\t\t\t\t<span class=\"pp-button-content-inner pp-icon-after\">\n\t\t\t\t\t\t\t\t\t\t\t\t\t\t\t\t\t<span class=\"pp-button-icon pp-icon\">\n\t\t\t\t\t\t\t\t\t\t\t<i aria-hidden=\"true\" class=\"akkokicons- akkok-icons-arrow-up-right\"><\/i>\t\t\t\t\t\t\t\t\t\t<\/span>\n\t\t\t\t\t\t\t\t\t\t\n\t\t\t\t\t\t\t\t<span class=\"pp-button-title\">\n\t\t\t\t\t\t\t\t\tData Owner Application Form\t\t\t\t\t\t\t\t<\/span>\n\t\t\t\t\t\t\t\t\t\t\t\t\t<\/span>\n\t\t\t\t\t<\/div>\n\t\t\t\t<\/a>\n\t\t\t\t\t\t\t\t\t\t<\/div>\t\t\t\t<\/div>\n\t\t\t\t<div class=\"elementor-element elementor-element-94ea287 pp-buttons-valign-middle pp-buttons-halign-left pp-buttons-stack-none elementor-invisible elementor-widget elementor-widget-pp-buttons\" data-id=\"94ea287\" data-element_type=\"widget\" data-settings=\"{&quot;_animation&quot;:&quot;fadeInUp&quot;,&quot;_animation_delay&quot;:450}\" data-widget_type=\"pp-buttons.default\">\n\t\t\t\t\t\t\t<div class=\"pp-buttons-group\">\n\t\t\t\t\t\t\t\t\t\t\t<a href=\"https:\/\/akkok.com.tr\/en\/akkok-cookie-policy\/\" class=\"pp-button elementor-button elementor-size-sm elementor-repeater-item-52e9929 \">\n\t\t\t\t\t<div class=\"pp-button-content-wrapper\">\n\t\t\t\t\t\t<span class=\"pp-button-content-inner pp-icon-after\">\n\t\t\t\t\t\t\t\n\t\t\t\t\t\t\t\t<span class=\"pp-button-title\">\n\t\t\t\t\t\t\t\t\tCookie Policy\t\t\t\t\t\t\t\t<\/span>\n\t\t\t\t\t\t\t\t\t\t\t\t\t<\/span>\n\t\t\t\t\t<\/div>\n\t\t\t\t<\/a>\n\t\t\t\t\t\t\t\t\t\t<\/div>\t\t\t\t<\/div>\n\t\t\t\t<\/div>\n\t\t\t\t<\/div>\n\t\t\t\t<\/div>\n\t\t<div class=\"elementor-element elementor-element-201cfc7 e-con-full e-flex elementor-invisible e-con e-child\" data-id=\"201cfc7\" data-element_type=\"container\" data-settings=\"{&quot;background_background&quot;:&quot;classic&quot;,&quot;animation&quot;:&quot;fadeIn&quot;,&quot;animation_delay&quot;:500}\">\n\t\t<div class=\"elementor-element elementor-element-df886ed e-flex e-con-boxed e-con e-child\" data-id=\"df886ed\" data-element_type=\"container\">\n\t\t\t\t\t<div class=\"e-con-inner\">\n\t\t\t\t<div class=\"elementor-element elementor-element-b881d08 elementor-widget elementor-widget-heading\" data-id=\"b881d08\" data-element_type=\"widget\" data-widget_type=\"heading.default\">\n\t\t\t\t\t<h2 class=\"elementor-heading-title elementor-size-default\">DATA POLICY<\/h2>\t\t\t\t<\/div>\n\t\t\t\t<div class=\"elementor-element elementor-element-6c0ad61 elementor-widget elementor-widget-text-editor\" data-id=\"6c0ad61\" data-element_type=\"widget\" data-widget_type=\"text-editor.default\">\n\t\t\t\t\t\t\t\t\t<p><b>1. Identity of the Data Controller<\/b><\/p>\n<p>As Akk\u00f6k Holding Joint Stock Company (\u201cAkk\u00f6k\u201d or the \u201cCompany\u201d), we exhibit the utmost diligence in ensuring the security and confidentiality of your personal data. In this regard, acting as a data controller under the Personal Data Protection Law No. 6698 (\u201cthe Law\u201d), we hereby inform you of the following matters within the scope of our obligation to enlighten in order to act in accordance with the Law regarding the personal data we obtain.<\/p>\n<p><b>2. Purposes for Processing Personal Data<\/b><\/p>\n<p>Although varying depending on the services provided by Akk\u00f6k or related commercial activities, your personal data are processed for purposes limited to determining and implementing the commercial and operational strategies of our Company, conducting and improving our Company\u2019s activities and business processes, meeting demands, fulfilling our legal obligations, conducting Company audits, investigations, reporting, internal control, and audit activities, ensuring compliance with legislation and our Company\u2019s policies and procedures, ensuring information and data security, maintaining the continuity of information systems, organizing training, seminars, and events, recording camera footage for security purposes when our Company is visited, and conducting necessary registration processes for visitor entries and exits, and keeping log records electronically as required by law number 5651 when connected to our Company\u2019s internet network. Identity (which may indirectly include religion and health data from identity or license copies), contact, and visual data, along with your digital footprint data, may be processed. Additionally, your personal data may be transferred to physical archives and information systems of Akk\u00f6k or Akk\u00f6k group companies, being kept in both digital and physical environments.<\/p>\n<p><b>3. Transfer of Personal Data<\/b><\/p>\n<p>Your personal data, for the purposes outlined in section 2 of this Information Text, can be transferred to official institutions such as law enforcement upon request, relevant Akk\u00f6k group companies benefiting from our services, and information technology service providers abroad, audit companies, etc., in cooperation with us, limited to the reason requiring the transfer and thus restrictedly; within the scope of the Law and related regulations.<\/p>\n<p><b>4. Method and Legal Reason for Collecting Personal Data<\/b><\/p>\n<p>Your personal data are collected for the purposes mentioned above, in accordance with the fundamental principles stipulated by the Law and limited to the legal reasons of the necessity provided for by the laws, the legal obligation of the data controller, and the legitimate interest of our Company without harming the fundamental rights and freedoms of the related person; through information directly conveyed by you verbally or in writing, from your identity document provided by you, via closed-circuit camera recording systems located in our Company, by automatic or non-automatic methods.<\/p>\n<p><b>5. Your Rights Regarding the Protection of Personal Data<\/b><\/p>\n<p>Under the Law, you have the right to inquire if your personal data are processed, request information if your personal data have been processed, understand the processing purpose of your personal data and whether they are used in accordance with their purpose, know the third parties to whom your personal data are transferred domestically or abroad, request correction if your personal data are processed incompletely or inaccurately, request deletion or destruction of your personal data, request notification of the third parties to whom the corrections, deletions, or destructions have been made, object to any result that is to your detriment due to analysis of processed data exclusively through automated systems, and demand compensation for damages in case of loss due to unlawful processing of your personal data. Under the Law, you can submit your requests regarding your personal data through the Data Owner Application Form by using one of the channels specified below;<\/p>\n<p>Personally, by ensuring your identity is verified at Miralay \u015eefikbey Street, Akhan No:15-17 G\u00fcm\u00fc\u015fsuyu, Taksim, Istanbul; or<br>To our Company\u2019s email address akkokholding.hukukdirektorlugu@hs02.kep.tr; or<br>By using your secure electronic or mobile signature to our Company\u2019s email address kvkk@akkok.com.tr; or<br>By ensuring your identity is verified, through other methods specified in the Law and related legislation.<\/p>\n<p>Our Company will conclude the application requests in accordance with Article 13 of the Law, based on the nature of the request and within a maximum of 30 (thirty) days. If the procedure requires a cost, the tariff determined by the Personal Data Protection Board will be applied. In case of a refusal, the reason(s) for refusal will be justified in writing or electronically. You can find detailed information about the evaluation process of the application requests in the Personal Data Protection and Processing Policy.<\/p>\t\t\t\t\t\t\t\t<\/div>\n\t\t\t\t\t<\/div>\n\t\t\t\t<\/div>\n\t\t\t\t<\/div>\n\t\t\t\t<\/div>\n\t\t\t\t<\/div>\n\t\t\t\t<\/div>\n\t\t","protected":false},"excerpt":{"rendered":"<p>PROTECTION OF PERSONAL DATA Data Policy GDPR Policy Data Owner Application Form Cookie Policy DATA POLICY 1. Identity of the Data Controller As Akk\u00f6k Holding Joint Stock Company (\u201cAkk\u00f6k\u201d or the \u201cCompany\u201d), we exhibit the utmost diligence in ensuring the security and confidentiality of your personal data. In this regard, acting as a data controller [&hellip;]<\/p>\n","protected":false},"author":1,"featured_media":0,"parent":0,"menu_order":0,"comment_status":"closed","ping_status":"closed","template":"elementor_header_footer","meta":{"_acf_changed":false,"footnotes":""},"class_list":["post-4678","page","type-page","status-publish","hentry"],"acf":[],"yoast_head":"<!-- This site is optimized with the Yoast SEO plugin v26.6 - https:\/\/yoast.com\/wordpress\/plugins\/seo\/ -->\n<title>GDPR - Akk\u00f6k Holding<\/title>\n<meta name=\"robots\" content=\"index, follow, max-snippet:-1, max-image-preview:large, max-video-preview:-1\" \/>\n<link rel=\"canonical\" href=\"https:\/\/akkok.com.tr\/en\/kvkk\/\" \/>\n<meta property=\"og:locale\" content=\"en_US\" \/>\n<meta property=\"og:type\" content=\"article\" \/>\n<meta property=\"og:title\" content=\"GDPR - Akk\u00f6k Holding\" \/>\n<meta property=\"og:description\" content=\"PROTECTION OF PERSONAL DATA Data Policy GDPR Policy Data Owner Application Form Cookie Policy DATA POLICY 1. Identity of the Data Controller As Akk\u00f6k Holding Joint Stock Company (\u201cAkk\u00f6k\u201d or the \u201cCompany\u201d), we exhibit the utmost diligence in ensuring the security and confidentiality of your personal data. In this regard, acting as a data controller [&hellip;]\" \/>\n<meta property=\"og:url\" content=\"https:\/\/akkok.com.tr\/en\/kvkk\/\" \/>\n<meta property=\"og:site_name\" content=\"Akk\u00f6k Holding\" \/>\n<meta property=\"article:modified_time\" content=\"2024-03-19T23:15:15+00:00\" \/>\n<meta name=\"twitter:card\" content=\"summary_large_image\" \/>\n<meta name=\"twitter:site\" content=\"@AkkokHolding\" \/>\n<meta name=\"twitter:label1\" content=\"Est. reading time\" \/>\n\t<meta name=\"twitter:data1\" content=\"4 minutes\" \/>\n<script type=\"application\/ld+json\" class=\"yoast-schema-graph\">{\"@context\":\"https:\/\/schema.org\",\"@graph\":[{\"@type\":\"WebPage\",\"@id\":\"https:\/\/akkok.com.tr\/en\/kvkk\/\",\"url\":\"https:\/\/akkok.com.tr\/en\/kvkk\/\",\"name\":\"GDPR - Akk\u00f6k Holding\",\"isPartOf\":{\"@id\":\"https:\/\/akkok.com.tr\/en\/#website\"},\"datePublished\":\"2023-11-26T00:35:50+00:00\",\"dateModified\":\"2024-03-19T23:15:15+00:00\",\"inLanguage\":\"en-US\",\"potentialAction\":[{\"@type\":\"ReadAction\",\"target\":[\"https:\/\/akkok.com.tr\/en\/kvkk\/\"]}]},{\"@type\":\"WebSite\",\"@id\":\"https:\/\/akkok.com.tr\/en\/#website\",\"url\":\"https:\/\/akkok.com.tr\/en\/\",\"name\":\"Akk\u00f6k Holding\",\"description\":\"\",\"publisher\":{\"@id\":\"https:\/\/akkok.com.tr\/en\/#organization\"},\"potentialAction\":[{\"@type\":\"SearchAction\",\"target\":{\"@type\":\"EntryPoint\",\"urlTemplate\":\"https:\/\/akkok.com.tr\/en\/?s={search_term_string}\"},\"query-input\":{\"@type\":\"PropertyValueSpecification\",\"valueRequired\":true,\"valueName\":\"search_term_string\"}}],\"inLanguage\":\"en-US\"},{\"@type\":\"Organization\",\"@id\":\"https:\/\/akkok.com.tr\/en\/#organization\",\"name\":\"Akk\u00f6k Holding\",\"url\":\"https:\/\/akkok.com.tr\/en\/\",\"logo\":{\"@type\":\"ImageObject\",\"inLanguage\":\"en-US\",\"@id\":\"https:\/\/akkok.com.tr\/en\/#\/schema\/logo\/image\/\",\"url\":\"https:\/\/akkok.com.tr\/en\/wp-content\/uploads\/2023\/10\/AkkokHolding.png\",\"contentUrl\":\"https:\/\/akkok.com.tr\/en\/wp-content\/uploads\/2023\/10\/AkkokHolding.png\",\"width\":176,\"height\":300,\"caption\":\"Akk\u00f6k Holding\"},\"image\":{\"@id\":\"https:\/\/akkok.com.tr\/en\/#\/schema\/logo\/image\/\"},\"sameAs\":[\"https:\/\/x.com\/AkkokHolding\",\"https:\/\/tr.linkedin.com\/company\/akkk-holding\",\"https:\/\/www.youtube.com\/@akkokholding4011\/featured\",\"https:\/\/www.instagram.com\/akkokholding\"]}]}<\/script>\n<!-- \/ Yoast SEO plugin. -->","yoast_head_json":{"title":"GDPR - Akk\u00f6k Holding","robots":{"index":"index","follow":"follow","max-snippet":"max-snippet:-1","max-image-preview":"max-image-preview:large","max-video-preview":"max-video-preview:-1"},"canonical":"https:\/\/akkok.com.tr\/en\/kvkk\/","og_locale":"en_US","og_type":"article","og_title":"GDPR - Akk\u00f6k Holding","og_description":"PROTECTION OF PERSONAL DATA Data Policy GDPR Policy Data Owner Application Form Cookie Policy DATA POLICY 1. Identity of the Data Controller As Akk\u00f6k Holding Joint Stock Company (\u201cAkk\u00f6k\u201d or the \u201cCompany\u201d), we exhibit the utmost diligence in ensuring the security and confidentiality of your personal data. In this regard, acting as a data controller [&hellip;]","og_url":"https:\/\/akkok.com.tr\/en\/kvkk\/","og_site_name":"Akk\u00f6k Holding","article_modified_time":"2024-03-19T23:15:15+00:00","twitter_card":"summary_large_image","twitter_site":"@AkkokHolding","twitter_misc":{"Est. reading time":"4 minutes"},"schema":{"@context":"https:\/\/schema.org","@graph":[{"@type":"WebPage","@id":"https:\/\/akkok.com.tr\/en\/kvkk\/","url":"https:\/\/akkok.com.tr\/en\/kvkk\/","name":"GDPR - Akk\u00f6k Holding","isPartOf":{"@id":"https:\/\/akkok.com.tr\/en\/#website"},"datePublished":"2023-11-26T00:35:50+00:00","dateModified":"2024-03-19T23:15:15+00:00","inLanguage":"en-US","potentialAction":[{"@type":"ReadAction","target":["https:\/\/akkok.com.tr\/en\/kvkk\/"]}]},{"@type":"WebSite","@id":"https:\/\/akkok.com.tr\/en\/#website","url":"https:\/\/akkok.com.tr\/en\/","name":"Akk\u00f6k Holding","description":"","publisher":{"@id":"https:\/\/akkok.com.tr\/en\/#organization"},"potentialAction":[{"@type":"SearchAction","target":{"@type":"EntryPoint","urlTemplate":"https:\/\/akkok.com.tr\/en\/?s={search_term_string}"},"query-input":{"@type":"PropertyValueSpecification","valueRequired":true,"valueName":"search_term_string"}}],"inLanguage":"en-US"},{"@type":"Organization","@id":"https:\/\/akkok.com.tr\/en\/#organization","name":"Akk\u00f6k Holding","url":"https:\/\/akkok.com.tr\/en\/","logo":{"@type":"ImageObject","inLanguage":"en-US","@id":"https:\/\/akkok.com.tr\/en\/#\/schema\/logo\/image\/","url":"https:\/\/akkok.com.tr\/en\/wp-content\/uploads\/2023\/10\/AkkokHolding.png","contentUrl":"https:\/\/akkok.com.tr\/en\/wp-content\/uploads\/2023\/10\/AkkokHolding.png","width":176,"height":300,"caption":"Akk\u00f6k Holding"},"image":{"@id":"https:\/\/akkok.com.tr\/en\/#\/schema\/logo\/image\/"},"sameAs":["https:\/\/x.com\/AkkokHolding","https:\/\/tr.linkedin.com\/company\/akkk-holding","https:\/\/www.youtube.com\/@akkokholding4011\/featured","https:\/\/www.instagram.com\/akkokholding"]}]}},"_links":{"self":[{"href":"https:\/\/akkok.com.tr\/en\/wp-json\/wp\/v2\/pages\/4678","targetHints":{"allow":["GET"]}}],"collection":[{"href":"https:\/\/akkok.com.tr\/en\/wp-json\/wp\/v2\/pages"}],"about":[{"href":"https:\/\/akkok.com.tr\/en\/wp-json\/wp\/v2\/types\/page"}],"author":[{"embeddable":true,"href":"https:\/\/akkok.com.tr\/en\/wp-json\/wp\/v2\/users\/1"}],"replies":[{"embeddable":true,"href":"https:\/\/akkok.com.tr\/en\/wp-json\/wp\/v2\/comments?post=4678"}],"version-history":[{"count":89,"href":"https:\/\/akkok.com.tr\/en\/wp-json\/wp\/v2\/pages\/4678\/revisions"}],"predecessor-version":[{"id":7907,"href":"https:\/\/akkok.com.tr\/en\/wp-json\/wp\/v2\/pages\/4678\/revisions\/7907"}],"wp:attachment":[{"href":"https:\/\/akkok.com.tr\/en\/wp-json\/wp\/v2\/media?parent=4678"}],"curies":[{"name":"wp","href":"https:\/\/api.w.org\/{rel}","templated":true}]}}