{"id":4372,"date":"2023-11-12T23:44:59","date_gmt":"2023-11-12T23:44:59","guid":{"rendered":"https:\/\/new.akkok.com.tr\/en\/?page_id=4372"},"modified":"2024-08-07T01:16:37","modified_gmt":"2024-08-07T01:16:37","slug":"sosyal_sorumluluk-iskenderun-destek-merkezi","status":"publish","type":"page","link":"https:\/\/akkok.com.tr\/en\/sosyal_sorumluluk-iskenderun-destek-merkezi\/","title":{"rendered":"\u0130skenderun Support Center"},"content":{"rendered":"\t\t<div data-elementor-type=\"wp-page\" data-elementor-id=\"4372\" class=\"elementor elementor-4372\" data-elementor-post-type=\"page\">\n\t\t\t\t<div class=\"elementor-element elementor-element-a6f5dcd e-con-full e-flex e-con e-parent\" data-id=\"a6f5dcd\" data-element_type=\"container\">\n\t\t<div class=\"elementor-element elementor-element-d083e7c e-con-full animated-fast e-flex elementor-invisible e-con e-child\" data-id=\"d083e7c\" data-element_type=\"container\" data-settings=\"{&quot;background_background&quot;:&quot;classic&quot;,&quot;animation&quot;:&quot;fadeInUp&quot;,&quot;animation_delay&quot;:50}\">\n\t\t\t\t<div class=\"elementor-element elementor-element-31b1fb8 elementor-invisible elementor-widget elementor-widget-heading\" data-id=\"31b1fb8\" data-element_type=\"widget\" data-settings=\"{&quot;_animation&quot;:&quot;fadeInUp&quot;,&quot;_animation_delay&quot;:150}\" data-widget_type=\"heading.default\">\n\t\t\t\t\t<h2 class=\"elementor-heading-title elementor-size-default\">SOCIAL RESPONSIBILTY<\/h2>\t\t\t\t<\/div>\n\t\t\t\t<\/div>\n\t\t<div class=\"elementor-element elementor-element-bf4830e e-con-full e-flex e-con e-child\" data-id=\"bf4830e\" data-element_type=\"container\">\n\t\t<div class=\"elementor-element elementor-element-2ecc8b4 e-con-full e-flex e-con e-child\" data-id=\"2ecc8b4\" data-element_type=\"container\">\n\t\t<div class=\"elementor-element elementor-element-c18086a e-con-full e-flex e-con e-child\" data-id=\"c18086a\" data-element_type=\"container\" data-settings=\"{&quot;background_background&quot;:&quot;classic&quot;,&quot;sticky&quot;:&quot;top&quot;,&quot;sticky_offset&quot;:56,&quot;sticky_on&quot;:[&quot;desktop&quot;,&quot;tablet&quot;,&quot;mobile&quot;],&quot;sticky_effects_offset&quot;:0}\">\n\t\t<div class=\"elementor-element elementor-element-243bc59 e-con-full animated-fast e-flex elementor-invisible e-con e-child\" data-id=\"243bc59\" data-element_type=\"container\" data-settings=\"{&quot;background_background&quot;:&quot;classic&quot;,&quot;animation&quot;:&quot;fadeInUp&quot;,&quot;animation_delay&quot;:200}\">\n\t\t\t\t<div class=\"elementor-element elementor-element-14907be animated-fast pp-buttons-valign-middle pp-buttons-halign-left pp-buttons-stack-none elementor-invisible elementor-widget elementor-widget-pp-buttons\" data-id=\"14907be\" data-element_type=\"widget\" data-settings=\"{&quot;_animation&quot;:&quot;fadeInUp&quot;,&quot;_animation_delay&quot;:250}\" data-widget_type=\"pp-buttons.default\">\n\t\t\t\t\t\t\t<div class=\"pp-buttons-group\">\n\t\t\t\t\t\t\t\t\t\t\t<a href=\"https:\/\/akkok.com.tr\/en\/sosyal_sorumluluk-kadin-enerjisi\/\" class=\"pp-button elementor-button elementor-size-sm elementor-repeater-item-52e9929 \">\n\t\t\t\t\t<div class=\"pp-button-content-wrapper\">\n\t\t\t\t\t\t<span class=\"pp-button-content-inner pp-icon-before\">\n\t\t\t\t\t\t\t\n\t\t\t\t\t\t\t\t<span class=\"pp-button-title\">\n\t\t\t\t\t\t\t\t\tWomen's Energy\t\t\t\t\t\t\t\t<\/span>\n\t\t\t\t\t\t\t\t\t\t\t\t\t<\/span>\n\t\t\t\t\t<\/div>\n\t\t\t\t<\/a>\n\t\t\t\t\t\t\t\t\t\t<\/div>\t\t\t\t<\/div>\n\t\t\t\t<div class=\"elementor-element elementor-element-e50e95a animated-fast pp-buttons-valign-middle pp-buttons-halign-left pp-buttons-stack-none elementor-invisible elementor-widget elementor-widget-pp-buttons\" data-id=\"e50e95a\" data-element_type=\"widget\" data-settings=\"{&quot;_animation&quot;:&quot;fadeInUp&quot;,&quot;_animation_delay&quot;:300}\" data-widget_type=\"pp-buttons.default\">\n\t\t\t\t\t\t\t<div class=\"pp-buttons-group\">\n\t\t\t\t\t\t\t\t\t\t\t<a href=\"https:\/\/akkok.com.tr\/en\/sosyal_sorumluluk-raif-dinckok-kultur-merkezi\/\" class=\"pp-button elementor-button elementor-size-sm elementor-repeater-item-52e9929 \">\n\t\t\t\t\t<div class=\"pp-button-content-wrapper\">\n\t\t\t\t\t\t<span class=\"pp-button-content-inner pp-icon-before\">\n\t\t\t\t\t\t\t\n\t\t\t\t\t\t\t\t<span class=\"pp-button-title\">\n\t\t\t\t\t\t\t\t\tRaif Din\u00e7k\u00f6k Cultural Center\t\t\t\t\t\t\t\t<\/span>\n\t\t\t\t\t\t\t\t\t\t\t\t\t<\/span>\n\t\t\t\t\t<\/div>\n\t\t\t\t<\/a>\n\t\t\t\t\t\t\t\t\t\t<\/div>\t\t\t\t<\/div>\n\t\t\t\t<div class=\"elementor-element elementor-element-d1b0d24 animated-fast pp-buttons-valign-middle pp-buttons-halign-left pp-buttons-stack-none elementor-invisible elementor-widget elementor-widget-pp-buttons\" data-id=\"d1b0d24\" data-element_type=\"widget\" data-settings=\"{&quot;_animation&quot;:&quot;fadeInUp&quot;,&quot;_animation_delay&quot;:350}\" data-widget_type=\"pp-buttons.default\">\n\t\t\t\t\t\t\t<div class=\"pp-buttons-group\">\n\t\t\t\t\t\t\t\t\t\t\t<a href=\"https:\/\/akkok.com.tr\/en\/sosyal_sorumluluk-egitim\/\" class=\"pp-button elementor-button elementor-size-sm elementor-repeater-item-52e9929 \">\n\t\t\t\t\t<div class=\"pp-button-content-wrapper\">\n\t\t\t\t\t\t<span class=\"pp-button-content-inner pp-icon-before\">\n\t\t\t\t\t\t\t\n\t\t\t\t\t\t\t\t<span class=\"pp-button-title\">\n\t\t\t\t\t\t\t\t\tEducation\t\t\t\t\t\t\t\t<\/span>\n\t\t\t\t\t\t\t\t\t\t\t\t\t<\/span>\n\t\t\t\t\t<\/div>\n\t\t\t\t<\/a>\n\t\t\t\t\t\t\t\t\t\t<\/div>\t\t\t\t<\/div>\n\t\t\t\t<div class=\"elementor-element elementor-element-f8dcce1 animated-fast pp-buttons-valign-middle pp-buttons-halign-left pp-buttons-stack-none elementor-invisible elementor-widget elementor-widget-pp-buttons\" data-id=\"f8dcce1\" data-element_type=\"widget\" data-settings=\"{&quot;_animation&quot;:&quot;fadeInUp&quot;,&quot;_animation_delay&quot;:400}\" data-widget_type=\"pp-buttons.default\">\n\t\t\t\t\t\t\t<div class=\"pp-buttons-group\">\n\t\t\t\t\t\t\t\t\t\t\t<a href=\"#\" class=\"pp-button elementor-button elementor-size-sm elementor-repeater-item-52e9929 \">\n\t\t\t\t\t<div class=\"pp-button-content-wrapper\">\n\t\t\t\t\t\t<span class=\"pp-button-content-inner pp-icon-before\">\n\t\t\t\t\t\t\t\n\t\t\t\t\t\t\t\t<span class=\"pp-button-title\">\n\t\t\t\t\t\t\t\t\t\u0130skenderun Support Center\t\t\t\t\t\t\t\t<\/span>\n\t\t\t\t\t\t\t\t\t\t\t\t\t<\/span>\n\t\t\t\t\t<\/div>\n\t\t\t\t<\/a>\n\t\t\t\t\t\t\t\t\t\t<\/div>\t\t\t\t<\/div>\n\t\t\t\t<div class=\"elementor-element elementor-element-92e90a0 animated-fast pp-buttons-valign-middle pp-buttons-halign-left pp-buttons-stack-none elementor-invisible elementor-widget elementor-widget-pp-buttons\" data-id=\"92e90a0\" data-element_type=\"widget\" data-settings=\"{&quot;_animation&quot;:&quot;fadeInUp&quot;,&quot;_animation_delay&quot;:450}\" data-widget_type=\"pp-buttons.default\">\n\t\t\t\t\t\t\t<div class=\"pp-buttons-group\">\n\t\t\t\t\t\t\t\t\t\t\t<a href=\"https:\/\/akkok.com.tr\/en\/sosyal_sorumluluk-alman-deresi-parki-donusumu\/\" class=\"pp-button elementor-button elementor-size-sm elementor-repeater-item-52e9929 \">\n\t\t\t\t\t<div class=\"pp-button-content-wrapper\">\n\t\t\t\t\t\t<span class=\"pp-button-content-inner pp-icon-before\">\n\t\t\t\t\t\t\t\n\t\t\t\t\t\t\t\t<span class=\"pp-button-title\">\n\t\t\t\t\t\t\t\t\tAlman Deresi Park\t\t\t\t\t\t\t\t<\/span>\n\t\t\t\t\t\t\t\t\t\t\t\t\t<\/span>\n\t\t\t\t\t<\/div>\n\t\t\t\t<\/a>\n\t\t\t\t\t\t\t\t\t\t<\/div>\t\t\t\t<\/div>\n\t\t\t\t<\/div>\n\t\t\t\t<\/div>\n\t\t\t\t<\/div>\n\t\t<div class=\"elementor-element elementor-element-6234d0a e-con-full animated-slow e-flex elementor-invisible e-con e-child\" data-id=\"6234d0a\" data-element_type=\"container\" data-settings=\"{&quot;background_background&quot;:&quot;classic&quot;,&quot;animation&quot;:&quot;fadeIn&quot;,&quot;animation_delay&quot;:900}\">\n\t\t<div class=\"elementor-element elementor-element-3682c50 e-flex e-con-boxed e-con e-child\" data-id=\"3682c50\" data-element_type=\"container\">\n\t\t\t\t\t<div class=\"e-con-inner\">\n\t\t<div class=\"elementor-element elementor-element-407a082 e-flex e-con-boxed e-con e-child\" data-id=\"407a082\" data-element_type=\"container\">\n\t\t\t\t\t<div class=\"e-con-inner\">\n\t\t\t\t<div class=\"elementor-element elementor-element-f1ebbb9 elementor-widget elementor-widget-image-carousel\" data-id=\"f1ebbb9\" data-element_type=\"widget\" data-settings=\"{&quot;slides_to_show&quot;:&quot;1&quot;,&quot;navigation&quot;:&quot;none&quot;,&quot;lazyload&quot;:&quot;yes&quot;,&quot;pause_on_interaction&quot;:&quot;no&quot;,&quot;autoplay_speed&quot;:2800,&quot;effect&quot;:&quot;fade&quot;,&quot;speed&quot;:700,&quot;autoplay&quot;:&quot;yes&quot;,&quot;pause_on_hover&quot;:&quot;yes&quot;,&quot;infinite&quot;:&quot;yes&quot;}\" data-widget_type=\"image-carousel.default\">\n\t\t\t\t\t\t\t<div class=\"elementor-image-carousel-wrapper swiper\" role=\"region\" aria-roledescription=\"carousel\" aria-label=\"Image Carousel\" dir=\"ltr\">\n\t\t\t<div class=\"elementor-image-carousel swiper-wrapper\" aria-live=\"off\">\n\t\t\t\t\t\t\t\t<div class=\"swiper-slide\" role=\"group\" aria-roledescription=\"slide\" aria-label=\"1 of 4\"><figure class=\"swiper-slide-inner\"><img class=\"swiper-slide-image swiper-lazy\" data-src=\"https:\/\/akkok.com.tr\/en\/wp-content\/uploads\/2023\/11\/Iskenderun_Destek_Merkezi_1.jpg\" alt=\"Iskenderun_Destek_Merkezi_1\" \/><div class=\"swiper-lazy-preloader\"><\/div><\/figure><\/div><div class=\"swiper-slide\" role=\"group\" aria-roledescription=\"slide\" aria-label=\"2 of 4\"><figure class=\"swiper-slide-inner\"><img class=\"swiper-slide-image swiper-lazy\" data-src=\"https:\/\/akkok.com.tr\/en\/wp-content\/uploads\/2023\/11\/IskenderunDestekMerkeziDetay1.jpg\" alt=\"IskenderunDestekMerkeziDetay1\" \/><div class=\"swiper-lazy-preloader\"><\/div><\/figure><\/div><div class=\"swiper-slide\" role=\"group\" aria-roledescription=\"slide\" aria-label=\"3 of 4\"><figure class=\"swiper-slide-inner\"><img class=\"swiper-slide-image swiper-lazy\" data-src=\"https:\/\/akkok.com.tr\/en\/wp-content\/uploads\/2023\/11\/IskenderunDestekMerkeziDetay2.jpg\" alt=\"IskenderunDestekMerkeziDetay2\" \/><div class=\"swiper-lazy-preloader\"><\/div><\/figure><\/div><div class=\"swiper-slide\" role=\"group\" aria-roledescription=\"slide\" aria-label=\"4 of 4\"><figure class=\"swiper-slide-inner\"><img class=\"swiper-slide-image swiper-lazy\" data-src=\"https:\/\/akkok.com.tr\/en\/wp-content\/uploads\/2023\/11\/IskenderunDestekMerkeziDetay3.jpg\" alt=\"IskenderunDestekMerkeziDetay3\" \/><div class=\"swiper-lazy-preloader\"><\/div><\/figure><\/div>\t\t\t<\/div>\n\t\t\t\t\t\t\t\n\t\t\t\t\t\t\t\t\t<\/div>\n\t\t\t\t\t\t<\/div>\n\t\t\t\t\t<\/div>\n\t\t\t\t<\/div>\n\t\t\t\t\t<\/div>\n\t\t\t\t<\/div>\n\t\t<div class=\"elementor-element elementor-element-e6bb7ef e-flex e-con-boxed e-con e-child\" data-id=\"e6bb7ef\" data-element_type=\"container\">\n\t\t\t\t\t<div class=\"e-con-inner\">\n\t\t\t\t<div class=\"elementor-element elementor-element-d26ed3d elementor-widget elementor-widget-heading\" data-id=\"d26ed3d\" data-element_type=\"widget\" data-widget_type=\"heading.default\">\n\t\t\t\t\t<h2 class=\"elementor-heading-title elementor-size-default\">\u0130SKENDERUN SUPPORT CENTER<\/h2>\t\t\t\t<\/div>\n\t\t\t\t<div class=\"elementor-element elementor-element-b1b57b0 elementor-widget elementor-widget-text-editor\" data-id=\"b1b57b0\" data-element_type=\"widget\" data-widget_type=\"text-editor.default\">\n\t\t\t\t\t\t\t\t\t<p class=\"p1\">Akk\u00f6k, in collaboration with the Community Volunteers Foundation (TOG), established a Support Center in \u0130skenderun for those affected by the earthquake. The project aims to bring together children and youth affected by the earthquake in specially designed workshops, targeting the reduction of post-disaster trauma and facilitating access to education, social life, and recreational needs for children and young people aged 6-23.<\/p>\t\t\t\t\t\t\t\t<\/div>\n\t\t\t\t<div class=\"elementor-element elementor-element-4caffdc elementor-widget elementor-widget-video\" data-id=\"4caffdc\" data-element_type=\"widget\" data-settings=\"{&quot;youtube_url&quot;:&quot;https:\\\/\\\/www.youtube.com\\\/watch?v=aqrXzzlvXXA&quot;,&quot;video_type&quot;:&quot;youtube&quot;,&quot;controls&quot;:&quot;yes&quot;}\" data-widget_type=\"video.default\">\n\t\t\t\t\t\t\t<div class=\"elementor-wrapper elementor-open-inline\">\n\t\t\t<div class=\"elementor-video\"><\/div>\t\t<\/div>\n\t\t\t\t\t\t<\/div>\n\t\t\t\t<div class=\"elementor-element elementor-element-a22c1e7 elementor-widget elementor-widget-text-editor\" data-id=\"a22c1e7\" data-element_type=\"widget\" data-widget_type=\"text-editor.default\">\n\t\t\t\t\t\t\t\t\t<p class=\"p1\">The support center established to heal the wounds of the earthquake that occurred on February 6th will initiate social and emotional support programs for children, adolescents, and young adults for at least two years. In the center, children and young people affected by the earthquake will come together in specially designed workshops<\/p>\t\t\t\t\t\t\t\t<\/div>\n\t\t\t\t\t<\/div>\n\t\t\t\t<\/div>\n\t\t\t\t<\/div>\n\t\t\t\t<\/div>\n\t\t\t\t<\/div>\n\t\t\t\t<\/div>\n\t\t","protected":false},"excerpt":{"rendered":"<p>SOCIAL RESPONSIBILTY Women&#8217;s Energy Raif Din\u00e7k\u00f6k Cultural Center Education \u0130skenderun Support Center Alman Deresi Park \u0130SKENDERUN SUPPORT CENTER Akk\u00f6k, in collaboration with the Community Volunteers Foundation (TOG), established a Support Center in \u0130skenderun for those affected by the earthquake. The project aims to bring together children and youth affected by the earthquake in specially designed [&hellip;]<\/p>\n","protected":false},"author":1,"featured_media":0,"parent":0,"menu_order":0,"comment_status":"closed","ping_status":"closed","template":"elementor_header_footer","meta":{"_acf_changed":false,"footnotes":""},"class_list":["post-4372","page","type-page","status-publish","hentry"],"acf":[],"yoast_head":"<!-- This site is optimized with the Yoast SEO plugin v26.6 - https:\/\/yoast.com\/wordpress\/plugins\/seo\/ -->\n<title>\u0130skenderun Support Center - Akk\u00f6k Holding<\/title>\n<meta name=\"robots\" content=\"index, follow, max-snippet:-1, max-image-preview:large, max-video-preview:-1\" \/>\n<link rel=\"canonical\" href=\"https:\/\/akkok.com.tr\/en\/sosyal_sorumluluk-iskenderun-destek-merkezi\/\" \/>\n<meta property=\"og:locale\" content=\"en_US\" \/>\n<meta property=\"og:type\" content=\"article\" \/>\n<meta property=\"og:title\" content=\"\u0130skenderun Support Center - Akk\u00f6k Holding\" \/>\n<meta property=\"og:description\" content=\"SOCIAL RESPONSIBILTY Women&#8217;s Energy Raif Din\u00e7k\u00f6k Cultural Center Education \u0130skenderun Support Center Alman Deresi Park \u0130SKENDERUN SUPPORT CENTER Akk\u00f6k, in collaboration with the Community Volunteers Foundation (TOG), established a Support Center in \u0130skenderun for those affected by the earthquake. The project aims to bring together children and youth affected by the earthquake in specially designed [&hellip;]\" \/>\n<meta property=\"og:url\" content=\"https:\/\/akkok.com.tr\/en\/sosyal_sorumluluk-iskenderun-destek-merkezi\/\" \/>\n<meta property=\"og:site_name\" content=\"Akk\u00f6k Holding\" \/>\n<meta property=\"article:modified_time\" content=\"2024-08-07T01:16:37+00:00\" \/>\n<meta property=\"og:image\" content=\"https:\/\/akkok.com.tr\/en\/wp-content\/uploads\/2023\/11\/Iskenderun_Destek_Merkezi_1.jpg\" \/>\n<meta name=\"twitter:card\" content=\"summary_large_image\" \/>\n<meta name=\"twitter:site\" content=\"@AkkokHolding\" \/>\n<meta name=\"twitter:label1\" content=\"Est. reading time\" \/>\n\t<meta name=\"twitter:data1\" content=\"2 minutes\" \/>\n<script type=\"application\/ld+json\" class=\"yoast-schema-graph\">{\"@context\":\"https:\/\/schema.org\",\"@graph\":[{\"@type\":\"WebPage\",\"@id\":\"https:\/\/akkok.com.tr\/en\/sosyal_sorumluluk-iskenderun-destek-merkezi\/\",\"url\":\"https:\/\/akkok.com.tr\/en\/sosyal_sorumluluk-iskenderun-destek-merkezi\/\",\"name\":\"\u0130skenderun Support Center - Akk\u00f6k Holding\",\"isPartOf\":{\"@id\":\"https:\/\/akkok.com.tr\/en\/#website\"},\"primaryImageOfPage\":{\"@id\":\"https:\/\/akkok.com.tr\/en\/sosyal_sorumluluk-iskenderun-destek-merkezi\/#primaryimage\"},\"image\":{\"@id\":\"https:\/\/akkok.com.tr\/en\/sosyal_sorumluluk-iskenderun-destek-merkezi\/#primaryimage\"},\"thumbnailUrl\":\"https:\/\/akkok.com.tr\/en\/wp-content\/uploads\/2023\/11\/Iskenderun_Destek_Merkezi_1.jpg\",\"datePublished\":\"2023-11-12T23:44:59+00:00\",\"dateModified\":\"2024-08-07T01:16:37+00:00\",\"inLanguage\":\"en-US\",\"potentialAction\":[{\"@type\":\"ReadAction\",\"target\":[\"https:\/\/akkok.com.tr\/en\/sosyal_sorumluluk-iskenderun-destek-merkezi\/\"]}]},{\"@type\":\"ImageObject\",\"inLanguage\":\"en-US\",\"@id\":\"https:\/\/akkok.com.tr\/en\/sosyal_sorumluluk-iskenderun-destek-merkezi\/#primaryimage\",\"url\":\"https:\/\/akkok.com.tr\/en\/wp-content\/uploads\/2023\/11\/Iskenderun_Destek_Merkezi_1.jpg\",\"contentUrl\":\"https:\/\/akkok.com.tr\/en\/wp-content\/uploads\/2023\/11\/Iskenderun_Destek_Merkezi_1.jpg\",\"width\":1024,\"height\":500},{\"@type\":\"WebSite\",\"@id\":\"https:\/\/akkok.com.tr\/en\/#website\",\"url\":\"https:\/\/akkok.com.tr\/en\/\",\"name\":\"Akk\u00f6k Holding\",\"description\":\"\",\"publisher\":{\"@id\":\"https:\/\/akkok.com.tr\/en\/#organization\"},\"potentialAction\":[{\"@type\":\"SearchAction\",\"target\":{\"@type\":\"EntryPoint\",\"urlTemplate\":\"https:\/\/akkok.com.tr\/en\/?s={search_term_string}\"},\"query-input\":{\"@type\":\"PropertyValueSpecification\",\"valueRequired\":true,\"valueName\":\"search_term_string\"}}],\"inLanguage\":\"en-US\"},{\"@type\":\"Organization\",\"@id\":\"https:\/\/akkok.com.tr\/en\/#organization\",\"name\":\"Akk\u00f6k Holding\",\"url\":\"https:\/\/akkok.com.tr\/en\/\",\"logo\":{\"@type\":\"ImageObject\",\"inLanguage\":\"en-US\",\"@id\":\"https:\/\/akkok.com.tr\/en\/#\/schema\/logo\/image\/\",\"url\":\"https:\/\/akkok.com.tr\/en\/wp-content\/uploads\/2023\/10\/AkkokHolding.png\",\"contentUrl\":\"https:\/\/akkok.com.tr\/en\/wp-content\/uploads\/2023\/10\/AkkokHolding.png\",\"width\":176,\"height\":300,\"caption\":\"Akk\u00f6k Holding\"},\"image\":{\"@id\":\"https:\/\/akkok.com.tr\/en\/#\/schema\/logo\/image\/\"},\"sameAs\":[\"https:\/\/x.com\/AkkokHolding\",\"https:\/\/tr.linkedin.com\/company\/akkk-holding\",\"https:\/\/www.youtube.com\/@akkokholding4011\/featured\",\"https:\/\/www.instagram.com\/akkokholding\"]}]}<\/script>\n<!-- \/ Yoast SEO plugin. -->","yoast_head_json":{"title":"\u0130skenderun Support Center - Akk\u00f6k Holding","robots":{"index":"index","follow":"follow","max-snippet":"max-snippet:-1","max-image-preview":"max-image-preview:large","max-video-preview":"max-video-preview:-1"},"canonical":"https:\/\/akkok.com.tr\/en\/sosyal_sorumluluk-iskenderun-destek-merkezi\/","og_locale":"en_US","og_type":"article","og_title":"\u0130skenderun Support Center - Akk\u00f6k Holding","og_description":"SOCIAL RESPONSIBILTY Women&#8217;s Energy Raif Din\u00e7k\u00f6k Cultural Center Education \u0130skenderun Support Center Alman Deresi Park \u0130SKENDERUN SUPPORT CENTER Akk\u00f6k, in collaboration with the Community Volunteers Foundation (TOG), established a Support Center in \u0130skenderun for those affected by the earthquake. The project aims to bring together children and youth affected by the earthquake in specially designed [&hellip;]","og_url":"https:\/\/akkok.com.tr\/en\/sosyal_sorumluluk-iskenderun-destek-merkezi\/","og_site_name":"Akk\u00f6k Holding","article_modified_time":"2024-08-07T01:16:37+00:00","og_image":[{"url":"https:\/\/akkok.com.tr\/en\/wp-content\/uploads\/2023\/11\/Iskenderun_Destek_Merkezi_1.jpg","type":"","width":"","height":""}],"twitter_card":"summary_large_image","twitter_site":"@AkkokHolding","twitter_misc":{"Est. reading time":"2 minutes"},"schema":{"@context":"https:\/\/schema.org","@graph":[{"@type":"WebPage","@id":"https:\/\/akkok.com.tr\/en\/sosyal_sorumluluk-iskenderun-destek-merkezi\/","url":"https:\/\/akkok.com.tr\/en\/sosyal_sorumluluk-iskenderun-destek-merkezi\/","name":"\u0130skenderun Support Center - Akk\u00f6k Holding","isPartOf":{"@id":"https:\/\/akkok.com.tr\/en\/#website"},"primaryImageOfPage":{"@id":"https:\/\/akkok.com.tr\/en\/sosyal_sorumluluk-iskenderun-destek-merkezi\/#primaryimage"},"image":{"@id":"https:\/\/akkok.com.tr\/en\/sosyal_sorumluluk-iskenderun-destek-merkezi\/#primaryimage"},"thumbnailUrl":"https:\/\/akkok.com.tr\/en\/wp-content\/uploads\/2023\/11\/Iskenderun_Destek_Merkezi_1.jpg","datePublished":"2023-11-12T23:44:59+00:00","dateModified":"2024-08-07T01:16:37+00:00","inLanguage":"en-US","potentialAction":[{"@type":"ReadAction","target":["https:\/\/akkok.com.tr\/en\/sosyal_sorumluluk-iskenderun-destek-merkezi\/"]}]},{"@type":"ImageObject","inLanguage":"en-US","@id":"https:\/\/akkok.com.tr\/en\/sosyal_sorumluluk-iskenderun-destek-merkezi\/#primaryimage","url":"https:\/\/akkok.com.tr\/en\/wp-content\/uploads\/2023\/11\/Iskenderun_Destek_Merkezi_1.jpg","contentUrl":"https:\/\/akkok.com.tr\/en\/wp-content\/uploads\/2023\/11\/Iskenderun_Destek_Merkezi_1.jpg","width":1024,"height":500},{"@type":"WebSite","@id":"https:\/\/akkok.com.tr\/en\/#website","url":"https:\/\/akkok.com.tr\/en\/","name":"Akk\u00f6k Holding","description":"","publisher":{"@id":"https:\/\/akkok.com.tr\/en\/#organization"},"potentialAction":[{"@type":"SearchAction","target":{"@type":"EntryPoint","urlTemplate":"https:\/\/akkok.com.tr\/en\/?s={search_term_string}"},"query-input":{"@type":"PropertyValueSpecification","valueRequired":true,"valueName":"search_term_string"}}],"inLanguage":"en-US"},{"@type":"Organization","@id":"https:\/\/akkok.com.tr\/en\/#organization","name":"Akk\u00f6k Holding","url":"https:\/\/akkok.com.tr\/en\/","logo":{"@type":"ImageObject","inLanguage":"en-US","@id":"https:\/\/akkok.com.tr\/en\/#\/schema\/logo\/image\/","url":"https:\/\/akkok.com.tr\/en\/wp-content\/uploads\/2023\/10\/AkkokHolding.png","contentUrl":"https:\/\/akkok.com.tr\/en\/wp-content\/uploads\/2023\/10\/AkkokHolding.png","width":176,"height":300,"caption":"Akk\u00f6k Holding"},"image":{"@id":"https:\/\/akkok.com.tr\/en\/#\/schema\/logo\/image\/"},"sameAs":["https:\/\/x.com\/AkkokHolding","https:\/\/tr.linkedin.com\/company\/akkk-holding","https:\/\/www.youtube.com\/@akkokholding4011\/featured","https:\/\/www.instagram.com\/akkokholding"]}]}},"_links":{"self":[{"href":"https:\/\/akkok.com.tr\/en\/wp-json\/wp\/v2\/pages\/4372","targetHints":{"allow":["GET"]}}],"collection":[{"href":"https:\/\/akkok.com.tr\/en\/wp-json\/wp\/v2\/pages"}],"about":[{"href":"https:\/\/akkok.com.tr\/en\/wp-json\/wp\/v2\/types\/page"}],"author":[{"embeddable":true,"href":"https:\/\/akkok.com.tr\/en\/wp-json\/wp\/v2\/users\/1"}],"replies":[{"embeddable":true,"href":"https:\/\/akkok.com.tr\/en\/wp-json\/wp\/v2\/comments?post=4372"}],"version-history":[{"count":50,"href":"https:\/\/akkok.com.tr\/en\/wp-json\/wp\/v2\/pages\/4372\/revisions"}],"predecessor-version":[{"id":8295,"href":"https:\/\/akkok.com.tr\/en\/wp-json\/wp\/v2\/pages\/4372\/revisions\/8295"}],"wp:attachment":[{"href":"https:\/\/akkok.com.tr\/en\/wp-json\/wp\/v2\/media?parent=4372"}],"curies":[{"name":"wp","href":"https:\/\/api.w.org\/{rel}","templated":true}]}}