{"id":3466,"date":"2023-11-06T20:44:41","date_gmt":"2023-11-06T20:44:41","guid":{"rendered":"https:\/\/new.akkok.com.tr\/en\/?page_id=3466"},"modified":"2024-02-23T03:49:10","modified_gmt":"2024-02-23T03:49:10","slug":"sosyal_sorumluluk-egitim","status":"publish","type":"page","link":"https:\/\/akkok.com.tr\/en\/sosyal_sorumluluk-egitim\/","title":{"rendered":"Education"},"content":{"rendered":"\t\t<div data-elementor-type=\"wp-page\" data-elementor-id=\"3466\" class=\"elementor elementor-3466\" data-elementor-post-type=\"page\">\n\t\t\t\t<div class=\"elementor-element elementor-element-9e171c3 e-con-full e-flex e-con e-parent\" data-id=\"9e171c3\" data-element_type=\"container\">\n\t\t<div class=\"elementor-element elementor-element-cbd254a e-con-full animated-fast e-flex elementor-invisible e-con e-child\" data-id=\"cbd254a\" data-element_type=\"container\" data-settings=\"{&quot;background_background&quot;:&quot;classic&quot;,&quot;animation&quot;:&quot;fadeInUp&quot;,&quot;animation_delay&quot;:50}\">\n\t\t\t\t<div class=\"elementor-element elementor-element-cbabc47 elementor-invisible elementor-widget elementor-widget-heading\" data-id=\"cbabc47\" data-element_type=\"widget\" data-settings=\"{&quot;_animation&quot;:&quot;fadeInUp&quot;,&quot;_animation_delay&quot;:150}\" data-widget_type=\"heading.default\">\n\t\t\t\t\t<h2 class=\"elementor-heading-title elementor-size-default\">SOSYAL SORUMLULUK<\/h2>\t\t\t\t<\/div>\n\t\t\t\t<\/div>\n\t\t<div class=\"elementor-element elementor-element-5fe14bf e-con-full e-flex e-con e-child\" data-id=\"5fe14bf\" data-element_type=\"container\">\n\t\t<div class=\"elementor-element elementor-element-f71c54c e-con-full e-flex e-con e-child\" data-id=\"f71c54c\" data-element_type=\"container\">\n\t\t<div class=\"elementor-element elementor-element-d2a532f e-con-full e-flex e-con e-child\" data-id=\"d2a532f\" data-element_type=\"container\" data-settings=\"{&quot;background_background&quot;:&quot;classic&quot;,&quot;sticky&quot;:&quot;top&quot;,&quot;sticky_offset&quot;:56,&quot;sticky_on&quot;:[&quot;desktop&quot;,&quot;tablet&quot;,&quot;mobile&quot;],&quot;sticky_effects_offset&quot;:0}\">\n\t\t<div class=\"elementor-element elementor-element-5fb5ccf e-con-full animated-fast e-flex elementor-invisible e-con e-child\" data-id=\"5fb5ccf\" data-element_type=\"container\" data-settings=\"{&quot;background_background&quot;:&quot;classic&quot;,&quot;animation&quot;:&quot;fadeInUp&quot;,&quot;animation_delay&quot;:200}\">\n\t\t\t\t<div class=\"elementor-element elementor-element-3d66276 animated-fast pp-buttons-valign-middle pp-buttons-halign-left pp-buttons-stack-none elementor-invisible elementor-widget elementor-widget-pp-buttons\" data-id=\"3d66276\" data-element_type=\"widget\" data-settings=\"{&quot;_animation&quot;:&quot;fadeInUp&quot;,&quot;_animation_delay&quot;:250}\" data-widget_type=\"pp-buttons.default\">\n\t\t\t\t\t\t\t<div class=\"pp-buttons-group\">\n\t\t\t\t\t\t\t\t\t\t\t<a href=\"https:\/\/akkok.com.tr\/en\/sosyal_sorumluluk-kadin-enerjisi\/\" class=\"pp-button elementor-button elementor-size-sm elementor-repeater-item-52e9929 \">\n\t\t\t\t\t<div class=\"pp-button-content-wrapper\">\n\t\t\t\t\t\t<span class=\"pp-button-content-inner pp-icon-before\">\n\t\t\t\t\t\t\t\n\t\t\t\t\t\t\t\t<span class=\"pp-button-title\">\n\t\t\t\t\t\t\t\t\tWomen's Energy\t\t\t\t\t\t\t\t<\/span>\n\t\t\t\t\t\t\t\t\t\t\t\t\t<\/span>\n\t\t\t\t\t<\/div>\n\t\t\t\t<\/a>\n\t\t\t\t\t\t\t\t\t\t<\/div>\t\t\t\t<\/div>\n\t\t\t\t<div class=\"elementor-element elementor-element-cd1b855 animated-fast pp-buttons-valign-middle pp-buttons-halign-left pp-buttons-stack-none elementor-invisible elementor-widget elementor-widget-pp-buttons\" data-id=\"cd1b855\" data-element_type=\"widget\" data-settings=\"{&quot;_animation&quot;:&quot;fadeInUp&quot;,&quot;_animation_delay&quot;:300}\" data-widget_type=\"pp-buttons.default\">\n\t\t\t\t\t\t\t<div class=\"pp-buttons-group\">\n\t\t\t\t\t\t\t\t\t\t\t<a href=\"https:\/\/akkok.com.tr\/en\/sosyal_sorumluluk-raif-dinckok-kultur-merkezi\/\" class=\"pp-button elementor-button elementor-size-sm elementor-repeater-item-52e9929 \">\n\t\t\t\t\t<div class=\"pp-button-content-wrapper\">\n\t\t\t\t\t\t<span class=\"pp-button-content-inner pp-icon-before\">\n\t\t\t\t\t\t\t\n\t\t\t\t\t\t\t\t<span class=\"pp-button-title\">\n\t\t\t\t\t\t\t\t\tRaif Din\u00e7k\u00f6k K\u00fclt\u00fcr Merkezi\t\t\t\t\t\t\t\t<\/span>\n\t\t\t\t\t\t\t\t\t\t\t\t\t<\/span>\n\t\t\t\t\t<\/div>\n\t\t\t\t<\/a>\n\t\t\t\t\t\t\t\t\t\t<\/div>\t\t\t\t<\/div>\n\t\t\t\t<div class=\"elementor-element elementor-element-cf32267 animated-fast pp-buttons-valign-middle pp-buttons-halign-left pp-buttons-stack-none elementor-invisible elementor-widget elementor-widget-pp-buttons\" data-id=\"cf32267\" data-element_type=\"widget\" data-settings=\"{&quot;_animation&quot;:&quot;fadeInUp&quot;,&quot;_animation_delay&quot;:350}\" data-widget_type=\"pp-buttons.default\">\n\t\t\t\t\t\t\t<div class=\"pp-buttons-group\">\n\t\t\t\t\t\t\t\t\t\t\t<a href=\"#\" class=\"pp-button elementor-button elementor-size-sm elementor-repeater-item-52e9929 \">\n\t\t\t\t\t<div class=\"pp-button-content-wrapper\">\n\t\t\t\t\t\t<span class=\"pp-button-content-inner pp-icon-before\">\n\t\t\t\t\t\t\t\n\t\t\t\t\t\t\t\t<span class=\"pp-button-title\">\n\t\t\t\t\t\t\t\t\tEducation\t\t\t\t\t\t\t\t<\/span>\n\t\t\t\t\t\t\t\t\t\t\t\t\t<\/span>\n\t\t\t\t\t<\/div>\n\t\t\t\t<\/a>\n\t\t\t\t\t\t\t\t\t\t<\/div>\t\t\t\t<\/div>\n\t\t\t\t<div class=\"elementor-element elementor-element-bc99a79 animated-fast pp-buttons-valign-middle pp-buttons-halign-left pp-buttons-stack-none elementor-invisible elementor-widget elementor-widget-pp-buttons\" data-id=\"bc99a79\" data-element_type=\"widget\" data-settings=\"{&quot;_animation&quot;:&quot;fadeInUp&quot;,&quot;_animation_delay&quot;:400}\" data-widget_type=\"pp-buttons.default\">\n\t\t\t\t\t\t\t<div class=\"pp-buttons-group\">\n\t\t\t\t\t\t\t\t\t\t\t<a href=\"https:\/\/akkok.com.tr\/en\/sosyal_sorumluluk-iskenderun-destek-merkezi\/\" class=\"pp-button elementor-button elementor-size-sm elementor-repeater-item-52e9929 \">\n\t\t\t\t\t<div class=\"pp-button-content-wrapper\">\n\t\t\t\t\t\t<span class=\"pp-button-content-inner pp-icon-before\">\n\t\t\t\t\t\t\t\n\t\t\t\t\t\t\t\t<span class=\"pp-button-title\">\n\t\t\t\t\t\t\t\t\t\u0130skenderun Support Center\t\t\t\t\t\t\t\t<\/span>\n\t\t\t\t\t\t\t\t\t\t\t\t\t<\/span>\n\t\t\t\t\t<\/div>\n\t\t\t\t<\/a>\n\t\t\t\t\t\t\t\t\t\t<\/div>\t\t\t\t<\/div>\n\t\t\t\t<div class=\"elementor-element elementor-element-befa43e animated-fast pp-buttons-valign-middle pp-buttons-halign-left pp-buttons-stack-none elementor-invisible elementor-widget elementor-widget-pp-buttons\" data-id=\"befa43e\" data-element_type=\"widget\" data-settings=\"{&quot;_animation&quot;:&quot;fadeInUp&quot;,&quot;_animation_delay&quot;:450}\" data-widget_type=\"pp-buttons.default\">\n\t\t\t\t\t\t\t<div class=\"pp-buttons-group\">\n\t\t\t\t\t\t\t\t\t\t\t<a href=\"https:\/\/akkok.com.tr\/en\/sosyal_sorumluluk-alman-deresi-parki-donusumu\/\" class=\"pp-button elementor-button elementor-size-sm elementor-repeater-item-52e9929 \">\n\t\t\t\t\t<div class=\"pp-button-content-wrapper\">\n\t\t\t\t\t\t<span class=\"pp-button-content-inner pp-icon-before\">\n\t\t\t\t\t\t\t\n\t\t\t\t\t\t\t\t<span class=\"pp-button-title\">\n\t\t\t\t\t\t\t\t\tAlman Deresi Park\t\t\t\t\t\t\t\t<\/span>\n\t\t\t\t\t\t\t\t\t\t\t\t\t<\/span>\n\t\t\t\t\t<\/div>\n\t\t\t\t<\/a>\n\t\t\t\t\t\t\t\t\t\t<\/div>\t\t\t\t<\/div>\n\t\t\t\t<\/div>\n\t\t\t\t<\/div>\n\t\t\t\t<\/div>\n\t\t<div class=\"elementor-element elementor-element-545c44a e-con-full animated-slow e-flex elementor-invisible e-con e-child\" data-id=\"545c44a\" data-element_type=\"container\" data-settings=\"{&quot;background_background&quot;:&quot;classic&quot;,&quot;animation&quot;:&quot;fadeIn&quot;,&quot;animation_delay&quot;:900}\">\n\t\t<div class=\"elementor-element elementor-element-70002e9 e-flex e-con-boxed e-con e-child\" data-id=\"70002e9\" data-element_type=\"container\">\n\t\t\t\t\t<div class=\"e-con-inner\">\n\t\t<div class=\"elementor-element elementor-element-3173342 e-grid e-con-boxed e-con e-child\" data-id=\"3173342\" data-element_type=\"container\">\n\t\t\t\t\t<div class=\"e-con-inner\">\n\t\t\t\t<div class=\"elementor-element elementor-element-57ec502 animated-fast elementor-invisible elementor-widget elementor-widget-image\" data-id=\"57ec502\" data-element_type=\"widget\" data-settings=\"{&quot;_animation&quot;:&quot;fadeIn&quot;,&quot;_animation_delay&quot;:500}\" data-widget_type=\"image.default\">\n\t\t\t\t\t\t\t\t\t\t\t\t\t\t\t<img fetchpriority=\"high\" decoding=\"async\" width=\"370\" height=\"342\" src=\"https:\/\/akkok.com.tr\/en\/wp-content\/uploads\/2023\/11\/Egitim_GuzinDinckokIlkokulu.jpg\" class=\"attachment-full size-full wp-image-3620\" alt=\"\" srcset=\"https:\/\/akkok.com.tr\/en\/wp-content\/uploads\/2023\/11\/Egitim_GuzinDinckokIlkokulu.jpg 370w, https:\/\/akkok.com.tr\/en\/wp-content\/uploads\/2023\/11\/Egitim_GuzinDinckokIlkokulu-300x277.jpg 300w\" sizes=\"(max-width: 370px) 100vw, 370px\" \/>\t\t\t\t\t\t\t\t\t\t\t\t\t\t\t<\/div>\n\t\t\t\t<div class=\"elementor-element elementor-element-2d63de9 animated-fast elementor-invisible elementor-widget elementor-widget-image\" data-id=\"2d63de9\" data-element_type=\"widget\" data-settings=\"{&quot;_animation&quot;:&quot;fadeIn&quot;,&quot;_animation_delay&quot;:650}\" data-widget_type=\"image.default\">\n\t\t\t\t\t\t\t\t\t\t\t\t\t\t\t<img decoding=\"async\" width=\"370\" height=\"342\" src=\"https:\/\/akkok.com.tr\/en\/wp-content\/uploads\/2023\/11\/Egitim_ISOV_MeslekiTeknikAnadolu3.jpg\" class=\"attachment-full size-full wp-image-3622\" alt=\"\" srcset=\"https:\/\/akkok.com.tr\/en\/wp-content\/uploads\/2023\/11\/Egitim_ISOV_MeslekiTeknikAnadolu3.jpg 370w, https:\/\/akkok.com.tr\/en\/wp-content\/uploads\/2023\/11\/Egitim_ISOV_MeslekiTeknikAnadolu3-300x277.jpg 300w\" sizes=\"(max-width: 370px) 100vw, 370px\" \/>\t\t\t\t\t\t\t\t\t\t\t\t\t\t\t<\/div>\n\t\t\t\t<div class=\"elementor-element elementor-element-53fed65 elementor-invisible elementor-widget elementor-widget-image\" data-id=\"53fed65\" data-element_type=\"widget\" data-settings=\"{&quot;_animation&quot;:&quot;fadeIn&quot;,&quot;_animation_delay&quot;:900}\" data-widget_type=\"image.default\">\n\t\t\t\t\t\t\t\t\t\t\t\t\t\t\t<img decoding=\"async\" width=\"370\" height=\"342\" src=\"https:\/\/akkok.com.tr\/en\/wp-content\/uploads\/2023\/11\/Egitim_ISOV_MeslekiTeknikAnadolu1.jpg\" class=\"attachment-full size-full wp-image-3621\" alt=\"\" srcset=\"https:\/\/akkok.com.tr\/en\/wp-content\/uploads\/2023\/11\/Egitim_ISOV_MeslekiTeknikAnadolu1.jpg 370w, https:\/\/akkok.com.tr\/en\/wp-content\/uploads\/2023\/11\/Egitim_ISOV_MeslekiTeknikAnadolu1-300x277.jpg 300w\" sizes=\"(max-width: 370px) 100vw, 370px\" \/>\t\t\t\t\t\t\t\t\t\t\t\t\t\t\t<\/div>\n\t\t\t\t\t<\/div>\n\t\t\t\t<\/div>\n\t\t\t\t\t<\/div>\n\t\t\t\t<\/div>\n\t\t<div class=\"elementor-element elementor-element-d875aff e-flex e-con-boxed e-con e-child\" data-id=\"d875aff\" data-element_type=\"container\">\n\t\t\t\t\t<div class=\"e-con-inner\">\n\t\t\t\t<div class=\"elementor-element elementor-element-2bb7b43 elementor-widget elementor-widget-heading\" data-id=\"2bb7b43\" data-element_type=\"widget\" data-widget_type=\"heading.default\">\n\t\t\t\t\t<h2 class=\"elementor-heading-title elementor-size-default\">EDUCATION<\/h2>\t\t\t\t<\/div>\n\t\t\t\t<div class=\"elementor-element elementor-element-baa6869 elementor-widget elementor-widget-text-editor\" data-id=\"baa6869\" data-element_type=\"widget\" data-widget_type=\"text-editor.default\">\n\t\t\t\t\t\t\t\t\t<p>Aware of the necessity for societal sustainability to be rooted in an educated generation, Akk\u00f6k Holding manifests its commitment through the construction of schools and support for educational initiatives.<\/p><p>In embracing this vital duty, the Holding has thus far facilitated the establishment of the following educational institutions:<\/p><p>&#8211; Yalova University Rector&#8217;s Office Building \/\/ Yalova<br \/>&#8211; Raif Din\u00e7k\u00f6k Middle School \/\/ \u00c7erkezk\u00f6y, Tekirda\u011f<br \/>&#8211; G\u00fczin Din\u00e7k\u00f6k Middle School \/\/ Maltepe, Istanbul<br \/>&#8211; Aksa Vocational and Technical Anatolian High School \/\/ Yalova<br \/>&#8211; \u0130SOV Vocational Education Center and Social Facilities \/\/ Be\u015fikta\u015f, Istanbul<br \/>&#8211; Istanbul Technical University Maslak Dormitories \/\/ Maslak, Istanbul<br \/>&#8211; Din\u00e7k\u00f6k Vocational and Technical Anatolian High School \/\/ Zincirlikuyu, Istanbul<br \/>&#8211; G\u00fczin Din\u00e7k\u00f6k Primary School \/\/ Van<\/p>\t\t\t\t\t\t\t\t<\/div>\n\t\t\t\t\t<\/div>\n\t\t\t\t<\/div>\n\t\t\t\t<\/div>\n\t\t\t\t<\/div>\n\t\t\t\t<\/div>\n\t\t\t\t<\/div>\n\t\t","protected":false},"excerpt":{"rendered":"<p>SOSYAL SORUMLULUK Women&#8217;s Energy Raif Din\u00e7k\u00f6k K\u00fclt\u00fcr Merkezi Education \u0130skenderun Support Center Alman Deresi Park EDUCATION Aware of the necessity for societal sustainability to be rooted in an educated generation, Akk\u00f6k Holding manifests its commitment through the construction of schools and support for educational initiatives. In embracing this vital duty, the Holding has thus far [&hellip;]<\/p>\n","protected":false},"author":1,"featured_media":0,"parent":0,"menu_order":0,"comment_status":"closed","ping_status":"closed","template":"elementor_header_footer","meta":{"_acf_changed":false,"footnotes":""},"class_list":["post-3466","page","type-page","status-publish","hentry"],"acf":[],"yoast_head":"<!-- This site is optimized with the Yoast SEO plugin v26.6 - https:\/\/yoast.com\/wordpress\/plugins\/seo\/ -->\n<title>Education - Akk\u00f6k Holding<\/title>\n<meta name=\"robots\" content=\"index, follow, max-snippet:-1, max-image-preview:large, max-video-preview:-1\" \/>\n<link rel=\"canonical\" href=\"https:\/\/new.akkok.com.tr\/en\/sosyal_sorumluluk-egitim\/\" \/>\n<meta property=\"og:locale\" content=\"en_US\" \/>\n<meta property=\"og:type\" content=\"article\" \/>\n<meta property=\"og:title\" content=\"Education - Akk\u00f6k Holding\" \/>\n<meta property=\"og:description\" content=\"SOSYAL SORUMLULUK Women&#8217;s Energy Raif Din\u00e7k\u00f6k K\u00fclt\u00fcr Merkezi Education \u0130skenderun Support Center Alman Deresi Park EDUCATION Aware of the necessity for societal sustainability to be rooted in an educated generation, Akk\u00f6k Holding manifests its commitment through the construction of schools and support for educational initiatives. In embracing this vital duty, the Holding has thus far [&hellip;]\" \/>\n<meta property=\"og:url\" content=\"https:\/\/new.akkok.com.tr\/en\/sosyal_sorumluluk-egitim\/\" \/>\n<meta property=\"og:site_name\" content=\"Akk\u00f6k Holding\" \/>\n<meta property=\"article:modified_time\" content=\"2024-02-23T03:49:10+00:00\" \/>\n<meta property=\"og:image\" content=\"https:\/\/new.akkok.com.tr\/en\/wp-content\/uploads\/2023\/11\/Egitim_GuzinDinckokIlkokulu.jpg\" \/>\n<meta name=\"twitter:card\" content=\"summary_large_image\" \/>\n<meta name=\"twitter:site\" content=\"@AkkokHolding\" \/>\n<meta name=\"twitter:label1\" content=\"Est. reading time\" \/>\n\t<meta name=\"twitter:data1\" content=\"2 minutes\" \/>\n<script type=\"application\/ld+json\" class=\"yoast-schema-graph\">{\"@context\":\"https:\/\/schema.org\",\"@graph\":[{\"@type\":\"WebPage\",\"@id\":\"https:\/\/new.akkok.com.tr\/en\/sosyal_sorumluluk-egitim\/\",\"url\":\"https:\/\/new.akkok.com.tr\/en\/sosyal_sorumluluk-egitim\/\",\"name\":\"Education - Akk\u00f6k Holding\",\"isPartOf\":{\"@id\":\"https:\/\/akkok.com.tr\/en\/#website\"},\"primaryImageOfPage\":{\"@id\":\"https:\/\/new.akkok.com.tr\/en\/sosyal_sorumluluk-egitim\/#primaryimage\"},\"image\":{\"@id\":\"https:\/\/new.akkok.com.tr\/en\/sosyal_sorumluluk-egitim\/#primaryimage\"},\"thumbnailUrl\":\"https:\/\/new.akkok.com.tr\/en\/wp-content\/uploads\/2023\/11\/Egitim_GuzinDinckokIlkokulu.jpg\",\"datePublished\":\"2023-11-06T20:44:41+00:00\",\"dateModified\":\"2024-02-23T03:49:10+00:00\",\"inLanguage\":\"en-US\",\"potentialAction\":[{\"@type\":\"ReadAction\",\"target\":[\"https:\/\/new.akkok.com.tr\/en\/sosyal_sorumluluk-egitim\/\"]}]},{\"@type\":\"ImageObject\",\"inLanguage\":\"en-US\",\"@id\":\"https:\/\/new.akkok.com.tr\/en\/sosyal_sorumluluk-egitim\/#primaryimage\",\"url\":\"https:\/\/new.akkok.com.tr\/en\/wp-content\/uploads\/2023\/11\/Egitim_GuzinDinckokIlkokulu.jpg\",\"contentUrl\":\"https:\/\/new.akkok.com.tr\/en\/wp-content\/uploads\/2023\/11\/Egitim_GuzinDinckokIlkokulu.jpg\"},{\"@type\":\"WebSite\",\"@id\":\"https:\/\/akkok.com.tr\/en\/#website\",\"url\":\"https:\/\/akkok.com.tr\/en\/\",\"name\":\"Akk\u00f6k Holding\",\"description\":\"\",\"publisher\":{\"@id\":\"https:\/\/akkok.com.tr\/en\/#organization\"},\"potentialAction\":[{\"@type\":\"SearchAction\",\"target\":{\"@type\":\"EntryPoint\",\"urlTemplate\":\"https:\/\/akkok.com.tr\/en\/?s={search_term_string}\"},\"query-input\":{\"@type\":\"PropertyValueSpecification\",\"valueRequired\":true,\"valueName\":\"search_term_string\"}}],\"inLanguage\":\"en-US\"},{\"@type\":\"Organization\",\"@id\":\"https:\/\/akkok.com.tr\/en\/#organization\",\"name\":\"Akk\u00f6k Holding\",\"url\":\"https:\/\/akkok.com.tr\/en\/\",\"logo\":{\"@type\":\"ImageObject\",\"inLanguage\":\"en-US\",\"@id\":\"https:\/\/akkok.com.tr\/en\/#\/schema\/logo\/image\/\",\"url\":\"https:\/\/akkok.com.tr\/en\/wp-content\/uploads\/2023\/10\/AkkokHolding.png\",\"contentUrl\":\"https:\/\/akkok.com.tr\/en\/wp-content\/uploads\/2023\/10\/AkkokHolding.png\",\"width\":176,\"height\":300,\"caption\":\"Akk\u00f6k Holding\"},\"image\":{\"@id\":\"https:\/\/akkok.com.tr\/en\/#\/schema\/logo\/image\/\"},\"sameAs\":[\"https:\/\/x.com\/AkkokHolding\",\"https:\/\/tr.linkedin.com\/company\/akkk-holding\",\"https:\/\/www.youtube.com\/@akkokholding4011\/featured\",\"https:\/\/www.instagram.com\/akkokholding\"]}]}<\/script>\n<!-- \/ Yoast SEO plugin. -->","yoast_head_json":{"title":"Education - Akk\u00f6k Holding","robots":{"index":"index","follow":"follow","max-snippet":"max-snippet:-1","max-image-preview":"max-image-preview:large","max-video-preview":"max-video-preview:-1"},"canonical":"https:\/\/new.akkok.com.tr\/en\/sosyal_sorumluluk-egitim\/","og_locale":"en_US","og_type":"article","og_title":"Education - Akk\u00f6k Holding","og_description":"SOSYAL SORUMLULUK Women&#8217;s Energy Raif Din\u00e7k\u00f6k K\u00fclt\u00fcr Merkezi Education \u0130skenderun Support Center Alman Deresi Park EDUCATION Aware of the necessity for societal sustainability to be rooted in an educated generation, Akk\u00f6k Holding manifests its commitment through the construction of schools and support for educational initiatives. In embracing this vital duty, the Holding has thus far [&hellip;]","og_url":"https:\/\/new.akkok.com.tr\/en\/sosyal_sorumluluk-egitim\/","og_site_name":"Akk\u00f6k Holding","article_modified_time":"2024-02-23T03:49:10+00:00","og_image":[{"url":"https:\/\/new.akkok.com.tr\/en\/wp-content\/uploads\/2023\/11\/Egitim_GuzinDinckokIlkokulu.jpg","type":"","width":"","height":""}],"twitter_card":"summary_large_image","twitter_site":"@AkkokHolding","twitter_misc":{"Est. reading time":"2 minutes"},"schema":{"@context":"https:\/\/schema.org","@graph":[{"@type":"WebPage","@id":"https:\/\/new.akkok.com.tr\/en\/sosyal_sorumluluk-egitim\/","url":"https:\/\/new.akkok.com.tr\/en\/sosyal_sorumluluk-egitim\/","name":"Education - Akk\u00f6k Holding","isPartOf":{"@id":"https:\/\/akkok.com.tr\/en\/#website"},"primaryImageOfPage":{"@id":"https:\/\/new.akkok.com.tr\/en\/sosyal_sorumluluk-egitim\/#primaryimage"},"image":{"@id":"https:\/\/new.akkok.com.tr\/en\/sosyal_sorumluluk-egitim\/#primaryimage"},"thumbnailUrl":"https:\/\/new.akkok.com.tr\/en\/wp-content\/uploads\/2023\/11\/Egitim_GuzinDinckokIlkokulu.jpg","datePublished":"2023-11-06T20:44:41+00:00","dateModified":"2024-02-23T03:49:10+00:00","inLanguage":"en-US","potentialAction":[{"@type":"ReadAction","target":["https:\/\/new.akkok.com.tr\/en\/sosyal_sorumluluk-egitim\/"]}]},{"@type":"ImageObject","inLanguage":"en-US","@id":"https:\/\/new.akkok.com.tr\/en\/sosyal_sorumluluk-egitim\/#primaryimage","url":"https:\/\/new.akkok.com.tr\/en\/wp-content\/uploads\/2023\/11\/Egitim_GuzinDinckokIlkokulu.jpg","contentUrl":"https:\/\/new.akkok.com.tr\/en\/wp-content\/uploads\/2023\/11\/Egitim_GuzinDinckokIlkokulu.jpg"},{"@type":"WebSite","@id":"https:\/\/akkok.com.tr\/en\/#website","url":"https:\/\/akkok.com.tr\/en\/","name":"Akk\u00f6k Holding","description":"","publisher":{"@id":"https:\/\/akkok.com.tr\/en\/#organization"},"potentialAction":[{"@type":"SearchAction","target":{"@type":"EntryPoint","urlTemplate":"https:\/\/akkok.com.tr\/en\/?s={search_term_string}"},"query-input":{"@type":"PropertyValueSpecification","valueRequired":true,"valueName":"search_term_string"}}],"inLanguage":"en-US"},{"@type":"Organization","@id":"https:\/\/akkok.com.tr\/en\/#organization","name":"Akk\u00f6k Holding","url":"https:\/\/akkok.com.tr\/en\/","logo":{"@type":"ImageObject","inLanguage":"en-US","@id":"https:\/\/akkok.com.tr\/en\/#\/schema\/logo\/image\/","url":"https:\/\/akkok.com.tr\/en\/wp-content\/uploads\/2023\/10\/AkkokHolding.png","contentUrl":"https:\/\/akkok.com.tr\/en\/wp-content\/uploads\/2023\/10\/AkkokHolding.png","width":176,"height":300,"caption":"Akk\u00f6k Holding"},"image":{"@id":"https:\/\/akkok.com.tr\/en\/#\/schema\/logo\/image\/"},"sameAs":["https:\/\/x.com\/AkkokHolding","https:\/\/tr.linkedin.com\/company\/akkk-holding","https:\/\/www.youtube.com\/@akkokholding4011\/featured","https:\/\/www.instagram.com\/akkokholding"]}]}},"_links":{"self":[{"href":"https:\/\/akkok.com.tr\/en\/wp-json\/wp\/v2\/pages\/3466","targetHints":{"allow":["GET"]}}],"collection":[{"href":"https:\/\/akkok.com.tr\/en\/wp-json\/wp\/v2\/pages"}],"about":[{"href":"https:\/\/akkok.com.tr\/en\/wp-json\/wp\/v2\/types\/page"}],"author":[{"embeddable":true,"href":"https:\/\/akkok.com.tr\/en\/wp-json\/wp\/v2\/users\/1"}],"replies":[{"embeddable":true,"href":"https:\/\/akkok.com.tr\/en\/wp-json\/wp\/v2\/comments?post=3466"}],"version-history":[{"count":47,"href":"https:\/\/akkok.com.tr\/en\/wp-json\/wp\/v2\/pages\/3466\/revisions"}],"predecessor-version":[{"id":7538,"href":"https:\/\/akkok.com.tr\/en\/wp-json\/wp\/v2\/pages\/3466\/revisions\/7538"}],"wp:attachment":[{"href":"https:\/\/akkok.com.tr\/en\/wp-json\/wp\/v2\/media?parent=3466"}],"curies":[{"name":"wp","href":"https:\/\/api.w.org\/{rel}","templated":true}]}}