{"id":3464,"date":"2023-11-06T20:44:13","date_gmt":"2023-11-06T20:44:13","guid":{"rendered":"https:\/\/new.akkok.com.tr\/en\/?page_id=3464"},"modified":"2024-12-06T15:46:20","modified_gmt":"2024-12-06T15:46:20","slug":"sosyal_sorumluluk-kadin-enerjisi","status":"publish","type":"page","link":"https:\/\/akkok.com.tr\/en\/sosyal_sorumluluk-kadin-enerjisi\/","title":{"rendered":"Women&#8217;s Energy"},"content":{"rendered":"\t\t<div data-elementor-type=\"wp-page\" data-elementor-id=\"3464\" class=\"elementor elementor-3464\" data-elementor-post-type=\"page\">\n\t\t\t\t<div class=\"elementor-element elementor-element-e69beda e-con-full e-flex e-con e-parent\" data-id=\"e69beda\" data-element_type=\"container\">\n\t\t<div class=\"elementor-element elementor-element-56b7281 e-con-full animated-fast e-flex elementor-invisible e-con e-child\" data-id=\"56b7281\" data-element_type=\"container\" data-settings=\"{&quot;background_background&quot;:&quot;classic&quot;,&quot;animation&quot;:&quot;fadeInUp&quot;,&quot;animation_delay&quot;:50}\">\n\t\t\t\t<div class=\"elementor-element elementor-element-8e4b167 elementor-invisible elementor-widget elementor-widget-heading\" data-id=\"8e4b167\" data-element_type=\"widget\" data-settings=\"{&quot;_animation&quot;:&quot;fadeInUp&quot;,&quot;_animation_delay&quot;:150}\" data-widget_type=\"heading.default\">\n\t\t\t\t\t<h2 class=\"elementor-heading-title elementor-size-default\">SOCIAL RESPONSIBILITY<\/h2>\t\t\t\t<\/div>\n\t\t\t\t<\/div>\n\t\t<div class=\"elementor-element elementor-element-07e3c9b e-con-full e-flex e-con e-child\" data-id=\"07e3c9b\" data-element_type=\"container\">\n\t\t<div class=\"elementor-element elementor-element-570577b e-con-full e-flex e-con e-child\" data-id=\"570577b\" data-element_type=\"container\">\n\t\t<div class=\"elementor-element elementor-element-359f96c e-con-full e-flex e-con e-child\" data-id=\"359f96c\" data-element_type=\"container\" data-settings=\"{&quot;background_background&quot;:&quot;classic&quot;,&quot;sticky&quot;:&quot;top&quot;,&quot;sticky_offset&quot;:56,&quot;sticky_on&quot;:[&quot;desktop&quot;,&quot;tablet&quot;,&quot;mobile&quot;],&quot;sticky_effects_offset&quot;:0}\">\n\t\t<div class=\"elementor-element elementor-element-e3a3030 e-con-full animated-fast e-flex elementor-invisible e-con e-child\" data-id=\"e3a3030\" data-element_type=\"container\" data-settings=\"{&quot;background_background&quot;:&quot;classic&quot;,&quot;animation&quot;:&quot;fadeInUp&quot;,&quot;animation_delay&quot;:200}\">\n\t\t\t\t<div class=\"elementor-element elementor-element-9eb6769 animated-fast pp-buttons-valign-middle pp-buttons-halign-left pp-buttons-stack-none elementor-invisible elementor-widget elementor-widget-pp-buttons\" data-id=\"9eb6769\" data-element_type=\"widget\" data-settings=\"{&quot;_animation&quot;:&quot;fadeInUp&quot;,&quot;_animation_delay&quot;:250}\" data-widget_type=\"pp-buttons.default\">\n\t\t\t\t\t\t\t<div class=\"pp-buttons-group\">\n\t\t\t\t\t\t\t\t\t\t\t<a href=\"#\" class=\"pp-button elementor-button elementor-size-sm elementor-repeater-item-52e9929 \">\n\t\t\t\t\t<div class=\"pp-button-content-wrapper\">\n\t\t\t\t\t\t<span class=\"pp-button-content-inner pp-icon-before\">\n\t\t\t\t\t\t\t\n\t\t\t\t\t\t\t\t<span class=\"pp-button-title\">\n\t\t\t\t\t\t\t\t\tWomen's Energy\t\t\t\t\t\t\t\t<\/span>\n\t\t\t\t\t\t\t\t\t\t\t\t\t<\/span>\n\t\t\t\t\t<\/div>\n\t\t\t\t<\/a>\n\t\t\t\t\t\t\t\t\t\t<\/div>\t\t\t\t<\/div>\n\t\t\t\t<div class=\"elementor-element elementor-element-e38e913 animated-fast pp-buttons-valign-middle pp-buttons-halign-left pp-buttons-stack-none elementor-invisible elementor-widget elementor-widget-pp-buttons\" data-id=\"e38e913\" data-element_type=\"widget\" data-settings=\"{&quot;_animation&quot;:&quot;fadeInUp&quot;,&quot;_animation_delay&quot;:300}\" data-widget_type=\"pp-buttons.default\">\n\t\t\t\t\t\t\t<div class=\"pp-buttons-group\">\n\t\t\t\t\t\t\t\t\t\t\t<a href=\"https:\/\/akkok.com.tr\/en\/sosyal_sorumluluk-raif-dinckok-kultur-merkezi\/\" class=\"pp-button elementor-button elementor-size-sm elementor-repeater-item-52e9929 \">\n\t\t\t\t\t<div class=\"pp-button-content-wrapper\">\n\t\t\t\t\t\t<span class=\"pp-button-content-inner pp-icon-before\">\n\t\t\t\t\t\t\t\n\t\t\t\t\t\t\t\t<span class=\"pp-button-title\">\n\t\t\t\t\t\t\t\t\tRaif Din\u00e7k\u00f6k Cultural Center\t\t\t\t\t\t\t\t<\/span>\n\t\t\t\t\t\t\t\t\t\t\t\t\t<\/span>\n\t\t\t\t\t<\/div>\n\t\t\t\t<\/a>\n\t\t\t\t\t\t\t\t\t\t<\/div>\t\t\t\t<\/div>\n\t\t\t\t<div class=\"elementor-element elementor-element-c120db7 animated-fast pp-buttons-valign-middle pp-buttons-halign-left pp-buttons-stack-none elementor-invisible elementor-widget elementor-widget-pp-buttons\" data-id=\"c120db7\" data-element_type=\"widget\" data-settings=\"{&quot;_animation&quot;:&quot;fadeInUp&quot;,&quot;_animation_delay&quot;:350}\" data-widget_type=\"pp-buttons.default\">\n\t\t\t\t\t\t\t<div class=\"pp-buttons-group\">\n\t\t\t\t\t\t\t\t\t\t\t<a href=\"https:\/\/akkok.com.tr\/en\/sosyal_sorumluluk-egitim\/\" class=\"pp-button elementor-button elementor-size-sm elementor-repeater-item-52e9929 \">\n\t\t\t\t\t<div class=\"pp-button-content-wrapper\">\n\t\t\t\t\t\t<span class=\"pp-button-content-inner pp-icon-before\">\n\t\t\t\t\t\t\t\n\t\t\t\t\t\t\t\t<span class=\"pp-button-title\">\n\t\t\t\t\t\t\t\t\tEducation\t\t\t\t\t\t\t\t<\/span>\n\t\t\t\t\t\t\t\t\t\t\t\t\t<\/span>\n\t\t\t\t\t<\/div>\n\t\t\t\t<\/a>\n\t\t\t\t\t\t\t\t\t\t<\/div>\t\t\t\t<\/div>\n\t\t\t\t<div class=\"elementor-element elementor-element-d7e4084 animated-fast pp-buttons-valign-middle pp-buttons-halign-left pp-buttons-stack-none elementor-invisible elementor-widget elementor-widget-pp-buttons\" data-id=\"d7e4084\" data-element_type=\"widget\" data-settings=\"{&quot;_animation&quot;:&quot;fadeInUp&quot;,&quot;_animation_delay&quot;:400}\" data-widget_type=\"pp-buttons.default\">\n\t\t\t\t\t\t\t<div class=\"pp-buttons-group\">\n\t\t\t\t\t\t\t\t\t\t\t<a href=\"https:\/\/akkok.com.tr\/en\/sosyal_sorumluluk-iskenderun-destek-merkezi\/\" class=\"pp-button elementor-button elementor-size-sm elementor-repeater-item-52e9929 \">\n\t\t\t\t\t<div class=\"pp-button-content-wrapper\">\n\t\t\t\t\t\t<span class=\"pp-button-content-inner pp-icon-before\">\n\t\t\t\t\t\t\t\n\t\t\t\t\t\t\t\t<span class=\"pp-button-title\">\n\t\t\t\t\t\t\t\t\t\u0130skenderun Support Center\t\t\t\t\t\t\t\t<\/span>\n\t\t\t\t\t\t\t\t\t\t\t\t\t<\/span>\n\t\t\t\t\t<\/div>\n\t\t\t\t<\/a>\n\t\t\t\t\t\t\t\t\t\t<\/div>\t\t\t\t<\/div>\n\t\t\t\t<div class=\"elementor-element elementor-element-0c6dd71 animated-fast pp-buttons-valign-middle pp-buttons-halign-left pp-buttons-stack-none elementor-invisible elementor-widget elementor-widget-pp-buttons\" data-id=\"0c6dd71\" data-element_type=\"widget\" data-settings=\"{&quot;_animation&quot;:&quot;fadeInUp&quot;,&quot;_animation_delay&quot;:450}\" data-widget_type=\"pp-buttons.default\">\n\t\t\t\t\t\t\t<div class=\"pp-buttons-group\">\n\t\t\t\t\t\t\t\t\t\t\t<a href=\"https:\/\/akkok.com.tr\/en\/sosyal_sorumluluk-alman-deresi-parki-donusumu\/\" class=\"pp-button elementor-button elementor-size-sm elementor-repeater-item-52e9929 \">\n\t\t\t\t\t<div class=\"pp-button-content-wrapper\">\n\t\t\t\t\t\t<span class=\"pp-button-content-inner pp-icon-before\">\n\t\t\t\t\t\t\t\n\t\t\t\t\t\t\t\t<span class=\"pp-button-title\">\n\t\t\t\t\t\t\t\t\tAlman Deresi Park\t\t\t\t\t\t\t\t<\/span>\n\t\t\t\t\t\t\t\t\t\t\t\t\t<\/span>\n\t\t\t\t\t<\/div>\n\t\t\t\t<\/a>\n\t\t\t\t\t\t\t\t\t\t<\/div>\t\t\t\t<\/div>\n\t\t\t\t<\/div>\n\t\t\t\t<\/div>\n\t\t\t\t<\/div>\n\t\t<div class=\"elementor-element elementor-element-71bcd0a e-con-full animated-slow e-flex elementor-invisible e-con e-child\" data-id=\"71bcd0a\" data-element_type=\"container\" data-settings=\"{&quot;background_background&quot;:&quot;classic&quot;,&quot;animation&quot;:&quot;fadeIn&quot;,&quot;animation_delay&quot;:900}\">\n\t\t<div class=\"elementor-element elementor-element-0cc6a37 e-flex e-con-boxed e-con e-child\" data-id=\"0cc6a37\" data-element_type=\"container\">\n\t\t\t\t\t<div class=\"e-con-inner\">\n\t\t<div class=\"elementor-element elementor-element-a7d343b e-flex e-con-boxed e-con e-child\" data-id=\"a7d343b\" data-element_type=\"container\">\n\t\t\t\t\t<div class=\"e-con-inner\">\n\t\t\t\t<div class=\"elementor-element elementor-element-f065f71 animated-fast elementor-invisible elementor-widget elementor-widget-image\" data-id=\"f065f71\" data-element_type=\"widget\" data-settings=\"{&quot;_animation&quot;:&quot;fadeIn&quot;,&quot;_animation_delay&quot;:900}\" data-widget_type=\"image.default\">\n\t\t\t\t\t\t\t\t\t\t\t\t\t\t\t<img fetchpriority=\"high\" decoding=\"async\" width=\"1200\" height=\"284\" src=\"https:\/\/akkok.com.tr\/en\/wp-content\/uploads\/2023\/11\/KadinEnerjisi-Logo-e1733499960769.png\" class=\"attachment-full size-full wp-image-5099\" alt=\"\" srcset=\"https:\/\/akkok.com.tr\/en\/wp-content\/uploads\/2023\/11\/KadinEnerjisi-Logo-e1733499960769.png 1200w, https:\/\/akkok.com.tr\/en\/wp-content\/uploads\/2023\/11\/KadinEnerjisi-Logo-e1733499960769-300x71.png 300w, https:\/\/akkok.com.tr\/en\/wp-content\/uploads\/2023\/11\/KadinEnerjisi-Logo-e1733499960769-1024x242.png 1024w, https:\/\/akkok.com.tr\/en\/wp-content\/uploads\/2023\/11\/KadinEnerjisi-Logo-e1733499960769-768x182.png 768w\" sizes=\"(max-width: 1200px) 100vw, 1200px\" \/>\t\t\t\t\t\t\t\t\t\t\t\t\t\t\t<\/div>\n\t\t\t\t\t<\/div>\n\t\t\t\t<\/div>\n\t\t\t\t\t<\/div>\n\t\t\t\t<\/div>\n\t\t<div class=\"elementor-element elementor-element-44ff05d e-flex e-con-boxed e-con e-child\" data-id=\"44ff05d\" data-element_type=\"container\">\n\t\t\t\t\t<div class=\"e-con-inner\">\n\t\t\t\t<div class=\"elementor-element elementor-element-b514281 elementor-widget elementor-widget-heading\" data-id=\"b514281\" data-element_type=\"widget\" data-widget_type=\"heading.default\">\n\t\t\t\t\t<h2 class=\"elementor-heading-title elementor-size-default\">WOMEN'S ENERGY<\/h2>\t\t\t\t<\/div>\n\t\t\t\t<div class=\"elementor-element elementor-element-a8884cb elementor-widget elementor-widget-text-editor\" data-id=\"a8884cb\" data-element_type=\"widget\" data-widget_type=\"text-editor.default\">\n\t\t\t\t\t\t\t\t\t<p class=\"p1\">The &#8220;Women&#8217;s Energy&#8221; project, launched by Akk\u00f6k Holding subsidiaries Akenerji, SEDA\u015e, and SEPA\u015e Enerji, reached 1,500 people in its first year.<\/p>\t\t\t\t\t\t\t\t<\/div>\n\t\t\t\t<div class=\"elementor-element elementor-element-7fa2401 elementor-widget elementor-widget-gallery\" data-id=\"7fa2401\" data-element_type=\"widget\" data-settings=\"{&quot;columns&quot;:3,&quot;lazyload&quot;:&quot;yes&quot;,&quot;gallery_layout&quot;:&quot;grid&quot;,&quot;columns_tablet&quot;:2,&quot;columns_mobile&quot;:1,&quot;gap&quot;:{&quot;unit&quot;:&quot;px&quot;,&quot;size&quot;:10,&quot;sizes&quot;:[]},&quot;gap_tablet&quot;:{&quot;unit&quot;:&quot;px&quot;,&quot;size&quot;:10,&quot;sizes&quot;:[]},&quot;gap_mobile&quot;:{&quot;unit&quot;:&quot;px&quot;,&quot;size&quot;:10,&quot;sizes&quot;:[]},&quot;link_to&quot;:&quot;file&quot;,&quot;aspect_ratio&quot;:&quot;3:2&quot;,&quot;overlay_background&quot;:&quot;yes&quot;,&quot;content_hover_animation&quot;:&quot;fade-in&quot;}\" data-widget_type=\"gallery.default\">\n\t\t\t\t<div class=\"elementor-widget-container\">\n\t\t\t\t\t\t\t<div class=\"elementor-gallery__container\">\n\t\t\t\t\t\t\t<a class=\"e-gallery-item elementor-gallery-item elementor-animated-content\" href=\"https:\/\/akkok.com.tr\/en\/wp-content\/uploads\/2023\/11\/KadinEnerjisi-Detay3.jpg\" data-elementor-open-lightbox=\"yes\" data-elementor-lightbox-slideshow=\"7fa2401\" data-elementor-lightbox-title=\"KadinEnerjisi-Detay3\" data-e-action-hash=\"#elementor-action%3Aaction%3Dlightbox%26settings%3DeyJpZCI6NTA5OCwidXJsIjoiaHR0cHM6XC9cL2Fra29rLmNvbS50clwvZW5cL3dwLWNvbnRlbnRcL3VwbG9hZHNcLzIwMjNcLzExXC9LYWRpbkVuZXJqaXNpLURldGF5My5qcGciLCJzbGlkZXNob3ciOiI3ZmEyNDAxIn0%3D\">\n\t\t\t\t\t<div class=\"e-gallery-image elementor-gallery-item__image\" data-thumbnail=\"https:\/\/akkok.com.tr\/en\/wp-content\/uploads\/2023\/11\/KadinEnerjisi-Detay3-1024x597.jpg\" data-width=\"800\" data-height=\"466\" aria-label=\"\" role=\"img\" ><\/div>\n\t\t\t\t\t\t\t\t\t\t\t<div class=\"elementor-gallery-item__overlay\"><\/div>\n\t\t\t\t\t\t\t\t\t\t\t\t\t\t<\/a>\n\t\t\t\t\t\t\t<a class=\"e-gallery-item elementor-gallery-item elementor-animated-content\" href=\"https:\/\/akkok.com.tr\/en\/wp-content\/uploads\/2023\/11\/KadinEnerjisi-Detay2.jpg\" data-elementor-open-lightbox=\"yes\" data-elementor-lightbox-slideshow=\"7fa2401\" data-elementor-lightbox-title=\"KadinEnerjisi-Detay2\" data-e-action-hash=\"#elementor-action%3Aaction%3Dlightbox%26settings%3DeyJpZCI6NTA5NywidXJsIjoiaHR0cHM6XC9cL2Fra29rLmNvbS50clwvZW5cL3dwLWNvbnRlbnRcL3VwbG9hZHNcLzIwMjNcLzExXC9LYWRpbkVuZXJqaXNpLURldGF5Mi5qcGciLCJzbGlkZXNob3ciOiI3ZmEyNDAxIn0%3D\">\n\t\t\t\t\t<div class=\"e-gallery-image elementor-gallery-item__image\" data-thumbnail=\"https:\/\/akkok.com.tr\/en\/wp-content\/uploads\/2023\/11\/KadinEnerjisi-Detay2-1024x597.jpg\" data-width=\"800\" data-height=\"466\" aria-label=\"\" role=\"img\" ><\/div>\n\t\t\t\t\t\t\t\t\t\t\t<div class=\"elementor-gallery-item__overlay\"><\/div>\n\t\t\t\t\t\t\t\t\t\t\t\t\t\t<\/a>\n\t\t\t\t\t\t\t<a class=\"e-gallery-item elementor-gallery-item elementor-animated-content\" href=\"https:\/\/akkok.com.tr\/en\/wp-content\/uploads\/2023\/11\/KadinEnerjisi-Detay.jpg\" data-elementor-open-lightbox=\"yes\" data-elementor-lightbox-slideshow=\"7fa2401\" data-elementor-lightbox-title=\"KadinEnerjisi-Detay\" data-e-action-hash=\"#elementor-action%3Aaction%3Dlightbox%26settings%3DeyJpZCI6NTA5NiwidXJsIjoiaHR0cHM6XC9cL2Fra29rLmNvbS50clwvZW5cL3dwLWNvbnRlbnRcL3VwbG9hZHNcLzIwMjNcLzExXC9LYWRpbkVuZXJqaXNpLURldGF5LmpwZyIsInNsaWRlc2hvdyI6IjdmYTI0MDEifQ%3D%3D\">\n\t\t\t\t\t<div class=\"e-gallery-image elementor-gallery-item__image\" data-thumbnail=\"https:\/\/akkok.com.tr\/en\/wp-content\/uploads\/2023\/11\/KadinEnerjisi-Detay-1024x597.jpg\" data-width=\"800\" data-height=\"466\" aria-label=\"\" role=\"img\" ><\/div>\n\t\t\t\t\t\t\t\t\t\t\t<div class=\"elementor-gallery-item__overlay\"><\/div>\n\t\t\t\t\t\t\t\t\t\t\t\t\t\t<\/a>\n\t\t\t\t\t<\/div>\n\t\t\t\t\t<\/div>\n\t\t\t\t<\/div>\n\t\t\t\t<div class=\"elementor-element elementor-element-08d78a1 elementor-widget elementor-widget-text-editor\" data-id=\"08d78a1\" data-element_type=\"widget\" data-widget_type=\"text-editor.default\">\n\t\t\t\t\t\t\t\t\t<p class=\"p1\">Within the scope of the &#8220;Women&#8217;s Energy&#8221; project jointly conducted by the energy group companies of the Holding, Akenerji organizes the &#8220;Women&#8217;s Energy &#8211; On Campus,&#8221; SEDA\u015e runs the &#8220;Women&#8217;s Energy &#8211; Next,&#8221; and SEPA\u015e Enerji hosts the &#8220;Women&#8217;s Energy &#8211; Something Must Happen&#8221; programs.<\/p>\t\t\t\t\t\t\t\t<\/div>\n\t\t\t\t<div class=\"elementor-element elementor-element-a931f38 elementor-widget elementor-widget-video\" data-id=\"a931f38\" data-element_type=\"widget\" data-settings=\"{&quot;youtube_url&quot;:&quot;https:\\\/\\\/www.youtube.com\\\/watch?v=hL2ez2I2Lfw&quot;,&quot;video_type&quot;:&quot;youtube&quot;,&quot;controls&quot;:&quot;yes&quot;}\" data-widget_type=\"video.default\">\n\t\t\t\t\t\t\t<div class=\"elementor-wrapper elementor-open-inline\">\n\t\t\t<div class=\"elementor-video\"><\/div>\t\t<\/div>\n\t\t\t\t\t\t<\/div>\n\t\t\t\t<div class=\"elementor-element elementor-element-e54f4ea elementor-widget elementor-widget-text-editor\" data-id=\"e54f4ea\" data-element_type=\"widget\" data-widget_type=\"text-editor.default\">\n\t\t\t\t\t\t\t\t\t<p class=\"p1\">Within the scope of the projects, numerous initiatives have been implemented to support the career journeys of university students, daughters of employees attending middle school, high school, and university, as well as women working in group companies.<\/p>\t\t\t\t\t\t\t\t<\/div>\n\t\t\t\t\t<\/div>\n\t\t\t\t<\/div>\n\t\t\t\t<\/div>\n\t\t\t\t<\/div>\n\t\t\t\t<\/div>\n\t\t\t\t<\/div>\n\t\t","protected":false},"excerpt":{"rendered":"<p>SOCIAL RESPONSIBILITY Women&#8217;s Energy Raif Din\u00e7k\u00f6k Cultural Center Education \u0130skenderun Support Center Alman Deresi Park WOMEN&#8217;S ENERGY The &#8220;Women&#8217;s Energy&#8221; project, launched by Akk\u00f6k Holding subsidiaries Akenerji, SEDA\u015e, and SEPA\u015e Enerji, reached 1,500 people in its first year. Within the scope of the &#8220;Women&#8217;s Energy&#8221; project jointly conducted by the energy group companies of the [&hellip;]<\/p>\n","protected":false},"author":1,"featured_media":0,"parent":0,"menu_order":0,"comment_status":"closed","ping_status":"closed","template":"elementor_header_footer","meta":{"_acf_changed":false,"footnotes":""},"class_list":["post-3464","page","type-page","status-publish","hentry"],"acf":[],"yoast_head":"<!-- This site is optimized with the Yoast SEO plugin v26.6 - https:\/\/yoast.com\/wordpress\/plugins\/seo\/ -->\n<title>Women&#039;s Energy - Akk\u00f6k Holding<\/title>\n<meta name=\"robots\" content=\"index, follow, max-snippet:-1, max-image-preview:large, max-video-preview:-1\" \/>\n<link rel=\"canonical\" href=\"https:\/\/akkok.com.tr\/en\/sosyal_sorumluluk-kadin-enerjisi\/\" \/>\n<meta property=\"og:locale\" content=\"en_US\" \/>\n<meta property=\"og:type\" content=\"article\" \/>\n<meta property=\"og:title\" content=\"Women&#039;s Energy - Akk\u00f6k Holding\" \/>\n<meta property=\"og:description\" content=\"SOCIAL RESPONSIBILITY Women&#8217;s Energy Raif Din\u00e7k\u00f6k Cultural Center Education \u0130skenderun Support Center Alman Deresi Park WOMEN&#8217;S ENERGY The &#8220;Women&#8217;s Energy&#8221; project, launched by Akk\u00f6k Holding subsidiaries Akenerji, SEDA\u015e, and SEPA\u015e Enerji, reached 1,500 people in its first year. Within the scope of the &#8220;Women&#8217;s Energy&#8221; project jointly conducted by the energy group companies of the [&hellip;]\" \/>\n<meta property=\"og:url\" content=\"https:\/\/akkok.com.tr\/en\/sosyal_sorumluluk-kadin-enerjisi\/\" \/>\n<meta property=\"og:site_name\" content=\"Akk\u00f6k Holding\" \/>\n<meta property=\"article:modified_time\" content=\"2024-12-06T15:46:20+00:00\" \/>\n<meta property=\"og:image\" content=\"https:\/\/akkok.com.tr\/en\/wp-content\/uploads\/2023\/11\/KadinEnerjisi-Logo-e1733499960769.png\" \/>\n<meta name=\"twitter:card\" content=\"summary_large_image\" \/>\n<meta name=\"twitter:site\" content=\"@AkkokHolding\" \/>\n<meta name=\"twitter:label1\" content=\"Est. reading time\" \/>\n\t<meta name=\"twitter:data1\" content=\"1 minute\" \/>\n<script type=\"application\/ld+json\" class=\"yoast-schema-graph\">{\"@context\":\"https:\/\/schema.org\",\"@graph\":[{\"@type\":\"WebPage\",\"@id\":\"https:\/\/akkok.com.tr\/en\/sosyal_sorumluluk-kadin-enerjisi\/\",\"url\":\"https:\/\/akkok.com.tr\/en\/sosyal_sorumluluk-kadin-enerjisi\/\",\"name\":\"Women's Energy - Akk\u00f6k Holding\",\"isPartOf\":{\"@id\":\"https:\/\/akkok.com.tr\/en\/#website\"},\"primaryImageOfPage\":{\"@id\":\"https:\/\/akkok.com.tr\/en\/sosyal_sorumluluk-kadin-enerjisi\/#primaryimage\"},\"image\":{\"@id\":\"https:\/\/akkok.com.tr\/en\/sosyal_sorumluluk-kadin-enerjisi\/#primaryimage\"},\"thumbnailUrl\":\"https:\/\/akkok.com.tr\/en\/wp-content\/uploads\/2023\/11\/KadinEnerjisi-Logo-e1733499960769.png\",\"datePublished\":\"2023-11-06T20:44:13+00:00\",\"dateModified\":\"2024-12-06T15:46:20+00:00\",\"inLanguage\":\"en-US\",\"potentialAction\":[{\"@type\":\"ReadAction\",\"target\":[\"https:\/\/akkok.com.tr\/en\/sosyal_sorumluluk-kadin-enerjisi\/\"]}]},{\"@type\":\"ImageObject\",\"inLanguage\":\"en-US\",\"@id\":\"https:\/\/akkok.com.tr\/en\/sosyal_sorumluluk-kadin-enerjisi\/#primaryimage\",\"url\":\"https:\/\/akkok.com.tr\/en\/wp-content\/uploads\/2023\/11\/KadinEnerjisi-Logo-e1733499960769.png\",\"contentUrl\":\"https:\/\/akkok.com.tr\/en\/wp-content\/uploads\/2023\/11\/KadinEnerjisi-Logo-e1733499960769.png\",\"width\":1200,\"height\":284},{\"@type\":\"WebSite\",\"@id\":\"https:\/\/akkok.com.tr\/en\/#website\",\"url\":\"https:\/\/akkok.com.tr\/en\/\",\"name\":\"Akk\u00f6k Holding\",\"description\":\"\",\"publisher\":{\"@id\":\"https:\/\/akkok.com.tr\/en\/#organization\"},\"potentialAction\":[{\"@type\":\"SearchAction\",\"target\":{\"@type\":\"EntryPoint\",\"urlTemplate\":\"https:\/\/akkok.com.tr\/en\/?s={search_term_string}\"},\"query-input\":{\"@type\":\"PropertyValueSpecification\",\"valueRequired\":true,\"valueName\":\"search_term_string\"}}],\"inLanguage\":\"en-US\"},{\"@type\":\"Organization\",\"@id\":\"https:\/\/akkok.com.tr\/en\/#organization\",\"name\":\"Akk\u00f6k Holding\",\"url\":\"https:\/\/akkok.com.tr\/en\/\",\"logo\":{\"@type\":\"ImageObject\",\"inLanguage\":\"en-US\",\"@id\":\"https:\/\/akkok.com.tr\/en\/#\/schema\/logo\/image\/\",\"url\":\"https:\/\/akkok.com.tr\/en\/wp-content\/uploads\/2023\/10\/AkkokHolding.png\",\"contentUrl\":\"https:\/\/akkok.com.tr\/en\/wp-content\/uploads\/2023\/10\/AkkokHolding.png\",\"width\":176,\"height\":300,\"caption\":\"Akk\u00f6k Holding\"},\"image\":{\"@id\":\"https:\/\/akkok.com.tr\/en\/#\/schema\/logo\/image\/\"},\"sameAs\":[\"https:\/\/x.com\/AkkokHolding\",\"https:\/\/tr.linkedin.com\/company\/akkk-holding\",\"https:\/\/www.youtube.com\/@akkokholding4011\/featured\",\"https:\/\/www.instagram.com\/akkokholding\"]}]}<\/script>\n<!-- \/ Yoast SEO plugin. -->","yoast_head_json":{"title":"Women's Energy - Akk\u00f6k Holding","robots":{"index":"index","follow":"follow","max-snippet":"max-snippet:-1","max-image-preview":"max-image-preview:large","max-video-preview":"max-video-preview:-1"},"canonical":"https:\/\/akkok.com.tr\/en\/sosyal_sorumluluk-kadin-enerjisi\/","og_locale":"en_US","og_type":"article","og_title":"Women's Energy - Akk\u00f6k Holding","og_description":"SOCIAL RESPONSIBILITY Women&#8217;s Energy Raif Din\u00e7k\u00f6k Cultural Center Education \u0130skenderun Support Center Alman Deresi Park WOMEN&#8217;S ENERGY The &#8220;Women&#8217;s Energy&#8221; project, launched by Akk\u00f6k Holding subsidiaries Akenerji, SEDA\u015e, and SEPA\u015e Enerji, reached 1,500 people in its first year. Within the scope of the &#8220;Women&#8217;s Energy&#8221; project jointly conducted by the energy group companies of the [&hellip;]","og_url":"https:\/\/akkok.com.tr\/en\/sosyal_sorumluluk-kadin-enerjisi\/","og_site_name":"Akk\u00f6k Holding","article_modified_time":"2024-12-06T15:46:20+00:00","og_image":[{"url":"https:\/\/akkok.com.tr\/en\/wp-content\/uploads\/2023\/11\/KadinEnerjisi-Logo-e1733499960769.png","type":"","width":"","height":""}],"twitter_card":"summary_large_image","twitter_site":"@AkkokHolding","twitter_misc":{"Est. reading time":"1 minute"},"schema":{"@context":"https:\/\/schema.org","@graph":[{"@type":"WebPage","@id":"https:\/\/akkok.com.tr\/en\/sosyal_sorumluluk-kadin-enerjisi\/","url":"https:\/\/akkok.com.tr\/en\/sosyal_sorumluluk-kadin-enerjisi\/","name":"Women's Energy - Akk\u00f6k Holding","isPartOf":{"@id":"https:\/\/akkok.com.tr\/en\/#website"},"primaryImageOfPage":{"@id":"https:\/\/akkok.com.tr\/en\/sosyal_sorumluluk-kadin-enerjisi\/#primaryimage"},"image":{"@id":"https:\/\/akkok.com.tr\/en\/sosyal_sorumluluk-kadin-enerjisi\/#primaryimage"},"thumbnailUrl":"https:\/\/akkok.com.tr\/en\/wp-content\/uploads\/2023\/11\/KadinEnerjisi-Logo-e1733499960769.png","datePublished":"2023-11-06T20:44:13+00:00","dateModified":"2024-12-06T15:46:20+00:00","inLanguage":"en-US","potentialAction":[{"@type":"ReadAction","target":["https:\/\/akkok.com.tr\/en\/sosyal_sorumluluk-kadin-enerjisi\/"]}]},{"@type":"ImageObject","inLanguage":"en-US","@id":"https:\/\/akkok.com.tr\/en\/sosyal_sorumluluk-kadin-enerjisi\/#primaryimage","url":"https:\/\/akkok.com.tr\/en\/wp-content\/uploads\/2023\/11\/KadinEnerjisi-Logo-e1733499960769.png","contentUrl":"https:\/\/akkok.com.tr\/en\/wp-content\/uploads\/2023\/11\/KadinEnerjisi-Logo-e1733499960769.png","width":1200,"height":284},{"@type":"WebSite","@id":"https:\/\/akkok.com.tr\/en\/#website","url":"https:\/\/akkok.com.tr\/en\/","name":"Akk\u00f6k Holding","description":"","publisher":{"@id":"https:\/\/akkok.com.tr\/en\/#organization"},"potentialAction":[{"@type":"SearchAction","target":{"@type":"EntryPoint","urlTemplate":"https:\/\/akkok.com.tr\/en\/?s={search_term_string}"},"query-input":{"@type":"PropertyValueSpecification","valueRequired":true,"valueName":"search_term_string"}}],"inLanguage":"en-US"},{"@type":"Organization","@id":"https:\/\/akkok.com.tr\/en\/#organization","name":"Akk\u00f6k Holding","url":"https:\/\/akkok.com.tr\/en\/","logo":{"@type":"ImageObject","inLanguage":"en-US","@id":"https:\/\/akkok.com.tr\/en\/#\/schema\/logo\/image\/","url":"https:\/\/akkok.com.tr\/en\/wp-content\/uploads\/2023\/10\/AkkokHolding.png","contentUrl":"https:\/\/akkok.com.tr\/en\/wp-content\/uploads\/2023\/10\/AkkokHolding.png","width":176,"height":300,"caption":"Akk\u00f6k Holding"},"image":{"@id":"https:\/\/akkok.com.tr\/en\/#\/schema\/logo\/image\/"},"sameAs":["https:\/\/x.com\/AkkokHolding","https:\/\/tr.linkedin.com\/company\/akkk-holding","https:\/\/www.youtube.com\/@akkokholding4011\/featured","https:\/\/www.instagram.com\/akkokholding"]}]}},"_links":{"self":[{"href":"https:\/\/akkok.com.tr\/en\/wp-json\/wp\/v2\/pages\/3464","targetHints":{"allow":["GET"]}}],"collection":[{"href":"https:\/\/akkok.com.tr\/en\/wp-json\/wp\/v2\/pages"}],"about":[{"href":"https:\/\/akkok.com.tr\/en\/wp-json\/wp\/v2\/types\/page"}],"author":[{"embeddable":true,"href":"https:\/\/akkok.com.tr\/en\/wp-json\/wp\/v2\/users\/1"}],"replies":[{"embeddable":true,"href":"https:\/\/akkok.com.tr\/en\/wp-json\/wp\/v2\/comments?post=3464"}],"version-history":[{"count":50,"href":"https:\/\/akkok.com.tr\/en\/wp-json\/wp\/v2\/pages\/3464\/revisions"}],"predecessor-version":[{"id":8395,"href":"https:\/\/akkok.com.tr\/en\/wp-json\/wp\/v2\/pages\/3464\/revisions\/8395"}],"wp:attachment":[{"href":"https:\/\/akkok.com.tr\/en\/wp-json\/wp\/v2\/media?parent=3464"}],"curies":[{"name":"wp","href":"https:\/\/api.w.org\/{rel}","templated":true}]}}