{"id":3462,"date":"2023-11-06T20:43:13","date_gmt":"2023-11-06T20:43:13","guid":{"rendered":"https:\/\/new.akkok.com.tr\/en\/?page_id=3462"},"modified":"2024-02-23T23:32:45","modified_gmt":"2024-02-23T23:32:45","slug":"sosyal_sorumluluk-raif-dinckok-kultur-merkezi","status":"publish","type":"page","link":"https:\/\/akkok.com.tr\/en\/sosyal_sorumluluk-raif-dinckok-kultur-merkezi\/","title":{"rendered":"Raif Din\u00e7k\u00f6k Cultural Center"},"content":{"rendered":"\t\t<div data-elementor-type=\"wp-page\" data-elementor-id=\"3462\" class=\"elementor elementor-3462\" data-elementor-post-type=\"page\">\n\t\t\t\t<div class=\"elementor-element elementor-element-f5f83a2 e-con-full e-flex e-con e-parent\" data-id=\"f5f83a2\" data-element_type=\"container\">\n\t\t<div class=\"elementor-element elementor-element-8005a45 e-con-full animated-fast e-flex elementor-invisible e-con e-child\" data-id=\"8005a45\" data-element_type=\"container\" data-settings=\"{&quot;background_background&quot;:&quot;classic&quot;,&quot;animation&quot;:&quot;fadeInUp&quot;,&quot;animation_delay&quot;:50}\">\n\t\t\t\t<div class=\"elementor-element elementor-element-882c4df elementor-invisible elementor-widget elementor-widget-heading\" data-id=\"882c4df\" data-element_type=\"widget\" data-settings=\"{&quot;_animation&quot;:&quot;fadeInUp&quot;,&quot;_animation_delay&quot;:150}\" data-widget_type=\"heading.default\">\n\t\t\t\t\t<h2 class=\"elementor-heading-title elementor-size-default\">SOCIAL RESPONSIBILITY<\/h2>\t\t\t\t<\/div>\n\t\t\t\t<\/div>\n\t\t<div class=\"elementor-element elementor-element-7a9194e e-con-full e-flex e-con e-child\" data-id=\"7a9194e\" data-element_type=\"container\">\n\t\t<div class=\"elementor-element elementor-element-515d154 e-con-full e-flex e-con e-child\" data-id=\"515d154\" data-element_type=\"container\">\n\t\t<div class=\"elementor-element elementor-element-771aaeb e-con-full e-flex e-con e-child\" data-id=\"771aaeb\" data-element_type=\"container\" data-settings=\"{&quot;background_background&quot;:&quot;classic&quot;,&quot;sticky&quot;:&quot;top&quot;,&quot;sticky_offset&quot;:56,&quot;sticky_on&quot;:[&quot;desktop&quot;,&quot;tablet&quot;,&quot;mobile&quot;],&quot;sticky_effects_offset&quot;:0}\">\n\t\t<div class=\"elementor-element elementor-element-5a2b42f e-con-full animated-fast e-flex elementor-invisible e-con e-child\" data-id=\"5a2b42f\" data-element_type=\"container\" data-settings=\"{&quot;background_background&quot;:&quot;classic&quot;,&quot;animation&quot;:&quot;fadeInUp&quot;,&quot;animation_delay&quot;:200}\">\n\t\t\t\t<div class=\"elementor-element elementor-element-edacf18 animated-fast pp-buttons-valign-middle pp-buttons-halign-left pp-buttons-stack-none elementor-invisible elementor-widget elementor-widget-pp-buttons\" data-id=\"edacf18\" data-element_type=\"widget\" data-settings=\"{&quot;_animation&quot;:&quot;fadeInUp&quot;,&quot;_animation_delay&quot;:250}\" data-widget_type=\"pp-buttons.default\">\n\t\t\t\t\t\t\t<div class=\"pp-buttons-group\">\n\t\t\t\t\t\t\t\t\t\t\t<a href=\"https:\/\/akkok.com.tr\/en\/sosyal_sorumluluk-kadin-enerjisi\/\" class=\"pp-button elementor-button elementor-size-sm elementor-repeater-item-52e9929 \">\n\t\t\t\t\t<div class=\"pp-button-content-wrapper\">\n\t\t\t\t\t\t<span class=\"pp-button-content-inner pp-icon-before\">\n\t\t\t\t\t\t\t\n\t\t\t\t\t\t\t\t<span class=\"pp-button-title\">\n\t\t\t\t\t\t\t\t\tWomen's Energy\t\t\t\t\t\t\t\t<\/span>\n\t\t\t\t\t\t\t\t\t\t\t\t\t<\/span>\n\t\t\t\t\t<\/div>\n\t\t\t\t<\/a>\n\t\t\t\t\t\t\t\t\t\t<\/div>\t\t\t\t<\/div>\n\t\t\t\t<div class=\"elementor-element elementor-element-7bf2f79 animated-fast pp-buttons-valign-middle pp-buttons-halign-left pp-buttons-stack-none elementor-invisible elementor-widget elementor-widget-pp-buttons\" data-id=\"7bf2f79\" data-element_type=\"widget\" data-settings=\"{&quot;_animation&quot;:&quot;fadeInUp&quot;,&quot;_animation_delay&quot;:300}\" data-widget_type=\"pp-buttons.default\">\n\t\t\t\t\t\t\t<div class=\"pp-buttons-group\">\n\t\t\t\t\t\t\t\t\t\t\t<a href=\"#\" class=\"pp-button elementor-button elementor-size-sm elementor-repeater-item-52e9929 \">\n\t\t\t\t\t<div class=\"pp-button-content-wrapper\">\n\t\t\t\t\t\t<span class=\"pp-button-content-inner pp-icon-before\">\n\t\t\t\t\t\t\t\n\t\t\t\t\t\t\t\t<span class=\"pp-button-title\">\n\t\t\t\t\t\t\t\t\tRaif Din\u00e7k\u00f6k Cultural Center\t\t\t\t\t\t\t\t<\/span>\n\t\t\t\t\t\t\t\t\t\t\t\t\t<\/span>\n\t\t\t\t\t<\/div>\n\t\t\t\t<\/a>\n\t\t\t\t\t\t\t\t\t\t<\/div>\t\t\t\t<\/div>\n\t\t\t\t<div class=\"elementor-element elementor-element-51428d8 animated-fast pp-buttons-valign-middle pp-buttons-halign-left pp-buttons-stack-none elementor-invisible elementor-widget elementor-widget-pp-buttons\" data-id=\"51428d8\" data-element_type=\"widget\" data-settings=\"{&quot;_animation&quot;:&quot;fadeInUp&quot;,&quot;_animation_delay&quot;:350}\" data-widget_type=\"pp-buttons.default\">\n\t\t\t\t\t\t\t<div class=\"pp-buttons-group\">\n\t\t\t\t\t\t\t\t\t\t\t<a href=\"https:\/\/akkok.com.tr\/en\/sosyal_sorumluluk-egitim\/\" class=\"pp-button elementor-button elementor-size-sm elementor-repeater-item-52e9929 \">\n\t\t\t\t\t<div class=\"pp-button-content-wrapper\">\n\t\t\t\t\t\t<span class=\"pp-button-content-inner pp-icon-before\">\n\t\t\t\t\t\t\t\n\t\t\t\t\t\t\t\t<span class=\"pp-button-title\">\n\t\t\t\t\t\t\t\t\tEducation\t\t\t\t\t\t\t\t<\/span>\n\t\t\t\t\t\t\t\t\t\t\t\t\t<\/span>\n\t\t\t\t\t<\/div>\n\t\t\t\t<\/a>\n\t\t\t\t\t\t\t\t\t\t<\/div>\t\t\t\t<\/div>\n\t\t\t\t<div class=\"elementor-element elementor-element-b37c7c5 animated-fast pp-buttons-valign-middle pp-buttons-halign-left pp-buttons-stack-none elementor-invisible elementor-widget elementor-widget-pp-buttons\" data-id=\"b37c7c5\" data-element_type=\"widget\" data-settings=\"{&quot;_animation&quot;:&quot;fadeInUp&quot;,&quot;_animation_delay&quot;:400}\" data-widget_type=\"pp-buttons.default\">\n\t\t\t\t\t\t\t<div class=\"pp-buttons-group\">\n\t\t\t\t\t\t\t\t\t\t\t<a href=\"https:\/\/akkok.com.tr\/en\/sosyal_sorumluluk-iskenderun-destek-merkezi\/\" class=\"pp-button elementor-button elementor-size-sm elementor-repeater-item-52e9929 \">\n\t\t\t\t\t<div class=\"pp-button-content-wrapper\">\n\t\t\t\t\t\t<span class=\"pp-button-content-inner pp-icon-before\">\n\t\t\t\t\t\t\t\n\t\t\t\t\t\t\t\t<span class=\"pp-button-title\">\n\t\t\t\t\t\t\t\t\t\u0130skenderun Support Center\t\t\t\t\t\t\t\t<\/span>\n\t\t\t\t\t\t\t\t\t\t\t\t\t<\/span>\n\t\t\t\t\t<\/div>\n\t\t\t\t<\/a>\n\t\t\t\t\t\t\t\t\t\t<\/div>\t\t\t\t<\/div>\n\t\t\t\t<div class=\"elementor-element elementor-element-e006e07 animated-fast pp-buttons-valign-middle pp-buttons-halign-left pp-buttons-stack-none elementor-invisible elementor-widget elementor-widget-pp-buttons\" data-id=\"e006e07\" data-element_type=\"widget\" data-settings=\"{&quot;_animation&quot;:&quot;fadeInUp&quot;,&quot;_animation_delay&quot;:450}\" data-widget_type=\"pp-buttons.default\">\n\t\t\t\t\t\t\t<div class=\"pp-buttons-group\">\n\t\t\t\t\t\t\t\t\t\t\t<a href=\"https:\/\/akkok.com.tr\/en\/sosyal_sorumluluk-alman-deresi-parki-donusumu\/\" class=\"pp-button elementor-button elementor-size-sm elementor-repeater-item-52e9929 \">\n\t\t\t\t\t<div class=\"pp-button-content-wrapper\">\n\t\t\t\t\t\t<span class=\"pp-button-content-inner pp-icon-before\">\n\t\t\t\t\t\t\t\n\t\t\t\t\t\t\t\t<span class=\"pp-button-title\">\n\t\t\t\t\t\t\t\t\tAlman Deresi Park\t\t\t\t\t\t\t\t<\/span>\n\t\t\t\t\t\t\t\t\t\t\t\t\t<\/span>\n\t\t\t\t\t<\/div>\n\t\t\t\t<\/a>\n\t\t\t\t\t\t\t\t\t\t<\/div>\t\t\t\t<\/div>\n\t\t\t\t<\/div>\n\t\t\t\t<\/div>\n\t\t\t\t<\/div>\n\t\t<div class=\"elementor-element elementor-element-2339c8b e-con-full animated-slow e-flex elementor-invisible e-con e-child\" data-id=\"2339c8b\" data-element_type=\"container\" data-settings=\"{&quot;background_background&quot;:&quot;classic&quot;,&quot;animation&quot;:&quot;fadeIn&quot;,&quot;animation_delay&quot;:900}\">\n\t\t<div class=\"elementor-element elementor-element-d1694ab e-flex e-con-boxed e-con e-child\" data-id=\"d1694ab\" data-element_type=\"container\">\n\t\t\t\t\t<div class=\"e-con-inner\">\n\t\t<div class=\"elementor-element elementor-element-7257510 e-flex e-con-boxed e-con e-child\" data-id=\"7257510\" data-element_type=\"container\">\n\t\t\t\t\t<div class=\"e-con-inner\">\n\t\t\t\t<div class=\"elementor-element elementor-element-a06c760 animated-fast elementor-invisible elementor-widget elementor-widget-image\" data-id=\"a06c760\" data-element_type=\"widget\" data-settings=\"{&quot;_animation&quot;:&quot;fadeIn&quot;,&quot;_animation_delay&quot;:900}\" data-widget_type=\"image.default\">\n\t\t\t\t\t\t\t\t\t\t\t\t\t\t\t<img fetchpriority=\"high\" decoding=\"async\" width=\"1244\" height=\"547\" src=\"https:\/\/akkok.com.tr\/en\/wp-content\/uploads\/2023\/11\/RDKM3.jpg\" class=\"attachment-full size-full wp-image-3488\" alt=\"\" srcset=\"https:\/\/akkok.com.tr\/en\/wp-content\/uploads\/2023\/11\/RDKM3.jpg 1244w, https:\/\/akkok.com.tr\/en\/wp-content\/uploads\/2023\/11\/RDKM3-300x132.jpg 300w, https:\/\/akkok.com.tr\/en\/wp-content\/uploads\/2023\/11\/RDKM3-1024x450.jpg 1024w, https:\/\/akkok.com.tr\/en\/wp-content\/uploads\/2023\/11\/RDKM3-768x338.jpg 768w\" sizes=\"(max-width: 1244px) 100vw, 1244px\" \/>\t\t\t\t\t\t\t\t\t\t\t\t\t\t\t<\/div>\n\t\t\t\t\t<\/div>\n\t\t\t\t<\/div>\n\t\t\t\t\t<\/div>\n\t\t\t\t<\/div>\n\t\t<div class=\"elementor-element elementor-element-40143b5 e-flex e-con-boxed e-con e-child\" data-id=\"40143b5\" data-element_type=\"container\">\n\t\t\t\t\t<div class=\"e-con-inner\">\n\t\t\t\t<div class=\"elementor-element elementor-element-c92bed7 elementor-widget elementor-widget-heading\" data-id=\"c92bed7\" data-element_type=\"widget\" data-widget_type=\"heading.default\">\n\t\t\t\t\t<h2 class=\"elementor-heading-title elementor-size-default\">RA\u0130F D\u0130N\u00c7K\u00d6K CULTURAL CENTER<\/h2>\t\t\t\t<\/div>\n\t\t\t\t<div class=\"elementor-element elementor-element-5e27f7a elementor-widget elementor-widget-text-editor\" data-id=\"5e27f7a\" data-element_type=\"widget\" data-widget_type=\"text-editor.default\">\n\t\t\t\t\t\t\t\t\t<p class=\"p1\">Raif Din\u00e7k\u00f6k Cultural Center (RDKM) was constructed by the Akk\u00f6k Group of Companies, which has been operating in Yalova since 1969, with the aim of providing Yalova with a cultural center. Initiated based on the recognition of Yalova residents&#8217; need for a central, aesthetic, and functional space where both local artists and thinkers, as well as international guests from outside Yalova, could present their events, the RDKM Project was designed by Emre Arolat Architecture Studio.<\/p>\t\t\t\t\t\t\t\t<\/div>\n\t\t\t\t<div class=\"elementor-element elementor-element-95c3be4 animated-fast elementor-invisible elementor-widget elementor-widget-image\" data-id=\"95c3be4\" data-element_type=\"widget\" data-settings=\"{&quot;_animation&quot;:&quot;fadeIn&quot;,&quot;_animation_delay&quot;:900}\" data-widget_type=\"image.default\">\n\t\t\t\t\t\t\t\t\t\t\t\t\t\t\t<img decoding=\"async\" width=\"1200\" height=\"700\" src=\"https:\/\/akkok.com.tr\/en\/wp-content\/uploads\/2023\/10\/rdkm.jpg\" class=\"attachment-full size-full wp-image-2186\" alt=\"\" srcset=\"https:\/\/akkok.com.tr\/en\/wp-content\/uploads\/2023\/10\/rdkm.jpg 1200w, https:\/\/akkok.com.tr\/en\/wp-content\/uploads\/2023\/10\/rdkm-300x175.jpg 300w, https:\/\/akkok.com.tr\/en\/wp-content\/uploads\/2023\/10\/rdkm-1024x597.jpg 1024w, https:\/\/akkok.com.tr\/en\/wp-content\/uploads\/2023\/10\/rdkm-768x448.jpg 768w\" sizes=\"(max-width: 1200px) 100vw, 1200px\" \/>\t\t\t\t\t\t\t\t\t\t\t\t\t\t\t<\/div>\n\t\t\t\t<div class=\"elementor-element elementor-element-7b832a3 elementor-widget elementor-widget-text-editor\" data-id=\"7b832a3\" data-element_type=\"widget\" data-widget_type=\"text-editor.default\">\n\t\t\t\t\t\t\t\t\t<p>On the plot allocated by Yalova Municipality to the Akk\u00f6k Group, the foundation of the cultural center, named after the late founder of the Group, <span style=\"text-decoration: underline;\"><a href=\"https:\/\/akkok.com.tr\/en\/kurumsal_hakkimizda_kurucumuz-raif-dinckok\/\"><strong>Raif Din\u00e7k\u00f6k<\/strong><\/a><\/span>, was laid on February 14, 2008, in a ceremony attended by the Minister of Culture and Tourism, Ertu\u011frul G\u00fcnay, and was opened on May 12, 2011, in a ceremony with the participation of the Prime Minister of Turkey, Recep Tayyip Erdo\u011fan.<\/p><p>You can explore the project details and architectural features of the building in the <span style=\"text-decoration: underline;\"><strong><a href=\"https:\/\/akkok.com.tr\/en\/wp-content\/uploads\/2023\/11\/RDKM_Brosur.pdf\" target=\"_blank\" rel=\"noopener\">RDKM Brochure<\/a><\/strong><\/span>.<\/p>\t\t\t\t\t\t\t\t<\/div>\n\t\t\t\t\t<\/div>\n\t\t\t\t<\/div>\n\t\t\t\t<\/div>\n\t\t\t\t<\/div>\n\t\t\t\t<\/div>\n\t\t\t\t<\/div>\n\t\t","protected":false},"excerpt":{"rendered":"<p>SOCIAL RESPONSIBILITY Women&#8217;s Energy Raif Din\u00e7k\u00f6k Cultural Center Education \u0130skenderun Support Center Alman Deresi Park RA\u0130F D\u0130N\u00c7K\u00d6K CULTURAL CENTER Raif Din\u00e7k\u00f6k Cultural Center (RDKM) was constructed by the Akk\u00f6k Group of Companies, which has been operating in Yalova since 1969, with the aim of providing Yalova with a cultural center. Initiated based on the recognition [&hellip;]<\/p>\n","protected":false},"author":1,"featured_media":0,"parent":0,"menu_order":0,"comment_status":"closed","ping_status":"closed","template":"elementor_header_footer","meta":{"_acf_changed":false,"footnotes":""},"class_list":["post-3462","page","type-page","status-publish","hentry"],"acf":[],"yoast_head":"<!-- This site is optimized with the Yoast SEO plugin v26.6 - https:\/\/yoast.com\/wordpress\/plugins\/seo\/ -->\n<title>Raif Din\u00e7k\u00f6k Cultural Center - Akk\u00f6k Holding<\/title>\n<meta name=\"robots\" content=\"index, follow, max-snippet:-1, max-image-preview:large, max-video-preview:-1\" \/>\n<link rel=\"canonical\" href=\"https:\/\/akkok.com.tr\/en\/sosyal_sorumluluk-raif-dinckok-kultur-merkezi\/\" \/>\n<meta property=\"og:locale\" content=\"en_US\" \/>\n<meta property=\"og:type\" content=\"article\" \/>\n<meta property=\"og:title\" content=\"Raif Din\u00e7k\u00f6k Cultural Center - Akk\u00f6k Holding\" \/>\n<meta property=\"og:description\" content=\"SOCIAL RESPONSIBILITY Women&#8217;s Energy Raif Din\u00e7k\u00f6k Cultural Center Education \u0130skenderun Support Center Alman Deresi Park RA\u0130F D\u0130N\u00c7K\u00d6K CULTURAL CENTER Raif Din\u00e7k\u00f6k Cultural Center (RDKM) was constructed by the Akk\u00f6k Group of Companies, which has been operating in Yalova since 1969, with the aim of providing Yalova with a cultural center. Initiated based on the recognition [&hellip;]\" \/>\n<meta property=\"og:url\" content=\"https:\/\/akkok.com.tr\/en\/sosyal_sorumluluk-raif-dinckok-kultur-merkezi\/\" \/>\n<meta property=\"og:site_name\" content=\"Akk\u00f6k Holding\" \/>\n<meta property=\"article:modified_time\" content=\"2024-02-23T23:32:45+00:00\" \/>\n<meta property=\"og:image\" content=\"https:\/\/akkok.com.tr\/en\/wp-content\/uploads\/2023\/11\/RDKM3.jpg\" \/>\n<meta name=\"twitter:card\" content=\"summary_large_image\" \/>\n<meta name=\"twitter:site\" content=\"@AkkokHolding\" \/>\n<meta name=\"twitter:label1\" content=\"Est. reading time\" \/>\n\t<meta name=\"twitter:data1\" content=\"2 minutes\" \/>\n<script type=\"application\/ld+json\" class=\"yoast-schema-graph\">{\"@context\":\"https:\/\/schema.org\",\"@graph\":[{\"@type\":\"WebPage\",\"@id\":\"https:\/\/akkok.com.tr\/en\/sosyal_sorumluluk-raif-dinckok-kultur-merkezi\/\",\"url\":\"https:\/\/akkok.com.tr\/en\/sosyal_sorumluluk-raif-dinckok-kultur-merkezi\/\",\"name\":\"Raif Din\u00e7k\u00f6k Cultural Center - Akk\u00f6k Holding\",\"isPartOf\":{\"@id\":\"https:\/\/akkok.com.tr\/en\/#website\"},\"primaryImageOfPage\":{\"@id\":\"https:\/\/akkok.com.tr\/en\/sosyal_sorumluluk-raif-dinckok-kultur-merkezi\/#primaryimage\"},\"image\":{\"@id\":\"https:\/\/akkok.com.tr\/en\/sosyal_sorumluluk-raif-dinckok-kultur-merkezi\/#primaryimage\"},\"thumbnailUrl\":\"https:\/\/akkok.com.tr\/en\/wp-content\/uploads\/2023\/11\/RDKM3.jpg\",\"datePublished\":\"2023-11-06T20:43:13+00:00\",\"dateModified\":\"2024-02-23T23:32:45+00:00\",\"inLanguage\":\"en-US\",\"potentialAction\":[{\"@type\":\"ReadAction\",\"target\":[\"https:\/\/akkok.com.tr\/en\/sosyal_sorumluluk-raif-dinckok-kultur-merkezi\/\"]}]},{\"@type\":\"ImageObject\",\"inLanguage\":\"en-US\",\"@id\":\"https:\/\/akkok.com.tr\/en\/sosyal_sorumluluk-raif-dinckok-kultur-merkezi\/#primaryimage\",\"url\":\"https:\/\/akkok.com.tr\/en\/wp-content\/uploads\/2023\/11\/RDKM3.jpg\",\"contentUrl\":\"https:\/\/akkok.com.tr\/en\/wp-content\/uploads\/2023\/11\/RDKM3.jpg\",\"width\":1244,\"height\":547},{\"@type\":\"WebSite\",\"@id\":\"https:\/\/akkok.com.tr\/en\/#website\",\"url\":\"https:\/\/akkok.com.tr\/en\/\",\"name\":\"Akk\u00f6k Holding\",\"description\":\"\",\"publisher\":{\"@id\":\"https:\/\/akkok.com.tr\/en\/#organization\"},\"potentialAction\":[{\"@type\":\"SearchAction\",\"target\":{\"@type\":\"EntryPoint\",\"urlTemplate\":\"https:\/\/akkok.com.tr\/en\/?s={search_term_string}\"},\"query-input\":{\"@type\":\"PropertyValueSpecification\",\"valueRequired\":true,\"valueName\":\"search_term_string\"}}],\"inLanguage\":\"en-US\"},{\"@type\":\"Organization\",\"@id\":\"https:\/\/akkok.com.tr\/en\/#organization\",\"name\":\"Akk\u00f6k Holding\",\"url\":\"https:\/\/akkok.com.tr\/en\/\",\"logo\":{\"@type\":\"ImageObject\",\"inLanguage\":\"en-US\",\"@id\":\"https:\/\/akkok.com.tr\/en\/#\/schema\/logo\/image\/\",\"url\":\"https:\/\/akkok.com.tr\/en\/wp-content\/uploads\/2023\/10\/AkkokHolding.png\",\"contentUrl\":\"https:\/\/akkok.com.tr\/en\/wp-content\/uploads\/2023\/10\/AkkokHolding.png\",\"width\":176,\"height\":300,\"caption\":\"Akk\u00f6k Holding\"},\"image\":{\"@id\":\"https:\/\/akkok.com.tr\/en\/#\/schema\/logo\/image\/\"},\"sameAs\":[\"https:\/\/x.com\/AkkokHolding\",\"https:\/\/tr.linkedin.com\/company\/akkk-holding\",\"https:\/\/www.youtube.com\/@akkokholding4011\/featured\",\"https:\/\/www.instagram.com\/akkokholding\"]}]}<\/script>\n<!-- \/ Yoast SEO plugin. -->","yoast_head_json":{"title":"Raif Din\u00e7k\u00f6k Cultural Center - Akk\u00f6k Holding","robots":{"index":"index","follow":"follow","max-snippet":"max-snippet:-1","max-image-preview":"max-image-preview:large","max-video-preview":"max-video-preview:-1"},"canonical":"https:\/\/akkok.com.tr\/en\/sosyal_sorumluluk-raif-dinckok-kultur-merkezi\/","og_locale":"en_US","og_type":"article","og_title":"Raif Din\u00e7k\u00f6k Cultural Center - Akk\u00f6k Holding","og_description":"SOCIAL RESPONSIBILITY Women&#8217;s Energy Raif Din\u00e7k\u00f6k Cultural Center Education \u0130skenderun Support Center Alman Deresi Park RA\u0130F D\u0130N\u00c7K\u00d6K CULTURAL CENTER Raif Din\u00e7k\u00f6k Cultural Center (RDKM) was constructed by the Akk\u00f6k Group of Companies, which has been operating in Yalova since 1969, with the aim of providing Yalova with a cultural center. Initiated based on the recognition [&hellip;]","og_url":"https:\/\/akkok.com.tr\/en\/sosyal_sorumluluk-raif-dinckok-kultur-merkezi\/","og_site_name":"Akk\u00f6k Holding","article_modified_time":"2024-02-23T23:32:45+00:00","og_image":[{"url":"https:\/\/akkok.com.tr\/en\/wp-content\/uploads\/2023\/11\/RDKM3.jpg","type":"","width":"","height":""}],"twitter_card":"summary_large_image","twitter_site":"@AkkokHolding","twitter_misc":{"Est. reading time":"2 minutes"},"schema":{"@context":"https:\/\/schema.org","@graph":[{"@type":"WebPage","@id":"https:\/\/akkok.com.tr\/en\/sosyal_sorumluluk-raif-dinckok-kultur-merkezi\/","url":"https:\/\/akkok.com.tr\/en\/sosyal_sorumluluk-raif-dinckok-kultur-merkezi\/","name":"Raif Din\u00e7k\u00f6k Cultural Center - Akk\u00f6k Holding","isPartOf":{"@id":"https:\/\/akkok.com.tr\/en\/#website"},"primaryImageOfPage":{"@id":"https:\/\/akkok.com.tr\/en\/sosyal_sorumluluk-raif-dinckok-kultur-merkezi\/#primaryimage"},"image":{"@id":"https:\/\/akkok.com.tr\/en\/sosyal_sorumluluk-raif-dinckok-kultur-merkezi\/#primaryimage"},"thumbnailUrl":"https:\/\/akkok.com.tr\/en\/wp-content\/uploads\/2023\/11\/RDKM3.jpg","datePublished":"2023-11-06T20:43:13+00:00","dateModified":"2024-02-23T23:32:45+00:00","inLanguage":"en-US","potentialAction":[{"@type":"ReadAction","target":["https:\/\/akkok.com.tr\/en\/sosyal_sorumluluk-raif-dinckok-kultur-merkezi\/"]}]},{"@type":"ImageObject","inLanguage":"en-US","@id":"https:\/\/akkok.com.tr\/en\/sosyal_sorumluluk-raif-dinckok-kultur-merkezi\/#primaryimage","url":"https:\/\/akkok.com.tr\/en\/wp-content\/uploads\/2023\/11\/RDKM3.jpg","contentUrl":"https:\/\/akkok.com.tr\/en\/wp-content\/uploads\/2023\/11\/RDKM3.jpg","width":1244,"height":547},{"@type":"WebSite","@id":"https:\/\/akkok.com.tr\/en\/#website","url":"https:\/\/akkok.com.tr\/en\/","name":"Akk\u00f6k Holding","description":"","publisher":{"@id":"https:\/\/akkok.com.tr\/en\/#organization"},"potentialAction":[{"@type":"SearchAction","target":{"@type":"EntryPoint","urlTemplate":"https:\/\/akkok.com.tr\/en\/?s={search_term_string}"},"query-input":{"@type":"PropertyValueSpecification","valueRequired":true,"valueName":"search_term_string"}}],"inLanguage":"en-US"},{"@type":"Organization","@id":"https:\/\/akkok.com.tr\/en\/#organization","name":"Akk\u00f6k Holding","url":"https:\/\/akkok.com.tr\/en\/","logo":{"@type":"ImageObject","inLanguage":"en-US","@id":"https:\/\/akkok.com.tr\/en\/#\/schema\/logo\/image\/","url":"https:\/\/akkok.com.tr\/en\/wp-content\/uploads\/2023\/10\/AkkokHolding.png","contentUrl":"https:\/\/akkok.com.tr\/en\/wp-content\/uploads\/2023\/10\/AkkokHolding.png","width":176,"height":300,"caption":"Akk\u00f6k Holding"},"image":{"@id":"https:\/\/akkok.com.tr\/en\/#\/schema\/logo\/image\/"},"sameAs":["https:\/\/x.com\/AkkokHolding","https:\/\/tr.linkedin.com\/company\/akkk-holding","https:\/\/www.youtube.com\/@akkokholding4011\/featured","https:\/\/www.instagram.com\/akkokholding"]}]}},"_links":{"self":[{"href":"https:\/\/akkok.com.tr\/en\/wp-json\/wp\/v2\/pages\/3462","targetHints":{"allow":["GET"]}}],"collection":[{"href":"https:\/\/akkok.com.tr\/en\/wp-json\/wp\/v2\/pages"}],"about":[{"href":"https:\/\/akkok.com.tr\/en\/wp-json\/wp\/v2\/types\/page"}],"author":[{"embeddable":true,"href":"https:\/\/akkok.com.tr\/en\/wp-json\/wp\/v2\/users\/1"}],"replies":[{"embeddable":true,"href":"https:\/\/akkok.com.tr\/en\/wp-json\/wp\/v2\/comments?post=3462"}],"version-history":[{"count":56,"href":"https:\/\/akkok.com.tr\/en\/wp-json\/wp\/v2\/pages\/3462\/revisions"}],"predecessor-version":[{"id":7653,"href":"https:\/\/akkok.com.tr\/en\/wp-json\/wp\/v2\/pages\/3462\/revisions\/7653"}],"wp:attachment":[{"href":"https:\/\/akkok.com.tr\/en\/wp-json\/wp\/v2\/media?parent=3462"}],"curies":[{"name":"wp","href":"https:\/\/api.w.org\/{rel}","templated":true}]}}