{"id":3151,"date":"2023-10-30T08:19:35","date_gmt":"2023-10-30T08:19:35","guid":{"rendered":"https:\/\/new.akkok.com.tr\/en\/?page_id=3151"},"modified":"2024-12-02T08:21:15","modified_gmt":"2024-12-02T08:21:15","slug":"akkok-demografisi","status":"publish","type":"page","link":"https:\/\/akkok.com.tr\/en\/akkok-demografisi\/","title":{"rendered":"Akk\u00f6k Demographics"},"content":{"rendered":"\t\t<div data-elementor-type=\"wp-page\" data-elementor-id=\"3151\" class=\"elementor elementor-3151\" data-elementor-post-type=\"page\">\n\t\t\t\t<div class=\"elementor-element elementor-element-49b37e0 e-con-full e-flex e-con e-parent\" data-id=\"49b37e0\" data-element_type=\"container\" id=\"pagetop\">\n\t\t<div class=\"elementor-element elementor-element-5493bc8 e-con-full animated-fast e-flex elementor-invisible e-con e-child\" data-id=\"5493bc8\" data-element_type=\"container\" data-settings=\"{&quot;background_background&quot;:&quot;classic&quot;,&quot;animation&quot;:&quot;fadeInUp&quot;,&quot;animation_delay&quot;:50}\">\n\t\t\t\t<div class=\"elementor-element elementor-element-044a662 elementor-invisible elementor-widget elementor-widget-heading\" data-id=\"044a662\" data-element_type=\"widget\" data-settings=\"{&quot;_animation&quot;:&quot;fadeInUp&quot;,&quot;_animation_delay&quot;:150}\" data-widget_type=\"heading.default\">\n\t\t\t\t\t<h2 class=\"elementor-heading-title elementor-size-default\">HUMAN RESOURCES<\/h2>\t\t\t\t<\/div>\n\t\t\t\t<\/div>\n\t\t<div class=\"elementor-element elementor-element-e9fa6ac e-con-full e-flex e-con e-child\" data-id=\"e9fa6ac\" data-element_type=\"container\">\n\t\t<div class=\"elementor-element elementor-element-cbd6d61 e-con-full e-flex e-con e-child\" data-id=\"cbd6d61\" data-element_type=\"container\">\n\t\t<div class=\"elementor-element elementor-element-7cd8cad e-con-full e-flex e-con e-child\" data-id=\"7cd8cad\" data-element_type=\"container\" data-settings=\"{&quot;background_background&quot;:&quot;classic&quot;,&quot;sticky_offset&quot;:56,&quot;sticky&quot;:&quot;top&quot;,&quot;sticky_on&quot;:[&quot;desktop&quot;,&quot;tablet&quot;,&quot;mobile&quot;],&quot;sticky_effects_offset&quot;:0}\">\n\t\t<div class=\"elementor-element elementor-element-c37900e e-con-full animated-fast e-flex elementor-invisible e-con e-child\" data-id=\"c37900e\" data-element_type=\"container\" data-settings=\"{&quot;background_background&quot;:&quot;classic&quot;,&quot;animation&quot;:&quot;fadeInUp&quot;,&quot;animation_delay&quot;:200}\">\n\t\t\t\t<div class=\"elementor-element elementor-element-bbc0b1e animated-fast pp-buttons-valign-middle pp-buttons-halign-left pp-buttons-stack-none elementor-invisible elementor-widget elementor-widget-pp-buttons\" data-id=\"bbc0b1e\" data-element_type=\"widget\" data-settings=\"{&quot;_animation&quot;:&quot;fadeInUp&quot;,&quot;_animation_delay&quot;:250}\" data-widget_type=\"pp-buttons.default\">\n\t\t\t\t\t\t\t<div class=\"pp-buttons-group\">\n\t\t\t\t\t\t\t\t\t\t\t<a href=\"https:\/\/akkok.com.tr\/en\/ik-strateji-politikalar\/\" class=\"pp-button elementor-button elementor-size-sm elementor-repeater-item-52e9929 \">\n\t\t\t\t\t<div class=\"pp-button-content-wrapper\">\n\t\t\t\t\t\t<span class=\"pp-button-content-inner pp-icon-before\">\n\t\t\t\t\t\t\t\n\t\t\t\t\t\t\t\t<span class=\"pp-button-title\">\n\t\t\t\t\t\t\t\t\tHR Strategy and Policies\t\t\t\t\t\t\t\t<\/span>\n\t\t\t\t\t\t\t\t\t\t\t\t\t<\/span>\n\t\t\t\t\t<\/div>\n\t\t\t\t<\/a>\n\t\t\t\t\t\t\t\t\t\t<\/div>\t\t\t\t<\/div>\n\t\t\t\t<div class=\"elementor-element elementor-element-865f975 animated-fast pp-buttons-valign-middle pp-buttons-halign-left pp-buttons-stack-none elementor-invisible elementor-widget elementor-widget-pp-buttons\" data-id=\"865f975\" data-element_type=\"widget\" data-settings=\"{&quot;_animation&quot;:&quot;fadeInUp&quot;,&quot;_animation_delay&quot;:300}\" data-widget_type=\"pp-buttons.default\">\n\t\t\t\t\t\t\t<div class=\"pp-buttons-group\">\n\t\t\t\t\t\t\t\t\t\t\t<a href=\"#\" class=\"pp-button elementor-button elementor-size-sm elementor-repeater-item-52e9929 \">\n\t\t\t\t\t<div class=\"pp-button-content-wrapper\">\n\t\t\t\t\t\t<span class=\"pp-button-content-inner pp-icon-before\">\n\t\t\t\t\t\t\t\n\t\t\t\t\t\t\t\t<span class=\"pp-button-title\">\n\t\t\t\t\t\t\t\t\tAkk\u00f6k Demographics\t\t\t\t\t\t\t\t<\/span>\n\t\t\t\t\t\t\t\t\t\t\t\t\t<\/span>\n\t\t\t\t\t<\/div>\n\t\t\t\t<\/a>\n\t\t\t\t\t\t\t\t\t\t<\/div>\t\t\t\t<\/div>\n\t\t\t\t<div class=\"elementor-element elementor-element-735685d animated-fast pp-buttons-valign-middle pp-buttons-halign-left pp-buttons-stack-none elementor-invisible elementor-widget elementor-widget-pp-buttons\" data-id=\"735685d\" data-element_type=\"widget\" data-settings=\"{&quot;_animation&quot;:&quot;fadeInUp&quot;,&quot;_animation_delay&quot;:350}\" data-widget_type=\"pp-buttons.default\">\n\t\t\t\t\t\t\t<div class=\"pp-buttons-group\">\n\t\t\t\t\t\t\t\t\t\t\t<a href=\"https:\/\/akkok.com.tr\/en\/ik-uygulamalari\/\" class=\"pp-button elementor-button elementor-size-sm elementor-repeater-item-52e9929 \">\n\t\t\t\t\t<div class=\"pp-button-content-wrapper\">\n\t\t\t\t\t\t<span class=\"pp-button-content-inner pp-icon-before\">\n\t\t\t\t\t\t\t\n\t\t\t\t\t\t\t\t<span class=\"pp-button-title\">\n\t\t\t\t\t\t\t\t\tHR Programs\t\t\t\t\t\t\t\t<\/span>\n\t\t\t\t\t\t\t\t\t\t\t\t\t<\/span>\n\t\t\t\t\t<\/div>\n\t\t\t\t<\/a>\n\t\t\t\t\t\t\t\t\t\t<\/div>\t\t\t\t<\/div>\n\t\t\t\t<div class=\"elementor-element elementor-element-9352d4e animated-fast pp-buttons-valign-middle pp-buttons-halign-left pp-buttons-stack-none elementor-invisible elementor-widget elementor-widget-pp-buttons\" data-id=\"9352d4e\" data-element_type=\"widget\" data-settings=\"{&quot;_animation&quot;:&quot;fadeInUp&quot;,&quot;_animation_delay&quot;:400}\" data-widget_type=\"pp-buttons.default\">\n\t\t\t\t\t\t\t<div class=\"pp-buttons-group\">\n\t\t\t\t\t\t\t\t\t\t\t<a href=\"https:\/\/akkok.com.tr\/en\/kariyer\/\" class=\"pp-button elementor-button elementor-size-sm elementor-repeater-item-52e9929 \">\n\t\t\t\t\t<div class=\"pp-button-content-wrapper\">\n\t\t\t\t\t\t<span class=\"pp-button-content-inner pp-icon-before\">\n\t\t\t\t\t\t\t\n\t\t\t\t\t\t\t\t<span class=\"pp-button-title\">\n\t\t\t\t\t\t\t\t\tCareer\t\t\t\t\t\t\t\t<\/span>\n\t\t\t\t\t\t\t\t\t\t\t\t\t<\/span>\n\t\t\t\t\t<\/div>\n\t\t\t\t<\/a>\n\t\t\t\t\t\t\t\t\t\t<\/div>\t\t\t\t<\/div>\n\t\t\t\t<div class=\"elementor-element elementor-element-056faea pp-buttons-valign-middle pp-buttons-halign-left pp-buttons-stack-none elementor-invisible elementor-widget elementor-widget-pp-buttons\" data-id=\"056faea\" data-element_type=\"widget\" data-settings=\"{&quot;_animation&quot;:&quot;fadeInUp&quot;,&quot;_animation_delay&quot;:500}\" data-widget_type=\"pp-buttons.default\">\n\t\t\t\t\t\t\t<div class=\"pp-buttons-group\">\n\t\t\t\t\t\t\t\t\t\t\t<a href=\"https:\/\/akkok.com.tr\/en\/wp-content\/uploads\/2024\/12\/AkkokHolding_BusinessEthics_13-11-2024.pdf\" target=\"_blank\" class=\"pp-button elementor-button elementor-size-sm elementor-repeater-item-52e9929 \">\n\t\t\t\t\t<div class=\"pp-button-content-wrapper\">\n\t\t\t\t\t\t<span class=\"pp-button-content-inner pp-icon-before\">\n\t\t\t\t\t\t\t\n\t\t\t\t\t\t\t\t<span class=\"pp-button-title\">\n\t\t\t\t\t\t\t\t\tAkk\u00f6k Code of Business Ethics\u2197\t\t\t\t\t\t\t\t<\/span>\n\t\t\t\t\t\t\t\t\t\t\t\t\t<\/span>\n\t\t\t\t\t<\/div>\n\t\t\t\t<\/a>\n\t\t\t\t\t\t\t\t\t\t<\/div>\t\t\t\t<\/div>\n\t\t\t\t<\/div>\n\t\t\t\t<\/div>\n\t\t\t\t<\/div>\n\t\t<div class=\"elementor-element elementor-element-c147287 e-con-full e-flex elementor-invisible e-con e-child\" data-id=\"c147287\" data-element_type=\"container\" data-settings=\"{&quot;background_background&quot;:&quot;classic&quot;,&quot;animation&quot;:&quot;fadeIn&quot;,&quot;animation_delay&quot;:500}\">\n\t\t<div class=\"elementor-element elementor-element-545d8df e-flex e-con-boxed e-con e-child\" data-id=\"545d8df\" data-element_type=\"container\">\n\t\t\t\t\t<div class=\"e-con-inner\">\n\t\t\t\t<div class=\"elementor-element elementor-element-3bb5260 elementor-widget elementor-widget-heading\" data-id=\"3bb5260\" data-element_type=\"widget\" data-widget_type=\"heading.default\">\n\t\t\t\t\t<h2 class=\"elementor-heading-title elementor-size-default\">AKK\u00d6K DEMOGRAPHICS<\/h2>\t\t\t\t<\/div>\n\t\t\t\t<div class=\"elementor-element elementor-element-614e959 elementor-widget elementor-widget-text-editor\" data-id=\"614e959\" data-element_type=\"widget\" data-widget_type=\"text-editor.default\">\n\t\t\t\t\t\t\t\t\t<p>Akk\u00f6k Holding, home to some of Turkey&#8217;s largest companies, employs a total of 6,508 individuals, with 1,032 women and 5,476 men. The average tenure within the Holding is 7.8 years, and the average age of employees is 36.<\/p>\t\t\t\t\t\t\t\t<\/div>\n\t\t\t\t\t<\/div>\n\t\t\t\t<\/div>\n\t\t<div class=\"elementor-element elementor-element-2c565c9 animated-fast e-flex e-con-boxed elementor-invisible e-con e-child\" data-id=\"2c565c9\" data-element_type=\"container\" data-settings=\"{&quot;background_background&quot;:&quot;classic&quot;,&quot;animation&quot;:&quot;fadeIn&quot;,&quot;animation_delay&quot;:1000}\">\n\t\t\t\t\t<div class=\"e-con-inner\">\n\t\t<div class=\"elementor-element elementor-element-6f1f1dc e-con-full e-flex e-con e-child\" data-id=\"6f1f1dc\" data-element_type=\"container\">\n\t\t\t\t<div class=\"elementor-element elementor-element-0a87283 elementor-widget elementor-widget-html\" data-id=\"0a87283\" data-element_type=\"widget\" data-widget_type=\"html.default\">\n\t\t\t\t\t<div class=\"flourish-embed flourish-chart\" data-src=\"visualisation\/16902726\"><script src=\"https:\/\/public.flourish.studio\/resources\/embed.js\"><\/script><\/div>\t\t\t\t<\/div>\n\t\t\t\t<\/div>\n\t\t\t\t\t<\/div>\n\t\t\t\t<\/div>\n\t\t<div class=\"elementor-element elementor-element-af502d3 animated-fast e-flex e-con-boxed e-con e-child\" data-id=\"af502d3\" data-element_type=\"container\" data-settings=\"{&quot;background_background&quot;:&quot;classic&quot;,&quot;animation&quot;:&quot;none&quot;,&quot;animation_delay&quot;:1000}\">\n\t\t\t\t\t<div class=\"e-con-inner\">\n\t\t<div class=\"elementor-element elementor-element-1055782 e-con-full e-flex e-con e-child\" data-id=\"1055782\" data-element_type=\"container\">\n\t\t\t\t<div class=\"elementor-element elementor-element-8fe8a86 elementor-widget__width-initial animated-fast elementor-invisible elementor-widget elementor-widget-image\" data-id=\"8fe8a86\" data-element_type=\"widget\" data-settings=\"{&quot;_animation&quot;:&quot;fadeIn&quot;,&quot;_animation_delay&quot;:700}\" data-widget_type=\"image.default\">\n\t\t\t\t\t\t\t\t\t\t\t\t\t\t\t<img decoding=\"async\" src=\"https:\/\/akkok.com.tr\/en\/wp-content\/uploads\/2024\/02\/AkkokHolding_EmpoyeePosition.jpg\" title=\"\" alt=\"\" loading=\"lazy\" \/>\t\t\t\t\t\t\t\t\t\t\t\t\t\t\t<\/div>\n\t\t\t\t<div class=\"elementor-element elementor-element-d6c95a9 elementor-invisible elementor-widget elementor-widget-text-editor\" data-id=\"d6c95a9\" data-element_type=\"widget\" data-settings=\"{&quot;_animation&quot;:&quot;fadeIn&quot;,&quot;_animation_delay&quot;:350}\" data-widget_type=\"text-editor.default\">\n\t\t\t\t\t\t\t\t\t<p>Holding Employee Positions (Dec. 2023)<\/p>\t\t\t\t\t\t\t\t<\/div>\n\t\t\t\t<\/div>\n\t\t<div class=\"elementor-element elementor-element-fd4f874 e-con-full e-flex e-con e-child\" data-id=\"fd4f874\" data-element_type=\"container\">\n\t\t\t\t<div class=\"elementor-element elementor-element-9521ed7 elementor-widget__width-initial elementor-invisible elementor-widget elementor-widget-image\" data-id=\"9521ed7\" data-element_type=\"widget\" data-settings=\"{&quot;_animation&quot;:&quot;fadeIn&quot;,&quot;_animation_delay&quot;:800}\" data-widget_type=\"image.default\">\n\t\t\t\t\t\t\t\t\t\t\t\t\t\t\t<img decoding=\"async\" src=\"https:\/\/akkok.com.tr\/en\/wp-content\/uploads\/2024\/02\/AkkokHolding_EducationLevel.jpg\" title=\"\" alt=\"\" loading=\"lazy\" \/>\t\t\t\t\t\t\t\t\t\t\t\t\t\t\t<\/div>\n\t\t\t\t<div class=\"elementor-element elementor-element-700d963 elementor-invisible elementor-widget elementor-widget-text-editor\" data-id=\"700d963\" data-element_type=\"widget\" data-settings=\"{&quot;_animation&quot;:&quot;fadeIn&quot;,&quot;_animation_delay&quot;:350}\" data-widget_type=\"text-editor.default\">\n\t\t\t\t\t\t\t\t\t<p>Employee Education Level (Dec. 2023)<\/p>\t\t\t\t\t\t\t\t<\/div>\n\t\t\t\t<\/div>\n\t\t\t\t\t<\/div>\n\t\t\t\t<\/div>\n\t\t<div class=\"elementor-element elementor-element-fc6b8cf animated-fast e-flex e-con-boxed elementor-invisible e-con e-child\" data-id=\"fc6b8cf\" data-element_type=\"container\" data-settings=\"{&quot;background_background&quot;:&quot;classic&quot;,&quot;animation&quot;:&quot;fadeIn&quot;,&quot;animation_delay&quot;:650}\">\n\t\t\t\t\t<div class=\"e-con-inner\">\n\t\t<div class=\"elementor-element elementor-element-30171a3 e-con-full e-flex e-con e-child\" data-id=\"30171a3\" data-element_type=\"container\">\n\t\t\t\t<div class=\"elementor-element elementor-element-14f490b elementor-widget__width-initial animated-fast elementor-invisible elementor-widget elementor-widget-image\" data-id=\"14f490b\" data-element_type=\"widget\" data-settings=\"{&quot;_animation&quot;:&quot;fadeIn&quot;,&quot;_animation_delay&quot;:700}\" data-widget_type=\"image.default\">\n\t\t\t\t\t\t\t\t\t\t\t\t\t\t\t<img decoding=\"async\" src=\"https:\/\/akkok.com.tr\/en\/wp-content\/uploads\/2024\/02\/AllEmployeesGender.jpg\" title=\"\" alt=\"\" loading=\"lazy\" \/>\t\t\t\t\t\t\t\t\t\t\t\t\t\t\t<\/div>\n\t\t\t\t<div class=\"elementor-element elementor-element-c97f210 elementor-invisible elementor-widget elementor-widget-text-editor\" data-id=\"c97f210\" data-element_type=\"widget\" data-settings=\"{&quot;_animation&quot;:&quot;fadeIn&quot;,&quot;_animation_delay&quot;:350}\" data-widget_type=\"text-editor.default\">\n\t\t\t\t\t\t\t\t\t<p>Gender Distribution of All Employees (Dec. 2023)<\/p>\t\t\t\t\t\t\t\t<\/div>\n\t\t\t\t<\/div>\n\t\t<div class=\"elementor-element elementor-element-0db9141 e-con-full e-flex e-con e-child\" data-id=\"0db9141\" data-element_type=\"container\">\n\t\t\t\t<div class=\"elementor-element elementor-element-326992b elementor-widget__width-initial elementor-invisible elementor-widget elementor-widget-image\" data-id=\"326992b\" data-element_type=\"widget\" data-settings=\"{&quot;_animation&quot;:&quot;fadeIn&quot;,&quot;_animation_delay&quot;:800}\" data-widget_type=\"image.default\">\n\t\t\t\t\t\t\t\t\t\t\t\t\t\t\t<img decoding=\"async\" src=\"https:\/\/akkok.com.tr\/en\/wp-content\/uploads\/2024\/02\/ManagerGender.jpg\" title=\"\" alt=\"\" loading=\"lazy\" \/>\t\t\t\t\t\t\t\t\t\t\t\t\t\t\t<\/div>\n\t\t\t\t<div class=\"elementor-element elementor-element-bea92b0 elementor-invisible elementor-widget elementor-widget-text-editor\" data-id=\"bea92b0\" data-element_type=\"widget\" data-settings=\"{&quot;_animation&quot;:&quot;fadeIn&quot;,&quot;_animation_delay&quot;:350}\" data-widget_type=\"text-editor.default\">\n\t\t\t\t\t\t\t\t\t<p>Managerial Positions Gender Distribution (Dec. 2023)<\/p>\t\t\t\t\t\t\t\t<\/div>\n\t\t\t\t<\/div>\n\t\t\t\t\t<\/div>\n\t\t\t\t<\/div>\n\t\t\t\t<\/div>\n\t\t\t\t<\/div>\n\t\t\t\t<\/div>\n\t\t\t\t<\/div>\n\t\t","protected":false},"excerpt":{"rendered":"<p>HUMAN RESOURCES HR Strategy and Policies Akk\u00f6k Demographics HR Programs Career Akk\u00f6k Code of Business Ethics\u2197 AKK\u00d6K DEMOGRAPHICS Akk\u00f6k Holding, home to some of Turkey&#8217;s largest companies, employs a total of 6,508 individuals, with 1,032 women and 5,476 men. The average tenure within the Holding is 7.8 years, and the average age of employees is [&hellip;]<\/p>\n","protected":false},"author":1,"featured_media":0,"parent":0,"menu_order":0,"comment_status":"closed","ping_status":"closed","template":"elementor_header_footer","meta":{"_acf_changed":false,"footnotes":""},"class_list":["post-3151","page","type-page","status-publish","hentry"],"acf":[],"yoast_head":"<!-- This site is optimized with the Yoast SEO plugin v26.6 - https:\/\/yoast.com\/wordpress\/plugins\/seo\/ -->\n<title>Akk\u00f6k Demographics - Akk\u00f6k Holding<\/title>\n<meta name=\"robots\" content=\"index, follow, max-snippet:-1, max-image-preview:large, max-video-preview:-1\" \/>\n<link rel=\"canonical\" href=\"https:\/\/akkok.com.tr\/en\/akkok-demografisi\/\" \/>\n<meta property=\"og:locale\" content=\"en_US\" \/>\n<meta property=\"og:type\" content=\"article\" \/>\n<meta property=\"og:title\" content=\"Akk\u00f6k Demographics - Akk\u00f6k Holding\" \/>\n<meta property=\"og:description\" content=\"HUMAN RESOURCES HR Strategy and Policies Akk\u00f6k Demographics HR Programs Career Akk\u00f6k Code of Business Ethics\u2197 AKK\u00d6K DEMOGRAPHICS Akk\u00f6k Holding, home to some of Turkey&#8217;s largest companies, employs a total of 6,508 individuals, with 1,032 women and 5,476 men. The average tenure within the Holding is 7.8 years, and the average age of employees is [&hellip;]\" \/>\n<meta property=\"og:url\" content=\"https:\/\/akkok.com.tr\/en\/akkok-demografisi\/\" \/>\n<meta property=\"og:site_name\" content=\"Akk\u00f6k Holding\" \/>\n<meta property=\"article:modified_time\" content=\"2024-12-02T08:21:15+00:00\" \/>\n<meta property=\"og:image\" content=\"https:\/\/akkok.com.tr\/en\/wp-content\/uploads\/2024\/02\/AkkokHolding_EmpoyeePosition.jpg\" \/>\n<meta name=\"twitter:card\" content=\"summary_large_image\" \/>\n<meta name=\"twitter:site\" content=\"@AkkokHolding\" \/>\n<meta name=\"twitter:label1\" content=\"Est. reading time\" \/>\n\t<meta name=\"twitter:data1\" content=\"2 minutes\" \/>\n<script type=\"application\/ld+json\" class=\"yoast-schema-graph\">{\"@context\":\"https:\/\/schema.org\",\"@graph\":[{\"@type\":\"WebPage\",\"@id\":\"https:\/\/akkok.com.tr\/en\/akkok-demografisi\/\",\"url\":\"https:\/\/akkok.com.tr\/en\/akkok-demografisi\/\",\"name\":\"Akk\u00f6k Demographics - Akk\u00f6k Holding\",\"isPartOf\":{\"@id\":\"https:\/\/akkok.com.tr\/en\/#website\"},\"primaryImageOfPage\":{\"@id\":\"https:\/\/akkok.com.tr\/en\/akkok-demografisi\/#primaryimage\"},\"image\":{\"@id\":\"https:\/\/akkok.com.tr\/en\/akkok-demografisi\/#primaryimage\"},\"thumbnailUrl\":\"https:\/\/akkok.com.tr\/en\/wp-content\/uploads\/2024\/02\/AkkokHolding_EmpoyeePosition.jpg\",\"datePublished\":\"2023-10-30T08:19:35+00:00\",\"dateModified\":\"2024-12-02T08:21:15+00:00\",\"inLanguage\":\"en-US\",\"potentialAction\":[{\"@type\":\"ReadAction\",\"target\":[\"https:\/\/akkok.com.tr\/en\/akkok-demografisi\/\"]}]},{\"@type\":\"ImageObject\",\"inLanguage\":\"en-US\",\"@id\":\"https:\/\/akkok.com.tr\/en\/akkok-demografisi\/#primaryimage\",\"url\":\"\",\"contentUrl\":\"\"},{\"@type\":\"WebSite\",\"@id\":\"https:\/\/akkok.com.tr\/en\/#website\",\"url\":\"https:\/\/akkok.com.tr\/en\/\",\"name\":\"Akk\u00f6k Holding\",\"description\":\"\",\"publisher\":{\"@id\":\"https:\/\/akkok.com.tr\/en\/#organization\"},\"potentialAction\":[{\"@type\":\"SearchAction\",\"target\":{\"@type\":\"EntryPoint\",\"urlTemplate\":\"https:\/\/akkok.com.tr\/en\/?s={search_term_string}\"},\"query-input\":{\"@type\":\"PropertyValueSpecification\",\"valueRequired\":true,\"valueName\":\"search_term_string\"}}],\"inLanguage\":\"en-US\"},{\"@type\":\"Organization\",\"@id\":\"https:\/\/akkok.com.tr\/en\/#organization\",\"name\":\"Akk\u00f6k Holding\",\"url\":\"https:\/\/akkok.com.tr\/en\/\",\"logo\":{\"@type\":\"ImageObject\",\"inLanguage\":\"en-US\",\"@id\":\"https:\/\/akkok.com.tr\/en\/#\/schema\/logo\/image\/\",\"url\":\"https:\/\/akkok.com.tr\/en\/wp-content\/uploads\/2023\/10\/AkkokHolding.png\",\"contentUrl\":\"https:\/\/akkok.com.tr\/en\/wp-content\/uploads\/2023\/10\/AkkokHolding.png\",\"width\":176,\"height\":300,\"caption\":\"Akk\u00f6k Holding\"},\"image\":{\"@id\":\"https:\/\/akkok.com.tr\/en\/#\/schema\/logo\/image\/\"},\"sameAs\":[\"https:\/\/x.com\/AkkokHolding\",\"https:\/\/tr.linkedin.com\/company\/akkk-holding\",\"https:\/\/www.youtube.com\/@akkokholding4011\/featured\",\"https:\/\/www.instagram.com\/akkokholding\"]}]}<\/script>\n<!-- \/ Yoast SEO plugin. -->","yoast_head_json":{"title":"Akk\u00f6k Demographics - Akk\u00f6k Holding","robots":{"index":"index","follow":"follow","max-snippet":"max-snippet:-1","max-image-preview":"max-image-preview:large","max-video-preview":"max-video-preview:-1"},"canonical":"https:\/\/akkok.com.tr\/en\/akkok-demografisi\/","og_locale":"en_US","og_type":"article","og_title":"Akk\u00f6k Demographics - Akk\u00f6k Holding","og_description":"HUMAN RESOURCES HR Strategy and Policies Akk\u00f6k Demographics HR Programs Career Akk\u00f6k Code of Business Ethics\u2197 AKK\u00d6K DEMOGRAPHICS Akk\u00f6k Holding, home to some of Turkey&#8217;s largest companies, employs a total of 6,508 individuals, with 1,032 women and 5,476 men. The average tenure within the Holding is 7.8 years, and the average age of employees is [&hellip;]","og_url":"https:\/\/akkok.com.tr\/en\/akkok-demografisi\/","og_site_name":"Akk\u00f6k Holding","article_modified_time":"2024-12-02T08:21:15+00:00","og_image":[{"url":"https:\/\/akkok.com.tr\/en\/wp-content\/uploads\/2024\/02\/AkkokHolding_EmpoyeePosition.jpg","type":"","width":"","height":""}],"twitter_card":"summary_large_image","twitter_site":"@AkkokHolding","twitter_misc":{"Est. reading time":"2 minutes"},"schema":{"@context":"https:\/\/schema.org","@graph":[{"@type":"WebPage","@id":"https:\/\/akkok.com.tr\/en\/akkok-demografisi\/","url":"https:\/\/akkok.com.tr\/en\/akkok-demografisi\/","name":"Akk\u00f6k Demographics - Akk\u00f6k Holding","isPartOf":{"@id":"https:\/\/akkok.com.tr\/en\/#website"},"primaryImageOfPage":{"@id":"https:\/\/akkok.com.tr\/en\/akkok-demografisi\/#primaryimage"},"image":{"@id":"https:\/\/akkok.com.tr\/en\/akkok-demografisi\/#primaryimage"},"thumbnailUrl":"https:\/\/akkok.com.tr\/en\/wp-content\/uploads\/2024\/02\/AkkokHolding_EmpoyeePosition.jpg","datePublished":"2023-10-30T08:19:35+00:00","dateModified":"2024-12-02T08:21:15+00:00","inLanguage":"en-US","potentialAction":[{"@type":"ReadAction","target":["https:\/\/akkok.com.tr\/en\/akkok-demografisi\/"]}]},{"@type":"ImageObject","inLanguage":"en-US","@id":"https:\/\/akkok.com.tr\/en\/akkok-demografisi\/#primaryimage","url":"","contentUrl":""},{"@type":"WebSite","@id":"https:\/\/akkok.com.tr\/en\/#website","url":"https:\/\/akkok.com.tr\/en\/","name":"Akk\u00f6k Holding","description":"","publisher":{"@id":"https:\/\/akkok.com.tr\/en\/#organization"},"potentialAction":[{"@type":"SearchAction","target":{"@type":"EntryPoint","urlTemplate":"https:\/\/akkok.com.tr\/en\/?s={search_term_string}"},"query-input":{"@type":"PropertyValueSpecification","valueRequired":true,"valueName":"search_term_string"}}],"inLanguage":"en-US"},{"@type":"Organization","@id":"https:\/\/akkok.com.tr\/en\/#organization","name":"Akk\u00f6k Holding","url":"https:\/\/akkok.com.tr\/en\/","logo":{"@type":"ImageObject","inLanguage":"en-US","@id":"https:\/\/akkok.com.tr\/en\/#\/schema\/logo\/image\/","url":"https:\/\/akkok.com.tr\/en\/wp-content\/uploads\/2023\/10\/AkkokHolding.png","contentUrl":"https:\/\/akkok.com.tr\/en\/wp-content\/uploads\/2023\/10\/AkkokHolding.png","width":176,"height":300,"caption":"Akk\u00f6k Holding"},"image":{"@id":"https:\/\/akkok.com.tr\/en\/#\/schema\/logo\/image\/"},"sameAs":["https:\/\/x.com\/AkkokHolding","https:\/\/tr.linkedin.com\/company\/akkk-holding","https:\/\/www.youtube.com\/@akkokholding4011\/featured","https:\/\/www.instagram.com\/akkokholding"]}]}},"_links":{"self":[{"href":"https:\/\/akkok.com.tr\/en\/wp-json\/wp\/v2\/pages\/3151","targetHints":{"allow":["GET"]}}],"collection":[{"href":"https:\/\/akkok.com.tr\/en\/wp-json\/wp\/v2\/pages"}],"about":[{"href":"https:\/\/akkok.com.tr\/en\/wp-json\/wp\/v2\/types\/page"}],"author":[{"embeddable":true,"href":"https:\/\/akkok.com.tr\/en\/wp-json\/wp\/v2\/users\/1"}],"replies":[{"embeddable":true,"href":"https:\/\/akkok.com.tr\/en\/wp-json\/wp\/v2\/comments?post=3151"}],"version-history":[{"count":248,"href":"https:\/\/akkok.com.tr\/en\/wp-json\/wp\/v2\/pages\/3151\/revisions"}],"predecessor-version":[{"id":8326,"href":"https:\/\/akkok.com.tr\/en\/wp-json\/wp\/v2\/pages\/3151\/revisions\/8326"}],"wp:attachment":[{"href":"https:\/\/akkok.com.tr\/en\/wp-json\/wp\/v2\/media?parent=3151"}],"curies":[{"name":"wp","href":"https:\/\/api.w.org\/{rel}","templated":true}]}}