{"id":2934,"date":"2023-10-28T12:40:07","date_gmt":"2023-10-28T12:40:07","guid":{"rendered":"https:\/\/new.akkok.com.tr\/en\/?page_id=2934"},"modified":"2024-03-05T12:59:41","modified_gmt":"2024-03-05T12:59:41","slug":"akkokte-surdurulebilirlik","status":"publish","type":"page","link":"https:\/\/akkok.com.tr\/en\/akkokte-surdurulebilirlik\/","title":{"rendered":"Sustainability at Akk\u00f6k"},"content":{"rendered":"\t\t<div data-elementor-type=\"wp-page\" data-elementor-id=\"2934\" class=\"elementor elementor-2934\" data-elementor-post-type=\"page\">\n\t\t\t\t<div class=\"elementor-element elementor-element-a92843d e-con-full e-flex e-con e-parent\" data-id=\"a92843d\" data-element_type=\"container\">\n\t\t<div class=\"elementor-element elementor-element-5ea3f3b e-con-full animated-fast e-flex elementor-invisible e-con e-child\" data-id=\"5ea3f3b\" data-element_type=\"container\" data-settings=\"{&quot;background_background&quot;:&quot;classic&quot;,&quot;animation&quot;:&quot;fadeInUp&quot;,&quot;animation_delay&quot;:50}\">\n\t\t\t\t<div class=\"elementor-element elementor-element-46b58f6 elementor-invisible elementor-widget elementor-widget-heading\" data-id=\"46b58f6\" data-element_type=\"widget\" data-settings=\"{&quot;_animation&quot;:&quot;fadeInUp&quot;,&quot;_animation_delay&quot;:150}\" data-widget_type=\"heading.default\">\n\t\t\t\t\t<h2 class=\"elementor-heading-title elementor-size-default\">SUSTAINABILITY<\/h2>\t\t\t\t<\/div>\n\t\t\t\t<\/div>\n\t\t<div class=\"elementor-element elementor-element-138c401 e-con-full e-flex e-con e-child\" data-id=\"138c401\" data-element_type=\"container\">\n\t\t<div class=\"elementor-element elementor-element-087262b e-con-full e-flex e-con e-child\" data-id=\"087262b\" data-element_type=\"container\">\n\t\t<div class=\"elementor-element elementor-element-4fe840a e-con-full e-flex e-con e-child\" data-id=\"4fe840a\" data-element_type=\"container\" data-settings=\"{&quot;background_background&quot;:&quot;classic&quot;,&quot;sticky&quot;:&quot;top&quot;,&quot;sticky_offset&quot;:56,&quot;sticky_on&quot;:[&quot;desktop&quot;,&quot;tablet&quot;],&quot;sticky_parent&quot;:&quot;yes&quot;,&quot;sticky_effects_offset&quot;:0}\">\n\t\t<div class=\"elementor-element elementor-element-74b9d26 e-con-full animated-fast e-flex elementor-invisible e-con e-child\" data-id=\"74b9d26\" data-element_type=\"container\" data-settings=\"{&quot;sticky_offset&quot;:59,&quot;background_background&quot;:&quot;classic&quot;,&quot;sticky_offset_mobile&quot;:56,&quot;animation&quot;:&quot;fadeInUp&quot;,&quot;animation_delay&quot;:200,&quot;sticky&quot;:&quot;top&quot;,&quot;sticky_on&quot;:[&quot;mobile&quot;],&quot;sticky_effects_offset&quot;:0}\">\n\t\t\t\t<div class=\"elementor-element elementor-element-f9e3978 animated-fast pp-buttons-valign-middle pp-buttons-halign-left pp-buttons-stack-none elementor-invisible elementor-widget elementor-widget-pp-buttons\" data-id=\"f9e3978\" data-element_type=\"widget\" data-settings=\"{&quot;_animation&quot;:&quot;fadeInUp&quot;,&quot;_animation_delay&quot;:250}\" data-widget_type=\"pp-buttons.default\">\n\t\t\t\t\t\t\t<div class=\"pp-buttons-group\">\n\t\t\t\t\t\t\t\t\t\t\t<a href=\"#\" class=\"pp-button elementor-button elementor-size-sm elementor-repeater-item-52e9929 \">\n\t\t\t\t\t<div class=\"pp-button-content-wrapper\">\n\t\t\t\t\t\t<span class=\"pp-button-content-inner pp-icon-before\">\n\t\t\t\t\t\t\t\n\t\t\t\t\t\t\t\t<span class=\"pp-button-title\">\n\t\t\t\t\t\t\t\t\tSustainability at Akk\u00f6k\t\t\t\t\t\t\t\t<\/span>\n\t\t\t\t\t\t\t\t\t\t\t\t\t<\/span>\n\t\t\t\t\t<\/div>\n\t\t\t\t<\/a>\n\t\t\t\t\t\t\t\t\t\t<\/div>\t\t\t\t<\/div>\n\t\t\t\t<div class=\"elementor-element elementor-element-ec0866c animated-fast pp-buttons-valign-middle pp-buttons-halign-left pp-buttons-stack-none elementor-invisible elementor-widget elementor-widget-pp-buttons\" data-id=\"ec0866c\" data-element_type=\"widget\" data-settings=\"{&quot;_animation&quot;:&quot;fadeInUp&quot;,&quot;_animation_delay&quot;:300}\" data-widget_type=\"pp-buttons.default\">\n\t\t\t\t\t\t\t<div class=\"pp-buttons-group\">\n\t\t\t\t\t\t\t\t\t\t\t<a href=\"https:\/\/akkok.com.tr\/en\/bm-kuresel-ilkeler-sozlesmesi\/\" class=\"pp-button elementor-button elementor-size-sm elementor-repeater-item-52e9929 \">\n\t\t\t\t\t<div class=\"pp-button-content-wrapper\">\n\t\t\t\t\t\t<span class=\"pp-button-content-inner pp-icon-before\">\n\t\t\t\t\t\t\t\n\t\t\t\t\t\t\t\t<span class=\"pp-button-title\">\n\t\t\t\t\t\t\t\t\tUN Global Compact Principles\t\t\t\t\t\t\t\t<\/span>\n\t\t\t\t\t\t\t\t\t\t\t\t\t<\/span>\n\t\t\t\t\t<\/div>\n\t\t\t\t<\/a>\n\t\t\t\t\t\t\t\t\t\t<\/div>\t\t\t\t<\/div>\n\t\t\t\t<div class=\"elementor-element elementor-element-3cb6a85 animated-fast pp-buttons-valign-middle pp-buttons-halign-left pp-buttons-stack-none elementor-invisible elementor-widget elementor-widget-pp-buttons\" data-id=\"3cb6a85\" data-element_type=\"widget\" data-settings=\"{&quot;_animation&quot;:&quot;fadeInUp&quot;,&quot;_animation_delay&quot;:350}\" data-widget_type=\"pp-buttons.default\">\n\t\t\t\t\t\t\t<div class=\"pp-buttons-group\">\n\t\t\t\t\t\t\t\t\t\t\t<a href=\"https:\/\/akkok.com.tr\/en\/yesil-strateji-grubu\/\" class=\"pp-button elementor-button elementor-size-sm elementor-repeater-item-52e9929 \">\n\t\t\t\t\t<div class=\"pp-button-content-wrapper\">\n\t\t\t\t\t\t<span class=\"pp-button-content-inner pp-icon-before\">\n\t\t\t\t\t\t\t\n\t\t\t\t\t\t\t\t<span class=\"pp-button-title\">\n\t\t\t\t\t\t\t\t\tGreen Strategy Initiative\t\t\t\t\t\t\t\t<\/span>\n\t\t\t\t\t\t\t\t\t\t\t\t\t<\/span>\n\t\t\t\t\t<\/div>\n\t\t\t\t<\/a>\n\t\t\t\t\t\t\t\t\t\t<\/div>\t\t\t\t<\/div>\n\t\t\t\t<div class=\"elementor-element elementor-element-0d0c75b animated-fast pp-buttons-valign-middle pp-buttons-halign-left pp-buttons-stack-none elementor-invisible elementor-widget elementor-widget-pp-buttons\" data-id=\"0d0c75b\" data-element_type=\"widget\" data-settings=\"{&quot;_animation&quot;:&quot;fadeInUp&quot;,&quot;_animation_delay&quot;:400}\" data-widget_type=\"pp-buttons.default\">\n\t\t\t\t\t\t\t<div class=\"pp-buttons-group\">\n\t\t\t\t\t\t\t\t\t\t\t<a href=\"https:\/\/akkok.com.tr\/en\/surdurulebilirlik-raporlari\/\" class=\"pp-button elementor-button elementor-size-sm elementor-repeater-item-52e9929 \">\n\t\t\t\t\t<div class=\"pp-button-content-wrapper\">\n\t\t\t\t\t\t<span class=\"pp-button-content-inner pp-icon-before\">\n\t\t\t\t\t\t\t\n\t\t\t\t\t\t\t\t<span class=\"pp-button-title\">\n\t\t\t\t\t\t\t\t\tSustainability Reports\t\t\t\t\t\t\t\t<\/span>\n\t\t\t\t\t\t\t\t\t\t\t\t\t<\/span>\n\t\t\t\t\t<\/div>\n\t\t\t\t<\/a>\n\t\t\t\t\t\t\t\t\t\t<\/div>\t\t\t\t<\/div>\n\t\t\t\t<div class=\"elementor-element elementor-element-5e6346d pp-buttons-valign-middle pp-buttons-halign-left pp-buttons-stack-none elementor-invisible elementor-widget elementor-widget-pp-buttons\" data-id=\"5e6346d\" data-element_type=\"widget\" data-settings=\"{&quot;_animation&quot;:&quot;fadeInUp&quot;,&quot;_animation_delay&quot;:500}\" data-widget_type=\"pp-buttons.default\">\n\t\t\t\t\t\t\t<div class=\"pp-buttons-group\">\n\t\t\t\t\t\t\t\t\t\t\t<a href=\"https:\/\/akkok.com.tr\/en\/wp-content\/uploads\/2024\/02\/Akko%CC%88kHolding_SustainabilityPolicy.pdf\" target=\"_blank\" class=\"pp-button elementor-button elementor-size-sm elementor-repeater-item-52e9929 \">\n\t\t\t\t\t<div class=\"pp-button-content-wrapper\">\n\t\t\t\t\t\t<span class=\"pp-button-content-inner pp-icon-after\">\n\t\t\t\t\t\t\t\t\t\t\t\t\t\t\t\t\t<span class=\"pp-button-icon pp-icon\">\n\t\t\t\t\t\t\t\t\t\t\t<i aria-hidden=\"true\" class=\"akkokicons- akkok-icons-arrow-up-right\"><\/i>\t\t\t\t\t\t\t\t\t\t<\/span>\n\t\t\t\t\t\t\t\t\t\t\n\t\t\t\t\t\t\t\t<span class=\"pp-button-title\">\n\t\t\t\t\t\t\t\t\tSustainability Policy\t\t\t\t\t\t\t\t<\/span>\n\t\t\t\t\t\t\t\t\t\t\t\t\t<\/span>\n\t\t\t\t\t<\/div>\n\t\t\t\t<\/a>\n\t\t\t\t\t\t\t\t\t\t<\/div>\t\t\t\t<\/div>\n\t\t\t\t<\/div>\n\t\t\t\t<\/div>\n\t\t\t\t<\/div>\n\t\t<div class=\"elementor-element elementor-element-8d3393b e-con-full e-flex elementor-invisible e-con e-child\" data-id=\"8d3393b\" data-element_type=\"container\" data-settings=\"{&quot;background_background&quot;:&quot;classic&quot;,&quot;animation&quot;:&quot;fadeIn&quot;,&quot;animation_delay&quot;:700}\">\n\t\t<div class=\"elementor-element elementor-element-d79c3e0 e-flex e-con-boxed e-con e-child\" data-id=\"d79c3e0\" data-element_type=\"container\">\n\t\t\t\t\t<div class=\"e-con-inner\">\n\t\t<div class=\"elementor-element elementor-element-fda6394 e-con-full e-flex e-con e-child\" data-id=\"fda6394\" data-element_type=\"container\">\n\t\t\t\t<div class=\"elementor-element elementor-element-8d3df74 elementor-invisible elementor-widget elementor-widget-image\" data-id=\"8d3df74\" data-element_type=\"widget\" data-settings=\"{&quot;_animation&quot;:&quot;fadeIn&quot;,&quot;_animation_delay&quot;:250}\" data-widget_type=\"image.default\">\n\t\t\t\t\t\t\t\t\t\t\t\t\t\t\t<img decoding=\"async\" width=\"300\" height=\"104\" src=\"https:\/\/akkok.com.tr\/en\/wp-content\/uploads\/2023\/10\/UnitedNationsGC.png\" class=\"attachment-large size-large wp-image-3000\" alt=\"\" \/>\t\t\t\t\t\t\t\t\t\t\t\t\t\t\t<\/div>\n\t\t\t\t<\/div>\n\t\t<div class=\"elementor-element elementor-element-cde97df e-con-full e-flex e-con e-child\" data-id=\"cde97df\" data-element_type=\"container\">\n\t\t\t\t<div class=\"elementor-element elementor-element-b98e819 elementor-widget__width-initial elementor-invisible elementor-widget elementor-widget-image\" data-id=\"b98e819\" data-element_type=\"widget\" data-settings=\"{&quot;_animation&quot;:&quot;fadeIn&quot;,&quot;_animation_delay&quot;:500}\" data-widget_type=\"image.default\">\n\t\t\t\t\t\t\t\t\t\t\t\t\t\t\t<img fetchpriority=\"high\" decoding=\"async\" width=\"300\" height=\"425\" src=\"https:\/\/akkok.com.tr\/en\/wp-content\/uploads\/2023\/10\/AkkokSurdurulebilirlikRaporu.png\" class=\"attachment-full size-full wp-image-2999\" alt=\"\" srcset=\"https:\/\/akkok.com.tr\/en\/wp-content\/uploads\/2023\/10\/AkkokSurdurulebilirlikRaporu.png 300w, https:\/\/akkok.com.tr\/en\/wp-content\/uploads\/2023\/10\/AkkokSurdurulebilirlikRaporu-212x300.png 212w\" sizes=\"(max-width: 300px) 100vw, 300px\" \/>\t\t\t\t\t\t\t\t\t\t\t\t\t\t\t<\/div>\n\t\t\t\t<\/div>\n\t\t<div class=\"elementor-element elementor-element-e27d718 e-con-full e-flex e-con e-child\" data-id=\"e27d718\" data-element_type=\"container\">\n\t\t\t\t<div class=\"elementor-element elementor-element-a35153b elementor-invisible elementor-widget elementor-widget-image\" data-id=\"a35153b\" data-element_type=\"widget\" data-settings=\"{&quot;_animation&quot;:&quot;fadeIn&quot;,&quot;_animation_delay&quot;:750}\" data-widget_type=\"image.default\">\n\t\t\t\t\t\t\t\t\t\t\t\t\t\t\t<img decoding=\"async\" width=\"300\" height=\"104\" src=\"https:\/\/akkok.com.tr\/en\/wp-content\/uploads\/2023\/10\/YesilStrateji.png\" class=\"attachment-large size-large wp-image-3001\" alt=\"\" \/>\t\t\t\t\t\t\t\t\t\t\t\t\t\t\t<\/div>\n\t\t\t\t<\/div>\n\t\t\t\t\t<\/div>\n\t\t\t\t<\/div>\n\t\t<div class=\"elementor-element elementor-element-c93054c e-flex e-con-boxed e-con e-child\" data-id=\"c93054c\" data-element_type=\"container\">\n\t\t\t\t\t<div class=\"e-con-inner\">\n\t\t\t\t<div class=\"elementor-element elementor-element-09be126 elementor-widget elementor-widget-heading\" data-id=\"09be126\" data-element_type=\"widget\" data-widget_type=\"heading.default\">\n\t\t\t\t\t<h2 class=\"elementor-heading-title elementor-size-default\">SUSTAINABILITY AT AKK\u00d6K<\/h2>\t\t\t\t<\/div>\n\t\t\t\t<div class=\"elementor-element elementor-element-b82362f elementor-widget elementor-widget-text-editor\" data-id=\"b82362f\" data-element_type=\"widget\" data-widget_type=\"text-editor.default\">\n\t\t\t\t\t\t\t\t\t<p>The concept of &#8216;Sustainable Development&#8217; plays a significant role in shaping the future outlook and strategies of Akk\u00f6k Holding.<\/p><p>Akk\u00f6k Holding took its first step towards bringing its corporate responsibility understanding in line with universal norms by signing the <span style=\"text-decoration: underline;\"><a href=\"https:\/\/akkok.com.tr\/en\/bm-kuresel-ilkeler-sozlesmesi\/\"><strong>United Nations Global Compact<\/strong><\/a><\/span> in 2007, leading the spread of universal principles of sustainable development within the private sector. The <span style=\"text-decoration: underline;\"><a href=\"https:\/\/akkok.com.tr\/en\/surdurulebilirlik-raporlari\/\"><strong>reports<\/strong><\/a><\/span> published following the initial Global Compact Report, which covered the years 2008 and 2009 and showcased the Holding&#8217;s commitment to sustainable growth, social responsibility awareness, and corporate governance philosophy, reflect the progress made by the Holding&#8217;s companies in this regard.<\/p>\t\t\t\t\t\t\t\t<\/div>\n\t\t\t\t\t<\/div>\n\t\t\t\t<\/div>\n\t\t\t\t<\/div>\n\t\t\t\t<\/div>\n\t\t\t\t<\/div>\n\t\t\t\t<\/div>\n\t\t","protected":false},"excerpt":{"rendered":"<p>SUSTAINABILITY Sustainability at Akk\u00f6k UN Global Compact Principles Green Strategy Initiative Sustainability Reports Sustainability Policy SUSTAINABILITY AT AKK\u00d6K The concept of &#8216;Sustainable Development&#8217; plays a significant role in shaping the future outlook and strategies of Akk\u00f6k Holding. Akk\u00f6k Holding took its first step towards bringing its corporate responsibility understanding in line with universal norms by [&hellip;]<\/p>\n","protected":false},"author":1,"featured_media":0,"parent":0,"menu_order":0,"comment_status":"closed","ping_status":"closed","template":"elementor_header_footer","meta":{"_acf_changed":false,"footnotes":""},"class_list":["post-2934","page","type-page","status-publish","hentry"],"acf":[],"yoast_head":"<!-- This site is optimized with the Yoast SEO plugin v26.6 - https:\/\/yoast.com\/wordpress\/plugins\/seo\/ -->\n<title>Sustainability at Akk\u00f6k - Akk\u00f6k Holding<\/title>\n<meta name=\"robots\" content=\"index, follow, max-snippet:-1, max-image-preview:large, max-video-preview:-1\" \/>\n<link rel=\"canonical\" href=\"https:\/\/akkok.com.tr\/en\/akkokte-surdurulebilirlik\/\" \/>\n<meta property=\"og:locale\" content=\"en_US\" \/>\n<meta property=\"og:type\" content=\"article\" \/>\n<meta property=\"og:title\" content=\"Sustainability at Akk\u00f6k - Akk\u00f6k Holding\" \/>\n<meta property=\"og:description\" content=\"SUSTAINABILITY Sustainability at Akk\u00f6k UN Global Compact Principles Green Strategy Initiative Sustainability Reports Sustainability Policy SUSTAINABILITY AT AKK\u00d6K The concept of &#8216;Sustainable Development&#8217; plays a significant role in shaping the future outlook and strategies of Akk\u00f6k Holding. Akk\u00f6k Holding took its first step towards bringing its corporate responsibility understanding in line with universal norms by [&hellip;]\" \/>\n<meta property=\"og:url\" content=\"https:\/\/akkok.com.tr\/en\/akkokte-surdurulebilirlik\/\" \/>\n<meta property=\"og:site_name\" content=\"Akk\u00f6k Holding\" \/>\n<meta property=\"article:modified_time\" content=\"2024-03-05T12:59:41+00:00\" \/>\n<meta property=\"og:image\" content=\"https:\/\/akkok.com.tr\/en\/wp-content\/uploads\/2023\/10\/UnitedNationsGC.png\" \/>\n<meta name=\"twitter:card\" content=\"summary_large_image\" \/>\n<meta name=\"twitter:site\" content=\"@AkkokHolding\" \/>\n<meta name=\"twitter:label1\" content=\"Est. reading time\" \/>\n\t<meta name=\"twitter:data1\" content=\"2 minutes\" \/>\n<script type=\"application\/ld+json\" class=\"yoast-schema-graph\">{\"@context\":\"https:\/\/schema.org\",\"@graph\":[{\"@type\":\"WebPage\",\"@id\":\"https:\/\/akkok.com.tr\/en\/akkokte-surdurulebilirlik\/\",\"url\":\"https:\/\/akkok.com.tr\/en\/akkokte-surdurulebilirlik\/\",\"name\":\"Sustainability at Akk\u00f6k - Akk\u00f6k Holding\",\"isPartOf\":{\"@id\":\"https:\/\/akkok.com.tr\/en\/#website\"},\"primaryImageOfPage\":{\"@id\":\"https:\/\/akkok.com.tr\/en\/akkokte-surdurulebilirlik\/#primaryimage\"},\"image\":{\"@id\":\"https:\/\/akkok.com.tr\/en\/akkokte-surdurulebilirlik\/#primaryimage\"},\"thumbnailUrl\":\"https:\/\/akkok.com.tr\/en\/wp-content\/uploads\/2023\/10\/UnitedNationsGC.png\",\"datePublished\":\"2023-10-28T12:40:07+00:00\",\"dateModified\":\"2024-03-05T12:59:41+00:00\",\"inLanguage\":\"en-US\",\"potentialAction\":[{\"@type\":\"ReadAction\",\"target\":[\"https:\/\/akkok.com.tr\/en\/akkokte-surdurulebilirlik\/\"]}]},{\"@type\":\"ImageObject\",\"inLanguage\":\"en-US\",\"@id\":\"https:\/\/akkok.com.tr\/en\/akkokte-surdurulebilirlik\/#primaryimage\",\"url\":\"https:\/\/akkok.com.tr\/en\/wp-content\/uploads\/2023\/10\/UnitedNationsGC.png\",\"contentUrl\":\"https:\/\/akkok.com.tr\/en\/wp-content\/uploads\/2023\/10\/UnitedNationsGC.png\",\"width\":300,\"height\":104},{\"@type\":\"WebSite\",\"@id\":\"https:\/\/akkok.com.tr\/en\/#website\",\"url\":\"https:\/\/akkok.com.tr\/en\/\",\"name\":\"Akk\u00f6k Holding\",\"description\":\"\",\"publisher\":{\"@id\":\"https:\/\/akkok.com.tr\/en\/#organization\"},\"potentialAction\":[{\"@type\":\"SearchAction\",\"target\":{\"@type\":\"EntryPoint\",\"urlTemplate\":\"https:\/\/akkok.com.tr\/en\/?s={search_term_string}\"},\"query-input\":{\"@type\":\"PropertyValueSpecification\",\"valueRequired\":true,\"valueName\":\"search_term_string\"}}],\"inLanguage\":\"en-US\"},{\"@type\":\"Organization\",\"@id\":\"https:\/\/akkok.com.tr\/en\/#organization\",\"name\":\"Akk\u00f6k Holding\",\"url\":\"https:\/\/akkok.com.tr\/en\/\",\"logo\":{\"@type\":\"ImageObject\",\"inLanguage\":\"en-US\",\"@id\":\"https:\/\/akkok.com.tr\/en\/#\/schema\/logo\/image\/\",\"url\":\"https:\/\/akkok.com.tr\/en\/wp-content\/uploads\/2023\/10\/AkkokHolding.png\",\"contentUrl\":\"https:\/\/akkok.com.tr\/en\/wp-content\/uploads\/2023\/10\/AkkokHolding.png\",\"width\":176,\"height\":300,\"caption\":\"Akk\u00f6k Holding\"},\"image\":{\"@id\":\"https:\/\/akkok.com.tr\/en\/#\/schema\/logo\/image\/\"},\"sameAs\":[\"https:\/\/x.com\/AkkokHolding\",\"https:\/\/tr.linkedin.com\/company\/akkk-holding\",\"https:\/\/www.youtube.com\/@akkokholding4011\/featured\",\"https:\/\/www.instagram.com\/akkokholding\"]}]}<\/script>\n<!-- \/ Yoast SEO plugin. -->","yoast_head_json":{"title":"Sustainability at Akk\u00f6k - Akk\u00f6k Holding","robots":{"index":"index","follow":"follow","max-snippet":"max-snippet:-1","max-image-preview":"max-image-preview:large","max-video-preview":"max-video-preview:-1"},"canonical":"https:\/\/akkok.com.tr\/en\/akkokte-surdurulebilirlik\/","og_locale":"en_US","og_type":"article","og_title":"Sustainability at Akk\u00f6k - Akk\u00f6k Holding","og_description":"SUSTAINABILITY Sustainability at Akk\u00f6k UN Global Compact Principles Green Strategy Initiative Sustainability Reports Sustainability Policy SUSTAINABILITY AT AKK\u00d6K The concept of &#8216;Sustainable Development&#8217; plays a significant role in shaping the future outlook and strategies of Akk\u00f6k Holding. Akk\u00f6k Holding took its first step towards bringing its corporate responsibility understanding in line with universal norms by [&hellip;]","og_url":"https:\/\/akkok.com.tr\/en\/akkokte-surdurulebilirlik\/","og_site_name":"Akk\u00f6k Holding","article_modified_time":"2024-03-05T12:59:41+00:00","og_image":[{"url":"https:\/\/akkok.com.tr\/en\/wp-content\/uploads\/2023\/10\/UnitedNationsGC.png","type":"","width":"","height":""}],"twitter_card":"summary_large_image","twitter_site":"@AkkokHolding","twitter_misc":{"Est. reading time":"2 minutes"},"schema":{"@context":"https:\/\/schema.org","@graph":[{"@type":"WebPage","@id":"https:\/\/akkok.com.tr\/en\/akkokte-surdurulebilirlik\/","url":"https:\/\/akkok.com.tr\/en\/akkokte-surdurulebilirlik\/","name":"Sustainability at Akk\u00f6k - Akk\u00f6k Holding","isPartOf":{"@id":"https:\/\/akkok.com.tr\/en\/#website"},"primaryImageOfPage":{"@id":"https:\/\/akkok.com.tr\/en\/akkokte-surdurulebilirlik\/#primaryimage"},"image":{"@id":"https:\/\/akkok.com.tr\/en\/akkokte-surdurulebilirlik\/#primaryimage"},"thumbnailUrl":"https:\/\/akkok.com.tr\/en\/wp-content\/uploads\/2023\/10\/UnitedNationsGC.png","datePublished":"2023-10-28T12:40:07+00:00","dateModified":"2024-03-05T12:59:41+00:00","inLanguage":"en-US","potentialAction":[{"@type":"ReadAction","target":["https:\/\/akkok.com.tr\/en\/akkokte-surdurulebilirlik\/"]}]},{"@type":"ImageObject","inLanguage":"en-US","@id":"https:\/\/akkok.com.tr\/en\/akkokte-surdurulebilirlik\/#primaryimage","url":"https:\/\/akkok.com.tr\/en\/wp-content\/uploads\/2023\/10\/UnitedNationsGC.png","contentUrl":"https:\/\/akkok.com.tr\/en\/wp-content\/uploads\/2023\/10\/UnitedNationsGC.png","width":300,"height":104},{"@type":"WebSite","@id":"https:\/\/akkok.com.tr\/en\/#website","url":"https:\/\/akkok.com.tr\/en\/","name":"Akk\u00f6k Holding","description":"","publisher":{"@id":"https:\/\/akkok.com.tr\/en\/#organization"},"potentialAction":[{"@type":"SearchAction","target":{"@type":"EntryPoint","urlTemplate":"https:\/\/akkok.com.tr\/en\/?s={search_term_string}"},"query-input":{"@type":"PropertyValueSpecification","valueRequired":true,"valueName":"search_term_string"}}],"inLanguage":"en-US"},{"@type":"Organization","@id":"https:\/\/akkok.com.tr\/en\/#organization","name":"Akk\u00f6k Holding","url":"https:\/\/akkok.com.tr\/en\/","logo":{"@type":"ImageObject","inLanguage":"en-US","@id":"https:\/\/akkok.com.tr\/en\/#\/schema\/logo\/image\/","url":"https:\/\/akkok.com.tr\/en\/wp-content\/uploads\/2023\/10\/AkkokHolding.png","contentUrl":"https:\/\/akkok.com.tr\/en\/wp-content\/uploads\/2023\/10\/AkkokHolding.png","width":176,"height":300,"caption":"Akk\u00f6k Holding"},"image":{"@id":"https:\/\/akkok.com.tr\/en\/#\/schema\/logo\/image\/"},"sameAs":["https:\/\/x.com\/AkkokHolding","https:\/\/tr.linkedin.com\/company\/akkk-holding","https:\/\/www.youtube.com\/@akkokholding4011\/featured","https:\/\/www.instagram.com\/akkokholding"]}]}},"_links":{"self":[{"href":"https:\/\/akkok.com.tr\/en\/wp-json\/wp\/v2\/pages\/2934","targetHints":{"allow":["GET"]}}],"collection":[{"href":"https:\/\/akkok.com.tr\/en\/wp-json\/wp\/v2\/pages"}],"about":[{"href":"https:\/\/akkok.com.tr\/en\/wp-json\/wp\/v2\/types\/page"}],"author":[{"embeddable":true,"href":"https:\/\/akkok.com.tr\/en\/wp-json\/wp\/v2\/users\/1"}],"replies":[{"embeddable":true,"href":"https:\/\/akkok.com.tr\/en\/wp-json\/wp\/v2\/comments?post=2934"}],"version-history":[{"count":68,"href":"https:\/\/akkok.com.tr\/en\/wp-json\/wp\/v2\/pages\/2934\/revisions"}],"predecessor-version":[{"id":7814,"href":"https:\/\/akkok.com.tr\/en\/wp-json\/wp\/v2\/pages\/2934\/revisions\/7814"}],"wp:attachment":[{"href":"https:\/\/akkok.com.tr\/en\/wp-json\/wp\/v2\/media?parent=2934"}],"curies":[{"name":"wp","href":"https:\/\/api.w.org\/{rel}","templated":true}]}}