{"id":1841,"date":"2023-10-22T22:46:08","date_gmt":"2023-10-22T22:46:08","guid":{"rendered":"https:\/\/new.akkok.com.tr\/en\/?page_id=1841"},"modified":"2024-03-08T12:26:07","modified_gmt":"2024-03-08T12:26:07","slug":"ucgen-bakim","status":"publish","type":"page","link":"https:\/\/akkok.com.tr\/en\/sektorler\/ucgen-bakim\/","title":{"rendered":"\u00dc\u00e7gen Maintenance and Management Services"},"content":{"rendered":"\t\t<div data-elementor-type=\"wp-page\" data-elementor-id=\"1841\" class=\"elementor elementor-1841\" data-elementor-post-type=\"page\">\n\t\t\t\t<div class=\"elementor-element elementor-element-7b4946e e-con-full e-flex e-con e-parent\" data-id=\"7b4946e\" data-element_type=\"container\">\n\t\t<div class=\"elementor-element elementor-element-57144d2 e-con-full animated-fast e-flex elementor-invisible e-con e-child\" data-id=\"57144d2\" data-element_type=\"container\" data-settings=\"{&quot;background_background&quot;:&quot;classic&quot;,&quot;animation&quot;:&quot;fadeInUp&quot;,&quot;animation_delay&quot;:550}\">\n\t\t<div class=\"elementor-element elementor-element-c28f05d e-con-full e-flex e-con e-child\" data-id=\"c28f05d\" data-element_type=\"container\">\n\t\t\t\t<div class=\"elementor-element elementor-element-fe887ad elementor-widget elementor-widget-heading\" data-id=\"fe887ad\" data-element_type=\"widget\" data-widget_type=\"heading.default\">\n\t\t\t\t\t<h2 class=\"elementor-heading-title elementor-size-default\"><a href=\"https:\/\/akkok.com.tr\/en\/sektorler\/\">Companies<\/a><\/h2>\t\t\t\t<\/div>\n\t\t\t\t<div class=\"elementor-element elementor-element-846dc37 elementor-widget elementor-widget-heading\" data-id=\"846dc37\" data-element_type=\"widget\" data-widget_type=\"heading.default\">\n\t\t\t\t\t<h2 class=\"elementor-heading-title elementor-size-default\">| <\/h2>\t\t\t\t<\/div>\n\t\t\t\t<div class=\"elementor-element elementor-element-decb5b4 elementor-widget elementor-widget-heading\" data-id=\"decb5b4\" data-element_type=\"widget\" data-widget_type=\"heading.default\">\n\t\t\t\t\t<h2 class=\"elementor-heading-title elementor-size-default\"><a href=\"https:\/\/akkok.com.tr\/en\/sektor\/#diger\">Other Sectors<\/a><\/h2>\t\t\t\t<\/div>\n\t\t\t\t<\/div>\n\t\t<div class=\"elementor-element elementor-element-311a74d e-con-full e-flex e-con e-child\" data-id=\"311a74d\" data-element_type=\"container\">\n\t\t\t\t<div class=\"elementor-element elementor-element-fda5162 elementor-widget__width-inherit elementor-widget elementor-widget-heading\" data-id=\"fda5162\" data-element_type=\"widget\" data-widget_type=\"heading.default\">\n\t\t\t\t\t<h2 class=\"elementor-heading-title elementor-size-default\">\u00dc\u00c7GEN MAINTENANCE AND MANAGEMENT SERVICES<\/h2>\t\t\t\t<\/div>\n\t\t\t\t<\/div>\n\t\t\t\t<\/div>\n\t\t<div class=\"elementor-element elementor-element-62114d5 e-con-full e-flex e-con e-child\" data-id=\"62114d5\" data-element_type=\"container\">\n\t\t<div class=\"elementor-element elementor-element-b83c944 e-con-full animated-fast e-flex elementor-invisible e-con e-child\" data-id=\"b83c944\" data-element_type=\"container\" data-settings=\"{&quot;background_background&quot;:&quot;classic&quot;,&quot;animation&quot;:&quot;fadeIn&quot;,&quot;animation_delay&quot;:700}\">\n\t\t<div class=\"elementor-element elementor-element-4582653 e-flex e-con-boxed e-con e-child\" data-id=\"4582653\" data-element_type=\"container\">\n\t\t\t\t\t<div class=\"e-con-inner\">\n\t\t\t\t<div class=\"elementor-element elementor-element-4cb53d6 elementor-widget elementor-widget-image\" data-id=\"4cb53d6\" data-element_type=\"widget\" data-widget_type=\"image.default\">\n\t\t\t\t\t\t\t\t\t\t\t\t\t\t\t<img fetchpriority=\"high\" decoding=\"async\" width=\"1200\" height=\"700\" src=\"https:\/\/akkok.com.tr\/en\/wp-content\/uploads\/2023\/10\/Ucgenbakim_Detay1.jpg\" class=\"attachment-full size-full wp-image-1847\" alt=\"\" srcset=\"https:\/\/akkok.com.tr\/en\/wp-content\/uploads\/2023\/10\/Ucgenbakim_Detay1.jpg 1200w, https:\/\/akkok.com.tr\/en\/wp-content\/uploads\/2023\/10\/Ucgenbakim_Detay1-300x175.jpg 300w, https:\/\/akkok.com.tr\/en\/wp-content\/uploads\/2023\/10\/Ucgenbakim_Detay1-1024x597.jpg 1024w, https:\/\/akkok.com.tr\/en\/wp-content\/uploads\/2023\/10\/Ucgenbakim_Detay1-768x448.jpg 768w\" sizes=\"(max-width: 1200px) 100vw, 1200px\" \/>\t\t\t\t\t\t\t\t\t\t\t\t\t\t\t<\/div>\n\t\t\t\t<div class=\"elementor-element elementor-element-e8536dc elementor-widget elementor-widget-text-editor\" data-id=\"e8536dc\" data-element_type=\"widget\" data-widget_type=\"text-editor.default\">\n\t\t\t\t\t\t\t\t\t<p>Managed by \u00dc\u00e7gen Bak\u0131m, Akmerkez is a living space brought to Istanbul by leaders in their fields such as Akk\u00f6k, Tekfen, and \u0130stikbal. Since 1993, with its architecture and management philosophy shaped by a contemporary perspective, it continues to add new values to social life in Etiler, one of the city&#8217;s most popular and central districts. While its 14 and 17-story office sections introduce a different concept to the business world, the 23-story Akmerkez Residence offers a living space that epitomizes comfort. Built on a total area of 180,000 m2, the center adopts a service delivery that extends into the future, with a parking garage for 1,500 vehicles, smart building automation, and a selected administrative, cleaning, and security staff of 400 people.<\/p>\t\t\t\t\t\t\t\t<\/div>\n\t\t\t\t\t<\/div>\n\t\t\t\t<\/div>\n\t\t\t\t<\/div>\n\t\t<div class=\"elementor-element elementor-element-d0c456e e-con-full e-flex elementor-invisible e-con e-child\" data-id=\"d0c456e\" data-element_type=\"container\" data-settings=\"{&quot;animation&quot;:&quot;fadeIn&quot;,&quot;animation_delay&quot;:900}\">\n\t\t<div class=\"elementor-element elementor-element-d20c1dd e-flex e-con-boxed e-con e-child\" data-id=\"d20c1dd\" data-element_type=\"container\" data-settings=\"{&quot;background_background&quot;:&quot;classic&quot;}\">\n\t\t\t\t\t<div class=\"e-con-inner\">\n\t\t<div class=\"elementor-element elementor-element-1327fc2 e-con-full e-flex e-con e-child\" data-id=\"1327fc2\" data-element_type=\"container\">\n\t\t\t\t<div class=\"elementor-element elementor-element-2be52bd elementor-widget elementor-widget-image\" data-id=\"2be52bd\" data-element_type=\"widget\" data-widget_type=\"image.default\">\n\t\t\t\t\t\t\t\t\t\t\t\t\t\t\t<img decoding=\"async\" width=\"280\" height=\"128\" src=\"https:\/\/akkok.com.tr\/en\/wp-content\/uploads\/2023\/10\/Ucgen-1.png\" class=\"attachment-full size-full wp-image-780\" alt=\"\" \/>\t\t\t\t\t\t\t\t\t\t\t\t\t\t\t<\/div>\n\t\t\t\t<\/div>\n\t\t<div class=\"elementor-element elementor-element-8e98956 e-flex e-con-boxed e-con e-child\" data-id=\"8e98956\" data-element_type=\"container\">\n\t\t\t\t\t<div class=\"e-con-inner\">\n\t\t\t\t<div class=\"elementor-element elementor-element-4f3a03d elementor-widget elementor-widget-heading\" data-id=\"4f3a03d\" data-element_type=\"widget\" data-widget_type=\"heading.default\">\n\t\t\t\t\t<h2 class=\"elementor-heading-title elementor-size-default\">COMPANY PROFILE<\/h2>\t\t\t\t<\/div>\n\t\t<div class=\"elementor-element elementor-element-10b899a e-con-full e-flex e-con e-child\" data-id=\"10b899a\" data-element_type=\"container\">\n\t\t\t\t<div class=\"elementor-element elementor-element-719fca5 elementor-widget elementor-widget-heading\" data-id=\"719fca5\" data-element_type=\"widget\" data-widget_type=\"heading.default\">\n\t\t\t\t\t<h2 class=\"elementor-heading-title elementor-size-default\"><b>Company Name:<\/b> \u00dc\u00e7gen Bak\u0131m ve Y\u00f6netim Hizmetleri A.\u015e.<\/h2>\t\t\t\t<\/div>\n\t\t\t\t<\/div>\n\t\t<div class=\"elementor-element elementor-element-5ca2167 e-con-full e-flex e-con e-child\" data-id=\"5ca2167\" data-element_type=\"container\">\n\t\t\t\t<div class=\"elementor-element elementor-element-b0d8a93 elementor-widget elementor-widget-heading\" data-id=\"b0d8a93\" data-element_type=\"widget\" data-widget_type=\"heading.default\">\n\t\t\t\t\t<h2 class=\"elementor-heading-title elementor-size-default\"><b>Sector:<\/b> Service<\/h2>\t\t\t\t<\/div>\n\t\t\t\t<\/div>\n\t\t<div class=\"elementor-element elementor-element-aaa81e8 e-con-full e-flex e-con e-child\" data-id=\"aaa81e8\" data-element_type=\"container\">\n\t\t\t\t<div class=\"elementor-element elementor-element-1761641 elementor-widget elementor-widget-heading\" data-id=\"1761641\" data-element_type=\"widget\" data-widget_type=\"heading.default\">\n\t\t\t\t\t<h2 class=\"elementor-heading-title elementor-size-default\"><b>Established in:<\/b> 1993<\/h2>\t\t\t\t<\/div>\n\t\t\t\t<\/div>\n\t\t<div class=\"elementor-element elementor-element-afc55c2 e-con-full e-flex e-con e-child\" data-id=\"afc55c2\" data-element_type=\"container\">\n\t\t\t\t<div class=\"elementor-element elementor-element-d02978d elementor-widget elementor-widget-heading\" data-id=\"d02978d\" data-element_type=\"widget\" data-widget_type=\"heading.default\">\n\t\t\t\t\t<h2 class=\"elementor-heading-title elementor-size-default\"><b>Number of Employees:<\/b> 53<\/h2>\t\t\t\t<\/div>\n\t\t\t\t<\/div>\n\t\t<div class=\"elementor-element elementor-element-ebc5dd2 e-con-full e-flex e-con e-child\" data-id=\"ebc5dd2\" data-element_type=\"container\">\n\t\t\t\t<div class=\"elementor-element elementor-element-0bda946 elementor-widget elementor-widget-heading\" data-id=\"0bda946\" data-element_type=\"widget\" data-widget_type=\"heading.default\">\n\t\t\t\t\t<h2 class=\"elementor-heading-title elementor-size-default\"><a href=\"mailto:%20ucgenbakim@hs02.kep.tr\"><b>Email:<\/b> <u>ucgenbakim@hs02.kep.tr<\/u><\/a><\/h2>\t\t\t\t<\/div>\n\t\t\t\t<\/div>\n\t\t<div class=\"elementor-element elementor-element-8b6650d e-con-full e-flex e-con e-child\" data-id=\"8b6650d\" data-element_type=\"container\">\n\t\t\t\t<div class=\"elementor-element elementor-element-4b69b99 elementor-widget elementor-widget-heading\" data-id=\"4b69b99\" data-element_type=\"widget\" data-widget_type=\"heading.default\">\n\t\t\t\t\t<h2 class=\"elementor-heading-title elementor-size-default\"><b>Phone:<\/b> +90  212 282 01 65<\/h2>\t\t\t\t<\/div>\n\t\t\t\t<\/div>\n\t\t<div class=\"elementor-element elementor-element-3f9634a e-con-full e-flex e-con e-child\" data-id=\"3f9634a\" data-element_type=\"container\">\n\t\t\t\t<div class=\"elementor-element elementor-element-ca4e6f3 elementor-widget elementor-widget-heading\" data-id=\"ca4e6f3\" data-element_type=\"widget\" data-widget_type=\"heading.default\">\n\t\t\t\t\t<h2 class=\"elementor-heading-title elementor-size-default\"><a href=\"mailto:%20karolin@akmerkez.com.tr\"><b>Press Contact:<\/b> <u>karolin@akmerkez.com.tr<\/u><\/a><\/h2>\t\t\t\t<\/div>\n\t\t\t\t<\/div>\n\t\t\t\t\t<\/div>\n\t\t\t\t<\/div>\n\t\t<div class=\"elementor-element elementor-element-1c9fbfb e-flex e-con-boxed e-con e-child\" data-id=\"1c9fbfb\" data-element_type=\"container\">\n\t\t\t\t\t<div class=\"e-con-inner\">\n\t\t\t\t<div class=\"elementor-element elementor-element-ca3f253 pp-buttons-stack-tablet pp-buttons-valign-middle pp-buttons-halign-left elementor-widget elementor-widget-pp-buttons\" data-id=\"ca3f253\" data-element_type=\"widget\" data-widget_type=\"pp-buttons.default\">\n\t\t\t\t\t\t\t<div class=\"pp-buttons-group\">\n\t\t\t\t\t\t\t\t\t\t\t<a href=\"https:\/\/www.ucgenbakimveyonetim.com.tr\/\" target=\"_blank\" class=\"pp-button elementor-button elementor-size-sm elementor-repeater-item-7f557d1 \">\n\t\t\t\t\t<div class=\"pp-button-content-wrapper\">\n\t\t\t\t\t\t<span class=\"pp-button-content-inner pp-icon-after\">\n\t\t\t\t\t\t\t\t\t\t\t\t\t\t\t\t\t<span class=\"pp-button-icon pp-icon\">\n\t\t\t\t\t\t\t\t\t\t\t<i aria-hidden=\"true\" class=\"akkokicons- akkok-icons-north-east-fill1-wght400-grad0-opsz48\"><\/i>\t\t\t\t\t\t\t\t\t\t<\/span>\n\t\t\t\t\t\t\t\t\t\t\n\t\t\t\t\t\t\t\t<span class=\"pp-button-title\">\n\t\t\t\t\t\t\t\t\tWebsite\t\t\t\t\t\t\t\t<\/span>\n\t\t\t\t\t\t\t\t\t\t\t\t\t<\/span>\n\t\t\t\t\t<\/div>\n\t\t\t\t<\/a>\n\t\t\t\t\t\t\t\t\t\t<\/div>\t\t\t\t<\/div>\n\t\t\t\t\t<\/div>\n\t\t\t\t<\/div>\n\t\t\t\t\t<\/div>\n\t\t\t\t<\/div>\n\t\t<div class=\"elementor-element elementor-element-7fb4535 elementor-hidden-desktop elementor-hidden-tablet elementor-hidden-mobile e-flex e-con-boxed e-con e-child\" data-id=\"7fb4535\" data-element_type=\"container\" data-settings=\"{&quot;background_background&quot;:&quot;classic&quot;}\">\n\t\t\t\t\t<div class=\"e-con-inner\">\n\t\t\t\t\t<\/div>\n\t\t\t\t<\/div>\n\t\t\t\t<\/div>\n\t\t\t\t<\/div>\n\t\t<div class=\"elementor-element elementor-element-8ce8207 e-con-full elementor-hidden-desktop elementor-hidden-tablet elementor-hidden-mobile e-flex e-con e-child\" data-id=\"8ce8207\" data-element_type=\"container\">\n\t\t\t\t<\/div>\n\t\t\t\t<\/div>\n\t\t\t\t<\/div>\n\t\t","protected":false},"excerpt":{"rendered":"<p>Companies | Other Sectors \u00dc\u00c7GEN MAINTENANCE AND MANAGEMENT SERVICES Managed by \u00dc\u00e7gen Bak\u0131m, Akmerkez is a living space brought to Istanbul by leaders in their fields such as Akk\u00f6k, Tekfen, and \u0130stikbal. Since 1993, with its architecture and management philosophy shaped by a contemporary perspective, it continues to add new values to social life in [&hellip;]<\/p>\n","protected":false},"author":1,"featured_media":0,"parent":707,"menu_order":0,"comment_status":"closed","ping_status":"closed","template":"elementor_header_footer","meta":{"_acf_changed":false,"footnotes":""},"class_list":["post-1841","page","type-page","status-publish","hentry"],"acf":[],"yoast_head":"<!-- This site is optimized with the Yoast SEO plugin v26.6 - https:\/\/yoast.com\/wordpress\/plugins\/seo\/ -->\n<title>\u00dc\u00e7gen Maintenance and Management Services - Akk\u00f6k Holding<\/title>\n<meta name=\"robots\" content=\"index, follow, max-snippet:-1, max-image-preview:large, max-video-preview:-1\" \/>\n<link rel=\"canonical\" href=\"https:\/\/akkok.com.tr\/en\/sektorler\/ucgen-bakim\/\" \/>\n<meta property=\"og:locale\" content=\"en_US\" \/>\n<meta property=\"og:type\" content=\"article\" \/>\n<meta property=\"og:title\" content=\"\u00dc\u00e7gen Maintenance and Management Services - Akk\u00f6k Holding\" \/>\n<meta property=\"og:description\" content=\"Companies | Other Sectors \u00dc\u00c7GEN MAINTENANCE AND MANAGEMENT SERVICES Managed by \u00dc\u00e7gen Bak\u0131m, Akmerkez is a living space brought to Istanbul by leaders in their fields such as Akk\u00f6k, Tekfen, and \u0130stikbal. Since 1993, with its architecture and management philosophy shaped by a contemporary perspective, it continues to add new values to social life in [&hellip;]\" \/>\n<meta property=\"og:url\" content=\"https:\/\/akkok.com.tr\/en\/sektorler\/ucgen-bakim\/\" \/>\n<meta property=\"og:site_name\" content=\"Akk\u00f6k Holding\" \/>\n<meta property=\"article:modified_time\" content=\"2024-03-08T12:26:07+00:00\" \/>\n<meta property=\"og:image\" content=\"https:\/\/akkok.com.tr\/en\/wp-content\/uploads\/2023\/10\/Ucgenbakim_Detay1.jpg\" \/>\n<meta name=\"twitter:card\" content=\"summary_large_image\" \/>\n<meta name=\"twitter:site\" content=\"@AkkokHolding\" \/>\n<meta name=\"twitter:label1\" content=\"Est. reading time\" \/>\n\t<meta name=\"twitter:data1\" content=\"2 minutes\" \/>\n<script type=\"application\/ld+json\" class=\"yoast-schema-graph\">{\"@context\":\"https:\/\/schema.org\",\"@graph\":[{\"@type\":\"WebPage\",\"@id\":\"https:\/\/akkok.com.tr\/en\/sektorler\/ucgen-bakim\/\",\"url\":\"https:\/\/akkok.com.tr\/en\/sektorler\/ucgen-bakim\/\",\"name\":\"\u00dc\u00e7gen Maintenance and Management Services - Akk\u00f6k Holding\",\"isPartOf\":{\"@id\":\"https:\/\/akkok.com.tr\/en\/#website\"},\"primaryImageOfPage\":{\"@id\":\"https:\/\/akkok.com.tr\/en\/sektorler\/ucgen-bakim\/#primaryimage\"},\"image\":{\"@id\":\"https:\/\/akkok.com.tr\/en\/sektorler\/ucgen-bakim\/#primaryimage\"},\"thumbnailUrl\":\"https:\/\/akkok.com.tr\/en\/wp-content\/uploads\/2023\/10\/Ucgenbakim_Detay1.jpg\",\"datePublished\":\"2023-10-22T22:46:08+00:00\",\"dateModified\":\"2024-03-08T12:26:07+00:00\",\"breadcrumb\":{\"@id\":\"https:\/\/akkok.com.tr\/en\/sektorler\/ucgen-bakim\/#breadcrumb\"},\"inLanguage\":\"en-US\",\"potentialAction\":[{\"@type\":\"ReadAction\",\"target\":[\"https:\/\/akkok.com.tr\/en\/sektorler\/ucgen-bakim\/\"]}]},{\"@type\":\"ImageObject\",\"inLanguage\":\"en-US\",\"@id\":\"https:\/\/akkok.com.tr\/en\/sektorler\/ucgen-bakim\/#primaryimage\",\"url\":\"https:\/\/akkok.com.tr\/en\/wp-content\/uploads\/2023\/10\/Ucgenbakim_Detay1.jpg\",\"contentUrl\":\"https:\/\/akkok.com.tr\/en\/wp-content\/uploads\/2023\/10\/Ucgenbakim_Detay1.jpg\",\"width\":1200,\"height\":700},{\"@type\":\"BreadcrumbList\",\"@id\":\"https:\/\/akkok.com.tr\/en\/sektorler\/ucgen-bakim\/#breadcrumb\",\"itemListElement\":[{\"@type\":\"ListItem\",\"position\":1,\"name\":\"Companies\",\"item\":\"https:\/\/akkok.com.tr\/en\/sektorler\/\"},{\"@type\":\"ListItem\",\"position\":2,\"name\":\"\u00dc\u00e7gen Maintenance and Management Services\"}]},{\"@type\":\"WebSite\",\"@id\":\"https:\/\/akkok.com.tr\/en\/#website\",\"url\":\"https:\/\/akkok.com.tr\/en\/\",\"name\":\"Akk\u00f6k Holding\",\"description\":\"\",\"publisher\":{\"@id\":\"https:\/\/akkok.com.tr\/en\/#organization\"},\"potentialAction\":[{\"@type\":\"SearchAction\",\"target\":{\"@type\":\"EntryPoint\",\"urlTemplate\":\"https:\/\/akkok.com.tr\/en\/?s={search_term_string}\"},\"query-input\":{\"@type\":\"PropertyValueSpecification\",\"valueRequired\":true,\"valueName\":\"search_term_string\"}}],\"inLanguage\":\"en-US\"},{\"@type\":\"Organization\",\"@id\":\"https:\/\/akkok.com.tr\/en\/#organization\",\"name\":\"Akk\u00f6k Holding\",\"url\":\"https:\/\/akkok.com.tr\/en\/\",\"logo\":{\"@type\":\"ImageObject\",\"inLanguage\":\"en-US\",\"@id\":\"https:\/\/akkok.com.tr\/en\/#\/schema\/logo\/image\/\",\"url\":\"https:\/\/akkok.com.tr\/en\/wp-content\/uploads\/2023\/10\/AkkokHolding.png\",\"contentUrl\":\"https:\/\/akkok.com.tr\/en\/wp-content\/uploads\/2023\/10\/AkkokHolding.png\",\"width\":176,\"height\":300,\"caption\":\"Akk\u00f6k Holding\"},\"image\":{\"@id\":\"https:\/\/akkok.com.tr\/en\/#\/schema\/logo\/image\/\"},\"sameAs\":[\"https:\/\/x.com\/AkkokHolding\",\"https:\/\/tr.linkedin.com\/company\/akkk-holding\",\"https:\/\/www.youtube.com\/@akkokholding4011\/featured\",\"https:\/\/www.instagram.com\/akkokholding\"]}]}<\/script>\n<!-- \/ Yoast SEO plugin. -->","yoast_head_json":{"title":"\u00dc\u00e7gen Maintenance and Management Services - Akk\u00f6k Holding","robots":{"index":"index","follow":"follow","max-snippet":"max-snippet:-1","max-image-preview":"max-image-preview:large","max-video-preview":"max-video-preview:-1"},"canonical":"https:\/\/akkok.com.tr\/en\/sektorler\/ucgen-bakim\/","og_locale":"en_US","og_type":"article","og_title":"\u00dc\u00e7gen Maintenance and Management Services - Akk\u00f6k Holding","og_description":"Companies | Other Sectors \u00dc\u00c7GEN MAINTENANCE AND MANAGEMENT SERVICES Managed by \u00dc\u00e7gen Bak\u0131m, Akmerkez is a living space brought to Istanbul by leaders in their fields such as Akk\u00f6k, Tekfen, and \u0130stikbal. Since 1993, with its architecture and management philosophy shaped by a contemporary perspective, it continues to add new values to social life in [&hellip;]","og_url":"https:\/\/akkok.com.tr\/en\/sektorler\/ucgen-bakim\/","og_site_name":"Akk\u00f6k Holding","article_modified_time":"2024-03-08T12:26:07+00:00","og_image":[{"url":"https:\/\/akkok.com.tr\/en\/wp-content\/uploads\/2023\/10\/Ucgenbakim_Detay1.jpg","type":"","width":"","height":""}],"twitter_card":"summary_large_image","twitter_site":"@AkkokHolding","twitter_misc":{"Est. reading time":"2 minutes"},"schema":{"@context":"https:\/\/schema.org","@graph":[{"@type":"WebPage","@id":"https:\/\/akkok.com.tr\/en\/sektorler\/ucgen-bakim\/","url":"https:\/\/akkok.com.tr\/en\/sektorler\/ucgen-bakim\/","name":"\u00dc\u00e7gen Maintenance and Management Services - Akk\u00f6k Holding","isPartOf":{"@id":"https:\/\/akkok.com.tr\/en\/#website"},"primaryImageOfPage":{"@id":"https:\/\/akkok.com.tr\/en\/sektorler\/ucgen-bakim\/#primaryimage"},"image":{"@id":"https:\/\/akkok.com.tr\/en\/sektorler\/ucgen-bakim\/#primaryimage"},"thumbnailUrl":"https:\/\/akkok.com.tr\/en\/wp-content\/uploads\/2023\/10\/Ucgenbakim_Detay1.jpg","datePublished":"2023-10-22T22:46:08+00:00","dateModified":"2024-03-08T12:26:07+00:00","breadcrumb":{"@id":"https:\/\/akkok.com.tr\/en\/sektorler\/ucgen-bakim\/#breadcrumb"},"inLanguage":"en-US","potentialAction":[{"@type":"ReadAction","target":["https:\/\/akkok.com.tr\/en\/sektorler\/ucgen-bakim\/"]}]},{"@type":"ImageObject","inLanguage":"en-US","@id":"https:\/\/akkok.com.tr\/en\/sektorler\/ucgen-bakim\/#primaryimage","url":"https:\/\/akkok.com.tr\/en\/wp-content\/uploads\/2023\/10\/Ucgenbakim_Detay1.jpg","contentUrl":"https:\/\/akkok.com.tr\/en\/wp-content\/uploads\/2023\/10\/Ucgenbakim_Detay1.jpg","width":1200,"height":700},{"@type":"BreadcrumbList","@id":"https:\/\/akkok.com.tr\/en\/sektorler\/ucgen-bakim\/#breadcrumb","itemListElement":[{"@type":"ListItem","position":1,"name":"Companies","item":"https:\/\/akkok.com.tr\/en\/sektorler\/"},{"@type":"ListItem","position":2,"name":"\u00dc\u00e7gen Maintenance and Management Services"}]},{"@type":"WebSite","@id":"https:\/\/akkok.com.tr\/en\/#website","url":"https:\/\/akkok.com.tr\/en\/","name":"Akk\u00f6k Holding","description":"","publisher":{"@id":"https:\/\/akkok.com.tr\/en\/#organization"},"potentialAction":[{"@type":"SearchAction","target":{"@type":"EntryPoint","urlTemplate":"https:\/\/akkok.com.tr\/en\/?s={search_term_string}"},"query-input":{"@type":"PropertyValueSpecification","valueRequired":true,"valueName":"search_term_string"}}],"inLanguage":"en-US"},{"@type":"Organization","@id":"https:\/\/akkok.com.tr\/en\/#organization","name":"Akk\u00f6k Holding","url":"https:\/\/akkok.com.tr\/en\/","logo":{"@type":"ImageObject","inLanguage":"en-US","@id":"https:\/\/akkok.com.tr\/en\/#\/schema\/logo\/image\/","url":"https:\/\/akkok.com.tr\/en\/wp-content\/uploads\/2023\/10\/AkkokHolding.png","contentUrl":"https:\/\/akkok.com.tr\/en\/wp-content\/uploads\/2023\/10\/AkkokHolding.png","width":176,"height":300,"caption":"Akk\u00f6k Holding"},"image":{"@id":"https:\/\/akkok.com.tr\/en\/#\/schema\/logo\/image\/"},"sameAs":["https:\/\/x.com\/AkkokHolding","https:\/\/tr.linkedin.com\/company\/akkk-holding","https:\/\/www.youtube.com\/@akkokholding4011\/featured","https:\/\/www.instagram.com\/akkokholding"]}]}},"_links":{"self":[{"href":"https:\/\/akkok.com.tr\/en\/wp-json\/wp\/v2\/pages\/1841","targetHints":{"allow":["GET"]}}],"collection":[{"href":"https:\/\/akkok.com.tr\/en\/wp-json\/wp\/v2\/pages"}],"about":[{"href":"https:\/\/akkok.com.tr\/en\/wp-json\/wp\/v2\/types\/page"}],"author":[{"embeddable":true,"href":"https:\/\/akkok.com.tr\/en\/wp-json\/wp\/v2\/users\/1"}],"replies":[{"embeddable":true,"href":"https:\/\/akkok.com.tr\/en\/wp-json\/wp\/v2\/comments?post=1841"}],"version-history":[{"count":45,"href":"https:\/\/akkok.com.tr\/en\/wp-json\/wp\/v2\/pages\/1841\/revisions"}],"predecessor-version":[{"id":7857,"href":"https:\/\/akkok.com.tr\/en\/wp-json\/wp\/v2\/pages\/1841\/revisions\/7857"}],"up":[{"embeddable":true,"href":"https:\/\/akkok.com.tr\/en\/wp-json\/wp\/v2\/pages\/707"}],"wp:attachment":[{"href":"https:\/\/akkok.com.tr\/en\/wp-json\/wp\/v2\/media?parent=1841"}],"curies":[{"name":"wp","href":"https:\/\/api.w.org\/{rel}","templated":true}]}}