{"id":1777,"date":"2023-10-22T22:00:52","date_gmt":"2023-10-22T22:00:52","guid":{"rendered":"https:\/\/new.akkok.com.tr\/en\/?page_id=1777"},"modified":"2025-05-06T10:21:23","modified_gmt":"2025-05-06T10:21:23","slug":"papermoon","status":"publish","type":"page","link":"https:\/\/akkok.com.tr\/en\/sektorler\/papermoon\/","title":{"rendered":"Paper Moon"},"content":{"rendered":"\t\t<div data-elementor-type=\"wp-page\" data-elementor-id=\"1777\" class=\"elementor elementor-1777\" data-elementor-post-type=\"page\">\n\t\t\t\t<div class=\"elementor-element elementor-element-1b19adf e-con-full e-flex e-con e-parent\" data-id=\"1b19adf\" data-element_type=\"container\">\n\t\t<div class=\"elementor-element elementor-element-f3f1995 e-con-full animated-fast e-flex elementor-invisible e-con e-child\" data-id=\"f3f1995\" data-element_type=\"container\" data-settings=\"{&quot;background_background&quot;:&quot;classic&quot;,&quot;animation&quot;:&quot;fadeInUp&quot;,&quot;animation_delay&quot;:550}\">\n\t\t<div class=\"elementor-element elementor-element-b0ed32b e-con-full e-flex e-con e-child\" data-id=\"b0ed32b\" data-element_type=\"container\">\n\t\t\t\t<div class=\"elementor-element elementor-element-1ac3b8b elementor-widget elementor-widget-heading\" data-id=\"1ac3b8b\" data-element_type=\"widget\" data-widget_type=\"heading.default\">\n\t\t\t\t\t<h2 class=\"elementor-heading-title elementor-size-default\"><a href=\"https:\/\/akkok.com.tr\/en\/sektorler\/\">Companies<\/a><\/h2>\t\t\t\t<\/div>\n\t\t\t\t<div class=\"elementor-element elementor-element-b39bac3 elementor-widget elementor-widget-heading\" data-id=\"b39bac3\" data-element_type=\"widget\" data-widget_type=\"heading.default\">\n\t\t\t\t\t<h2 class=\"elementor-heading-title elementor-size-default\">| <\/h2>\t\t\t\t<\/div>\n\t\t\t\t<div class=\"elementor-element elementor-element-81ed745 elementor-widget elementor-widget-heading\" data-id=\"81ed745\" data-element_type=\"widget\" data-widget_type=\"heading.default\">\n\t\t\t\t\t<h2 class=\"elementor-heading-title elementor-size-default\"><a href=\"https:\/\/akkok.com.tr\/en\/sektor\/#hizmet\">Service<\/a><\/h2>\t\t\t\t<\/div>\n\t\t\t\t<\/div>\n\t\t<div class=\"elementor-element elementor-element-50bcb6c e-con-full e-flex e-con e-child\" data-id=\"50bcb6c\" data-element_type=\"container\">\n\t\t\t\t<div class=\"elementor-element elementor-element-5f66b51 elementor-widget elementor-widget-heading\" data-id=\"5f66b51\" data-element_type=\"widget\" data-widget_type=\"heading.default\">\n\t\t\t\t\t<h2 class=\"elementor-heading-title elementor-size-default\">PAPER MOON <\/h2>\t\t\t\t<\/div>\n\t\t\t\t<\/div>\n\t\t\t\t<\/div>\n\t\t<div class=\"elementor-element elementor-element-6fd372c e-con-full e-flex e-con e-child\" data-id=\"6fd372c\" data-element_type=\"container\">\n\t\t<div class=\"elementor-element elementor-element-9553bf4 e-con-full animated-fast e-flex elementor-invisible e-con e-child\" data-id=\"9553bf4\" data-element_type=\"container\" data-settings=\"{&quot;background_background&quot;:&quot;classic&quot;,&quot;animation&quot;:&quot;fadeIn&quot;,&quot;animation_delay&quot;:700}\">\n\t\t<div class=\"elementor-element elementor-element-b9cfea8 e-flex e-con-boxed e-con e-child\" data-id=\"b9cfea8\" data-element_type=\"container\">\n\t\t\t\t\t<div class=\"e-con-inner\">\n\t\t\t\t<div class=\"elementor-element elementor-element-ad0d2f0 elementor-widget elementor-widget-image-carousel\" data-id=\"ad0d2f0\" data-element_type=\"widget\" data-settings=\"{&quot;slides_to_show&quot;:&quot;1&quot;,&quot;navigation&quot;:&quot;none&quot;,&quot;lazyload&quot;:&quot;yes&quot;,&quot;pause_on_hover&quot;:&quot;no&quot;,&quot;pause_on_interaction&quot;:&quot;no&quot;,&quot;autoplay_speed&quot;:2400,&quot;effect&quot;:&quot;fade&quot;,&quot;speed&quot;:700,&quot;autoplay&quot;:&quot;yes&quot;,&quot;infinite&quot;:&quot;yes&quot;}\" data-widget_type=\"image-carousel.default\">\n\t\t\t\t\t\t\t<div class=\"elementor-image-carousel-wrapper swiper\" role=\"region\" aria-roledescription=\"carousel\" aria-label=\"Image Carousel\" dir=\"ltr\">\n\t\t\t<div class=\"elementor-image-carousel swiper-wrapper\" aria-live=\"off\">\n\t\t\t\t\t\t\t\t<div class=\"swiper-slide\" role=\"group\" aria-roledescription=\"slide\" aria-label=\"1 of 4\"><figure class=\"swiper-slide-inner\"><img class=\"swiper-slide-image swiper-lazy\" data-src=\"https:\/\/akkok.com.tr\/en\/wp-content\/uploads\/2023\/10\/Papermoon_Detay1.jpg\" alt=\"Papermoon_Detay1\" \/><div class=\"swiper-lazy-preloader\"><\/div><\/figure><\/div><div class=\"swiper-slide\" role=\"group\" aria-roledescription=\"slide\" aria-label=\"2 of 4\"><figure class=\"swiper-slide-inner\"><img class=\"swiper-slide-image swiper-lazy\" data-src=\"https:\/\/akkok.com.tr\/en\/wp-content\/uploads\/2023\/10\/Papermoon_Detay2.jpg\" alt=\"Papermoon_Detay2\" \/><div class=\"swiper-lazy-preloader\"><\/div><\/figure><\/div><div class=\"swiper-slide\" role=\"group\" aria-roledescription=\"slide\" aria-label=\"3 of 4\"><figure class=\"swiper-slide-inner\"><img class=\"swiper-slide-image swiper-lazy\" data-src=\"https:\/\/akkok.com.tr\/en\/wp-content\/uploads\/2023\/10\/Papermoon_Detay4.jpg\" alt=\"Papermoon_Detay4\" \/><div class=\"swiper-lazy-preloader\"><\/div><\/figure><\/div><div class=\"swiper-slide\" role=\"group\" aria-roledescription=\"slide\" aria-label=\"4 of 4\"><figure class=\"swiper-slide-inner\"><img class=\"swiper-slide-image swiper-lazy\" data-src=\"https:\/\/akkok.com.tr\/en\/wp-content\/uploads\/2023\/10\/Papermoon_Detay3.jpg\" alt=\"Papermoon_Detay3\" \/><div class=\"swiper-lazy-preloader\"><\/div><\/figure><\/div>\t\t\t<\/div>\n\t\t\t\t\t\t\t\n\t\t\t\t\t\t\t\t\t<\/div>\n\t\t\t\t\t\t<\/div>\n\t\t\t\t<div class=\"elementor-element elementor-element-9313ef0 elementor-widget elementor-widget-text-editor\" data-id=\"9313ef0\" data-element_type=\"widget\" data-widget_type=\"text-editor.default\">\n\t\t\t\t\t\t\t\t\t<p>The world-renowned Italian restaurant Paper Moon, following its establishments in Milan and New York, opened its doors to guests at Akmerkez in 1996. Operated under the professional management philosophy of Akmerkez Catering, Paper Moon offers delicately prepared flavors of Italian cuisine in a comfortable setting with a calm and peaceful atmosphere.<\/p><p>Managed by Italian Chef Giuseppe Pressani and his professional team, the restaurant quickly became one of Istanbul&#8217;s prestigious food and beverage sector brands, turning into a city classic. Aiming to achieve the highest possible standards in food and service quality, the restaurant is subjected to the supervision of Italian consultant Paolo Lattanzi four times a year, for a two-week period, along with all its staff.<\/p><p>With its elegant interior design and professional lighting, Paper Moon offers a tranquil environment away from the city&#8217;s hustle and bustle, earning awards in several categories for these features. The restaurant&#8217;s meticulous approach was recognized with the &#8220;Interior Design&#8221; award by Restaurants and Institutions-New York in 1997 and the &#8220;Interior Lighting&#8221; award by Lumens-New York in 1998.<\/p>\t\t\t\t\t\t\t\t<\/div>\n\t\t\t\t\t<\/div>\n\t\t\t\t<\/div>\n\t\t\t\t<\/div>\n\t\t<div class=\"elementor-element elementor-element-8f03276 e-con-full e-flex elementor-invisible e-con e-child\" data-id=\"8f03276\" data-element_type=\"container\" data-settings=\"{&quot;animation&quot;:&quot;fadeIn&quot;,&quot;animation_delay&quot;:900}\">\n\t\t<div class=\"elementor-element elementor-element-ccf06ba e-flex e-con-boxed e-con e-child\" data-id=\"ccf06ba\" data-element_type=\"container\" data-settings=\"{&quot;background_background&quot;:&quot;classic&quot;}\">\n\t\t\t\t\t<div class=\"e-con-inner\">\n\t\t<div class=\"elementor-element elementor-element-8224778 e-con-full e-flex e-con e-child\" data-id=\"8224778\" data-element_type=\"container\">\n\t\t\t\t<div class=\"elementor-element elementor-element-2b7958c elementor-widget elementor-widget-image\" data-id=\"2b7958c\" data-element_type=\"widget\" data-widget_type=\"image.default\">\n\t\t\t\t\t\t\t\t\t\t\t\t\t\t\t<img decoding=\"async\" width=\"280\" height=\"128\" src=\"https:\/\/akkok.com.tr\/en\/wp-content\/uploads\/2023\/10\/Papermoon.png\" class=\"attachment-full size-full wp-image-777\" alt=\"\" \/>\t\t\t\t\t\t\t\t\t\t\t\t\t\t\t<\/div>\n\t\t\t\t<\/div>\n\t\t<div class=\"elementor-element elementor-element-d5f692f e-flex e-con-boxed e-con e-child\" data-id=\"d5f692f\" data-element_type=\"container\">\n\t\t\t\t\t<div class=\"e-con-inner\">\n\t\t\t\t<div class=\"elementor-element elementor-element-3f3d3d8 elementor-widget elementor-widget-heading\" data-id=\"3f3d3d8\" data-element_type=\"widget\" data-widget_type=\"heading.default\">\n\t\t\t\t\t<h2 class=\"elementor-heading-title elementor-size-default\">COMPANY PROFILE<\/h2>\t\t\t\t<\/div>\n\t\t<div class=\"elementor-element elementor-element-d3e2987 e-con-full e-flex e-con e-child\" data-id=\"d3e2987\" data-element_type=\"container\">\n\t\t\t\t<div class=\"elementor-element elementor-element-aaf3e08 elementor-widget elementor-widget-heading\" data-id=\"aaf3e08\" data-element_type=\"widget\" data-widget_type=\"heading.default\">\n\t\t\t\t\t<h2 class=\"elementor-heading-title elementor-size-default\"><b>Company Name:<\/b> Akmerkez Lokantac\u0131l\u0131k G\u0131da San. ve Tic. A.\u015e.<\/h2>\t\t\t\t<\/div>\n\t\t\t\t<\/div>\n\t\t<div class=\"elementor-element elementor-element-7f461e0 e-con-full e-flex e-con e-child\" data-id=\"7f461e0\" data-element_type=\"container\">\n\t\t\t\t<div class=\"elementor-element elementor-element-11452f8 elementor-widget elementor-widget-heading\" data-id=\"11452f8\" data-element_type=\"widget\" data-widget_type=\"heading.default\">\n\t\t\t\t\t<h2 class=\"elementor-heading-title elementor-size-default\"><b>Sector:<\/b> Service<\/h2>\t\t\t\t<\/div>\n\t\t\t\t<\/div>\n\t\t<div class=\"elementor-element elementor-element-0b31a2c e-con-full e-flex e-con e-child\" data-id=\"0b31a2c\" data-element_type=\"container\">\n\t\t\t\t<div class=\"elementor-element elementor-element-a921f56 elementor-widget elementor-widget-heading\" data-id=\"a921f56\" data-element_type=\"widget\" data-widget_type=\"heading.default\">\n\t\t\t\t\t<h2 class=\"elementor-heading-title elementor-size-default\"><b>Established in:<\/b> 1996<\/h2>\t\t\t\t<\/div>\n\t\t\t\t<\/div>\n\t\t<div class=\"elementor-element elementor-element-c806cad e-con-full e-flex e-con e-child\" data-id=\"c806cad\" data-element_type=\"container\">\n\t\t\t\t<div class=\"elementor-element elementor-element-8649abc elementor-widget elementor-widget-heading\" data-id=\"8649abc\" data-element_type=\"widget\" data-widget_type=\"heading.default\">\n\t\t\t\t\t<h2 class=\"elementor-heading-title elementor-size-default\"><b>Number of Employees:<\/b> 91<\/h2>\t\t\t\t<\/div>\n\t\t\t\t<\/div>\n\t\t<div class=\"elementor-element elementor-element-274e5cd e-con-full e-flex e-con e-child\" data-id=\"274e5cd\" data-element_type=\"container\">\n\t\t\t\t<div class=\"elementor-element elementor-element-7523f7a elementor-widget elementor-widget-heading\" data-id=\"7523f7a\" data-element_type=\"widget\" data-widget_type=\"heading.default\">\n\t\t\t\t\t<h2 class=\"elementor-heading-title elementor-size-default\"><a href=\"mailto:%20info@papermoon.com.tr\"><b>Email:<\/b> <u>info@papermoon.com.tr<\/u><\/a><\/h2>\t\t\t\t<\/div>\n\t\t\t\t<\/div>\n\t\t<div class=\"elementor-element elementor-element-404aa22 e-con-full e-flex e-con e-child\" data-id=\"404aa22\" data-element_type=\"container\">\n\t\t\t\t<div class=\"elementor-element elementor-element-b082a10 elementor-widget elementor-widget-heading\" data-id=\"b082a10\" data-element_type=\"widget\" data-widget_type=\"heading.default\">\n\t\t\t\t\t<h2 class=\"elementor-heading-title elementor-size-default\"><b>Phone:<\/b> 0 212 282 16 16<\/h2>\t\t\t\t<\/div>\n\t\t\t\t<\/div>\n\t\t<div class=\"elementor-element elementor-element-7ac37f1 e-con-full e-flex e-con e-child\" data-id=\"7ac37f1\" data-element_type=\"container\">\n\t\t\t\t<div class=\"elementor-element elementor-element-0f21bd7 elementor-widget elementor-widget-heading\" data-id=\"0f21bd7\" data-element_type=\"widget\" data-widget_type=\"heading.default\">\n\t\t\t\t\t<h2 class=\"elementor-heading-title elementor-size-default\"><a href=\"mailto:%20aodiyet@akkok.com.tr\"><b>Press Contact:<\/b> <u>aodiyet@akkok.com.tr<\/u><\/a><\/h2>\t\t\t\t<\/div>\n\t\t\t\t<\/div>\n\t\t\t\t\t<\/div>\n\t\t\t\t<\/div>\n\t\t<div class=\"elementor-element elementor-element-885338f e-flex e-con-boxed e-con e-child\" data-id=\"885338f\" data-element_type=\"container\">\n\t\t\t\t\t<div class=\"e-con-inner\">\n\t\t\t\t<div class=\"elementor-element elementor-element-b3dbe31 pp-buttons-stack-tablet pp-buttons-valign-middle pp-buttons-halign-left elementor-widget elementor-widget-pp-buttons\" data-id=\"b3dbe31\" data-element_type=\"widget\" data-widget_type=\"pp-buttons.default\">\n\t\t\t\t\t\t\t<div class=\"pp-buttons-group\">\n\t\t\t\t\t\t\t\t\t\t\t<a href=\"https:\/\/www.papermoonrestaurants.com\/paper-moon-istanbul.html\" target=\"_blank\" class=\"pp-button elementor-button elementor-size-sm elementor-repeater-item-7f557d1 \">\n\t\t\t\t\t<div class=\"pp-button-content-wrapper\">\n\t\t\t\t\t\t<span class=\"pp-button-content-inner pp-icon-after\">\n\t\t\t\t\t\t\t\t\t\t\t\t\t\t\t\t\t<span class=\"pp-button-icon pp-icon\">\n\t\t\t\t\t\t\t\t\t\t\t<i aria-hidden=\"true\" class=\"akkokicons- akkok-icons-north-east-fill1-wght400-grad0-opsz48\"><\/i>\t\t\t\t\t\t\t\t\t\t<\/span>\n\t\t\t\t\t\t\t\t\t\t\n\t\t\t\t\t\t\t\t<span class=\"pp-button-title\">\n\t\t\t\t\t\t\t\t\tWebsite\t\t\t\t\t\t\t\t<\/span>\n\t\t\t\t\t\t\t\t\t\t\t\t\t<\/span>\n\t\t\t\t\t<\/div>\n\t\t\t\t<\/a>\n\t\t\t\t\t\t\t\t\t\t<\/div>\t\t\t\t<\/div>\n\t\t\t\t\t<\/div>\n\t\t\t\t<\/div>\n\t\t\t\t\t<\/div>\n\t\t\t\t<\/div>\n\t\t<div class=\"elementor-element elementor-element-638c1cb elementor-hidden-desktop elementor-hidden-tablet elementor-hidden-mobile e-flex e-con-boxed e-con e-child\" data-id=\"638c1cb\" data-element_type=\"container\" data-settings=\"{&quot;background_background&quot;:&quot;classic&quot;}\">\n\t\t\t\t\t<div class=\"e-con-inner\">\n\t\t\t\t\t<\/div>\n\t\t\t\t<\/div>\n\t\t\t\t<\/div>\n\t\t\t\t<\/div>\n\t\t<div class=\"elementor-element elementor-element-7bb58d5 e-con-full elementor-hidden-desktop elementor-hidden-tablet elementor-hidden-mobile e-flex e-con e-child\" data-id=\"7bb58d5\" data-element_type=\"container\">\n\t\t\t\t<\/div>\n\t\t\t\t<\/div>\n\t\t\t\t<\/div>\n\t\t","protected":false},"excerpt":{"rendered":"<p>Companies | Service PAPER MOON The world-renowned Italian restaurant Paper Moon, following its establishments in Milan and New York, opened its doors to guests at Akmerkez in 1996. Operated under the professional management philosophy of Akmerkez Catering, Paper Moon offers delicately prepared flavors of Italian cuisine in a comfortable setting with a calm and peaceful [&hellip;]<\/p>\n","protected":false},"author":1,"featured_media":0,"parent":707,"menu_order":0,"comment_status":"closed","ping_status":"closed","template":"elementor_header_footer","meta":{"_acf_changed":false,"footnotes":""},"class_list":["post-1777","page","type-page","status-publish","hentry"],"acf":[],"yoast_head":"<!-- This site is optimized with the Yoast SEO plugin v26.6 - https:\/\/yoast.com\/wordpress\/plugins\/seo\/ -->\n<title>Paper Moon - Akk\u00f6k Holding<\/title>\n<meta name=\"robots\" content=\"index, follow, max-snippet:-1, max-image-preview:large, max-video-preview:-1\" \/>\n<link rel=\"canonical\" href=\"https:\/\/akkok.com.tr\/en\/sektorler\/papermoon\/\" \/>\n<meta property=\"og:locale\" content=\"en_US\" \/>\n<meta property=\"og:type\" content=\"article\" \/>\n<meta property=\"og:title\" content=\"Paper Moon - Akk\u00f6k Holding\" \/>\n<meta property=\"og:description\" content=\"Companies | Service PAPER MOON The world-renowned Italian restaurant Paper Moon, following its establishments in Milan and New York, opened its doors to guests at Akmerkez in 1996. Operated under the professional management philosophy of Akmerkez Catering, Paper Moon offers delicately prepared flavors of Italian cuisine in a comfortable setting with a calm and peaceful [&hellip;]\" \/>\n<meta property=\"og:url\" content=\"https:\/\/akkok.com.tr\/en\/sektorler\/papermoon\/\" \/>\n<meta property=\"og:site_name\" content=\"Akk\u00f6k Holding\" \/>\n<meta property=\"article:modified_time\" content=\"2025-05-06T10:21:23+00:00\" \/>\n<meta property=\"og:image\" content=\"https:\/\/akkok.com.tr\/en\/wp-content\/uploads\/2023\/10\/Papermoon_Detay1.jpg\" \/>\n<meta name=\"twitter:card\" content=\"summary_large_image\" \/>\n<meta name=\"twitter:site\" content=\"@AkkokHolding\" \/>\n<meta name=\"twitter:label1\" content=\"Est. reading time\" \/>\n\t<meta name=\"twitter:data1\" content=\"3 minutes\" \/>\n<script type=\"application\/ld+json\" class=\"yoast-schema-graph\">{\"@context\":\"https:\/\/schema.org\",\"@graph\":[{\"@type\":\"WebPage\",\"@id\":\"https:\/\/akkok.com.tr\/en\/sektorler\/papermoon\/\",\"url\":\"https:\/\/akkok.com.tr\/en\/sektorler\/papermoon\/\",\"name\":\"Paper Moon - Akk\u00f6k Holding\",\"isPartOf\":{\"@id\":\"https:\/\/akkok.com.tr\/en\/#website\"},\"primaryImageOfPage\":{\"@id\":\"https:\/\/akkok.com.tr\/en\/sektorler\/papermoon\/#primaryimage\"},\"image\":{\"@id\":\"https:\/\/akkok.com.tr\/en\/sektorler\/papermoon\/#primaryimage\"},\"thumbnailUrl\":\"https:\/\/akkok.com.tr\/en\/wp-content\/uploads\/2023\/10\/Papermoon_Detay1.jpg\",\"datePublished\":\"2023-10-22T22:00:52+00:00\",\"dateModified\":\"2025-05-06T10:21:23+00:00\",\"breadcrumb\":{\"@id\":\"https:\/\/akkok.com.tr\/en\/sektorler\/papermoon\/#breadcrumb\"},\"inLanguage\":\"en-US\",\"potentialAction\":[{\"@type\":\"ReadAction\",\"target\":[\"https:\/\/akkok.com.tr\/en\/sektorler\/papermoon\/\"]}]},{\"@type\":\"ImageObject\",\"inLanguage\":\"en-US\",\"@id\":\"https:\/\/akkok.com.tr\/en\/sektorler\/papermoon\/#primaryimage\",\"url\":\"https:\/\/akkok.com.tr\/en\/wp-content\/uploads\/2023\/10\/Papermoon_Detay1.jpg\",\"contentUrl\":\"https:\/\/akkok.com.tr\/en\/wp-content\/uploads\/2023\/10\/Papermoon_Detay1.jpg\",\"width\":1200,\"height\":700},{\"@type\":\"BreadcrumbList\",\"@id\":\"https:\/\/akkok.com.tr\/en\/sektorler\/papermoon\/#breadcrumb\",\"itemListElement\":[{\"@type\":\"ListItem\",\"position\":1,\"name\":\"Companies\",\"item\":\"https:\/\/akkok.com.tr\/en\/sektorler\/\"},{\"@type\":\"ListItem\",\"position\":2,\"name\":\"Paper Moon\"}]},{\"@type\":\"WebSite\",\"@id\":\"https:\/\/akkok.com.tr\/en\/#website\",\"url\":\"https:\/\/akkok.com.tr\/en\/\",\"name\":\"Akk\u00f6k Holding\",\"description\":\"\",\"publisher\":{\"@id\":\"https:\/\/akkok.com.tr\/en\/#organization\"},\"potentialAction\":[{\"@type\":\"SearchAction\",\"target\":{\"@type\":\"EntryPoint\",\"urlTemplate\":\"https:\/\/akkok.com.tr\/en\/?s={search_term_string}\"},\"query-input\":{\"@type\":\"PropertyValueSpecification\",\"valueRequired\":true,\"valueName\":\"search_term_string\"}}],\"inLanguage\":\"en-US\"},{\"@type\":\"Organization\",\"@id\":\"https:\/\/akkok.com.tr\/en\/#organization\",\"name\":\"Akk\u00f6k Holding\",\"url\":\"https:\/\/akkok.com.tr\/en\/\",\"logo\":{\"@type\":\"ImageObject\",\"inLanguage\":\"en-US\",\"@id\":\"https:\/\/akkok.com.tr\/en\/#\/schema\/logo\/image\/\",\"url\":\"https:\/\/akkok.com.tr\/en\/wp-content\/uploads\/2023\/10\/AkkokHolding.png\",\"contentUrl\":\"https:\/\/akkok.com.tr\/en\/wp-content\/uploads\/2023\/10\/AkkokHolding.png\",\"width\":176,\"height\":300,\"caption\":\"Akk\u00f6k Holding\"},\"image\":{\"@id\":\"https:\/\/akkok.com.tr\/en\/#\/schema\/logo\/image\/\"},\"sameAs\":[\"https:\/\/x.com\/AkkokHolding\",\"https:\/\/tr.linkedin.com\/company\/akkk-holding\",\"https:\/\/www.youtube.com\/@akkokholding4011\/featured\",\"https:\/\/www.instagram.com\/akkokholding\"]}]}<\/script>\n<!-- \/ Yoast SEO plugin. -->","yoast_head_json":{"title":"Paper Moon - Akk\u00f6k Holding","robots":{"index":"index","follow":"follow","max-snippet":"max-snippet:-1","max-image-preview":"max-image-preview:large","max-video-preview":"max-video-preview:-1"},"canonical":"https:\/\/akkok.com.tr\/en\/sektorler\/papermoon\/","og_locale":"en_US","og_type":"article","og_title":"Paper Moon - Akk\u00f6k Holding","og_description":"Companies | Service PAPER MOON The world-renowned Italian restaurant Paper Moon, following its establishments in Milan and New York, opened its doors to guests at Akmerkez in 1996. Operated under the professional management philosophy of Akmerkez Catering, Paper Moon offers delicately prepared flavors of Italian cuisine in a comfortable setting with a calm and peaceful [&hellip;]","og_url":"https:\/\/akkok.com.tr\/en\/sektorler\/papermoon\/","og_site_name":"Akk\u00f6k Holding","article_modified_time":"2025-05-06T10:21:23+00:00","og_image":[{"url":"https:\/\/akkok.com.tr\/en\/wp-content\/uploads\/2023\/10\/Papermoon_Detay1.jpg","type":"","width":"","height":""}],"twitter_card":"summary_large_image","twitter_site":"@AkkokHolding","twitter_misc":{"Est. reading time":"3 minutes"},"schema":{"@context":"https:\/\/schema.org","@graph":[{"@type":"WebPage","@id":"https:\/\/akkok.com.tr\/en\/sektorler\/papermoon\/","url":"https:\/\/akkok.com.tr\/en\/sektorler\/papermoon\/","name":"Paper Moon - Akk\u00f6k Holding","isPartOf":{"@id":"https:\/\/akkok.com.tr\/en\/#website"},"primaryImageOfPage":{"@id":"https:\/\/akkok.com.tr\/en\/sektorler\/papermoon\/#primaryimage"},"image":{"@id":"https:\/\/akkok.com.tr\/en\/sektorler\/papermoon\/#primaryimage"},"thumbnailUrl":"https:\/\/akkok.com.tr\/en\/wp-content\/uploads\/2023\/10\/Papermoon_Detay1.jpg","datePublished":"2023-10-22T22:00:52+00:00","dateModified":"2025-05-06T10:21:23+00:00","breadcrumb":{"@id":"https:\/\/akkok.com.tr\/en\/sektorler\/papermoon\/#breadcrumb"},"inLanguage":"en-US","potentialAction":[{"@type":"ReadAction","target":["https:\/\/akkok.com.tr\/en\/sektorler\/papermoon\/"]}]},{"@type":"ImageObject","inLanguage":"en-US","@id":"https:\/\/akkok.com.tr\/en\/sektorler\/papermoon\/#primaryimage","url":"https:\/\/akkok.com.tr\/en\/wp-content\/uploads\/2023\/10\/Papermoon_Detay1.jpg","contentUrl":"https:\/\/akkok.com.tr\/en\/wp-content\/uploads\/2023\/10\/Papermoon_Detay1.jpg","width":1200,"height":700},{"@type":"BreadcrumbList","@id":"https:\/\/akkok.com.tr\/en\/sektorler\/papermoon\/#breadcrumb","itemListElement":[{"@type":"ListItem","position":1,"name":"Companies","item":"https:\/\/akkok.com.tr\/en\/sektorler\/"},{"@type":"ListItem","position":2,"name":"Paper Moon"}]},{"@type":"WebSite","@id":"https:\/\/akkok.com.tr\/en\/#website","url":"https:\/\/akkok.com.tr\/en\/","name":"Akk\u00f6k Holding","description":"","publisher":{"@id":"https:\/\/akkok.com.tr\/en\/#organization"},"potentialAction":[{"@type":"SearchAction","target":{"@type":"EntryPoint","urlTemplate":"https:\/\/akkok.com.tr\/en\/?s={search_term_string}"},"query-input":{"@type":"PropertyValueSpecification","valueRequired":true,"valueName":"search_term_string"}}],"inLanguage":"en-US"},{"@type":"Organization","@id":"https:\/\/akkok.com.tr\/en\/#organization","name":"Akk\u00f6k Holding","url":"https:\/\/akkok.com.tr\/en\/","logo":{"@type":"ImageObject","inLanguage":"en-US","@id":"https:\/\/akkok.com.tr\/en\/#\/schema\/logo\/image\/","url":"https:\/\/akkok.com.tr\/en\/wp-content\/uploads\/2023\/10\/AkkokHolding.png","contentUrl":"https:\/\/akkok.com.tr\/en\/wp-content\/uploads\/2023\/10\/AkkokHolding.png","width":176,"height":300,"caption":"Akk\u00f6k Holding"},"image":{"@id":"https:\/\/akkok.com.tr\/en\/#\/schema\/logo\/image\/"},"sameAs":["https:\/\/x.com\/AkkokHolding","https:\/\/tr.linkedin.com\/company\/akkk-holding","https:\/\/www.youtube.com\/@akkokholding4011\/featured","https:\/\/www.instagram.com\/akkokholding"]}]}},"_links":{"self":[{"href":"https:\/\/akkok.com.tr\/en\/wp-json\/wp\/v2\/pages\/1777","targetHints":{"allow":["GET"]}}],"collection":[{"href":"https:\/\/akkok.com.tr\/en\/wp-json\/wp\/v2\/pages"}],"about":[{"href":"https:\/\/akkok.com.tr\/en\/wp-json\/wp\/v2\/types\/page"}],"author":[{"embeddable":true,"href":"https:\/\/akkok.com.tr\/en\/wp-json\/wp\/v2\/users\/1"}],"replies":[{"embeddable":true,"href":"https:\/\/akkok.com.tr\/en\/wp-json\/wp\/v2\/comments?post=1777"}],"version-history":[{"count":51,"href":"https:\/\/akkok.com.tr\/en\/wp-json\/wp\/v2\/pages\/1777\/revisions"}],"predecessor-version":[{"id":8463,"href":"https:\/\/akkok.com.tr\/en\/wp-json\/wp\/v2\/pages\/1777\/revisions\/8463"}],"up":[{"embeddable":true,"href":"https:\/\/akkok.com.tr\/en\/wp-json\/wp\/v2\/pages\/707"}],"wp:attachment":[{"href":"https:\/\/akkok.com.tr\/en\/wp-json\/wp\/v2\/media?parent=1777"}],"curies":[{"name":"wp","href":"https:\/\/api.w.org\/{rel}","templated":true}]}}