{"id":1752,"date":"2023-10-22T21:15:51","date_gmt":"2023-10-22T21:15:51","guid":{"rendered":"https:\/\/new.akkok.com.tr\/en\/?page_id=1752"},"modified":"2025-10-22T22:26:49","modified_gmt":"2025-10-22T22:26:49","slug":"aksa-composites","status":"publish","type":"page","link":"https:\/\/akkok.com.tr\/en\/sektorler\/aksa-composites\/","title":{"rendered":"Aksa Composites"},"content":{"rendered":"\t\t<div data-elementor-type=\"wp-page\" data-elementor-id=\"1752\" class=\"elementor elementor-1752\" data-elementor-post-type=\"page\">\n\t\t\t\t<div class=\"elementor-element elementor-element-0240595 e-con-full e-flex e-con e-parent\" data-id=\"0240595\" data-element_type=\"container\">\n\t\t<div class=\"elementor-element elementor-element-2e76b4d e-con-full animated-fast e-flex elementor-invisible e-con e-child\" data-id=\"2e76b4d\" data-element_type=\"container\" data-settings=\"{&quot;background_background&quot;:&quot;classic&quot;,&quot;animation&quot;:&quot;fadeInUp&quot;,&quot;animation_delay&quot;:550}\">\n\t\t<div class=\"elementor-element elementor-element-a523031 e-con-full e-flex e-con e-child\" data-id=\"a523031\" data-element_type=\"container\">\n\t\t\t\t<div class=\"elementor-element elementor-element-c188ee9 elementor-widget elementor-widget-heading\" data-id=\"c188ee9\" data-element_type=\"widget\" data-widget_type=\"heading.default\">\n\t\t\t\t\t<h2 class=\"elementor-heading-title elementor-size-default\"><a href=\"https:\/\/akkok.com.tr\/en\/sektorler\/\">Companies<\/a><\/h2>\t\t\t\t<\/div>\n\t\t\t\t<div class=\"elementor-element elementor-element-1017dee elementor-widget elementor-widget-heading\" data-id=\"1017dee\" data-element_type=\"widget\" data-widget_type=\"heading.default\">\n\t\t\t\t\t<h2 class=\"elementor-heading-title elementor-size-default\">| <\/h2>\t\t\t\t<\/div>\n\t\t\t\t<div class=\"elementor-element elementor-element-65cd536 elementor-widget elementor-widget-heading\" data-id=\"65cd536\" data-element_type=\"widget\" data-widget_type=\"heading.default\">\n\t\t\t\t\t<h2 class=\"elementor-heading-title elementor-size-default\"><a href=\"https:\/\/akkok.com.tr\/en\/sektor\/#kompozit\">Chemicals &amp; Advanced Materials<\/a><\/h2>\t\t\t\t<\/div>\n\t\t\t\t<\/div>\n\t\t<div class=\"elementor-element elementor-element-2d600ab e-con-full e-flex e-con e-child\" data-id=\"2d600ab\" data-element_type=\"container\">\n\t\t\t\t<div class=\"elementor-element elementor-element-aaf36bc elementor-widget elementor-widget-heading\" data-id=\"aaf36bc\" data-element_type=\"widget\" data-widget_type=\"heading.default\">\n\t\t\t\t\t<h2 class=\"elementor-heading-title elementor-size-default\">AKSA COMPOSITES<\/h2>\t\t\t\t<\/div>\n\t\t\t\t<\/div>\n\t\t\t\t<\/div>\n\t\t<div class=\"elementor-element elementor-element-6e3741d e-con-full e-flex e-con e-child\" data-id=\"6e3741d\" data-element_type=\"container\">\n\t\t<div class=\"elementor-element elementor-element-a7ec0ec e-con-full animated-fast e-flex elementor-invisible e-con e-child\" data-id=\"a7ec0ec\" data-element_type=\"container\" data-settings=\"{&quot;background_background&quot;:&quot;classic&quot;,&quot;animation&quot;:&quot;fadeIn&quot;,&quot;animation_delay&quot;:700}\">\n\t\t<div class=\"elementor-element elementor-element-1501bbb e-flex e-con-boxed e-con e-child\" data-id=\"1501bbb\" data-element_type=\"container\">\n\t\t\t\t\t<div class=\"e-con-inner\">\n\t\t\t\t<div class=\"elementor-element elementor-element-e540cea elementor-widget elementor-widget-image-carousel\" data-id=\"e540cea\" data-element_type=\"widget\" data-settings=\"{&quot;slides_to_show&quot;:&quot;1&quot;,&quot;navigation&quot;:&quot;none&quot;,&quot;lazyload&quot;:&quot;yes&quot;,&quot;pause_on_hover&quot;:&quot;no&quot;,&quot;pause_on_interaction&quot;:&quot;no&quot;,&quot;autoplay_speed&quot;:2400,&quot;effect&quot;:&quot;fade&quot;,&quot;speed&quot;:700,&quot;autoplay&quot;:&quot;yes&quot;,&quot;infinite&quot;:&quot;yes&quot;}\" data-widget_type=\"image-carousel.default\">\n\t\t\t\t\t\t\t<div class=\"elementor-image-carousel-wrapper swiper\" role=\"region\" aria-roledescription=\"carousel\" aria-label=\"Image Carousel\" dir=\"ltr\">\n\t\t\t<div class=\"elementor-image-carousel swiper-wrapper\" aria-live=\"off\">\n\t\t\t\t\t\t\t\t<div class=\"swiper-slide\" role=\"group\" aria-roledescription=\"slide\" aria-label=\"1 of 3\"><figure class=\"swiper-slide-inner\"><img class=\"swiper-slide-image swiper-lazy\" data-src=\"https:\/\/akkok.com.tr\/en\/wp-content\/uploads\/2023\/10\/Epsilon_Detay1.jpg\" alt=\"Epsilon_Detay1\" \/><div class=\"swiper-lazy-preloader\"><\/div><\/figure><\/div><div class=\"swiper-slide\" role=\"group\" aria-roledescription=\"slide\" aria-label=\"2 of 3\"><figure class=\"swiper-slide-inner\"><img class=\"swiper-slide-image swiper-lazy\" data-src=\"https:\/\/akkok.com.tr\/en\/wp-content\/uploads\/2023\/10\/Epsilon_Detay2.jpg\" alt=\"Epsilon_Detay2\" \/><div class=\"swiper-lazy-preloader\"><\/div><\/figure><\/div><div class=\"swiper-slide\" role=\"group\" aria-roledescription=\"slide\" aria-label=\"3 of 3\"><figure class=\"swiper-slide-inner\"><img class=\"swiper-slide-image swiper-lazy\" data-src=\"https:\/\/akkok.com.tr\/en\/wp-content\/uploads\/2023\/10\/Epsilon_Detay3.jpg\" alt=\"Epsilon_Detay3\" \/><div class=\"swiper-lazy-preloader\"><\/div><\/figure><\/div>\t\t\t<\/div>\n\t\t\t\t\t\t\t\n\t\t\t\t\t\t\t\t\t<\/div>\n\t\t\t\t\t\t<\/div>\n\t\t\t\t<div class=\"elementor-element elementor-element-1ff765d elementor-widget elementor-widget-text-editor\" data-id=\"1ff765d\" data-element_type=\"widget\" data-widget_type=\"text-editor.default\">\n\t\t\t\t\t\t\t\t\t<p class=\"p1\">Aksa \u0130leri Kompozit Teknolojileri ve Havac\u0131l\u0131k Sanayi A.\u015e. (\u201cAksa Composites\u201d) is a technology company specializing in the production of advanced composite materials, providing high-performance solutions primarily for the aerospace and defense industries. With proven expertise in composite mold, part, and assembly production, Aksa Composites operates in full compliance with international quality standards, holding AS9100 Rev D, NADCAP Composite, and NADCAP Non-Destructive Testing certifications.<\/p><p class=\"p1\">Aksa Composite serves global aerospace manufacturers such as Airbus, Bell, and KAI, as well as leading Turkish defense industry organizations including TUSA\u015e, ASELSAN, STM, and Baykar. Managing R&amp;D, design, prototyping, and mass-production processes in an integrated manner, the company contributes to the development of T\u00fcrkiye\u2019s advanced materials and technology ecosystem, while offering an extensive portfolio of more than 120 tests and services in laboratory testing and ultrasonic inspection, independent of product scope.<\/p><p class=\"p1\">As of 2025, Aksa Akrilik Kimya Sanayii A.\u015e. has acquired a 54% stake in Aksa Composites, becoming its main shareholder. This partnership marks an important step in Akk\u00f6k Holding\u2019s strategic growth vision in advanced materials and aerospace technologies.<\/p><p class=\"p1\">In line with its long-term goals, Aksa Composites focuses on high-value projects by combining the experience and product portfolios of Akk\u00f6k Group companies. While strengthening its core activities in composite technologies, the company is also investing in new facilities and process capabilities to support growth in end-product design and manufacturing. Through these initiatives, Aksa Composites is evolving into an innovative, integrated production structure positioned higher in the aerospace value chain with its advanced R&amp;D capacity in composites.<\/p>\t\t\t\t\t\t\t\t<\/div>\n\t\t\t\t\t<\/div>\n\t\t\t\t<\/div>\n\t\t\t\t<\/div>\n\t\t<div class=\"elementor-element elementor-element-0cf43be e-con-full e-flex elementor-invisible e-con e-child\" data-id=\"0cf43be\" data-element_type=\"container\" data-settings=\"{&quot;animation&quot;:&quot;fadeIn&quot;,&quot;animation_delay&quot;:900}\">\n\t\t<div class=\"elementor-element elementor-element-d2b7398 e-flex e-con-boxed e-con e-child\" data-id=\"d2b7398\" data-element_type=\"container\" data-settings=\"{&quot;background_background&quot;:&quot;classic&quot;}\">\n\t\t\t\t\t<div class=\"e-con-inner\">\n\t\t<div class=\"elementor-element elementor-element-5cd8170 e-con-full e-flex e-con e-child\" data-id=\"5cd8170\" data-element_type=\"container\">\n\t\t\t\t<div class=\"elementor-element elementor-element-d02656b elementor-widget elementor-widget-image\" data-id=\"d02656b\" data-element_type=\"widget\" data-widget_type=\"image.default\">\n\t\t\t\t\t\t\t\t\t\t\t\t\t\t\t<img decoding=\"async\" width=\"280\" height=\"128\" src=\"https:\/\/akkok.com.tr\/en\/wp-content\/uploads\/2025\/10\/Aksa_Composites_logo.png\" class=\"attachment-full size-full wp-image-8619\" alt=\"\" \/>\t\t\t\t\t\t\t\t\t\t\t\t\t\t\t<\/div>\n\t\t\t\t<\/div>\n\t\t<div class=\"elementor-element elementor-element-f97ab4e e-flex e-con-boxed e-con e-child\" data-id=\"f97ab4e\" data-element_type=\"container\">\n\t\t\t\t\t<div class=\"e-con-inner\">\n\t\t\t\t<div class=\"elementor-element elementor-element-f21d5db elementor-widget elementor-widget-heading\" data-id=\"f21d5db\" data-element_type=\"widget\" data-widget_type=\"heading.default\">\n\t\t\t\t\t<h2 class=\"elementor-heading-title elementor-size-default\">COMPANY PROFILE<\/h2>\t\t\t\t<\/div>\n\t\t<div class=\"elementor-element elementor-element-d25eabb e-con-full e-flex e-con e-child\" data-id=\"d25eabb\" data-element_type=\"container\">\n\t\t\t\t<div class=\"elementor-element elementor-element-a9db1b1 elementor-widget elementor-widget-heading\" data-id=\"a9db1b1\" data-element_type=\"widget\" data-widget_type=\"heading.default\">\n\t\t\t\t\t<h2 class=\"elementor-heading-title elementor-size-default\"><b>Company Name:<\/b> Aksa \u0130leri Kompozit Teknolojileri ve Havac\u0131l\u0131k Sanayi A.\u015e. <\/h2>\t\t\t\t<\/div>\n\t\t\t\t<\/div>\n\t\t<div class=\"elementor-element elementor-element-613b463 e-con-full e-flex e-con e-child\" data-id=\"613b463\" data-element_type=\"container\">\n\t\t\t\t<div class=\"elementor-element elementor-element-f06eb47 elementor-widget elementor-widget-heading\" data-id=\"f06eb47\" data-element_type=\"widget\" data-widget_type=\"heading.default\">\n\t\t\t\t\t<h2 class=\"elementor-heading-title elementor-size-default\"><b>Sector:<\/b> Chemicals &amp; Advanced Materials<\/h2>\t\t\t\t<\/div>\n\t\t\t\t<\/div>\n\t\t<div class=\"elementor-element elementor-element-ca189eb e-con-full e-flex e-con e-child\" data-id=\"ca189eb\" data-element_type=\"container\">\n\t\t\t\t<div class=\"elementor-element elementor-element-58df3ec elementor-widget elementor-widget-heading\" data-id=\"58df3ec\" data-element_type=\"widget\" data-widget_type=\"heading.default\">\n\t\t\t\t\t<h2 class=\"elementor-heading-title elementor-size-default\"><b>Established in:<\/b> 2011<\/h2>\t\t\t\t<\/div>\n\t\t\t\t<\/div>\n\t\t<div class=\"elementor-element elementor-element-8b4fe23 e-con-full e-flex e-con e-child\" data-id=\"8b4fe23\" data-element_type=\"container\">\n\t\t\t\t<div class=\"elementor-element elementor-element-f8838c5 elementor-widget elementor-widget-heading\" data-id=\"f8838c5\" data-element_type=\"widget\" data-widget_type=\"heading.default\">\n\t\t\t\t\t<h2 class=\"elementor-heading-title elementor-size-default\"><b>Number of Employees:<\/b> 262<\/h2>\t\t\t\t<\/div>\n\t\t\t\t<\/div>\n\t\t<div class=\"elementor-element elementor-element-f060bb0 e-con-full e-flex e-con e-child\" data-id=\"f060bb0\" data-element_type=\"container\">\n\t\t\t\t<div class=\"elementor-element elementor-element-516c36b elementor-widget elementor-widget-heading\" data-id=\"516c36b\" data-element_type=\"widget\" data-widget_type=\"heading.default\">\n\t\t\t\t\t<h2 class=\"elementor-heading-title elementor-size-default\"><a href=\"http:\/\/info@epsiloncomposite.com\"><b>Email:<\/b> <u>info@epsiloncomposite.com<\/u><\/a><\/h2>\t\t\t\t<\/div>\n\t\t\t\t<\/div>\n\t\t<div class=\"elementor-element elementor-element-1d8ffb7 e-con-full e-flex e-con e-child\" data-id=\"1d8ffb7\" data-element_type=\"container\">\n\t\t\t\t<div class=\"elementor-element elementor-element-4cb2580 elementor-widget elementor-widget-heading\" data-id=\"4cb2580\" data-element_type=\"widget\" data-widget_type=\"heading.default\">\n\t\t\t\t\t<h2 class=\"elementor-heading-title elementor-size-default\"><b>Phone:<\/b> +90 312 640 13 77<\/h2>\t\t\t\t<\/div>\n\t\t\t\t<\/div>\n\t\t<div class=\"elementor-element elementor-element-b68c0ad e-con-full e-flex e-con e-child\" data-id=\"b68c0ad\" data-element_type=\"container\">\n\t\t\t\t<div class=\"elementor-element elementor-element-8ec02fc elementor-widget elementor-widget-heading\" data-id=\"8ec02fc\" data-element_type=\"widget\" data-widget_type=\"heading.default\">\n\t\t\t\t\t<h2 class=\"elementor-heading-title elementor-size-default\"><a href=\"mailto:%20aodiyet@akkok.com.tr\"><b>Press Contact:<\/b> <u>aodiyet@akkok.com.tr<\/u><\/a><\/h2>\t\t\t\t<\/div>\n\t\t\t\t<\/div>\n\t\t\t\t\t<\/div>\n\t\t\t\t<\/div>\n\t\t<div class=\"elementor-element elementor-element-5335e80 e-flex e-con-boxed e-con e-child\" data-id=\"5335e80\" data-element_type=\"container\">\n\t\t\t\t\t<div class=\"e-con-inner\">\n\t\t\t\t<div class=\"elementor-element elementor-element-2408a67 pp-buttons-stack-tablet pp-buttons-valign-middle pp-buttons-halign-left elementor-widget elementor-widget-pp-buttons\" data-id=\"2408a67\" data-element_type=\"widget\" data-widget_type=\"pp-buttons.default\">\n\t\t\t\t\t\t\t<div class=\"pp-buttons-group\">\n\t\t\t\t\t\t\t\t\t\t\t<a href=\"https:\/\/www.epsiloncomposite.com\/\" target=\"_blank\" class=\"pp-button elementor-button elementor-size-sm elementor-repeater-item-7f557d1 \">\n\t\t\t\t\t<div class=\"pp-button-content-wrapper\">\n\t\t\t\t\t\t<span class=\"pp-button-content-inner pp-icon-after\">\n\t\t\t\t\t\t\t\t\t\t\t\t\t\t\t\t\t<span class=\"pp-button-icon pp-icon\">\n\t\t\t\t\t\t\t\t\t\t\t<i aria-hidden=\"true\" class=\"akkokicons- akkok-icons-north-east-fill1-wght400-grad0-opsz48\"><\/i>\t\t\t\t\t\t\t\t\t\t<\/span>\n\t\t\t\t\t\t\t\t\t\t\n\t\t\t\t\t\t\t\t<span class=\"pp-button-title\">\n\t\t\t\t\t\t\t\t\tWebsite\t\t\t\t\t\t\t\t<\/span>\n\t\t\t\t\t\t\t\t\t\t\t\t\t<\/span>\n\t\t\t\t\t<\/div>\n\t\t\t\t<\/a>\n\t\t\t\t\t\t\t\t\t\t<\/div>\t\t\t\t<\/div>\n\t\t\t\t\t<\/div>\n\t\t\t\t<\/div>\n\t\t\t\t\t<\/div>\n\t\t\t\t<\/div>\n\t\t<div class=\"elementor-element elementor-element-5ea3a25 elementor-hidden-desktop elementor-hidden-tablet elementor-hidden-mobile e-flex e-con-boxed e-con e-child\" data-id=\"5ea3a25\" data-element_type=\"container\" data-settings=\"{&quot;background_background&quot;:&quot;classic&quot;}\">\n\t\t\t\t\t<div class=\"e-con-inner\">\n\t\t\t\t\t<\/div>\n\t\t\t\t<\/div>\n\t\t\t\t<\/div>\n\t\t\t\t<\/div>\n\t\t<div class=\"elementor-element elementor-element-27f19ab e-con-full elementor-hidden-desktop elementor-hidden-tablet elementor-hidden-mobile e-flex e-con e-child\" data-id=\"27f19ab\" data-element_type=\"container\">\n\t\t\t\t<\/div>\n\t\t\t\t<\/div>\n\t\t\t\t<\/div>\n\t\t","protected":false},"excerpt":{"rendered":"<p>Companies | Chemicals &#038; Advanced Materials AKSA COMPOSITES Aksa \u0130leri Kompozit Teknolojileri ve Havac\u0131l\u0131k Sanayi A.\u015e. (\u201cAksa Composites\u201d) is a technology company specializing in the production of advanced composite materials, providing high-performance solutions primarily for the aerospace and defense industries. With proven expertise in composite mold, part, and assembly production, Aksa Composites operates in full [&hellip;]<\/p>\n","protected":false},"author":1,"featured_media":0,"parent":707,"menu_order":0,"comment_status":"closed","ping_status":"closed","template":"elementor_header_footer","meta":{"_acf_changed":false,"footnotes":""},"class_list":["post-1752","page","type-page","status-publish","hentry"],"acf":[],"yoast_head":"<!-- This site is optimized with the Yoast SEO plugin v26.6 - https:\/\/yoast.com\/wordpress\/plugins\/seo\/ -->\n<title>Aksa Composites - Akk\u00f6k Holding<\/title>\n<meta name=\"robots\" content=\"index, follow, max-snippet:-1, max-image-preview:large, max-video-preview:-1\" \/>\n<link rel=\"canonical\" href=\"https:\/\/akkok.com.tr\/en\/sektorler\/aksa-composites\/\" \/>\n<meta property=\"og:locale\" content=\"en_US\" \/>\n<meta property=\"og:type\" content=\"article\" \/>\n<meta property=\"og:title\" content=\"Aksa Composites - Akk\u00f6k Holding\" \/>\n<meta property=\"og:description\" content=\"Companies | Chemicals &#038; Advanced Materials AKSA COMPOSITES Aksa \u0130leri Kompozit Teknolojileri ve Havac\u0131l\u0131k Sanayi A.\u015e. (\u201cAksa Composites\u201d) is a technology company specializing in the production of advanced composite materials, providing high-performance solutions primarily for the aerospace and defense industries. With proven expertise in composite mold, part, and assembly production, Aksa Composites operates in full [&hellip;]\" \/>\n<meta property=\"og:url\" content=\"https:\/\/akkok.com.tr\/en\/sektorler\/aksa-composites\/\" \/>\n<meta property=\"og:site_name\" content=\"Akk\u00f6k Holding\" \/>\n<meta property=\"article:modified_time\" content=\"2025-10-22T22:26:49+00:00\" \/>\n<meta property=\"og:image\" content=\"https:\/\/akkok.com.tr\/en\/wp-content\/uploads\/2023\/10\/Epsilon_Detay1.jpg\" \/>\n<meta name=\"twitter:card\" content=\"summary_large_image\" \/>\n<meta name=\"twitter:site\" content=\"@AkkokHolding\" \/>\n<meta name=\"twitter:label1\" content=\"Est. reading time\" \/>\n\t<meta name=\"twitter:data1\" content=\"3 minutes\" \/>\n<script type=\"application\/ld+json\" class=\"yoast-schema-graph\">{\"@context\":\"https:\/\/schema.org\",\"@graph\":[{\"@type\":\"WebPage\",\"@id\":\"https:\/\/akkok.com.tr\/en\/sektorler\/aksa-composites\/\",\"url\":\"https:\/\/akkok.com.tr\/en\/sektorler\/aksa-composites\/\",\"name\":\"Aksa Composites - Akk\u00f6k Holding\",\"isPartOf\":{\"@id\":\"https:\/\/akkok.com.tr\/en\/#website\"},\"primaryImageOfPage\":{\"@id\":\"https:\/\/akkok.com.tr\/en\/sektorler\/aksa-composites\/#primaryimage\"},\"image\":{\"@id\":\"https:\/\/akkok.com.tr\/en\/sektorler\/aksa-composites\/#primaryimage\"},\"thumbnailUrl\":\"https:\/\/akkok.com.tr\/en\/wp-content\/uploads\/2023\/10\/Epsilon_Detay1.jpg\",\"datePublished\":\"2023-10-22T21:15:51+00:00\",\"dateModified\":\"2025-10-22T22:26:49+00:00\",\"breadcrumb\":{\"@id\":\"https:\/\/akkok.com.tr\/en\/sektorler\/aksa-composites\/#breadcrumb\"},\"inLanguage\":\"en-US\",\"potentialAction\":[{\"@type\":\"ReadAction\",\"target\":[\"https:\/\/akkok.com.tr\/en\/sektorler\/aksa-composites\/\"]}]},{\"@type\":\"ImageObject\",\"inLanguage\":\"en-US\",\"@id\":\"https:\/\/akkok.com.tr\/en\/sektorler\/aksa-composites\/#primaryimage\",\"url\":\"https:\/\/akkok.com.tr\/en\/wp-content\/uploads\/2023\/10\/Epsilon_Detay1.jpg\",\"contentUrl\":\"https:\/\/akkok.com.tr\/en\/wp-content\/uploads\/2023\/10\/Epsilon_Detay1.jpg\",\"width\":1200,\"height\":700},{\"@type\":\"BreadcrumbList\",\"@id\":\"https:\/\/akkok.com.tr\/en\/sektorler\/aksa-composites\/#breadcrumb\",\"itemListElement\":[{\"@type\":\"ListItem\",\"position\":1,\"name\":\"Companies\",\"item\":\"https:\/\/akkok.com.tr\/en\/sektorler\/\"},{\"@type\":\"ListItem\",\"position\":2,\"name\":\"Aksa Composites\"}]},{\"@type\":\"WebSite\",\"@id\":\"https:\/\/akkok.com.tr\/en\/#website\",\"url\":\"https:\/\/akkok.com.tr\/en\/\",\"name\":\"Akk\u00f6k Holding\",\"description\":\"\",\"publisher\":{\"@id\":\"https:\/\/akkok.com.tr\/en\/#organization\"},\"potentialAction\":[{\"@type\":\"SearchAction\",\"target\":{\"@type\":\"EntryPoint\",\"urlTemplate\":\"https:\/\/akkok.com.tr\/en\/?s={search_term_string}\"},\"query-input\":{\"@type\":\"PropertyValueSpecification\",\"valueRequired\":true,\"valueName\":\"search_term_string\"}}],\"inLanguage\":\"en-US\"},{\"@type\":\"Organization\",\"@id\":\"https:\/\/akkok.com.tr\/en\/#organization\",\"name\":\"Akk\u00f6k Holding\",\"url\":\"https:\/\/akkok.com.tr\/en\/\",\"logo\":{\"@type\":\"ImageObject\",\"inLanguage\":\"en-US\",\"@id\":\"https:\/\/akkok.com.tr\/en\/#\/schema\/logo\/image\/\",\"url\":\"https:\/\/akkok.com.tr\/en\/wp-content\/uploads\/2023\/10\/AkkokHolding.png\",\"contentUrl\":\"https:\/\/akkok.com.tr\/en\/wp-content\/uploads\/2023\/10\/AkkokHolding.png\",\"width\":176,\"height\":300,\"caption\":\"Akk\u00f6k Holding\"},\"image\":{\"@id\":\"https:\/\/akkok.com.tr\/en\/#\/schema\/logo\/image\/\"},\"sameAs\":[\"https:\/\/x.com\/AkkokHolding\",\"https:\/\/tr.linkedin.com\/company\/akkk-holding\",\"https:\/\/www.youtube.com\/@akkokholding4011\/featured\",\"https:\/\/www.instagram.com\/akkokholding\"]}]}<\/script>\n<!-- \/ Yoast SEO plugin. -->","yoast_head_json":{"title":"Aksa Composites - Akk\u00f6k Holding","robots":{"index":"index","follow":"follow","max-snippet":"max-snippet:-1","max-image-preview":"max-image-preview:large","max-video-preview":"max-video-preview:-1"},"canonical":"https:\/\/akkok.com.tr\/en\/sektorler\/aksa-composites\/","og_locale":"en_US","og_type":"article","og_title":"Aksa Composites - Akk\u00f6k Holding","og_description":"Companies | Chemicals &#038; Advanced Materials AKSA COMPOSITES Aksa \u0130leri Kompozit Teknolojileri ve Havac\u0131l\u0131k Sanayi A.\u015e. (\u201cAksa Composites\u201d) is a technology company specializing in the production of advanced composite materials, providing high-performance solutions primarily for the aerospace and defense industries. With proven expertise in composite mold, part, and assembly production, Aksa Composites operates in full [&hellip;]","og_url":"https:\/\/akkok.com.tr\/en\/sektorler\/aksa-composites\/","og_site_name":"Akk\u00f6k Holding","article_modified_time":"2025-10-22T22:26:49+00:00","og_image":[{"url":"https:\/\/akkok.com.tr\/en\/wp-content\/uploads\/2023\/10\/Epsilon_Detay1.jpg","type":"","width":"","height":""}],"twitter_card":"summary_large_image","twitter_site":"@AkkokHolding","twitter_misc":{"Est. reading time":"3 minutes"},"schema":{"@context":"https:\/\/schema.org","@graph":[{"@type":"WebPage","@id":"https:\/\/akkok.com.tr\/en\/sektorler\/aksa-composites\/","url":"https:\/\/akkok.com.tr\/en\/sektorler\/aksa-composites\/","name":"Aksa Composites - Akk\u00f6k Holding","isPartOf":{"@id":"https:\/\/akkok.com.tr\/en\/#website"},"primaryImageOfPage":{"@id":"https:\/\/akkok.com.tr\/en\/sektorler\/aksa-composites\/#primaryimage"},"image":{"@id":"https:\/\/akkok.com.tr\/en\/sektorler\/aksa-composites\/#primaryimage"},"thumbnailUrl":"https:\/\/akkok.com.tr\/en\/wp-content\/uploads\/2023\/10\/Epsilon_Detay1.jpg","datePublished":"2023-10-22T21:15:51+00:00","dateModified":"2025-10-22T22:26:49+00:00","breadcrumb":{"@id":"https:\/\/akkok.com.tr\/en\/sektorler\/aksa-composites\/#breadcrumb"},"inLanguage":"en-US","potentialAction":[{"@type":"ReadAction","target":["https:\/\/akkok.com.tr\/en\/sektorler\/aksa-composites\/"]}]},{"@type":"ImageObject","inLanguage":"en-US","@id":"https:\/\/akkok.com.tr\/en\/sektorler\/aksa-composites\/#primaryimage","url":"https:\/\/akkok.com.tr\/en\/wp-content\/uploads\/2023\/10\/Epsilon_Detay1.jpg","contentUrl":"https:\/\/akkok.com.tr\/en\/wp-content\/uploads\/2023\/10\/Epsilon_Detay1.jpg","width":1200,"height":700},{"@type":"BreadcrumbList","@id":"https:\/\/akkok.com.tr\/en\/sektorler\/aksa-composites\/#breadcrumb","itemListElement":[{"@type":"ListItem","position":1,"name":"Companies","item":"https:\/\/akkok.com.tr\/en\/sektorler\/"},{"@type":"ListItem","position":2,"name":"Aksa Composites"}]},{"@type":"WebSite","@id":"https:\/\/akkok.com.tr\/en\/#website","url":"https:\/\/akkok.com.tr\/en\/","name":"Akk\u00f6k Holding","description":"","publisher":{"@id":"https:\/\/akkok.com.tr\/en\/#organization"},"potentialAction":[{"@type":"SearchAction","target":{"@type":"EntryPoint","urlTemplate":"https:\/\/akkok.com.tr\/en\/?s={search_term_string}"},"query-input":{"@type":"PropertyValueSpecification","valueRequired":true,"valueName":"search_term_string"}}],"inLanguage":"en-US"},{"@type":"Organization","@id":"https:\/\/akkok.com.tr\/en\/#organization","name":"Akk\u00f6k Holding","url":"https:\/\/akkok.com.tr\/en\/","logo":{"@type":"ImageObject","inLanguage":"en-US","@id":"https:\/\/akkok.com.tr\/en\/#\/schema\/logo\/image\/","url":"https:\/\/akkok.com.tr\/en\/wp-content\/uploads\/2023\/10\/AkkokHolding.png","contentUrl":"https:\/\/akkok.com.tr\/en\/wp-content\/uploads\/2023\/10\/AkkokHolding.png","width":176,"height":300,"caption":"Akk\u00f6k Holding"},"image":{"@id":"https:\/\/akkok.com.tr\/en\/#\/schema\/logo\/image\/"},"sameAs":["https:\/\/x.com\/AkkokHolding","https:\/\/tr.linkedin.com\/company\/akkk-holding","https:\/\/www.youtube.com\/@akkokholding4011\/featured","https:\/\/www.instagram.com\/akkokholding"]}]}},"_links":{"self":[{"href":"https:\/\/akkok.com.tr\/en\/wp-json\/wp\/v2\/pages\/1752","targetHints":{"allow":["GET"]}}],"collection":[{"href":"https:\/\/akkok.com.tr\/en\/wp-json\/wp\/v2\/pages"}],"about":[{"href":"https:\/\/akkok.com.tr\/en\/wp-json\/wp\/v2\/types\/page"}],"author":[{"embeddable":true,"href":"https:\/\/akkok.com.tr\/en\/wp-json\/wp\/v2\/users\/1"}],"replies":[{"embeddable":true,"href":"https:\/\/akkok.com.tr\/en\/wp-json\/wp\/v2\/comments?post=1752"}],"version-history":[{"count":52,"href":"https:\/\/akkok.com.tr\/en\/wp-json\/wp\/v2\/pages\/1752\/revisions"}],"predecessor-version":[{"id":8645,"href":"https:\/\/akkok.com.tr\/en\/wp-json\/wp\/v2\/pages\/1752\/revisions\/8645"}],"up":[{"embeddable":true,"href":"https:\/\/akkok.com.tr\/en\/wp-json\/wp\/v2\/pages\/707"}],"wp:attachment":[{"href":"https:\/\/akkok.com.tr\/en\/wp-json\/wp\/v2\/media?parent=1752"}],"curies":[{"name":"wp","href":"https:\/\/api.w.org\/{rel}","templated":true}]}}