{"id":1706,"date":"2023-10-22T19:01:40","date_gmt":"2023-10-22T19:01:40","guid":{"rendered":"https:\/\/new.akkok.com.tr\/en\/?page_id=1706"},"modified":"2024-03-08T12:25:57","modified_gmt":"2024-03-08T12:25:57","slug":"akyasam","status":"publish","type":"page","link":"https:\/\/akkok.com.tr\/en\/sektorler\/akyasam\/","title":{"rendered":"Akya\u015fam Management Services"},"content":{"rendered":"\t\t<div data-elementor-type=\"wp-page\" data-elementor-id=\"1706\" class=\"elementor elementor-1706\" data-elementor-post-type=\"page\">\n\t\t\t\t<div class=\"elementor-element elementor-element-17ebb59 e-con-full e-flex e-con e-parent\" data-id=\"17ebb59\" data-element_type=\"container\">\n\t\t<div class=\"elementor-element elementor-element-36cd871 e-con-full animated-fast e-flex elementor-invisible e-con e-child\" data-id=\"36cd871\" data-element_type=\"container\" data-settings=\"{&quot;background_background&quot;:&quot;classic&quot;,&quot;animation&quot;:&quot;fadeInUp&quot;,&quot;animation_delay&quot;:550}\">\n\t\t<div class=\"elementor-element elementor-element-e951b39 e-con-full e-flex e-con e-child\" data-id=\"e951b39\" data-element_type=\"container\">\n\t\t\t\t<div class=\"elementor-element elementor-element-d43e041 elementor-widget elementor-widget-heading\" data-id=\"d43e041\" data-element_type=\"widget\" data-widget_type=\"heading.default\">\n\t\t\t\t\t<h2 class=\"elementor-heading-title elementor-size-default\"><a href=\"https:\/\/akkok.com.tr\/en\/sektorler\/\">Companies<\/a><\/h2>\t\t\t\t<\/div>\n\t\t\t\t<div class=\"elementor-element elementor-element-24f8263 elementor-widget elementor-widget-heading\" data-id=\"24f8263\" data-element_type=\"widget\" data-widget_type=\"heading.default\">\n\t\t\t\t\t<h2 class=\"elementor-heading-title elementor-size-default\">| <\/h2>\t\t\t\t<\/div>\n\t\t\t\t<div class=\"elementor-element elementor-element-542e9d4 elementor-widget elementor-widget-heading\" data-id=\"542e9d4\" data-element_type=\"widget\" data-widget_type=\"heading.default\">\n\t\t\t\t\t<h2 class=\"elementor-heading-title elementor-size-default\"><a href=\"https:\/\/akkok.com.tr\/en\/sektor\/#diger\">Other Sectors<\/a><\/h2>\t\t\t\t<\/div>\n\t\t\t\t<\/div>\n\t\t<div class=\"elementor-element elementor-element-a87c19b e-con-full e-flex e-con e-child\" data-id=\"a87c19b\" data-element_type=\"container\">\n\t\t\t\t<div class=\"elementor-element elementor-element-bf489a8 elementor-widget elementor-widget-heading\" data-id=\"bf489a8\" data-element_type=\"widget\" data-widget_type=\"heading.default\">\n\t\t\t\t\t<h2 class=\"elementor-heading-title elementor-size-default\">AKYA\u015eAM MANAGEMENT SERVICES<\/h2>\t\t\t\t<\/div>\n\t\t\t\t<\/div>\n\t\t\t\t<\/div>\n\t\t<div class=\"elementor-element elementor-element-c4c781a e-con-full e-flex e-con e-child\" data-id=\"c4c781a\" data-element_type=\"container\">\n\t\t<div class=\"elementor-element elementor-element-48238a6 e-con-full animated-fast e-flex elementor-invisible e-con e-child\" data-id=\"48238a6\" data-element_type=\"container\" data-settings=\"{&quot;background_background&quot;:&quot;classic&quot;,&quot;animation&quot;:&quot;fadeIn&quot;,&quot;animation_delay&quot;:700}\">\n\t\t<div class=\"elementor-element elementor-element-226a315 e-flex e-con-boxed e-con e-child\" data-id=\"226a315\" data-element_type=\"container\">\n\t\t\t\t\t<div class=\"e-con-inner\">\n\t\t\t\t<div class=\"elementor-element elementor-element-4e860be elementor-widget elementor-widget-image\" data-id=\"4e860be\" data-element_type=\"widget\" data-widget_type=\"image.default\">\n\t\t\t\t\t\t\t\t\t\t\t\t\t\t\t<img fetchpriority=\"high\" decoding=\"async\" width=\"1200\" height=\"700\" src=\"https:\/\/akkok.com.tr\/en\/wp-content\/uploads\/2023\/10\/Akyasam_Detay1.jpg\" class=\"attachment-full size-full wp-image-1713\" alt=\"\" srcset=\"https:\/\/akkok.com.tr\/en\/wp-content\/uploads\/2023\/10\/Akyasam_Detay1.jpg 1200w, https:\/\/akkok.com.tr\/en\/wp-content\/uploads\/2023\/10\/Akyasam_Detay1-300x175.jpg 300w, https:\/\/akkok.com.tr\/en\/wp-content\/uploads\/2023\/10\/Akyasam_Detay1-1024x597.jpg 1024w, https:\/\/akkok.com.tr\/en\/wp-content\/uploads\/2023\/10\/Akyasam_Detay1-768x448.jpg 768w\" sizes=\"(max-width: 1200px) 100vw, 1200px\" \/>\t\t\t\t\t\t\t\t\t\t\t\t\t\t\t<\/div>\n\t\t\t\t<div class=\"elementor-element elementor-element-0f04c77 elementor-widget elementor-widget-text-editor\" data-id=\"0f04c77\" data-element_type=\"widget\" data-widget_type=\"text-editor.default\">\n\t\t\t\t\t\t\t\t\t<p>Akya\u015fam Management Services Inc., a subsidiary of Aki\u015f REIT Inc., manages the Akbat\u0131 and Akasya projects.<\/p><p>Opened in 2011, Akbat\u0131, located in Esenyurt-Bah\u00e7e\u015fehir on a 50,838m2 plot, is designed as a life center that elevates the standards of quality and comfort with its shopping center and residences. Akbat\u0131 features nearly 200 national and international stores, 9 cinema halls, restaurants offering world cuisines, children&#8217;s play areas, and an indoor parking lot for 3000 vehicles. With its stylish cafes and restaurants, Akbat\u0131&#8217;s Restaurant Square and Festival Park area have become a socializing spot for people of all ages. &#8220;Akbat\u0131 Residences,&#8221; located above the 4-story Akbat\u0131 Shopping and Life Center, consists of 350 residences in the 21-story Blue Tower and the 11-story Green Tower, designed by the world-renowned DDG (Development Design Group), noted for its unique architectural design.<\/p><p>Opened in 2014, Akasya, with 80,000 square meters of leasable area, launched on March 6, 2014, as one of the most ambitious projects in both the Anatolian side and all of Istanbul, featuring top brands from Turkey and around the world, a pleasant shopping experience, rich social life options, a 10-acre park, and easy access to metro, metrobus, and Marmaray. KidZania, the creator of the &#8220;Edutainment&#8221; concept offering children the opportunity to learn while having fun, present in many countries worldwide, and having become the world&#8217;s largest &#8220;education and entertainment&#8221; brand for children, welcomes guests aged 4-14 over a 10,000 square meter area.<\/p><p>Launched in June 2016, Akasya Culture and Art (AKS) has quickly found its place on Istanbul&#8217;s culture and art map, hosting sold-out theaters throughout the year, acoustic performances, contemporary art exhibitions, concerts, and talks.<\/p>\t\t\t\t\t\t\t\t<\/div>\n\t\t\t\t\t<\/div>\n\t\t\t\t<\/div>\n\t\t\t\t<\/div>\n\t\t<div class=\"elementor-element elementor-element-2b8e876 e-con-full e-flex elementor-invisible e-con e-child\" data-id=\"2b8e876\" data-element_type=\"container\" data-settings=\"{&quot;animation&quot;:&quot;fadeIn&quot;,&quot;animation_delay&quot;:900}\">\n\t\t<div class=\"elementor-element elementor-element-af7d351 e-flex e-con-boxed e-con e-child\" data-id=\"af7d351\" data-element_type=\"container\" data-settings=\"{&quot;background_background&quot;:&quot;classic&quot;}\">\n\t\t\t\t\t<div class=\"e-con-inner\">\n\t\t<div class=\"elementor-element elementor-element-cecba89 e-con-full e-flex e-con e-child\" data-id=\"cecba89\" data-element_type=\"container\">\n\t\t\t\t<div class=\"elementor-element elementor-element-caea7d5 elementor-widget elementor-widget-image\" data-id=\"caea7d5\" data-element_type=\"widget\" data-widget_type=\"image.default\">\n\t\t\t\t\t\t\t\t\t\t\t\t\t\t\t<img decoding=\"async\" width=\"280\" height=\"127\" src=\"https:\/\/akkok.com.tr\/en\/wp-content\/uploads\/2023\/10\/Akyasam-2.png\" class=\"attachment-full size-full wp-image-772\" alt=\"\" \/>\t\t\t\t\t\t\t\t\t\t\t\t\t\t\t<\/div>\n\t\t\t\t<\/div>\n\t\t<div class=\"elementor-element elementor-element-71fc28e e-flex e-con-boxed e-con e-child\" data-id=\"71fc28e\" data-element_type=\"container\">\n\t\t\t\t\t<div class=\"e-con-inner\">\n\t\t\t\t<div class=\"elementor-element elementor-element-f4c9289 elementor-widget elementor-widget-heading\" data-id=\"f4c9289\" data-element_type=\"widget\" data-widget_type=\"heading.default\">\n\t\t\t\t\t<h2 class=\"elementor-heading-title elementor-size-default\">COMPANY PROFILE<\/h2>\t\t\t\t<\/div>\n\t\t<div class=\"elementor-element elementor-element-c8a40c9 e-con-full e-flex e-con e-child\" data-id=\"c8a40c9\" data-element_type=\"container\">\n\t\t\t\t<div class=\"elementor-element elementor-element-8e69156 elementor-widget elementor-widget-heading\" data-id=\"8e69156\" data-element_type=\"widget\" data-widget_type=\"heading.default\">\n\t\t\t\t\t<h2 class=\"elementor-heading-title elementor-size-default\"><b>Company Name:<\/b> Akya\u015fam Y\u00f6netim Hizmetleri A.\u015e.<\/h2>\t\t\t\t<\/div>\n\t\t\t\t<\/div>\n\t\t<div class=\"elementor-element elementor-element-9e6a57b e-con-full e-flex e-con e-child\" data-id=\"9e6a57b\" data-element_type=\"container\">\n\t\t\t\t<div class=\"elementor-element elementor-element-4a27feb elementor-widget elementor-widget-heading\" data-id=\"4a27feb\" data-element_type=\"widget\" data-widget_type=\"heading.default\">\n\t\t\t\t\t<h2 class=\"elementor-heading-title elementor-size-default\"><b>Sector:<\/b> Management Services<\/h2>\t\t\t\t<\/div>\n\t\t\t\t<\/div>\n\t\t<div class=\"elementor-element elementor-element-2c6da9f e-con-full e-flex e-con e-child\" data-id=\"2c6da9f\" data-element_type=\"container\">\n\t\t\t\t<div class=\"elementor-element elementor-element-cb4dd55 elementor-widget elementor-widget-heading\" data-id=\"cb4dd55\" data-element_type=\"widget\" data-widget_type=\"heading.default\">\n\t\t\t\t\t<h2 class=\"elementor-heading-title elementor-size-default\"><b>Established in:<\/b> 2014<\/h2>\t\t\t\t<\/div>\n\t\t\t\t<\/div>\n\t\t<div class=\"elementor-element elementor-element-dd25ec7 e-con-full e-flex e-con e-child\" data-id=\"dd25ec7\" data-element_type=\"container\">\n\t\t\t\t<div class=\"elementor-element elementor-element-4b4456b elementor-widget elementor-widget-heading\" data-id=\"4b4456b\" data-element_type=\"widget\" data-widget_type=\"heading.default\">\n\t\t\t\t\t<h2 class=\"elementor-heading-title elementor-size-default\"><b>Number of Employees:<\/b> 94<\/h2>\t\t\t\t<\/div>\n\t\t\t\t<\/div>\n\t\t<div class=\"elementor-element elementor-element-716ac7c e-con-full e-flex e-con e-child\" data-id=\"716ac7c\" data-element_type=\"container\">\n\t\t\t\t<div class=\"elementor-element elementor-element-c993d9e elementor-widget elementor-widget-heading\" data-id=\"c993d9e\" data-element_type=\"widget\" data-widget_type=\"heading.default\">\n\t\t\t\t\t<h2 class=\"elementor-heading-title elementor-size-default\"><a href=\"mailto:%20info@akyasam.com.tr\"><b>Email:<\/b> <u>info@akyasam.com.tr<\/u><\/a><\/h2>\t\t\t\t<\/div>\n\t\t\t\t<\/div>\n\t\t<div class=\"elementor-element elementor-element-3d58030 e-con-full e-flex e-con e-child\" data-id=\"3d58030\" data-element_type=\"container\">\n\t\t\t\t<div class=\"elementor-element elementor-element-2a8c55b elementor-widget elementor-widget-heading\" data-id=\"2a8c55b\" data-element_type=\"widget\" data-widget_type=\"heading.default\">\n\t\t\t\t\t<h2 class=\"elementor-heading-title elementor-size-default\"><b>Phone:<\/b> +90 216 325 03 72<\/h2>\t\t\t\t<\/div>\n\t\t\t\t<\/div>\n\t\t\t\t\t<\/div>\n\t\t\t\t<\/div>\n\t\t<div class=\"elementor-element elementor-element-24cb366 e-flex e-con-boxed e-con e-child\" data-id=\"24cb366\" data-element_type=\"container\">\n\t\t\t\t\t<div class=\"e-con-inner\">\n\t\t\t\t<div class=\"elementor-element elementor-element-13aaa03 pp-buttons-stack-tablet pp-buttons-valign-middle pp-buttons-halign-left elementor-widget elementor-widget-pp-buttons\" data-id=\"13aaa03\" data-element_type=\"widget\" data-widget_type=\"pp-buttons.default\">\n\t\t\t\t\t\t\t<div class=\"pp-buttons-group\">\n\t\t\t\t\t\t\t\t\t\t\t<a href=\"https:\/\/www.akyasam.com.tr\/index.html\" target=\"_blank\" class=\"pp-button elementor-button elementor-size-sm elementor-repeater-item-7f557d1 \">\n\t\t\t\t\t<div class=\"pp-button-content-wrapper\">\n\t\t\t\t\t\t<span class=\"pp-button-content-inner pp-icon-after\">\n\t\t\t\t\t\t\t\t\t\t\t\t\t\t\t\t\t<span class=\"pp-button-icon pp-icon\">\n\t\t\t\t\t\t\t\t\t\t\t<i aria-hidden=\"true\" class=\"akkokicons- akkok-icons-north-east-fill1-wght400-grad0-opsz48\"><\/i>\t\t\t\t\t\t\t\t\t\t<\/span>\n\t\t\t\t\t\t\t\t\t\t\n\t\t\t\t\t\t\t\t<span class=\"pp-button-title\">\n\t\t\t\t\t\t\t\t\tWebsite\t\t\t\t\t\t\t\t<\/span>\n\t\t\t\t\t\t\t\t\t\t\t\t\t<\/span>\n\t\t\t\t\t<\/div>\n\t\t\t\t<\/a>\n\t\t\t\t\t\t\t\t\t\t<\/div>\t\t\t\t<\/div>\n\t\t\t\t\t<\/div>\n\t\t\t\t<\/div>\n\t\t\t\t\t<\/div>\n\t\t\t\t<\/div>\n\t\t<div class=\"elementor-element elementor-element-0452cc6 elementor-hidden-desktop elementor-hidden-tablet elementor-hidden-mobile e-flex e-con-boxed e-con e-child\" data-id=\"0452cc6\" data-element_type=\"container\" data-settings=\"{&quot;background_background&quot;:&quot;classic&quot;}\">\n\t\t\t\t\t<div class=\"e-con-inner\">\n\t\t\t\t\t<\/div>\n\t\t\t\t<\/div>\n\t\t\t\t<\/div>\n\t\t\t\t<\/div>\n\t\t<div class=\"elementor-element elementor-element-b0bcd34 e-con-full elementor-hidden-desktop elementor-hidden-tablet elementor-hidden-mobile e-flex e-con e-child\" data-id=\"b0bcd34\" data-element_type=\"container\">\n\t\t\t\t<\/div>\n\t\t\t\t<\/div>\n\t\t\t\t<\/div>\n\t\t","protected":false},"excerpt":{"rendered":"<p>Companies | Other Sectors AKYA\u015eAM MANAGEMENT SERVICES Akya\u015fam Management Services Inc., a subsidiary of Aki\u015f REIT Inc., manages the Akbat\u0131 and Akasya projects. Opened in 2011, Akbat\u0131, located in Esenyurt-Bah\u00e7e\u015fehir on a 50,838m2 plot, is designed as a life center that elevates the standards of quality and comfort with its shopping center and residences. Akbat\u0131 [&hellip;]<\/p>\n","protected":false},"author":1,"featured_media":0,"parent":707,"menu_order":0,"comment_status":"closed","ping_status":"closed","template":"elementor_header_footer","meta":{"_acf_changed":false,"footnotes":""},"class_list":["post-1706","page","type-page","status-publish","hentry"],"acf":[],"yoast_head":"<!-- This site is optimized with the Yoast SEO plugin v26.6 - https:\/\/yoast.com\/wordpress\/plugins\/seo\/ -->\n<title>Akya\u015fam Management Services - Akk\u00f6k Holding<\/title>\n<meta name=\"robots\" content=\"index, follow, max-snippet:-1, max-image-preview:large, max-video-preview:-1\" \/>\n<link rel=\"canonical\" href=\"https:\/\/akkok.com.tr\/en\/sektorler\/akyasam\/\" \/>\n<meta property=\"og:locale\" content=\"en_US\" \/>\n<meta property=\"og:type\" content=\"article\" \/>\n<meta property=\"og:title\" content=\"Akya\u015fam Management Services - Akk\u00f6k Holding\" \/>\n<meta property=\"og:description\" content=\"Companies | Other Sectors AKYA\u015eAM MANAGEMENT SERVICES Akya\u015fam Management Services Inc., a subsidiary of Aki\u015f REIT Inc., manages the Akbat\u0131 and Akasya projects. Opened in 2011, Akbat\u0131, located in Esenyurt-Bah\u00e7e\u015fehir on a 50,838m2 plot, is designed as a life center that elevates the standards of quality and comfort with its shopping center and residences. Akbat\u0131 [&hellip;]\" \/>\n<meta property=\"og:url\" content=\"https:\/\/akkok.com.tr\/en\/sektorler\/akyasam\/\" \/>\n<meta property=\"og:site_name\" content=\"Akk\u00f6k Holding\" \/>\n<meta property=\"article:modified_time\" content=\"2024-03-08T12:25:57+00:00\" \/>\n<meta property=\"og:image\" content=\"https:\/\/akkok.com.tr\/en\/wp-content\/uploads\/2023\/10\/Akyasam_Detay1.jpg\" \/>\n<meta name=\"twitter:card\" content=\"summary_large_image\" \/>\n<meta name=\"twitter:site\" content=\"@AkkokHolding\" \/>\n<meta name=\"twitter:label1\" content=\"Est. reading time\" \/>\n\t<meta name=\"twitter:data1\" content=\"2 minutes\" \/>\n<script type=\"application\/ld+json\" class=\"yoast-schema-graph\">{\"@context\":\"https:\/\/schema.org\",\"@graph\":[{\"@type\":\"WebPage\",\"@id\":\"https:\/\/akkok.com.tr\/en\/sektorler\/akyasam\/\",\"url\":\"https:\/\/akkok.com.tr\/en\/sektorler\/akyasam\/\",\"name\":\"Akya\u015fam Management Services - Akk\u00f6k Holding\",\"isPartOf\":{\"@id\":\"https:\/\/akkok.com.tr\/en\/#website\"},\"primaryImageOfPage\":{\"@id\":\"https:\/\/akkok.com.tr\/en\/sektorler\/akyasam\/#primaryimage\"},\"image\":{\"@id\":\"https:\/\/akkok.com.tr\/en\/sektorler\/akyasam\/#primaryimage\"},\"thumbnailUrl\":\"https:\/\/akkok.com.tr\/en\/wp-content\/uploads\/2023\/10\/Akyasam_Detay1.jpg\",\"datePublished\":\"2023-10-22T19:01:40+00:00\",\"dateModified\":\"2024-03-08T12:25:57+00:00\",\"breadcrumb\":{\"@id\":\"https:\/\/akkok.com.tr\/en\/sektorler\/akyasam\/#breadcrumb\"},\"inLanguage\":\"en-US\",\"potentialAction\":[{\"@type\":\"ReadAction\",\"target\":[\"https:\/\/akkok.com.tr\/en\/sektorler\/akyasam\/\"]}]},{\"@type\":\"ImageObject\",\"inLanguage\":\"en-US\",\"@id\":\"https:\/\/akkok.com.tr\/en\/sektorler\/akyasam\/#primaryimage\",\"url\":\"https:\/\/akkok.com.tr\/en\/wp-content\/uploads\/2023\/10\/Akyasam_Detay1.jpg\",\"contentUrl\":\"https:\/\/akkok.com.tr\/en\/wp-content\/uploads\/2023\/10\/Akyasam_Detay1.jpg\",\"width\":1200,\"height\":700},{\"@type\":\"BreadcrumbList\",\"@id\":\"https:\/\/akkok.com.tr\/en\/sektorler\/akyasam\/#breadcrumb\",\"itemListElement\":[{\"@type\":\"ListItem\",\"position\":1,\"name\":\"Companies\",\"item\":\"https:\/\/akkok.com.tr\/en\/sektorler\/\"},{\"@type\":\"ListItem\",\"position\":2,\"name\":\"Akya\u015fam Management Services\"}]},{\"@type\":\"WebSite\",\"@id\":\"https:\/\/akkok.com.tr\/en\/#website\",\"url\":\"https:\/\/akkok.com.tr\/en\/\",\"name\":\"Akk\u00f6k Holding\",\"description\":\"\",\"publisher\":{\"@id\":\"https:\/\/akkok.com.tr\/en\/#organization\"},\"potentialAction\":[{\"@type\":\"SearchAction\",\"target\":{\"@type\":\"EntryPoint\",\"urlTemplate\":\"https:\/\/akkok.com.tr\/en\/?s={search_term_string}\"},\"query-input\":{\"@type\":\"PropertyValueSpecification\",\"valueRequired\":true,\"valueName\":\"search_term_string\"}}],\"inLanguage\":\"en-US\"},{\"@type\":\"Organization\",\"@id\":\"https:\/\/akkok.com.tr\/en\/#organization\",\"name\":\"Akk\u00f6k Holding\",\"url\":\"https:\/\/akkok.com.tr\/en\/\",\"logo\":{\"@type\":\"ImageObject\",\"inLanguage\":\"en-US\",\"@id\":\"https:\/\/akkok.com.tr\/en\/#\/schema\/logo\/image\/\",\"url\":\"https:\/\/akkok.com.tr\/en\/wp-content\/uploads\/2023\/10\/AkkokHolding.png\",\"contentUrl\":\"https:\/\/akkok.com.tr\/en\/wp-content\/uploads\/2023\/10\/AkkokHolding.png\",\"width\":176,\"height\":300,\"caption\":\"Akk\u00f6k Holding\"},\"image\":{\"@id\":\"https:\/\/akkok.com.tr\/en\/#\/schema\/logo\/image\/\"},\"sameAs\":[\"https:\/\/x.com\/AkkokHolding\",\"https:\/\/tr.linkedin.com\/company\/akkk-holding\",\"https:\/\/www.youtube.com\/@akkokholding4011\/featured\",\"https:\/\/www.instagram.com\/akkokholding\"]}]}<\/script>\n<!-- \/ Yoast SEO plugin. -->","yoast_head_json":{"title":"Akya\u015fam Management Services - Akk\u00f6k Holding","robots":{"index":"index","follow":"follow","max-snippet":"max-snippet:-1","max-image-preview":"max-image-preview:large","max-video-preview":"max-video-preview:-1"},"canonical":"https:\/\/akkok.com.tr\/en\/sektorler\/akyasam\/","og_locale":"en_US","og_type":"article","og_title":"Akya\u015fam Management Services - Akk\u00f6k Holding","og_description":"Companies | Other Sectors AKYA\u015eAM MANAGEMENT SERVICES Akya\u015fam Management Services Inc., a subsidiary of Aki\u015f REIT Inc., manages the Akbat\u0131 and Akasya projects. Opened in 2011, Akbat\u0131, located in Esenyurt-Bah\u00e7e\u015fehir on a 50,838m2 plot, is designed as a life center that elevates the standards of quality and comfort with its shopping center and residences. Akbat\u0131 [&hellip;]","og_url":"https:\/\/akkok.com.tr\/en\/sektorler\/akyasam\/","og_site_name":"Akk\u00f6k Holding","article_modified_time":"2024-03-08T12:25:57+00:00","og_image":[{"url":"https:\/\/akkok.com.tr\/en\/wp-content\/uploads\/2023\/10\/Akyasam_Detay1.jpg","type":"","width":"","height":""}],"twitter_card":"summary_large_image","twitter_site":"@AkkokHolding","twitter_misc":{"Est. reading time":"2 minutes"},"schema":{"@context":"https:\/\/schema.org","@graph":[{"@type":"WebPage","@id":"https:\/\/akkok.com.tr\/en\/sektorler\/akyasam\/","url":"https:\/\/akkok.com.tr\/en\/sektorler\/akyasam\/","name":"Akya\u015fam Management Services - Akk\u00f6k Holding","isPartOf":{"@id":"https:\/\/akkok.com.tr\/en\/#website"},"primaryImageOfPage":{"@id":"https:\/\/akkok.com.tr\/en\/sektorler\/akyasam\/#primaryimage"},"image":{"@id":"https:\/\/akkok.com.tr\/en\/sektorler\/akyasam\/#primaryimage"},"thumbnailUrl":"https:\/\/akkok.com.tr\/en\/wp-content\/uploads\/2023\/10\/Akyasam_Detay1.jpg","datePublished":"2023-10-22T19:01:40+00:00","dateModified":"2024-03-08T12:25:57+00:00","breadcrumb":{"@id":"https:\/\/akkok.com.tr\/en\/sektorler\/akyasam\/#breadcrumb"},"inLanguage":"en-US","potentialAction":[{"@type":"ReadAction","target":["https:\/\/akkok.com.tr\/en\/sektorler\/akyasam\/"]}]},{"@type":"ImageObject","inLanguage":"en-US","@id":"https:\/\/akkok.com.tr\/en\/sektorler\/akyasam\/#primaryimage","url":"https:\/\/akkok.com.tr\/en\/wp-content\/uploads\/2023\/10\/Akyasam_Detay1.jpg","contentUrl":"https:\/\/akkok.com.tr\/en\/wp-content\/uploads\/2023\/10\/Akyasam_Detay1.jpg","width":1200,"height":700},{"@type":"BreadcrumbList","@id":"https:\/\/akkok.com.tr\/en\/sektorler\/akyasam\/#breadcrumb","itemListElement":[{"@type":"ListItem","position":1,"name":"Companies","item":"https:\/\/akkok.com.tr\/en\/sektorler\/"},{"@type":"ListItem","position":2,"name":"Akya\u015fam Management Services"}]},{"@type":"WebSite","@id":"https:\/\/akkok.com.tr\/en\/#website","url":"https:\/\/akkok.com.tr\/en\/","name":"Akk\u00f6k Holding","description":"","publisher":{"@id":"https:\/\/akkok.com.tr\/en\/#organization"},"potentialAction":[{"@type":"SearchAction","target":{"@type":"EntryPoint","urlTemplate":"https:\/\/akkok.com.tr\/en\/?s={search_term_string}"},"query-input":{"@type":"PropertyValueSpecification","valueRequired":true,"valueName":"search_term_string"}}],"inLanguage":"en-US"},{"@type":"Organization","@id":"https:\/\/akkok.com.tr\/en\/#organization","name":"Akk\u00f6k Holding","url":"https:\/\/akkok.com.tr\/en\/","logo":{"@type":"ImageObject","inLanguage":"en-US","@id":"https:\/\/akkok.com.tr\/en\/#\/schema\/logo\/image\/","url":"https:\/\/akkok.com.tr\/en\/wp-content\/uploads\/2023\/10\/AkkokHolding.png","contentUrl":"https:\/\/akkok.com.tr\/en\/wp-content\/uploads\/2023\/10\/AkkokHolding.png","width":176,"height":300,"caption":"Akk\u00f6k Holding"},"image":{"@id":"https:\/\/akkok.com.tr\/en\/#\/schema\/logo\/image\/"},"sameAs":["https:\/\/x.com\/AkkokHolding","https:\/\/tr.linkedin.com\/company\/akkk-holding","https:\/\/www.youtube.com\/@akkokholding4011\/featured","https:\/\/www.instagram.com\/akkokholding"]}]}},"_links":{"self":[{"href":"https:\/\/akkok.com.tr\/en\/wp-json\/wp\/v2\/pages\/1706","targetHints":{"allow":["GET"]}}],"collection":[{"href":"https:\/\/akkok.com.tr\/en\/wp-json\/wp\/v2\/pages"}],"about":[{"href":"https:\/\/akkok.com.tr\/en\/wp-json\/wp\/v2\/types\/page"}],"author":[{"embeddable":true,"href":"https:\/\/akkok.com.tr\/en\/wp-json\/wp\/v2\/users\/1"}],"replies":[{"embeddable":true,"href":"https:\/\/akkok.com.tr\/en\/wp-json\/wp\/v2\/comments?post=1706"}],"version-history":[{"count":45,"href":"https:\/\/akkok.com.tr\/en\/wp-json\/wp\/v2\/pages\/1706\/revisions"}],"predecessor-version":[{"id":7851,"href":"https:\/\/akkok.com.tr\/en\/wp-json\/wp\/v2\/pages\/1706\/revisions\/7851"}],"up":[{"embeddable":true,"href":"https:\/\/akkok.com.tr\/en\/wp-json\/wp\/v2\/pages\/707"}],"wp:attachment":[{"href":"https:\/\/akkok.com.tr\/en\/wp-json\/wp\/v2\/media?parent=1706"}],"curies":[{"name":"wp","href":"https:\/\/api.w.org\/{rel}","templated":true}]}}