{"id":1681,"date":"2023-10-22T18:51:21","date_gmt":"2023-10-22T18:51:21","guid":{"rendered":"https:\/\/new.akkok.com.tr\/en\/?page_id=1681"},"modified":"2025-08-12T23:12:23","modified_gmt":"2025-08-12T23:12:23","slug":"aktek","status":"publish","type":"page","link":"https:\/\/akkok.com.tr\/en\/sektorler\/aktek\/","title":{"rendered":"Aktek Information Technologies"},"content":{"rendered":"\t\t<div data-elementor-type=\"wp-page\" data-elementor-id=\"1681\" class=\"elementor elementor-1681\" data-elementor-post-type=\"page\">\n\t\t\t\t<div class=\"elementor-element elementor-element-cf84f9c e-con-full e-flex e-con e-parent\" data-id=\"cf84f9c\" data-element_type=\"container\">\n\t\t<div class=\"elementor-element elementor-element-dd3074b e-con-full animated-fast e-flex elementor-invisible e-con e-child\" data-id=\"dd3074b\" data-element_type=\"container\" data-settings=\"{&quot;background_background&quot;:&quot;classic&quot;,&quot;animation&quot;:&quot;fadeInUp&quot;,&quot;animation_delay&quot;:550}\">\n\t\t<div class=\"elementor-element elementor-element-f3d35bc e-con-full e-flex e-con e-child\" data-id=\"f3d35bc\" data-element_type=\"container\">\n\t\t\t\t<div class=\"elementor-element elementor-element-32a0c43 elementor-widget elementor-widget-heading\" data-id=\"32a0c43\" data-element_type=\"widget\" data-widget_type=\"heading.default\">\n\t\t\t\t\t<h2 class=\"elementor-heading-title elementor-size-default\"><a href=\"https:\/\/akkok.com.tr\/en\/sektorler\/\">Companies<\/a><\/h2>\t\t\t\t<\/div>\n\t\t\t\t<div class=\"elementor-element elementor-element-289057d elementor-widget elementor-widget-heading\" data-id=\"289057d\" data-element_type=\"widget\" data-widget_type=\"heading.default\">\n\t\t\t\t\t<h2 class=\"elementor-heading-title elementor-size-default\">| <\/h2>\t\t\t\t<\/div>\n\t\t\t\t<div class=\"elementor-element elementor-element-75887ed elementor-widget elementor-widget-heading\" data-id=\"75887ed\" data-element_type=\"widget\" data-widget_type=\"heading.default\">\n\t\t\t\t\t<h2 class=\"elementor-heading-title elementor-size-default\"><a href=\"https:\/\/akkok.com.tr\/en\/sektor\/#diger\">Other  Sectors<\/a><\/h2>\t\t\t\t<\/div>\n\t\t\t\t<\/div>\n\t\t<div class=\"elementor-element elementor-element-99ade78 e-con-full e-flex e-con e-child\" data-id=\"99ade78\" data-element_type=\"container\">\n\t\t\t\t<div class=\"elementor-element elementor-element-6c5a4b0 elementor-widget elementor-widget-heading\" data-id=\"6c5a4b0\" data-element_type=\"widget\" data-widget_type=\"heading.default\">\n\t\t\t\t\t<h2 class=\"elementor-heading-title elementor-size-default\">AKTEK INFORMATION TECHNOLOGIES<\/h2>\t\t\t\t<\/div>\n\t\t\t\t<\/div>\n\t\t\t\t<\/div>\n\t\t<div class=\"elementor-element elementor-element-670bc12 e-con-full e-flex e-con e-child\" data-id=\"670bc12\" data-element_type=\"container\">\n\t\t<div class=\"elementor-element elementor-element-c430e19 e-con-full animated-fast e-flex elementor-invisible e-con e-child\" data-id=\"c430e19\" data-element_type=\"container\" data-settings=\"{&quot;background_background&quot;:&quot;classic&quot;,&quot;animation&quot;:&quot;fadeIn&quot;,&quot;animation_delay&quot;:700}\">\n\t\t<div class=\"elementor-element elementor-element-63f0918 e-flex e-con-boxed e-con e-child\" data-id=\"63f0918\" data-element_type=\"container\">\n\t\t\t\t\t<div class=\"e-con-inner\">\n\t\t\t\t<div class=\"elementor-element elementor-element-f570c6a elementor-widget elementor-widget-image-carousel\" data-id=\"f570c6a\" data-element_type=\"widget\" data-settings=\"{&quot;slides_to_show&quot;:&quot;1&quot;,&quot;navigation&quot;:&quot;none&quot;,&quot;lazyload&quot;:&quot;yes&quot;,&quot;pause_on_hover&quot;:&quot;no&quot;,&quot;pause_on_interaction&quot;:&quot;no&quot;,&quot;autoplay_speed&quot;:2400,&quot;effect&quot;:&quot;fade&quot;,&quot;speed&quot;:700,&quot;autoplay&quot;:&quot;yes&quot;,&quot;infinite&quot;:&quot;yes&quot;}\" data-widget_type=\"image-carousel.default\">\n\t\t\t\t\t\t\t<div class=\"elementor-image-carousel-wrapper swiper\" role=\"region\" aria-roledescription=\"carousel\" aria-label=\"Image Carousel\" dir=\"ltr\">\n\t\t\t<div class=\"elementor-image-carousel swiper-wrapper\" aria-live=\"off\">\n\t\t\t\t\t\t\t\t<div class=\"swiper-slide\" role=\"group\" aria-roledescription=\"slide\" aria-label=\"1 of 3\"><figure class=\"swiper-slide-inner\"><img class=\"swiper-slide-image swiper-lazy\" data-src=\"https:\/\/akkok.com.tr\/en\/wp-content\/uploads\/2023\/10\/Aktek_Detay2.jpg\" alt=\"Aktek_Detay2\" \/><div class=\"swiper-lazy-preloader\"><\/div><\/figure><\/div><div class=\"swiper-slide\" role=\"group\" aria-roledescription=\"slide\" aria-label=\"2 of 3\"><figure class=\"swiper-slide-inner\"><img class=\"swiper-slide-image swiper-lazy\" data-src=\"https:\/\/akkok.com.tr\/en\/wp-content\/uploads\/2023\/10\/Aktek_Detay3.jpg\" alt=\"Aktek_Detay3\" \/><div class=\"swiper-lazy-preloader\"><\/div><\/figure><\/div><div class=\"swiper-slide\" role=\"group\" aria-roledescription=\"slide\" aria-label=\"3 of 3\"><figure class=\"swiper-slide-inner\"><img class=\"swiper-slide-image swiper-lazy\" data-src=\"https:\/\/akkok.com.tr\/en\/wp-content\/uploads\/2023\/10\/Aktek_Detay1.jpg\" alt=\"Aktek_Detay1\" \/><div class=\"swiper-lazy-preloader\"><\/div><\/figure><\/div>\t\t\t<\/div>\n\t\t\t\t\t\t\t\n\t\t\t\t\t\t\t\t\t<\/div>\n\t\t\t\t\t\t<\/div>\n\t\t\t\t<div class=\"elementor-element elementor-element-0ee6973 elementor-widget elementor-widget-text-editor\" data-id=\"0ee6973\" data-element_type=\"widget\" data-widget_type=\"text-editor.default\">\n\t\t\t\t\t\t\t\t\t<p>Aktek Information Technology was established in 2007 to meet the IT needs of Akk\u00f6k Holding, and over time, it has implemented hundreds of value-added projects in the technology field with all its customers, achieving numerous successes along the way.<\/p><p>Closely monitoring developments in the field of Information Technologies and continuing its R&amp;D efforts, Aktek aims for high standards in its services, producing end-to-end integrated services and solutions to keep the technological infrastructures of both holding companies and external clients up to date.<\/p><p>Aiming to be a compass in the vast ocean known as technology for its stakeholders, business partners, and customers, Aktek offers services ranging from Oracle ERP, Data Science and Business Intelligence, IT Infrastructure, Database Management, Cybersecurity, Software and Application Development to Robotic Process Automation, providing comprehensive services.<\/p>\t\t\t\t\t\t\t\t<\/div>\n\t\t\t\t\t<\/div>\n\t\t\t\t<\/div>\n\t\t\t\t<\/div>\n\t\t<div class=\"elementor-element elementor-element-13a987d e-con-full e-flex elementor-invisible e-con e-child\" data-id=\"13a987d\" data-element_type=\"container\" data-settings=\"{&quot;animation&quot;:&quot;fadeIn&quot;,&quot;animation_delay&quot;:900}\">\n\t\t<div class=\"elementor-element elementor-element-4949dea e-flex e-con-boxed e-con e-child\" data-id=\"4949dea\" data-element_type=\"container\" data-settings=\"{&quot;background_background&quot;:&quot;classic&quot;}\">\n\t\t\t\t\t<div class=\"e-con-inner\">\n\t\t<div class=\"elementor-element elementor-element-4d6b222 e-con-full e-flex e-con e-child\" data-id=\"4d6b222\" data-element_type=\"container\">\n\t\t\t\t<div class=\"elementor-element elementor-element-acf36d5 elementor-widget elementor-widget-image\" data-id=\"acf36d5\" data-element_type=\"widget\" data-widget_type=\"image.default\">\n\t\t\t\t\t\t\t\t\t\t\t\t\t\t\t<img decoding=\"async\" width=\"280\" height=\"128\" src=\"https:\/\/akkok.com.tr\/en\/wp-content\/uploads\/2023\/10\/Aktek.png\" class=\"attachment-full size-full wp-image-771\" alt=\"\" \/>\t\t\t\t\t\t\t\t\t\t\t\t\t\t\t<\/div>\n\t\t\t\t<\/div>\n\t\t<div class=\"elementor-element elementor-element-3a5231b e-flex e-con-boxed e-con e-child\" data-id=\"3a5231b\" data-element_type=\"container\">\n\t\t\t\t\t<div class=\"e-con-inner\">\n\t\t\t\t<div class=\"elementor-element elementor-element-a98ea27 elementor-widget elementor-widget-heading\" data-id=\"a98ea27\" data-element_type=\"widget\" data-widget_type=\"heading.default\">\n\t\t\t\t\t<h2 class=\"elementor-heading-title elementor-size-default\">COMPANY PROFILE<\/h2>\t\t\t\t<\/div>\n\t\t<div class=\"elementor-element elementor-element-fe5a36d e-con-full e-flex e-con e-child\" data-id=\"fe5a36d\" data-element_type=\"container\">\n\t\t\t\t<div class=\"elementor-element elementor-element-1906fc9 elementor-widget elementor-widget-heading\" data-id=\"1906fc9\" data-element_type=\"widget\" data-widget_type=\"heading.default\">\n\t\t\t\t\t<h2 class=\"elementor-heading-title elementor-size-default\"><b>Company Name:<\/b> Aktek Bilgi \u0130leti\u015fim Teknoloji San. ve Tic. A.\u015e.<\/h2>\t\t\t\t<\/div>\n\t\t\t\t<\/div>\n\t\t<div class=\"elementor-element elementor-element-92a5b2e e-con-full e-flex e-con e-child\" data-id=\"92a5b2e\" data-element_type=\"container\">\n\t\t\t\t<div class=\"elementor-element elementor-element-7fda15e elementor-widget elementor-widget-heading\" data-id=\"7fda15e\" data-element_type=\"widget\" data-widget_type=\"heading.default\">\n\t\t\t\t\t<h2 class=\"elementor-heading-title elementor-size-default\"><b>Sector:<\/b> Information Technologies<\/h2>\t\t\t\t<\/div>\n\t\t\t\t<\/div>\n\t\t<div class=\"elementor-element elementor-element-b6d72eb e-con-full e-flex e-con e-child\" data-id=\"b6d72eb\" data-element_type=\"container\">\n\t\t\t\t<div class=\"elementor-element elementor-element-f0f9267 elementor-widget elementor-widget-heading\" data-id=\"f0f9267\" data-element_type=\"widget\" data-widget_type=\"heading.default\">\n\t\t\t\t\t<h2 class=\"elementor-heading-title elementor-size-default\"><b>Established in:<\/b> 2007<\/h2>\t\t\t\t<\/div>\n\t\t\t\t<\/div>\n\t\t<div class=\"elementor-element elementor-element-6d00f25 e-con-full e-flex e-con e-child\" data-id=\"6d00f25\" data-element_type=\"container\">\n\t\t\t\t<div class=\"elementor-element elementor-element-81ccd43 elementor-widget elementor-widget-heading\" data-id=\"81ccd43\" data-element_type=\"widget\" data-widget_type=\"heading.default\">\n\t\t\t\t\t<h2 class=\"elementor-heading-title elementor-size-default\"><b>Number of Employees:<\/b> 148<\/h2>\t\t\t\t<\/div>\n\t\t\t\t<\/div>\n\t\t<div class=\"elementor-element elementor-element-1733d7f e-con-full e-flex e-con e-child\" data-id=\"1733d7f\" data-element_type=\"container\">\n\t\t\t\t<div class=\"elementor-element elementor-element-9e39561 elementor-widget elementor-widget-heading\" data-id=\"9e39561\" data-element_type=\"widget\" data-widget_type=\"heading.default\">\n\t\t\t\t\t<h2 class=\"elementor-heading-title elementor-size-default\"><a href=\"mailto:%20satis@aktekbilisim.com\"><b>Email:<\/b> <u>satis@aktekbilisim.com<\/u><\/a><\/h2>\t\t\t\t<\/div>\n\t\t\t\t<\/div>\n\t\t<div class=\"elementor-element elementor-element-645467d e-con-full e-flex e-con e-child\" data-id=\"645467d\" data-element_type=\"container\">\n\t\t\t\t<div class=\"elementor-element elementor-element-78ec050 elementor-widget elementor-widget-heading\" data-id=\"78ec050\" data-element_type=\"widget\" data-widget_type=\"heading.default\">\n\t\t\t\t\t<h2 class=\"elementor-heading-title elementor-size-default\"><b>Phone:<\/b> +09 212 393 00 90<\/h2>\t\t\t\t<\/div>\n\t\t\t\t<\/div>\n\t\t<div class=\"elementor-element elementor-element-d1c9840 e-con-full e-flex e-con e-child\" data-id=\"d1c9840\" data-element_type=\"container\">\n\t\t\t\t<div class=\"elementor-element elementor-element-6b4bf6a elementor-widget elementor-widget-heading\" data-id=\"6b4bf6a\" data-element_type=\"widget\" data-widget_type=\"heading.default\">\n\t\t\t\t\t<h2 class=\"elementor-heading-title elementor-size-default\"><a href=\"mailto:%20celal.yardimci@aktekbilisim.com\"><b>Press Contact:<\/b> <u>celal.yardimci@aktekbilisim.com<\/u><\/a><\/h2>\t\t\t\t<\/div>\n\t\t\t\t<\/div>\n\t\t\t\t\t<\/div>\n\t\t\t\t<\/div>\n\t\t<div class=\"elementor-element elementor-element-0bb3202 e-flex e-con-boxed e-con e-child\" data-id=\"0bb3202\" data-element_type=\"container\">\n\t\t\t\t\t<div class=\"e-con-inner\">\n\t\t\t\t<div class=\"elementor-element elementor-element-55475c4 pp-buttons-stack-tablet pp-buttons-valign-middle pp-buttons-halign-left elementor-widget elementor-widget-pp-buttons\" data-id=\"55475c4\" data-element_type=\"widget\" data-widget_type=\"pp-buttons.default\">\n\t\t\t\t\t\t\t<div class=\"pp-buttons-group\">\n\t\t\t\t\t\t\t\t\t\t\t<a href=\"https:\/\/www.aktekbilisim.com\/en\/\" target=\"_blank\" class=\"pp-button elementor-button elementor-size-sm elementor-repeater-item-7f557d1 \">\n\t\t\t\t\t<div class=\"pp-button-content-wrapper\">\n\t\t\t\t\t\t<span class=\"pp-button-content-inner pp-icon-after\">\n\t\t\t\t\t\t\t\t\t\t\t\t\t\t\t\t\t<span class=\"pp-button-icon pp-icon\">\n\t\t\t\t\t\t\t\t\t\t\t<i aria-hidden=\"true\" class=\"akkokicons- akkok-icons-north-east-fill1-wght400-grad0-opsz48\"><\/i>\t\t\t\t\t\t\t\t\t\t<\/span>\n\t\t\t\t\t\t\t\t\t\t\n\t\t\t\t\t\t\t\t<span class=\"pp-button-title\">\n\t\t\t\t\t\t\t\t\tWebsite\t\t\t\t\t\t\t\t<\/span>\n\t\t\t\t\t\t\t\t\t\t\t\t\t<\/span>\n\t\t\t\t\t<\/div>\n\t\t\t\t<\/a>\n\t\t\t\t\t\t\t\t\t\t<\/div>\t\t\t\t<\/div>\n\t\t\t\t\t<\/div>\n\t\t\t\t<\/div>\n\t\t\t\t\t<\/div>\n\t\t\t\t<\/div>\n\t\t<div class=\"elementor-element elementor-element-8ba077a elementor-hidden-desktop elementor-hidden-tablet elementor-hidden-mobile e-flex e-con-boxed e-con e-child\" data-id=\"8ba077a\" data-element_type=\"container\" data-settings=\"{&quot;background_background&quot;:&quot;classic&quot;}\">\n\t\t\t\t\t<div class=\"e-con-inner\">\n\t\t\t\t\t<\/div>\n\t\t\t\t<\/div>\n\t\t\t\t<\/div>\n\t\t\t\t<\/div>\n\t\t<div class=\"elementor-element elementor-element-332d43d e-con-full elementor-hidden-desktop elementor-hidden-tablet elementor-hidden-mobile e-flex e-con e-child\" data-id=\"332d43d\" data-element_type=\"container\">\n\t\t\t\t<\/div>\n\t\t\t\t<\/div>\n\t\t\t\t<\/div>\n\t\t","protected":false},"excerpt":{"rendered":"<p>Companies | Other Sectors AKTEK INFORMATION TECHNOLOGIES Aktek Information Technology was established in 2007 to meet the IT needs of Akk\u00f6k Holding, and over time, it has implemented hundreds of value-added projects in the technology field with all its customers, achieving numerous successes along the way. Closely monitoring developments in the field of Information Technologies [&hellip;]<\/p>\n","protected":false},"author":1,"featured_media":0,"parent":707,"menu_order":0,"comment_status":"closed","ping_status":"closed","template":"elementor_header_footer","meta":{"_acf_changed":false,"footnotes":""},"class_list":["post-1681","page","type-page","status-publish","hentry"],"acf":[],"yoast_head":"<!-- This site is optimized with the Yoast SEO plugin v26.6 - https:\/\/yoast.com\/wordpress\/plugins\/seo\/ -->\n<title>Aktek Information Technologies - Akk\u00f6k Holding<\/title>\n<meta name=\"robots\" content=\"index, follow, max-snippet:-1, max-image-preview:large, max-video-preview:-1\" \/>\n<link rel=\"canonical\" href=\"https:\/\/akkok.com.tr\/en\/sektorler\/aktek\/\" \/>\n<meta property=\"og:locale\" content=\"en_US\" \/>\n<meta property=\"og:type\" content=\"article\" \/>\n<meta property=\"og:title\" content=\"Aktek Information Technologies - Akk\u00f6k Holding\" \/>\n<meta property=\"og:description\" content=\"Companies | Other Sectors AKTEK INFORMATION TECHNOLOGIES Aktek Information Technology was established in 2007 to meet the IT needs of Akk\u00f6k Holding, and over time, it has implemented hundreds of value-added projects in the technology field with all its customers, achieving numerous successes along the way. Closely monitoring developments in the field of Information Technologies [&hellip;]\" \/>\n<meta property=\"og:url\" content=\"https:\/\/akkok.com.tr\/en\/sektorler\/aktek\/\" \/>\n<meta property=\"og:site_name\" content=\"Akk\u00f6k Holding\" \/>\n<meta property=\"article:modified_time\" content=\"2025-08-12T23:12:23+00:00\" \/>\n<meta property=\"og:image\" content=\"https:\/\/akkok.com.tr\/en\/wp-content\/uploads\/2023\/10\/Aktek_Detay2.jpg\" \/>\n<meta name=\"twitter:card\" content=\"summary_large_image\" \/>\n<meta name=\"twitter:site\" content=\"@AkkokHolding\" \/>\n<meta name=\"twitter:label1\" content=\"Est. reading time\" \/>\n\t<meta name=\"twitter:data1\" content=\"2 minutes\" \/>\n<script type=\"application\/ld+json\" class=\"yoast-schema-graph\">{\"@context\":\"https:\/\/schema.org\",\"@graph\":[{\"@type\":\"WebPage\",\"@id\":\"https:\/\/akkok.com.tr\/en\/sektorler\/aktek\/\",\"url\":\"https:\/\/akkok.com.tr\/en\/sektorler\/aktek\/\",\"name\":\"Aktek Information Technologies - Akk\u00f6k Holding\",\"isPartOf\":{\"@id\":\"https:\/\/akkok.com.tr\/en\/#website\"},\"primaryImageOfPage\":{\"@id\":\"https:\/\/akkok.com.tr\/en\/sektorler\/aktek\/#primaryimage\"},\"image\":{\"@id\":\"https:\/\/akkok.com.tr\/en\/sektorler\/aktek\/#primaryimage\"},\"thumbnailUrl\":\"https:\/\/akkok.com.tr\/en\/wp-content\/uploads\/2023\/10\/Aktek_Detay2.jpg\",\"datePublished\":\"2023-10-22T18:51:21+00:00\",\"dateModified\":\"2025-08-12T23:12:23+00:00\",\"breadcrumb\":{\"@id\":\"https:\/\/akkok.com.tr\/en\/sektorler\/aktek\/#breadcrumb\"},\"inLanguage\":\"en-US\",\"potentialAction\":[{\"@type\":\"ReadAction\",\"target\":[\"https:\/\/akkok.com.tr\/en\/sektorler\/aktek\/\"]}]},{\"@type\":\"ImageObject\",\"inLanguage\":\"en-US\",\"@id\":\"https:\/\/akkok.com.tr\/en\/sektorler\/aktek\/#primaryimage\",\"url\":\"https:\/\/akkok.com.tr\/en\/wp-content\/uploads\/2023\/10\/Aktek_Detay2.jpg\",\"contentUrl\":\"https:\/\/akkok.com.tr\/en\/wp-content\/uploads\/2023\/10\/Aktek_Detay2.jpg\",\"width\":1200,\"height\":700},{\"@type\":\"BreadcrumbList\",\"@id\":\"https:\/\/akkok.com.tr\/en\/sektorler\/aktek\/#breadcrumb\",\"itemListElement\":[{\"@type\":\"ListItem\",\"position\":1,\"name\":\"Companies\",\"item\":\"https:\/\/akkok.com.tr\/en\/sektorler\/\"},{\"@type\":\"ListItem\",\"position\":2,\"name\":\"Aktek Information Technologies\"}]},{\"@type\":\"WebSite\",\"@id\":\"https:\/\/akkok.com.tr\/en\/#website\",\"url\":\"https:\/\/akkok.com.tr\/en\/\",\"name\":\"Akk\u00f6k Holding\",\"description\":\"\",\"publisher\":{\"@id\":\"https:\/\/akkok.com.tr\/en\/#organization\"},\"potentialAction\":[{\"@type\":\"SearchAction\",\"target\":{\"@type\":\"EntryPoint\",\"urlTemplate\":\"https:\/\/akkok.com.tr\/en\/?s={search_term_string}\"},\"query-input\":{\"@type\":\"PropertyValueSpecification\",\"valueRequired\":true,\"valueName\":\"search_term_string\"}}],\"inLanguage\":\"en-US\"},{\"@type\":\"Organization\",\"@id\":\"https:\/\/akkok.com.tr\/en\/#organization\",\"name\":\"Akk\u00f6k Holding\",\"url\":\"https:\/\/akkok.com.tr\/en\/\",\"logo\":{\"@type\":\"ImageObject\",\"inLanguage\":\"en-US\",\"@id\":\"https:\/\/akkok.com.tr\/en\/#\/schema\/logo\/image\/\",\"url\":\"https:\/\/akkok.com.tr\/en\/wp-content\/uploads\/2023\/10\/AkkokHolding.png\",\"contentUrl\":\"https:\/\/akkok.com.tr\/en\/wp-content\/uploads\/2023\/10\/AkkokHolding.png\",\"width\":176,\"height\":300,\"caption\":\"Akk\u00f6k Holding\"},\"image\":{\"@id\":\"https:\/\/akkok.com.tr\/en\/#\/schema\/logo\/image\/\"},\"sameAs\":[\"https:\/\/x.com\/AkkokHolding\",\"https:\/\/tr.linkedin.com\/company\/akkk-holding\",\"https:\/\/www.youtube.com\/@akkokholding4011\/featured\",\"https:\/\/www.instagram.com\/akkokholding\"]}]}<\/script>\n<!-- \/ Yoast SEO plugin. -->","yoast_head_json":{"title":"Aktek Information Technologies - Akk\u00f6k Holding","robots":{"index":"index","follow":"follow","max-snippet":"max-snippet:-1","max-image-preview":"max-image-preview:large","max-video-preview":"max-video-preview:-1"},"canonical":"https:\/\/akkok.com.tr\/en\/sektorler\/aktek\/","og_locale":"en_US","og_type":"article","og_title":"Aktek Information Technologies - Akk\u00f6k Holding","og_description":"Companies | Other Sectors AKTEK INFORMATION TECHNOLOGIES Aktek Information Technology was established in 2007 to meet the IT needs of Akk\u00f6k Holding, and over time, it has implemented hundreds of value-added projects in the technology field with all its customers, achieving numerous successes along the way. Closely monitoring developments in the field of Information Technologies [&hellip;]","og_url":"https:\/\/akkok.com.tr\/en\/sektorler\/aktek\/","og_site_name":"Akk\u00f6k Holding","article_modified_time":"2025-08-12T23:12:23+00:00","og_image":[{"url":"https:\/\/akkok.com.tr\/en\/wp-content\/uploads\/2023\/10\/Aktek_Detay2.jpg","type":"","width":"","height":""}],"twitter_card":"summary_large_image","twitter_site":"@AkkokHolding","twitter_misc":{"Est. reading time":"2 minutes"},"schema":{"@context":"https:\/\/schema.org","@graph":[{"@type":"WebPage","@id":"https:\/\/akkok.com.tr\/en\/sektorler\/aktek\/","url":"https:\/\/akkok.com.tr\/en\/sektorler\/aktek\/","name":"Aktek Information Technologies - Akk\u00f6k Holding","isPartOf":{"@id":"https:\/\/akkok.com.tr\/en\/#website"},"primaryImageOfPage":{"@id":"https:\/\/akkok.com.tr\/en\/sektorler\/aktek\/#primaryimage"},"image":{"@id":"https:\/\/akkok.com.tr\/en\/sektorler\/aktek\/#primaryimage"},"thumbnailUrl":"https:\/\/akkok.com.tr\/en\/wp-content\/uploads\/2023\/10\/Aktek_Detay2.jpg","datePublished":"2023-10-22T18:51:21+00:00","dateModified":"2025-08-12T23:12:23+00:00","breadcrumb":{"@id":"https:\/\/akkok.com.tr\/en\/sektorler\/aktek\/#breadcrumb"},"inLanguage":"en-US","potentialAction":[{"@type":"ReadAction","target":["https:\/\/akkok.com.tr\/en\/sektorler\/aktek\/"]}]},{"@type":"ImageObject","inLanguage":"en-US","@id":"https:\/\/akkok.com.tr\/en\/sektorler\/aktek\/#primaryimage","url":"https:\/\/akkok.com.tr\/en\/wp-content\/uploads\/2023\/10\/Aktek_Detay2.jpg","contentUrl":"https:\/\/akkok.com.tr\/en\/wp-content\/uploads\/2023\/10\/Aktek_Detay2.jpg","width":1200,"height":700},{"@type":"BreadcrumbList","@id":"https:\/\/akkok.com.tr\/en\/sektorler\/aktek\/#breadcrumb","itemListElement":[{"@type":"ListItem","position":1,"name":"Companies","item":"https:\/\/akkok.com.tr\/en\/sektorler\/"},{"@type":"ListItem","position":2,"name":"Aktek Information Technologies"}]},{"@type":"WebSite","@id":"https:\/\/akkok.com.tr\/en\/#website","url":"https:\/\/akkok.com.tr\/en\/","name":"Akk\u00f6k Holding","description":"","publisher":{"@id":"https:\/\/akkok.com.tr\/en\/#organization"},"potentialAction":[{"@type":"SearchAction","target":{"@type":"EntryPoint","urlTemplate":"https:\/\/akkok.com.tr\/en\/?s={search_term_string}"},"query-input":{"@type":"PropertyValueSpecification","valueRequired":true,"valueName":"search_term_string"}}],"inLanguage":"en-US"},{"@type":"Organization","@id":"https:\/\/akkok.com.tr\/en\/#organization","name":"Akk\u00f6k Holding","url":"https:\/\/akkok.com.tr\/en\/","logo":{"@type":"ImageObject","inLanguage":"en-US","@id":"https:\/\/akkok.com.tr\/en\/#\/schema\/logo\/image\/","url":"https:\/\/akkok.com.tr\/en\/wp-content\/uploads\/2023\/10\/AkkokHolding.png","contentUrl":"https:\/\/akkok.com.tr\/en\/wp-content\/uploads\/2023\/10\/AkkokHolding.png","width":176,"height":300,"caption":"Akk\u00f6k Holding"},"image":{"@id":"https:\/\/akkok.com.tr\/en\/#\/schema\/logo\/image\/"},"sameAs":["https:\/\/x.com\/AkkokHolding","https:\/\/tr.linkedin.com\/company\/akkk-holding","https:\/\/www.youtube.com\/@akkokholding4011\/featured","https:\/\/www.instagram.com\/akkokholding"]}]}},"_links":{"self":[{"href":"https:\/\/akkok.com.tr\/en\/wp-json\/wp\/v2\/pages\/1681","targetHints":{"allow":["GET"]}}],"collection":[{"href":"https:\/\/akkok.com.tr\/en\/wp-json\/wp\/v2\/pages"}],"about":[{"href":"https:\/\/akkok.com.tr\/en\/wp-json\/wp\/v2\/types\/page"}],"author":[{"embeddable":true,"href":"https:\/\/akkok.com.tr\/en\/wp-json\/wp\/v2\/users\/1"}],"replies":[{"embeddable":true,"href":"https:\/\/akkok.com.tr\/en\/wp-json\/wp\/v2\/comments?post=1681"}],"version-history":[{"count":43,"href":"https:\/\/akkok.com.tr\/en\/wp-json\/wp\/v2\/pages\/1681\/revisions"}],"predecessor-version":[{"id":8549,"href":"https:\/\/akkok.com.tr\/en\/wp-json\/wp\/v2\/pages\/1681\/revisions\/8549"}],"up":[{"embeddable":true,"href":"https:\/\/akkok.com.tr\/en\/wp-json\/wp\/v2\/pages\/707"}],"wp:attachment":[{"href":"https:\/\/akkok.com.tr\/en\/wp-json\/wp\/v2\/media?parent=1681"}],"curies":[{"name":"wp","href":"https:\/\/api.w.org\/{rel}","templated":true}]}}