{"id":1638,"date":"2023-10-22T17:45:35","date_gmt":"2023-10-22T17:45:35","guid":{"rendered":"https:\/\/new.akkok.com.tr\/en\/?page_id=1638"},"modified":"2025-01-06T16:44:31","modified_gmt":"2025-01-06T16:44:31","slug":"akpa","status":"publish","type":"page","link":"https:\/\/akkok.com.tr\/en\/sektorler\/akpa\/","title":{"rendered":"Ak-Pa Tekstil"},"content":{"rendered":"\t\t<div data-elementor-type=\"wp-page\" data-elementor-id=\"1638\" class=\"elementor elementor-1638\" data-elementor-post-type=\"page\">\n\t\t\t\t<div class=\"elementor-element elementor-element-52879df e-con-full e-flex e-con e-parent\" data-id=\"52879df\" data-element_type=\"container\">\n\t\t<div class=\"elementor-element elementor-element-00bcdf7 e-con-full animated-fast e-flex elementor-invisible e-con e-child\" data-id=\"00bcdf7\" data-element_type=\"container\" data-settings=\"{&quot;background_background&quot;:&quot;classic&quot;,&quot;animation&quot;:&quot;fadeInUp&quot;,&quot;animation_delay&quot;:550}\">\n\t\t<div class=\"elementor-element elementor-element-9cc3779 e-con-full e-flex e-con e-child\" data-id=\"9cc3779\" data-element_type=\"container\">\n\t\t\t\t<div class=\"elementor-element elementor-element-01b39b3 elementor-widget elementor-widget-heading\" data-id=\"01b39b3\" data-element_type=\"widget\" data-widget_type=\"heading.default\">\n\t\t\t\t\t<h2 class=\"elementor-heading-title elementor-size-default\"><a href=\"https:\/\/akkok.com.tr\/en\/sektorler\/\">Companies<\/a><\/h2>\t\t\t\t<\/div>\n\t\t\t\t<div class=\"elementor-element elementor-element-0848b72 elementor-widget elementor-widget-heading\" data-id=\"0848b72\" data-element_type=\"widget\" data-widget_type=\"heading.default\">\n\t\t\t\t\t<h2 class=\"elementor-heading-title elementor-size-default\">| <\/h2>\t\t\t\t<\/div>\n\t\t\t\t<div class=\"elementor-element elementor-element-b9612d6 elementor-widget elementor-widget-heading\" data-id=\"b9612d6\" data-element_type=\"widget\" data-widget_type=\"heading.default\">\n\t\t\t\t\t<h2 class=\"elementor-heading-title elementor-size-default\"><a href=\"https:\/\/akkok.com.tr\/en\/sektor\/#diger\">Other Sectors<\/a><\/h2>\t\t\t\t<\/div>\n\t\t\t\t<\/div>\n\t\t<div class=\"elementor-element elementor-element-7dd98b9 e-con-full e-flex e-con e-child\" data-id=\"7dd98b9\" data-element_type=\"container\">\n\t\t\t\t<div class=\"elementor-element elementor-element-2b71d7d elementor-widget elementor-widget-heading\" data-id=\"2b71d7d\" data-element_type=\"widget\" data-widget_type=\"heading.default\">\n\t\t\t\t\t<h2 class=\"elementor-heading-title elementor-size-default\">AK-PA TEKST\u0130L<\/h2>\t\t\t\t<\/div>\n\t\t\t\t<\/div>\n\t\t\t\t<\/div>\n\t\t<div class=\"elementor-element elementor-element-b395d1c e-con-full e-flex e-con e-child\" data-id=\"b395d1c\" data-element_type=\"container\">\n\t\t<div class=\"elementor-element elementor-element-1fae570 e-con-full animated-fast e-flex elementor-invisible e-con e-child\" data-id=\"1fae570\" data-element_type=\"container\" data-settings=\"{&quot;background_background&quot;:&quot;classic&quot;,&quot;animation&quot;:&quot;fadeIn&quot;,&quot;animation_delay&quot;:700}\">\n\t\t<div class=\"elementor-element elementor-element-a59cd61 e-flex e-con-boxed e-con e-child\" data-id=\"a59cd61\" data-element_type=\"container\">\n\t\t\t\t\t<div class=\"e-con-inner\">\n\t\t\t\t<div class=\"elementor-element elementor-element-b108162 elementor-widget elementor-widget-image\" data-id=\"b108162\" data-element_type=\"widget\" data-widget_type=\"image.default\">\n\t\t\t\t\t\t\t\t\t\t\t\t\t\t\t<img fetchpriority=\"high\" decoding=\"async\" width=\"1024\" height=\"596\" src=\"https:\/\/akkok.com.tr\/en\/wp-content\/uploads\/2023\/12\/Dall-e_Ak-Pa4.jpg\" class=\"attachment-full size-full wp-image-5232\" alt=\"\" srcset=\"https:\/\/akkok.com.tr\/en\/wp-content\/uploads\/2023\/12\/Dall-e_Ak-Pa4.jpg 1024w, https:\/\/akkok.com.tr\/en\/wp-content\/uploads\/2023\/12\/Dall-e_Ak-Pa4-300x175.jpg 300w, https:\/\/akkok.com.tr\/en\/wp-content\/uploads\/2023\/12\/Dall-e_Ak-Pa4-768x447.jpg 768w\" sizes=\"(max-width: 1024px) 100vw, 1024px\" \/>\t\t\t\t\t\t\t\t\t\t\t\t\t\t\t<\/div>\n\t\t\t\t<div class=\"elementor-element elementor-element-e622d5e elementor-widget elementor-widget-text-editor\" data-id=\"e622d5e\" data-element_type=\"widget\" data-widget_type=\"text-editor.default\">\n\t\t\t\t\t\t\t\t\t<p>Established in 1976, Ak-Pa was founded to conduct the overseas marketing and export activities of Akk\u00f6k Holding companies. As one of Turkey&#8217;s strongest exporting companies in the textile sector, it has accomplished exports worth <b>10.2 billion USD<\/b> to<b> 100 countries<\/b> across six continents since its inception.<\/p>\n<p>Akk\u00f6k Holding Companies, including <span style=\"text-decoration: underline;\"><strong><a href=\"https:\/\/akkok.com.tr\/en\/sektorler\/aksa\/\">Aksa Acrylic<\/a><\/strong><\/span>, <span style=\"text-decoration: underline;\"><strong><a href=\"https:\/\/akkok.com.tr\/en\/sektorler\/akkim\/\">Ak-Kim Chemicals<\/a><\/strong><\/span>, <span style=\"text-decoration: underline;\"><strong><a href=\"https:\/\/akkok.com.tr\/en\/sektorler\/akcoat\/\">Akcoat<\/a><\/strong><\/span>, and <span style=\"text-decoration: underline;\"><strong><a href=\"https:\/\/akkok.com.tr\/en\/sektorler\/dowaksa\/\">DowAksa<\/a><\/strong><\/span>, export acrylic fiber, chemical products, enamel and ceramic frits, and carbon fiber products to large and medium-sized industrial enterprises worldwide. Ak-Pa, by creating synergy with its manufacturing sister companies, closely monitors global markets. With its sectoral experience, service quality, and the strength it derives from the Holding, it creates value for its stakeholders.<\/p>\t\t\t\t\t\t\t\t<\/div>\n\t\t\t\t\t<\/div>\n\t\t\t\t<\/div>\n\t\t\t\t<\/div>\n\t\t<div class=\"elementor-element elementor-element-a8d7a1f e-con-full e-flex elementor-invisible e-con e-child\" data-id=\"a8d7a1f\" data-element_type=\"container\" data-settings=\"{&quot;animation&quot;:&quot;fadeIn&quot;,&quot;animation_delay&quot;:900}\">\n\t\t<div class=\"elementor-element elementor-element-a4eee3d e-flex e-con-boxed e-con e-child\" data-id=\"a4eee3d\" data-element_type=\"container\" data-settings=\"{&quot;background_background&quot;:&quot;classic&quot;}\">\n\t\t\t\t\t<div class=\"e-con-inner\">\n\t\t<div class=\"elementor-element elementor-element-6bc9e6c e-con-full e-flex e-con e-child\" data-id=\"6bc9e6c\" data-element_type=\"container\">\n\t\t\t\t<div class=\"elementor-element elementor-element-9d7fe8a elementor-widget elementor-widget-image\" data-id=\"9d7fe8a\" data-element_type=\"widget\" data-widget_type=\"image.default\">\n\t\t\t\t\t\t\t\t\t\t\t\t\t\t\t<img decoding=\"async\" width=\"280\" height=\"128\" src=\"https:\/\/akkok.com.tr\/en\/wp-content\/uploads\/2023\/10\/Akpa.png\" class=\"attachment-full size-full wp-image-769\" alt=\"\" \/>\t\t\t\t\t\t\t\t\t\t\t\t\t\t\t<\/div>\n\t\t\t\t<\/div>\n\t\t<div class=\"elementor-element elementor-element-6081a52 e-flex e-con-boxed e-con e-child\" data-id=\"6081a52\" data-element_type=\"container\">\n\t\t\t\t\t<div class=\"e-con-inner\">\n\t\t\t\t<div class=\"elementor-element elementor-element-e299463 elementor-widget elementor-widget-heading\" data-id=\"e299463\" data-element_type=\"widget\" data-widget_type=\"heading.default\">\n\t\t\t\t\t<h2 class=\"elementor-heading-title elementor-size-default\">COMPANY PROFILE<\/h2>\t\t\t\t<\/div>\n\t\t<div class=\"elementor-element elementor-element-8d27e61 e-con-full e-flex e-con e-child\" data-id=\"8d27e61\" data-element_type=\"container\">\n\t\t\t\t<div class=\"elementor-element elementor-element-c2ce6d5 elementor-widget elementor-widget-heading\" data-id=\"c2ce6d5\" data-element_type=\"widget\" data-widget_type=\"heading.default\">\n\t\t\t\t\t<h2 class=\"elementor-heading-title elementor-size-default\"><b>Company Name:<\/b> Ak-Pa Tekstil \u0130hracat Pazarlama A.\u015e.<\/h2>\t\t\t\t<\/div>\n\t\t\t\t<\/div>\n\t\t<div class=\"elementor-element elementor-element-9a53bfa e-con-full e-flex e-con e-child\" data-id=\"9a53bfa\" data-element_type=\"container\">\n\t\t\t\t<div class=\"elementor-element elementor-element-07f506b elementor-widget elementor-widget-heading\" data-id=\"07f506b\" data-element_type=\"widget\" data-widget_type=\"heading.default\">\n\t\t\t\t\t<h2 class=\"elementor-heading-title elementor-size-default\"><b>Sector:<\/b> Foreign Trade<\/h2>\t\t\t\t<\/div>\n\t\t\t\t<\/div>\n\t\t<div class=\"elementor-element elementor-element-77e44dd e-con-full e-flex e-con e-child\" data-id=\"77e44dd\" data-element_type=\"container\">\n\t\t\t\t<div class=\"elementor-element elementor-element-ea12e73 elementor-widget elementor-widget-heading\" data-id=\"ea12e73\" data-element_type=\"widget\" data-widget_type=\"heading.default\">\n\t\t\t\t\t<h2 class=\"elementor-heading-title elementor-size-default\"><b>Established in:<\/b> 1976<\/h2>\t\t\t\t<\/div>\n\t\t\t\t<\/div>\n\t\t<div class=\"elementor-element elementor-element-fcc8dec e-con-full e-flex e-con e-child\" data-id=\"fcc8dec\" data-element_type=\"container\">\n\t\t\t\t<div class=\"elementor-element elementor-element-76df2ec elementor-widget elementor-widget-heading\" data-id=\"76df2ec\" data-element_type=\"widget\" data-widget_type=\"heading.default\">\n\t\t\t\t\t<h2 class=\"elementor-heading-title elementor-size-default\"><b>Number of Employees:<\/b> 29<\/h2>\t\t\t\t<\/div>\n\t\t\t\t<\/div>\n\t\t<div class=\"elementor-element elementor-element-2cd2734 e-con-full e-flex e-con e-child\" data-id=\"2cd2734\" data-element_type=\"container\">\n\t\t\t\t<div class=\"elementor-element elementor-element-319b04d elementor-widget elementor-widget-heading\" data-id=\"319b04d\" data-element_type=\"widget\" data-widget_type=\"heading.default\">\n\t\t\t\t\t<h2 class=\"elementor-heading-title elementor-size-default\"><a href=\"mailto:%20info@akpa.com.tr\"><b>Email:<\/b> <u>info@akpa.com.tr<\/u><\/a><\/h2>\t\t\t\t<\/div>\n\t\t\t\t<\/div>\n\t\t<div class=\"elementor-element elementor-element-81fa273 e-con-full e-flex e-con e-child\" data-id=\"81fa273\" data-element_type=\"container\">\n\t\t\t\t<div class=\"elementor-element elementor-element-c38aeae elementor-widget elementor-widget-heading\" data-id=\"c38aeae\" data-element_type=\"widget\" data-widget_type=\"heading.default\">\n\t\t\t\t\t<h2 class=\"elementor-heading-title elementor-size-default\"><b>Phone:<\/b> +90 212 251 92 00<\/h2>\t\t\t\t<\/div>\n\t\t\t\t<\/div>\n\t\t\t\t\t<\/div>\n\t\t\t\t<\/div>\n\t\t<div class=\"elementor-element elementor-element-ca940b1 e-flex e-con-boxed e-con e-child\" data-id=\"ca940b1\" data-element_type=\"container\">\n\t\t\t\t\t<div class=\"e-con-inner\">\n\t\t\t\t<div class=\"elementor-element elementor-element-0b96c00 pp-buttons-stack-tablet pp-buttons-valign-middle pp-buttons-halign-left elementor-widget elementor-widget-pp-buttons\" data-id=\"0b96c00\" data-element_type=\"widget\" data-widget_type=\"pp-buttons.default\">\n\t\t\t\t\t\t\t<div class=\"pp-buttons-group\">\n\t\t\t\t\t\t\t\t\t\t\t<a href=\"https:\/\/www.akpa.com.tr\/en\" target=\"_blank\" class=\"pp-button elementor-button elementor-size-sm elementor-repeater-item-7f557d1 \">\n\t\t\t\t\t<div class=\"pp-button-content-wrapper\">\n\t\t\t\t\t\t<span class=\"pp-button-content-inner pp-icon-after\">\n\t\t\t\t\t\t\t\t\t\t\t\t\t\t\t\t\t<span class=\"pp-button-icon pp-icon\">\n\t\t\t\t\t\t\t\t\t\t\t<i aria-hidden=\"true\" class=\"akkokicons- akkok-icons-north-east-fill1-wght400-grad0-opsz48\"><\/i>\t\t\t\t\t\t\t\t\t\t<\/span>\n\t\t\t\t\t\t\t\t\t\t\n\t\t\t\t\t\t\t\t<span class=\"pp-button-title\">\n\t\t\t\t\t\t\t\t\tWebsite\t\t\t\t\t\t\t\t<\/span>\n\t\t\t\t\t\t\t\t\t\t\t\t\t<\/span>\n\t\t\t\t\t<\/div>\n\t\t\t\t<\/a>\n\t\t\t\t\t\t\t\t\t\t<\/div>\t\t\t\t<\/div>\n\t\t\t\t\t<\/div>\n\t\t\t\t<\/div>\n\t\t\t\t\t<\/div>\n\t\t\t\t<\/div>\n\t\t<div class=\"elementor-element elementor-element-a34254c elementor-hidden-desktop elementor-hidden-tablet elementor-hidden-mobile e-flex e-con-boxed e-con e-child\" data-id=\"a34254c\" data-element_type=\"container\" data-settings=\"{&quot;background_background&quot;:&quot;classic&quot;}\">\n\t\t\t\t\t<div class=\"e-con-inner\">\n\t\t\t\t\t<\/div>\n\t\t\t\t<\/div>\n\t\t\t\t<\/div>\n\t\t\t\t<\/div>\n\t\t<div class=\"elementor-element elementor-element-cfb8f0c e-con-full elementor-hidden-desktop elementor-hidden-tablet elementor-hidden-mobile e-flex e-con e-child\" data-id=\"cfb8f0c\" data-element_type=\"container\">\n\t\t\t\t<\/div>\n\t\t\t\t<\/div>\n\t\t\t\t<\/div>\n\t\t","protected":false},"excerpt":{"rendered":"<p>Companies | Other Sectors AK-PA TEKST\u0130L Established in 1976, Ak-Pa was founded to conduct the overseas marketing and export activities of Akk\u00f6k Holding companies. As one of Turkey&#8217;s strongest exporting companies in the textile sector, it has accomplished exports worth 10.2 billion USD to 100 countries across six continents since its inception. Akk\u00f6k Holding Companies, [&hellip;]<\/p>\n","protected":false},"author":1,"featured_media":0,"parent":707,"menu_order":0,"comment_status":"closed","ping_status":"closed","template":"elementor_header_footer","meta":{"_acf_changed":false,"footnotes":""},"class_list":["post-1638","page","type-page","status-publish","hentry"],"acf":[],"yoast_head":"<!-- This site is optimized with the Yoast SEO plugin v26.6 - https:\/\/yoast.com\/wordpress\/plugins\/seo\/ -->\n<title>Ak-Pa Tekstil - Akk\u00f6k Holding<\/title>\n<meta name=\"robots\" content=\"index, follow, max-snippet:-1, max-image-preview:large, max-video-preview:-1\" \/>\n<link rel=\"canonical\" href=\"https:\/\/akkok.com.tr\/en\/sektorler\/akpa\/\" \/>\n<meta property=\"og:locale\" content=\"en_US\" \/>\n<meta property=\"og:type\" content=\"article\" \/>\n<meta property=\"og:title\" content=\"Ak-Pa Tekstil - Akk\u00f6k Holding\" \/>\n<meta property=\"og:description\" content=\"Companies | Other Sectors AK-PA TEKST\u0130L Established in 1976, Ak-Pa was founded to conduct the overseas marketing and export activities of Akk\u00f6k Holding companies. As one of Turkey&#8217;s strongest exporting companies in the textile sector, it has accomplished exports worth 10.2 billion USD to 100 countries across six continents since its inception. Akk\u00f6k Holding Companies, [&hellip;]\" \/>\n<meta property=\"og:url\" content=\"https:\/\/akkok.com.tr\/en\/sektorler\/akpa\/\" \/>\n<meta property=\"og:site_name\" content=\"Akk\u00f6k Holding\" \/>\n<meta property=\"article:modified_time\" content=\"2025-01-06T16:44:31+00:00\" \/>\n<meta property=\"og:image\" content=\"https:\/\/akkok.com.tr\/en\/wp-content\/uploads\/2023\/12\/Dall-e_Ak-Pa4.jpg\" \/>\n<meta name=\"twitter:card\" content=\"summary_large_image\" \/>\n<meta name=\"twitter:site\" content=\"@AkkokHolding\" \/>\n<meta name=\"twitter:label1\" content=\"Est. reading time\" \/>\n\t<meta name=\"twitter:data1\" content=\"2 minutes\" \/>\n<script type=\"application\/ld+json\" class=\"yoast-schema-graph\">{\"@context\":\"https:\/\/schema.org\",\"@graph\":[{\"@type\":\"WebPage\",\"@id\":\"https:\/\/akkok.com.tr\/en\/sektorler\/akpa\/\",\"url\":\"https:\/\/akkok.com.tr\/en\/sektorler\/akpa\/\",\"name\":\"Ak-Pa Tekstil - Akk\u00f6k Holding\",\"isPartOf\":{\"@id\":\"https:\/\/akkok.com.tr\/en\/#website\"},\"primaryImageOfPage\":{\"@id\":\"https:\/\/akkok.com.tr\/en\/sektorler\/akpa\/#primaryimage\"},\"image\":{\"@id\":\"https:\/\/akkok.com.tr\/en\/sektorler\/akpa\/#primaryimage\"},\"thumbnailUrl\":\"https:\/\/akkok.com.tr\/en\/wp-content\/uploads\/2023\/12\/Dall-e_Ak-Pa4.jpg\",\"datePublished\":\"2023-10-22T17:45:35+00:00\",\"dateModified\":\"2025-01-06T16:44:31+00:00\",\"breadcrumb\":{\"@id\":\"https:\/\/akkok.com.tr\/en\/sektorler\/akpa\/#breadcrumb\"},\"inLanguage\":\"en-US\",\"potentialAction\":[{\"@type\":\"ReadAction\",\"target\":[\"https:\/\/akkok.com.tr\/en\/sektorler\/akpa\/\"]}]},{\"@type\":\"ImageObject\",\"inLanguage\":\"en-US\",\"@id\":\"https:\/\/akkok.com.tr\/en\/sektorler\/akpa\/#primaryimage\",\"url\":\"https:\/\/akkok.com.tr\/en\/wp-content\/uploads\/2023\/12\/Dall-e_Ak-Pa4.jpg\",\"contentUrl\":\"https:\/\/akkok.com.tr\/en\/wp-content\/uploads\/2023\/12\/Dall-e_Ak-Pa4.jpg\",\"width\":1024,\"height\":596},{\"@type\":\"BreadcrumbList\",\"@id\":\"https:\/\/akkok.com.tr\/en\/sektorler\/akpa\/#breadcrumb\",\"itemListElement\":[{\"@type\":\"ListItem\",\"position\":1,\"name\":\"Companies\",\"item\":\"https:\/\/akkok.com.tr\/en\/sektorler\/\"},{\"@type\":\"ListItem\",\"position\":2,\"name\":\"Ak-Pa Tekstil\"}]},{\"@type\":\"WebSite\",\"@id\":\"https:\/\/akkok.com.tr\/en\/#website\",\"url\":\"https:\/\/akkok.com.tr\/en\/\",\"name\":\"Akk\u00f6k Holding\",\"description\":\"\",\"publisher\":{\"@id\":\"https:\/\/akkok.com.tr\/en\/#organization\"},\"potentialAction\":[{\"@type\":\"SearchAction\",\"target\":{\"@type\":\"EntryPoint\",\"urlTemplate\":\"https:\/\/akkok.com.tr\/en\/?s={search_term_string}\"},\"query-input\":{\"@type\":\"PropertyValueSpecification\",\"valueRequired\":true,\"valueName\":\"search_term_string\"}}],\"inLanguage\":\"en-US\"},{\"@type\":\"Organization\",\"@id\":\"https:\/\/akkok.com.tr\/en\/#organization\",\"name\":\"Akk\u00f6k Holding\",\"url\":\"https:\/\/akkok.com.tr\/en\/\",\"logo\":{\"@type\":\"ImageObject\",\"inLanguage\":\"en-US\",\"@id\":\"https:\/\/akkok.com.tr\/en\/#\/schema\/logo\/image\/\",\"url\":\"https:\/\/akkok.com.tr\/en\/wp-content\/uploads\/2023\/10\/AkkokHolding.png\",\"contentUrl\":\"https:\/\/akkok.com.tr\/en\/wp-content\/uploads\/2023\/10\/AkkokHolding.png\",\"width\":176,\"height\":300,\"caption\":\"Akk\u00f6k Holding\"},\"image\":{\"@id\":\"https:\/\/akkok.com.tr\/en\/#\/schema\/logo\/image\/\"},\"sameAs\":[\"https:\/\/x.com\/AkkokHolding\",\"https:\/\/tr.linkedin.com\/company\/akkk-holding\",\"https:\/\/www.youtube.com\/@akkokholding4011\/featured\",\"https:\/\/www.instagram.com\/akkokholding\"]}]}<\/script>\n<!-- \/ Yoast SEO plugin. -->","yoast_head_json":{"title":"Ak-Pa Tekstil - Akk\u00f6k Holding","robots":{"index":"index","follow":"follow","max-snippet":"max-snippet:-1","max-image-preview":"max-image-preview:large","max-video-preview":"max-video-preview:-1"},"canonical":"https:\/\/akkok.com.tr\/en\/sektorler\/akpa\/","og_locale":"en_US","og_type":"article","og_title":"Ak-Pa Tekstil - Akk\u00f6k Holding","og_description":"Companies | Other Sectors AK-PA TEKST\u0130L Established in 1976, Ak-Pa was founded to conduct the overseas marketing and export activities of Akk\u00f6k Holding companies. As one of Turkey&#8217;s strongest exporting companies in the textile sector, it has accomplished exports worth 10.2 billion USD to 100 countries across six continents since its inception. Akk\u00f6k Holding Companies, [&hellip;]","og_url":"https:\/\/akkok.com.tr\/en\/sektorler\/akpa\/","og_site_name":"Akk\u00f6k Holding","article_modified_time":"2025-01-06T16:44:31+00:00","og_image":[{"url":"https:\/\/akkok.com.tr\/en\/wp-content\/uploads\/2023\/12\/Dall-e_Ak-Pa4.jpg","type":"","width":"","height":""}],"twitter_card":"summary_large_image","twitter_site":"@AkkokHolding","twitter_misc":{"Est. reading time":"2 minutes"},"schema":{"@context":"https:\/\/schema.org","@graph":[{"@type":"WebPage","@id":"https:\/\/akkok.com.tr\/en\/sektorler\/akpa\/","url":"https:\/\/akkok.com.tr\/en\/sektorler\/akpa\/","name":"Ak-Pa Tekstil - Akk\u00f6k Holding","isPartOf":{"@id":"https:\/\/akkok.com.tr\/en\/#website"},"primaryImageOfPage":{"@id":"https:\/\/akkok.com.tr\/en\/sektorler\/akpa\/#primaryimage"},"image":{"@id":"https:\/\/akkok.com.tr\/en\/sektorler\/akpa\/#primaryimage"},"thumbnailUrl":"https:\/\/akkok.com.tr\/en\/wp-content\/uploads\/2023\/12\/Dall-e_Ak-Pa4.jpg","datePublished":"2023-10-22T17:45:35+00:00","dateModified":"2025-01-06T16:44:31+00:00","breadcrumb":{"@id":"https:\/\/akkok.com.tr\/en\/sektorler\/akpa\/#breadcrumb"},"inLanguage":"en-US","potentialAction":[{"@type":"ReadAction","target":["https:\/\/akkok.com.tr\/en\/sektorler\/akpa\/"]}]},{"@type":"ImageObject","inLanguage":"en-US","@id":"https:\/\/akkok.com.tr\/en\/sektorler\/akpa\/#primaryimage","url":"https:\/\/akkok.com.tr\/en\/wp-content\/uploads\/2023\/12\/Dall-e_Ak-Pa4.jpg","contentUrl":"https:\/\/akkok.com.tr\/en\/wp-content\/uploads\/2023\/12\/Dall-e_Ak-Pa4.jpg","width":1024,"height":596},{"@type":"BreadcrumbList","@id":"https:\/\/akkok.com.tr\/en\/sektorler\/akpa\/#breadcrumb","itemListElement":[{"@type":"ListItem","position":1,"name":"Companies","item":"https:\/\/akkok.com.tr\/en\/sektorler\/"},{"@type":"ListItem","position":2,"name":"Ak-Pa Tekstil"}]},{"@type":"WebSite","@id":"https:\/\/akkok.com.tr\/en\/#website","url":"https:\/\/akkok.com.tr\/en\/","name":"Akk\u00f6k Holding","description":"","publisher":{"@id":"https:\/\/akkok.com.tr\/en\/#organization"},"potentialAction":[{"@type":"SearchAction","target":{"@type":"EntryPoint","urlTemplate":"https:\/\/akkok.com.tr\/en\/?s={search_term_string}"},"query-input":{"@type":"PropertyValueSpecification","valueRequired":true,"valueName":"search_term_string"}}],"inLanguage":"en-US"},{"@type":"Organization","@id":"https:\/\/akkok.com.tr\/en\/#organization","name":"Akk\u00f6k Holding","url":"https:\/\/akkok.com.tr\/en\/","logo":{"@type":"ImageObject","inLanguage":"en-US","@id":"https:\/\/akkok.com.tr\/en\/#\/schema\/logo\/image\/","url":"https:\/\/akkok.com.tr\/en\/wp-content\/uploads\/2023\/10\/AkkokHolding.png","contentUrl":"https:\/\/akkok.com.tr\/en\/wp-content\/uploads\/2023\/10\/AkkokHolding.png","width":176,"height":300,"caption":"Akk\u00f6k Holding"},"image":{"@id":"https:\/\/akkok.com.tr\/en\/#\/schema\/logo\/image\/"},"sameAs":["https:\/\/x.com\/AkkokHolding","https:\/\/tr.linkedin.com\/company\/akkk-holding","https:\/\/www.youtube.com\/@akkokholding4011\/featured","https:\/\/www.instagram.com\/akkokholding"]}]}},"_links":{"self":[{"href":"https:\/\/akkok.com.tr\/en\/wp-json\/wp\/v2\/pages\/1638","targetHints":{"allow":["GET"]}}],"collection":[{"href":"https:\/\/akkok.com.tr\/en\/wp-json\/wp\/v2\/pages"}],"about":[{"href":"https:\/\/akkok.com.tr\/en\/wp-json\/wp\/v2\/types\/page"}],"author":[{"embeddable":true,"href":"https:\/\/akkok.com.tr\/en\/wp-json\/wp\/v2\/users\/1"}],"replies":[{"embeddable":true,"href":"https:\/\/akkok.com.tr\/en\/wp-json\/wp\/v2\/comments?post=1638"}],"version-history":[{"count":83,"href":"https:\/\/akkok.com.tr\/en\/wp-json\/wp\/v2\/pages\/1638\/revisions"}],"predecessor-version":[{"id":8439,"href":"https:\/\/akkok.com.tr\/en\/wp-json\/wp\/v2\/pages\/1638\/revisions\/8439"}],"up":[{"embeddable":true,"href":"https:\/\/akkok.com.tr\/en\/wp-json\/wp\/v2\/pages\/707"}],"wp:attachment":[{"href":"https:\/\/akkok.com.tr\/en\/wp-json\/wp\/v2\/media?parent=1638"}],"curies":[{"name":"wp","href":"https:\/\/api.w.org\/{rel}","templated":true}]}}