{"id":1576,"date":"2023-10-22T16:01:43","date_gmt":"2023-10-22T16:01:43","guid":{"rendered":"https:\/\/new.akkok.com.tr\/en\/?page_id=1576"},"modified":"2025-08-12T23:13:18","modified_gmt":"2025-08-12T23:13:18","slug":"akis-gyo","status":"publish","type":"page","link":"https:\/\/akkok.com.tr\/en\/sektorler\/akis-gyo\/","title":{"rendered":"Aki\u015f REIT"},"content":{"rendered":"\t\t<div data-elementor-type=\"wp-page\" data-elementor-id=\"1576\" class=\"elementor elementor-1576\" data-elementor-post-type=\"page\">\n\t\t\t\t<div class=\"elementor-element elementor-element-0df1685 e-con-full e-flex e-con e-parent\" data-id=\"0df1685\" data-element_type=\"container\">\n\t\t<div class=\"elementor-element elementor-element-a1937f1 e-con-full animated-fast e-flex elementor-invisible e-con e-child\" data-id=\"a1937f1\" data-element_type=\"container\" data-settings=\"{&quot;background_background&quot;:&quot;classic&quot;,&quot;animation&quot;:&quot;fadeInUp&quot;,&quot;animation_delay&quot;:550}\">\n\t\t<div class=\"elementor-element elementor-element-42315fd e-con-full e-flex e-con e-child\" data-id=\"42315fd\" data-element_type=\"container\">\n\t\t\t\t<div class=\"elementor-element elementor-element-9357dae elementor-widget elementor-widget-heading\" data-id=\"9357dae\" data-element_type=\"widget\" data-widget_type=\"heading.default\">\n\t\t\t\t\t<h2 class=\"elementor-heading-title elementor-size-default\"><a href=\"https:\/\/akkok.com.tr\/en\/sektorler\/\">Companies<\/a><\/h2>\t\t\t\t<\/div>\n\t\t\t\t<div class=\"elementor-element elementor-element-46d6692 elementor-widget elementor-widget-heading\" data-id=\"46d6692\" data-element_type=\"widget\" data-widget_type=\"heading.default\">\n\t\t\t\t\t<h2 class=\"elementor-heading-title elementor-size-default\">| <\/h2>\t\t\t\t<\/div>\n\t\t\t\t<div class=\"elementor-element elementor-element-866cdca elementor-widget elementor-widget-heading\" data-id=\"866cdca\" data-element_type=\"widget\" data-widget_type=\"heading.default\">\n\t\t\t\t\t<h2 class=\"elementor-heading-title elementor-size-default\"><a href=\"https:\/\/akkok.com.tr\/en\/sektor\/#gayrimenkul\">Real Estate<\/a><\/h2>\t\t\t\t<\/div>\n\t\t\t\t<\/div>\n\t\t<div class=\"elementor-element elementor-element-e778f24 e-con-full e-flex e-con e-child\" data-id=\"e778f24\" data-element_type=\"container\">\n\t\t\t\t<div class=\"elementor-element elementor-element-1822b4f elementor-widget elementor-widget-heading\" data-id=\"1822b4f\" data-element_type=\"widget\" data-widget_type=\"heading.default\">\n\t\t\t\t\t<h2 class=\"elementor-heading-title elementor-size-default\">AK\u0130\u015e REIT<\/h2>\t\t\t\t<\/div>\n\t\t\t\t<\/div>\n\t\t\t\t<\/div>\n\t\t<div class=\"elementor-element elementor-element-6db3a72 e-con-full e-flex e-con e-child\" data-id=\"6db3a72\" data-element_type=\"container\">\n\t\t<div class=\"elementor-element elementor-element-4049686 e-con-full animated-fast e-flex elementor-invisible e-con e-child\" data-id=\"4049686\" data-element_type=\"container\" data-settings=\"{&quot;background_background&quot;:&quot;classic&quot;,&quot;animation&quot;:&quot;fadeIn&quot;,&quot;animation_delay&quot;:700}\">\n\t\t<div class=\"elementor-element elementor-element-b705833 e-flex e-con-boxed e-con e-child\" data-id=\"b705833\" data-element_type=\"container\">\n\t\t\t\t\t<div class=\"e-con-inner\">\n\t\t\t\t<div class=\"elementor-element elementor-element-ea9dce3 elementor-widget elementor-widget-image-carousel\" data-id=\"ea9dce3\" data-element_type=\"widget\" data-settings=\"{&quot;slides_to_show&quot;:&quot;1&quot;,&quot;navigation&quot;:&quot;none&quot;,&quot;lazyload&quot;:&quot;yes&quot;,&quot;pause_on_hover&quot;:&quot;no&quot;,&quot;pause_on_interaction&quot;:&quot;no&quot;,&quot;autoplay_speed&quot;:2400,&quot;effect&quot;:&quot;fade&quot;,&quot;speed&quot;:700,&quot;autoplay&quot;:&quot;yes&quot;,&quot;infinite&quot;:&quot;yes&quot;}\" data-widget_type=\"image-carousel.default\">\n\t\t\t\t\t\t\t<div class=\"elementor-image-carousel-wrapper swiper\" role=\"region\" aria-roledescription=\"carousel\" aria-label=\"Image Carousel\" dir=\"ltr\">\n\t\t\t<div class=\"elementor-image-carousel swiper-wrapper\" aria-live=\"off\">\n\t\t\t\t\t\t\t\t<div class=\"swiper-slide\" role=\"group\" aria-roledescription=\"slide\" aria-label=\"1 of 5\"><figure class=\"swiper-slide-inner\"><img class=\"swiper-slide-image swiper-lazy\" data-src=\"https:\/\/akkok.com.tr\/en\/wp-content\/uploads\/2025\/08\/AkisGYO_YeniProfil2025.jpg\" alt=\"AkisGYO_YeniProfil2025\" \/><div class=\"swiper-lazy-preloader\"><\/div><\/figure><\/div><div class=\"swiper-slide\" role=\"group\" aria-roledescription=\"slide\" aria-label=\"2 of 5\"><figure class=\"swiper-slide-inner\"><img class=\"swiper-slide-image swiper-lazy\" data-src=\"https:\/\/akkok.com.tr\/en\/wp-content\/uploads\/2023\/10\/AkisGYO_Detay1.jpg\" alt=\"AkisGYO_Detay1\" \/><div class=\"swiper-lazy-preloader\"><\/div><\/figure><\/div><div class=\"swiper-slide\" role=\"group\" aria-roledescription=\"slide\" aria-label=\"3 of 5\"><figure class=\"swiper-slide-inner\"><img class=\"swiper-slide-image swiper-lazy\" data-src=\"https:\/\/akkok.com.tr\/en\/wp-content\/uploads\/2023\/10\/AkisGYO_Detay2.jpg\" alt=\"AkisGYO_Detay2\" \/><div class=\"swiper-lazy-preloader\"><\/div><\/figure><\/div><div class=\"swiper-slide\" role=\"group\" aria-roledescription=\"slide\" aria-label=\"4 of 5\"><figure class=\"swiper-slide-inner\"><img class=\"swiper-slide-image swiper-lazy\" data-src=\"https:\/\/akkok.com.tr\/en\/wp-content\/uploads\/2023\/10\/AkisGYO_Detay3.jpg\" alt=\"AkisGYO_Detay3\" \/><div class=\"swiper-lazy-preloader\"><\/div><\/figure><\/div><div class=\"swiper-slide\" role=\"group\" aria-roledescription=\"slide\" aria-label=\"5 of 5\"><figure class=\"swiper-slide-inner\"><img class=\"swiper-slide-image swiper-lazy\" data-src=\"https:\/\/akkok.com.tr\/en\/wp-content\/uploads\/2023\/10\/AkisGYO_Detay4.jpg\" alt=\"AkisGYO_Detay4\" \/><div class=\"swiper-lazy-preloader\"><\/div><\/figure><\/div>\t\t\t<\/div>\n\t\t\t\t\t\t\t\n\t\t\t\t\t\t\t\t\t<\/div>\n\t\t\t\t\t\t<\/div>\n\t\t\t\t<div class=\"elementor-element elementor-element-6754e07 elementor-widget elementor-widget-text-editor\" data-id=\"6754e07\" data-element_type=\"widget\" data-widget_type=\"text-editor.default\">\n\t\t\t\t\t\t\t\t\t<p>Aki\u015f REIT, one of Akk\u00f6k Holding&#8217;s companies in the real estate sector, implements projects that enhance the quality of life in the regions it operates. The company successfully manages the Akbat\u0131 and Akasya Shopping Center projects and has developed street retail projects on Ba\u011fdat Avenue as an alternative to shopping center investments. Aki\u015f REIT&#8217;s operational real estate in this area is the Erenk\u00f6y Apartment, opened on Ba\u011fdat Avenue in 2021 and leased to the Boyner brand.<\/p><p>To diversify its portfolio, Aki\u015f REIT made its first international investment in a residential project in the UK. In addition to being a participant in the United Nations Global Compact, the world&#8217;s largest corporate sustainability initiative, Aki\u015f REIT holds the highest Corporate Governance Rating Score among the companies listed on the Istanbul Stock Exchange in its sector. Aki\u015f REIT was the only REIT in the BIST Sustainability Index for the January 2022-October 2023 period and continues to lead in this area with the highest score in its sector, also securing a place among the top 10 firms worldwide in its industry on the Refinitiv Sustainability Platform. Aki\u015f REIT also conducts collaboration and investment-focused activities with startups to support innovation in retail and real estate, create synergy from the startup ecosystem, and sustain its business model.<\/p>\t\t\t\t\t\t\t\t<\/div>\n\t\t\t\t\t<\/div>\n\t\t\t\t<\/div>\n\t\t\t\t<\/div>\n\t\t<div class=\"elementor-element elementor-element-09fdc50 e-con-full e-flex elementor-invisible e-con e-child\" data-id=\"09fdc50\" data-element_type=\"container\" data-settings=\"{&quot;animation&quot;:&quot;fadeIn&quot;,&quot;animation_delay&quot;:900}\">\n\t\t<div class=\"elementor-element elementor-element-505b8e7 e-flex e-con-boxed e-con e-child\" data-id=\"505b8e7\" data-element_type=\"container\" data-settings=\"{&quot;background_background&quot;:&quot;classic&quot;}\">\n\t\t\t\t\t<div class=\"e-con-inner\">\n\t\t<div class=\"elementor-element elementor-element-c4efcb3 e-con-full e-flex e-con e-child\" data-id=\"c4efcb3\" data-element_type=\"container\">\n\t\t\t\t<div class=\"elementor-element elementor-element-57140d8 elementor-widget elementor-widget-image\" data-id=\"57140d8\" data-element_type=\"widget\" data-widget_type=\"image.default\">\n\t\t\t\t\t\t\t\t\t\t\t\t\t\t\t<img decoding=\"async\" width=\"280\" height=\"127\" src=\"https:\/\/akkok.com.tr\/en\/wp-content\/uploads\/2023\/10\/AkisGYO.png\" class=\"attachment-full size-full wp-image-766\" alt=\"\" \/>\t\t\t\t\t\t\t\t\t\t\t\t\t\t\t<\/div>\n\t\t\t\t<\/div>\n\t\t<div class=\"elementor-element elementor-element-4ac1f5b e-flex e-con-boxed e-con e-child\" data-id=\"4ac1f5b\" data-element_type=\"container\">\n\t\t\t\t\t<div class=\"e-con-inner\">\n\t\t\t\t<div class=\"elementor-element elementor-element-a9e7836 elementor-widget elementor-widget-heading\" data-id=\"a9e7836\" data-element_type=\"widget\" data-widget_type=\"heading.default\">\n\t\t\t\t\t<h2 class=\"elementor-heading-title elementor-size-default\">COMPANY PROFILE<\/h2>\t\t\t\t<\/div>\n\t\t<div class=\"elementor-element elementor-element-a803a09 e-con-full e-flex e-con e-child\" data-id=\"a803a09\" data-element_type=\"container\">\n\t\t\t\t<div class=\"elementor-element elementor-element-74590ce elementor-widget elementor-widget-heading\" data-id=\"74590ce\" data-element_type=\"widget\" data-widget_type=\"heading.default\">\n\t\t\t\t\t<h2 class=\"elementor-heading-title elementor-size-default\"><b>Company Name:<\/b> Aki\u015f Gayrimenkul Ortakl\u0131\u011f\u0131 Yat\u0131r\u0131m A.\u015e.<\/h2>\t\t\t\t<\/div>\n\t\t\t\t<\/div>\n\t\t<div class=\"elementor-element elementor-element-80b238b e-con-full e-flex e-con e-child\" data-id=\"80b238b\" data-element_type=\"container\">\n\t\t\t\t<div class=\"elementor-element elementor-element-040b1de elementor-widget elementor-widget-heading\" data-id=\"040b1de\" data-element_type=\"widget\" data-widget_type=\"heading.default\">\n\t\t\t\t\t<h2 class=\"elementor-heading-title elementor-size-default\"><b>Sector:<\/b> Gayrimenkul<\/h2>\t\t\t\t<\/div>\n\t\t\t\t<\/div>\n\t\t<div class=\"elementor-element elementor-element-e54c2cc e-con-full e-flex e-con e-child\" data-id=\"e54c2cc\" data-element_type=\"container\">\n\t\t\t\t<div class=\"elementor-element elementor-element-fa7cf23 elementor-widget elementor-widget-heading\" data-id=\"fa7cf23\" data-element_type=\"widget\" data-widget_type=\"heading.default\">\n\t\t\t\t\t<h2 class=\"elementor-heading-title elementor-size-default\"><b>Founded in:<\/b> 2005<\/h2>\t\t\t\t<\/div>\n\t\t\t\t<\/div>\n\t\t<div class=\"elementor-element elementor-element-dcdc238 e-con-full e-flex e-con e-child\" data-id=\"dcdc238\" data-element_type=\"container\">\n\t\t\t\t<div class=\"elementor-element elementor-element-07b3b24 elementor-widget elementor-widget-heading\" data-id=\"07b3b24\" data-element_type=\"widget\" data-widget_type=\"heading.default\">\n\t\t\t\t\t<h2 class=\"elementor-heading-title elementor-size-default\"><b>Number of Employees:<\/b> 25<\/h2>\t\t\t\t<\/div>\n\t\t\t\t<\/div>\n\t\t<div class=\"elementor-element elementor-element-9b37948 e-con-full e-flex e-con e-child\" data-id=\"9b37948\" data-element_type=\"container\">\n\t\t\t\t<div class=\"elementor-element elementor-element-7989ebc elementor-widget elementor-widget-heading\" data-id=\"7989ebc\" data-element_type=\"widget\" data-widget_type=\"heading.default\">\n\t\t\t\t\t<h2 class=\"elementor-heading-title elementor-size-default\"><b>Email:<\/b> <u>info@akisgyo.com<\/u><\/h2>\t\t\t\t<\/div>\n\t\t\t\t<\/div>\n\t\t<div class=\"elementor-element elementor-element-edb91a1 e-con-full e-flex e-con e-child\" data-id=\"edb91a1\" data-element_type=\"container\">\n\t\t\t\t<div class=\"elementor-element elementor-element-964b720 elementor-widget elementor-widget-heading\" data-id=\"964b720\" data-element_type=\"widget\" data-widget_type=\"heading.default\">\n\t\t\t\t\t<h2 class=\"elementor-heading-title elementor-size-default\"><b>Phone:<\/b> +90 212 393 01 00<\/h2>\t\t\t\t<\/div>\n\t\t\t\t<\/div>\n\t\t<div class=\"elementor-element elementor-element-b967853 e-con-full e-flex e-con e-child\" data-id=\"b967853\" data-element_type=\"container\">\n\t\t\t\t<div class=\"elementor-element elementor-element-b3dbedd elementor-widget elementor-widget-heading\" data-id=\"b3dbedd\" data-element_type=\"widget\" data-widget_type=\"heading.default\">\n\t\t\t\t\t<h2 class=\"elementor-heading-title elementor-size-default\"><a href=\"mailto:%20sule.terzioglu@akisgyo.com\"><b>Press Contact:<\/b> <u>sule.terzioglu@akisgyo.com<\/u><\/a><\/h2>\t\t\t\t<\/div>\n\t\t\t\t<\/div>\n\t\t\t\t\t<\/div>\n\t\t\t\t<\/div>\n\t\t<div class=\"elementor-element elementor-element-83a597f e-flex e-con-boxed e-con e-child\" data-id=\"83a597f\" data-element_type=\"container\">\n\t\t\t\t\t<div class=\"e-con-inner\">\n\t\t\t\t<div class=\"elementor-element elementor-element-61449ee pp-buttons-stack-tablet pp-buttons-valign-middle pp-buttons-halign-left elementor-widget elementor-widget-pp-buttons\" data-id=\"61449ee\" data-element_type=\"widget\" data-widget_type=\"pp-buttons.default\">\n\t\t\t\t\t\t\t<div class=\"pp-buttons-group\">\n\t\t\t\t\t\t\t\t\t\t\t<a href=\"https:\/\/www.akisgyo.com\/\" target=\"_blank\" class=\"pp-button elementor-button elementor-size-sm elementor-repeater-item-7f557d1 \">\n\t\t\t\t\t<div class=\"pp-button-content-wrapper\">\n\t\t\t\t\t\t<span class=\"pp-button-content-inner pp-icon-after\">\n\t\t\t\t\t\t\t\t\t\t\t\t\t\t\t\t\t<span class=\"pp-button-icon pp-icon\">\n\t\t\t\t\t\t\t\t\t\t\t<i aria-hidden=\"true\" class=\"akkokicons- akkok-icons-north-east-fill1-wght400-grad0-opsz48\"><\/i>\t\t\t\t\t\t\t\t\t\t<\/span>\n\t\t\t\t\t\t\t\t\t\t\n\t\t\t\t\t\t\t\t<span class=\"pp-button-title\">\n\t\t\t\t\t\t\t\t\tWebsite\t\t\t\t\t\t\t\t<\/span>\n\t\t\t\t\t\t\t\t\t\t\t\t\t<\/span>\n\t\t\t\t\t<\/div>\n\t\t\t\t<\/a>\n\t\t\t\t\t\t\t\t\t\t<\/div>\t\t\t\t<\/div>\n\t\t\t\t\t<\/div>\n\t\t\t\t<\/div>\n\t\t\t\t\t<\/div>\n\t\t\t\t<\/div>\n\t\t<div class=\"elementor-element elementor-element-1679549 e-flex e-con-boxed e-con e-child\" data-id=\"1679549\" data-element_type=\"container\" data-settings=\"{&quot;background_background&quot;:&quot;classic&quot;}\">\n\t\t\t\t\t<div class=\"e-con-inner\">\n\t\t<div class=\"elementor-element elementor-element-89ad421 e-flex e-con-boxed e-con e-child\" data-id=\"89ad421\" data-element_type=\"container\">\n\t\t\t\t\t<div class=\"e-con-inner\">\n\t\t\t\t<div class=\"elementor-element elementor-element-3a0109d elementor-widget elementor-widget-heading\" data-id=\"3a0109d\" data-element_type=\"widget\" data-widget_type=\"heading.default\">\n\t\t\t\t\t<h2 class=\"elementor-heading-title elementor-size-default\">STOCK INFO<\/h2>\t\t\t\t<\/div>\n\t\t\t\t\t<\/div>\n\t\t\t\t<\/div>\n\t\t\t\t<div class=\"elementor-element elementor-element-b9dbdbc elementor-widget elementor-widget-html\" data-id=\"b9dbdbc\" data-element_type=\"widget\" data-widget_type=\"html.default\">\n\t\t\t\t\t<f-ws wid=\"FWS_J05FVFG5W\" lang=\"en-us\"><\/f-ws>\n\t\t\t\t<\/div>\n\t\t\t\t\t<\/div>\n\t\t\t\t<\/div>\n\t\t\t\t<\/div>\n\t\t\t\t<\/div>\n\t\t<div class=\"elementor-element elementor-element-521c4bb e-con-full elementor-hidden-desktop elementor-hidden-tablet elementor-hidden-mobile e-flex e-con e-child\" data-id=\"521c4bb\" data-element_type=\"container\">\n\t\t\t\t<\/div>\n\t\t\t\t<\/div>\n\t\t\t\t<\/div>\n\t\t","protected":false},"excerpt":{"rendered":"<p>Companies | Real Estate AK\u0130\u015e REIT Aki\u015f REIT, one of Akk\u00f6k Holding&#8217;s companies in the real estate sector, implements projects that enhance the quality of life in the regions it operates. The company successfully manages the Akbat\u0131 and Akasya Shopping Center projects and has developed street retail projects on Ba\u011fdat Avenue as an alternative to [&hellip;]<\/p>\n","protected":false},"author":1,"featured_media":0,"parent":707,"menu_order":0,"comment_status":"closed","ping_status":"closed","template":"elementor_header_footer","meta":{"_acf_changed":false,"footnotes":""},"class_list":["post-1576","page","type-page","status-publish","hentry"],"acf":[],"yoast_head":"<!-- This site is optimized with the Yoast SEO plugin v26.6 - https:\/\/yoast.com\/wordpress\/plugins\/seo\/ -->\n<title>Aki\u015f REIT - Akk\u00f6k Holding<\/title>\n<meta name=\"robots\" content=\"index, follow, max-snippet:-1, max-image-preview:large, max-video-preview:-1\" \/>\n<link rel=\"canonical\" href=\"https:\/\/akkok.com.tr\/en\/sektorler\/akis-gyo\/\" \/>\n<meta property=\"og:locale\" content=\"en_US\" \/>\n<meta property=\"og:type\" content=\"article\" \/>\n<meta property=\"og:title\" content=\"Aki\u015f REIT - Akk\u00f6k Holding\" \/>\n<meta property=\"og:description\" content=\"Companies | Real Estate AK\u0130\u015e REIT Aki\u015f REIT, one of Akk\u00f6k Holding&#8217;s companies in the real estate sector, implements projects that enhance the quality of life in the regions it operates. The company successfully manages the Akbat\u0131 and Akasya Shopping Center projects and has developed street retail projects on Ba\u011fdat Avenue as an alternative to [&hellip;]\" \/>\n<meta property=\"og:url\" content=\"https:\/\/akkok.com.tr\/en\/sektorler\/akis-gyo\/\" \/>\n<meta property=\"og:site_name\" content=\"Akk\u00f6k Holding\" \/>\n<meta property=\"article:modified_time\" content=\"2025-08-12T23:13:18+00:00\" \/>\n<meta property=\"og:image\" content=\"https:\/\/akkok.com.tr\/en\/wp-content\/uploads\/2025\/08\/AkisGYO_YeniProfil2025.jpg\" \/>\n<meta name=\"twitter:card\" content=\"summary_large_image\" \/>\n<meta name=\"twitter:site\" content=\"@AkkokHolding\" \/>\n<meta name=\"twitter:label1\" content=\"Est. reading time\" \/>\n\t<meta name=\"twitter:data1\" content=\"3 minutes\" \/>\n<script type=\"application\/ld+json\" class=\"yoast-schema-graph\">{\"@context\":\"https:\/\/schema.org\",\"@graph\":[{\"@type\":\"WebPage\",\"@id\":\"https:\/\/akkok.com.tr\/en\/sektorler\/akis-gyo\/\",\"url\":\"https:\/\/akkok.com.tr\/en\/sektorler\/akis-gyo\/\",\"name\":\"Aki\u015f REIT - Akk\u00f6k Holding\",\"isPartOf\":{\"@id\":\"https:\/\/akkok.com.tr\/en\/#website\"},\"primaryImageOfPage\":{\"@id\":\"https:\/\/akkok.com.tr\/en\/sektorler\/akis-gyo\/#primaryimage\"},\"image\":{\"@id\":\"https:\/\/akkok.com.tr\/en\/sektorler\/akis-gyo\/#primaryimage\"},\"thumbnailUrl\":\"https:\/\/akkok.com.tr\/en\/wp-content\/uploads\/2025\/08\/AkisGYO_YeniProfil2025.jpg\",\"datePublished\":\"2023-10-22T16:01:43+00:00\",\"dateModified\":\"2025-08-12T23:13:18+00:00\",\"breadcrumb\":{\"@id\":\"https:\/\/akkok.com.tr\/en\/sektorler\/akis-gyo\/#breadcrumb\"},\"inLanguage\":\"en-US\",\"potentialAction\":[{\"@type\":\"ReadAction\",\"target\":[\"https:\/\/akkok.com.tr\/en\/sektorler\/akis-gyo\/\"]}]},{\"@type\":\"ImageObject\",\"inLanguage\":\"en-US\",\"@id\":\"https:\/\/akkok.com.tr\/en\/sektorler\/akis-gyo\/#primaryimage\",\"url\":\"https:\/\/akkok.com.tr\/en\/wp-content\/uploads\/2025\/08\/AkisGYO_YeniProfil2025.jpg\",\"contentUrl\":\"https:\/\/akkok.com.tr\/en\/wp-content\/uploads\/2025\/08\/AkisGYO_YeniProfil2025.jpg\",\"width\":1200,\"height\":700},{\"@type\":\"BreadcrumbList\",\"@id\":\"https:\/\/akkok.com.tr\/en\/sektorler\/akis-gyo\/#breadcrumb\",\"itemListElement\":[{\"@type\":\"ListItem\",\"position\":1,\"name\":\"Companies\",\"item\":\"https:\/\/akkok.com.tr\/en\/sektorler\/\"},{\"@type\":\"ListItem\",\"position\":2,\"name\":\"Aki\u015f REIT\"}]},{\"@type\":\"WebSite\",\"@id\":\"https:\/\/akkok.com.tr\/en\/#website\",\"url\":\"https:\/\/akkok.com.tr\/en\/\",\"name\":\"Akk\u00f6k Holding\",\"description\":\"\",\"publisher\":{\"@id\":\"https:\/\/akkok.com.tr\/en\/#organization\"},\"potentialAction\":[{\"@type\":\"SearchAction\",\"target\":{\"@type\":\"EntryPoint\",\"urlTemplate\":\"https:\/\/akkok.com.tr\/en\/?s={search_term_string}\"},\"query-input\":{\"@type\":\"PropertyValueSpecification\",\"valueRequired\":true,\"valueName\":\"search_term_string\"}}],\"inLanguage\":\"en-US\"},{\"@type\":\"Organization\",\"@id\":\"https:\/\/akkok.com.tr\/en\/#organization\",\"name\":\"Akk\u00f6k Holding\",\"url\":\"https:\/\/akkok.com.tr\/en\/\",\"logo\":{\"@type\":\"ImageObject\",\"inLanguage\":\"en-US\",\"@id\":\"https:\/\/akkok.com.tr\/en\/#\/schema\/logo\/image\/\",\"url\":\"https:\/\/akkok.com.tr\/en\/wp-content\/uploads\/2023\/10\/AkkokHolding.png\",\"contentUrl\":\"https:\/\/akkok.com.tr\/en\/wp-content\/uploads\/2023\/10\/AkkokHolding.png\",\"width\":176,\"height\":300,\"caption\":\"Akk\u00f6k Holding\"},\"image\":{\"@id\":\"https:\/\/akkok.com.tr\/en\/#\/schema\/logo\/image\/\"},\"sameAs\":[\"https:\/\/x.com\/AkkokHolding\",\"https:\/\/tr.linkedin.com\/company\/akkk-holding\",\"https:\/\/www.youtube.com\/@akkokholding4011\/featured\",\"https:\/\/www.instagram.com\/akkokholding\"]}]}<\/script>\n<!-- \/ Yoast SEO plugin. -->","yoast_head_json":{"title":"Aki\u015f REIT - Akk\u00f6k Holding","robots":{"index":"index","follow":"follow","max-snippet":"max-snippet:-1","max-image-preview":"max-image-preview:large","max-video-preview":"max-video-preview:-1"},"canonical":"https:\/\/akkok.com.tr\/en\/sektorler\/akis-gyo\/","og_locale":"en_US","og_type":"article","og_title":"Aki\u015f REIT - Akk\u00f6k Holding","og_description":"Companies | Real Estate AK\u0130\u015e REIT Aki\u015f REIT, one of Akk\u00f6k Holding&#8217;s companies in the real estate sector, implements projects that enhance the quality of life in the regions it operates. The company successfully manages the Akbat\u0131 and Akasya Shopping Center projects and has developed street retail projects on Ba\u011fdat Avenue as an alternative to [&hellip;]","og_url":"https:\/\/akkok.com.tr\/en\/sektorler\/akis-gyo\/","og_site_name":"Akk\u00f6k Holding","article_modified_time":"2025-08-12T23:13:18+00:00","og_image":[{"url":"https:\/\/akkok.com.tr\/en\/wp-content\/uploads\/2025\/08\/AkisGYO_YeniProfil2025.jpg","type":"","width":"","height":""}],"twitter_card":"summary_large_image","twitter_site":"@AkkokHolding","twitter_misc":{"Est. reading time":"3 minutes"},"schema":{"@context":"https:\/\/schema.org","@graph":[{"@type":"WebPage","@id":"https:\/\/akkok.com.tr\/en\/sektorler\/akis-gyo\/","url":"https:\/\/akkok.com.tr\/en\/sektorler\/akis-gyo\/","name":"Aki\u015f REIT - Akk\u00f6k Holding","isPartOf":{"@id":"https:\/\/akkok.com.tr\/en\/#website"},"primaryImageOfPage":{"@id":"https:\/\/akkok.com.tr\/en\/sektorler\/akis-gyo\/#primaryimage"},"image":{"@id":"https:\/\/akkok.com.tr\/en\/sektorler\/akis-gyo\/#primaryimage"},"thumbnailUrl":"https:\/\/akkok.com.tr\/en\/wp-content\/uploads\/2025\/08\/AkisGYO_YeniProfil2025.jpg","datePublished":"2023-10-22T16:01:43+00:00","dateModified":"2025-08-12T23:13:18+00:00","breadcrumb":{"@id":"https:\/\/akkok.com.tr\/en\/sektorler\/akis-gyo\/#breadcrumb"},"inLanguage":"en-US","potentialAction":[{"@type":"ReadAction","target":["https:\/\/akkok.com.tr\/en\/sektorler\/akis-gyo\/"]}]},{"@type":"ImageObject","inLanguage":"en-US","@id":"https:\/\/akkok.com.tr\/en\/sektorler\/akis-gyo\/#primaryimage","url":"https:\/\/akkok.com.tr\/en\/wp-content\/uploads\/2025\/08\/AkisGYO_YeniProfil2025.jpg","contentUrl":"https:\/\/akkok.com.tr\/en\/wp-content\/uploads\/2025\/08\/AkisGYO_YeniProfil2025.jpg","width":1200,"height":700},{"@type":"BreadcrumbList","@id":"https:\/\/akkok.com.tr\/en\/sektorler\/akis-gyo\/#breadcrumb","itemListElement":[{"@type":"ListItem","position":1,"name":"Companies","item":"https:\/\/akkok.com.tr\/en\/sektorler\/"},{"@type":"ListItem","position":2,"name":"Aki\u015f REIT"}]},{"@type":"WebSite","@id":"https:\/\/akkok.com.tr\/en\/#website","url":"https:\/\/akkok.com.tr\/en\/","name":"Akk\u00f6k Holding","description":"","publisher":{"@id":"https:\/\/akkok.com.tr\/en\/#organization"},"potentialAction":[{"@type":"SearchAction","target":{"@type":"EntryPoint","urlTemplate":"https:\/\/akkok.com.tr\/en\/?s={search_term_string}"},"query-input":{"@type":"PropertyValueSpecification","valueRequired":true,"valueName":"search_term_string"}}],"inLanguage":"en-US"},{"@type":"Organization","@id":"https:\/\/akkok.com.tr\/en\/#organization","name":"Akk\u00f6k Holding","url":"https:\/\/akkok.com.tr\/en\/","logo":{"@type":"ImageObject","inLanguage":"en-US","@id":"https:\/\/akkok.com.tr\/en\/#\/schema\/logo\/image\/","url":"https:\/\/akkok.com.tr\/en\/wp-content\/uploads\/2023\/10\/AkkokHolding.png","contentUrl":"https:\/\/akkok.com.tr\/en\/wp-content\/uploads\/2023\/10\/AkkokHolding.png","width":176,"height":300,"caption":"Akk\u00f6k Holding"},"image":{"@id":"https:\/\/akkok.com.tr\/en\/#\/schema\/logo\/image\/"},"sameAs":["https:\/\/x.com\/AkkokHolding","https:\/\/tr.linkedin.com\/company\/akkk-holding","https:\/\/www.youtube.com\/@akkokholding4011\/featured","https:\/\/www.instagram.com\/akkokholding"]}]}},"_links":{"self":[{"href":"https:\/\/akkok.com.tr\/en\/wp-json\/wp\/v2\/pages\/1576","targetHints":{"allow":["GET"]}}],"collection":[{"href":"https:\/\/akkok.com.tr\/en\/wp-json\/wp\/v2\/pages"}],"about":[{"href":"https:\/\/akkok.com.tr\/en\/wp-json\/wp\/v2\/types\/page"}],"author":[{"embeddable":true,"href":"https:\/\/akkok.com.tr\/en\/wp-json\/wp\/v2\/users\/1"}],"replies":[{"embeddable":true,"href":"https:\/\/akkok.com.tr\/en\/wp-json\/wp\/v2\/comments?post=1576"}],"version-history":[{"count":55,"href":"https:\/\/akkok.com.tr\/en\/wp-json\/wp\/v2\/pages\/1576\/revisions"}],"predecessor-version":[{"id":8552,"href":"https:\/\/akkok.com.tr\/en\/wp-json\/wp\/v2\/pages\/1576\/revisions\/8552"}],"up":[{"embeddable":true,"href":"https:\/\/akkok.com.tr\/en\/wp-json\/wp\/v2\/pages\/707"}],"wp:attachment":[{"href":"https:\/\/akkok.com.tr\/en\/wp-json\/wp\/v2\/media?parent=1576"}],"curies":[{"name":"wp","href":"https:\/\/api.w.org\/{rel}","templated":true}]}}